{"id":349291,"date":"2019-12-16T10:45:10","date_gmt":"2019-12-16T10:45:10","guid":{"rendered":"https:\/\/orkla.ro\/?page_id=349291"},"modified":"2019-12-16T11:39:23","modified_gmt":"2019-12-16T11:39:23","slug":"politica-cookies","status":"publish","type":"page","link":"https:\/\/orkla.ro\/en\/politica-cookies\/","title":{"rendered":"COOKIES POLICY"},"content":{"rendered":"<section      data-speed=\"1\" class=\"parallax_section_holder preload_background   parallax_grid_section\" style = \" min-height:px; height: auto;  background-image:url('https:\/\/orkla.ro\/wp-content\/uploads\/2019\/12\/bg-alb-scaled.jpg');\"><div class=\"parallax_content left  parallax_section_inner\" ><div class='parallax_section_inner_margin clearfix'><div data-vc-parallax=\"1.5\" class=\"wpb_column vc_column_container vc_col-sm-12 vc_col-has-fill vc_general vc_parallax vc_parallax-content-moving\"><div class=\"vc_column-inner\"><div class=\"wpb_wrapper\"><div class=\"separator  normal\" style=\"border-bottom-width:0px;margin-top:20px;margin-bottom:20px\"><\/div>\n\n\t<div class=\"eltd_accordion_holder clearfix wpb_content_element toggle boxed accordion_show_icon  acordeon-rosu not-column-inherit\"  data-active-tab='1' data-collapsible='yes'>\n\t\t\t\n\t\t\t\t<h6 class=\"clearfix title-holder\" style=\"color: #333333; background-color: #ffffff;\"  data-title-color='#333333' data-mark-icon-color='#333333' data-mark-icon-hover-color='#333333' data-background-color='#ffffff'><span class=\"tab-title\"><span class=\"tab-title-inner\">WITH REFERENCE TO THE USE OF COOKIES AND PERSONAL DATA<\/span><\/span><span class=\"accordion_mark right_mark\"><span class=\"accordion_mark_icon\"><span class=\"arrow_carrot-down\"><\/span><span class=\"arrow_carrot-up\"><\/span><\/span><\/span><\/h6>\n\t\t\t\t<div id='2019' class=\"accordion_content\">\n\t\t\t<div class=\"accordion_content_inner\">\n\t\t\t\t\n\t<div class=\"wpb_text_column wpb_content_element\">\n\t\t<div class=\"wpb_wrapper\">\n\t\t\t<p><span style=\"color: #666666;\">The website <a style=\"color: #666666;\" href=\"https:\/\/orkla.ro\/en\/\">www.orkla.ro<\/a> uses cookies and similar technologies which store information on the computer, mobile terminal or other equipment of a user from which the Internet is accessed. They are usually stored on the browser of your device. <\/span><\/p>\n<p><span style=\"color: #666666;\">We use cookies to allow the access of visitors to different functions on our websites, in order to distinguish our users from other users, to analyse the performance of our websites and to use commercials based on the interests of users and adapted to the users. This is based to a certain extent on the use of personal identifiable data of our users \u2013 as described below \u2013 and helps to improve our website, showing the relevance of digital communication used by our beneficiaries.<\/span><\/p>\n<p><span style=\"color: #666666;\">Our visitors have the possibility to choose voluntarily the acceptance of using cookies by settings from their browser or their device. In the browser settings, they have the opportunity to adjust preferences regarding which cookies the browser can download. They also have the possibility to erase all existing cookies stored in the browser or on the device. <\/span><\/p>\n<p><span style=\"color: #666666;\">Please remember that if you block all cookies from your browser or device, this can result in the decrease of performances and functions of our website and other websites.<\/span><\/p>\n<p><span style=\"color: #666666;\">More information about cookies, you can find on the website <a style=\"color: #666666;\" href=\"http:\/\/www.allaboutcookies.org\">www.allaboutcookies.org<\/a> or <a style=\"color: #666666;\" href=\"http:\/\/www.youronlinechoices.com\/ro\">http:\/\/www.youronlinechoices.com\/ro<\/a><\/span><\/p>\n\n\t\t<\/div> \n\t<\/div> \n\t\t\t<\/div>\n\t\t\t\t<\/div>\n\n\t\t\t\t<h6 class=\"clearfix title-holder\" style=\"color: #333333; background-color: #f2f1ec;\"  data-title-color='#333333' data-mark-icon-color='#333333' data-mark-icon-hover-color='#333333' data-background-color='#f2f1ec'><span class=\"tab-title\"><span class=\"tab-title-inner\">PURPOSE OF EXISTENCE OF COOKIES ON THIS WEBSITE<\/span><\/span><span class=\"accordion_mark right_mark\"><span class=\"accordion_mark_icon\"><span class=\"arrow_carrot-down\"><\/span><span class=\"arrow_carrot-up\"><\/span><\/span><\/span><\/h6>\n\t\t\t\t<div  class=\"accordion_content\">\n\t\t\t<div class=\"accordion_content_inner\">\n\t\t\t\t\n\t<div class=\"wpb_text_column wpb_content_element\">\n\t\t<div class=\"wpb_wrapper\">\n\t\t\t<p><span style=\"color: #666666;\">Our website uses cookies introduced either by us or third parties, for the following purposes:<\/span><\/p>\n<p><span style=\"color: #666666;\">\u2013 Analysis: We use cookies to count the unique visitors on our websites and in view of developing statistics regarding the operations and functionality of websites. The software we use stores information of the operating system and of the browser.<\/span><\/p>\n<p><span style=\"color: #666666;\">\u2013 Log-in of services: if the webpage has the possibility to log in the services, we will store the identification number and the logging hour on a cookie from your browser or your device. This helps you not log in again on each page you page.<\/span><\/p>\n<p><span style=\"color: #666666;\">\u2013 online advertising based on interests: You can experiment the viewing of commercials on www.orkla.ro or other websites due to the use of cookies from your browser or your device. <a style=\"color: #666666;\" href=\"https:\/\/orkla.ro\/en\/\">www.orkla.ro<\/a> pe alte website-uri datorit\u0103 utiliz\u0103rii cookies-urilor din browserul sau dispozitivul dumneavoastr\u0103.<\/span><\/p>\n<p><span style=\"color: #666666;\">If you want more information about the use of cookies from this website, and the method of using them, to access of third parties and information we store, please click on the link \u201dFurther information\u201d from the bottom of this page. Considering that some of our third-party suppliers can also use our cookies for informative purposes, you have the possibility to find their contact data at the bottom of this page.<\/span><\/p>\n\n\t\t<\/div> \n\t<\/div> \n\t\t\t<\/div>\n\t\t\t\t<\/div>\n\n\t\t\t\t<h6 class=\"clearfix title-holder\" style=\"color: #333333; background-color: #ffffff;\"  data-title-color='#333333' data-mark-icon-color='#333333' data-mark-icon-hover-color='#333333' data-background-color='#ffffff'><span class=\"tab-title\"><span class=\"tab-title-inner\">List of cookies and third party suppliers<\/span><\/span><span class=\"accordion_mark right_mark\"><span class=\"accordion_mark_icon\"><span class=\"arrow_carrot-down\"><\/span><span class=\"arrow_carrot-up\"><\/span><\/span><\/span><\/h6>\n\t\t\t\t<div  class=\"accordion_content\">\n\t\t\t<div class=\"accordion_content_inner\">\n\t\t\t\t\n\t<div class=\"wpb_text_column wpb_content_element\">\n\t\t<div class=\"wpb_wrapper\">\n\t\t\t<table width=\"1036\">\n<thead>\n<tr>\n<td><span style=\"color: #666666;\"><strong>Name<\/strong><\/span><\/td>\n<td><span style=\"color: #666666;\"><strong>Purpose<\/strong><\/span><\/td>\n<td><span style=\"color: #666666;\"><strong>Time<\/strong><\/span><\/td>\n<td><span style=\"color: #666666;\"><strong>Third party access and contact info<\/strong><\/span><\/td>\n<\/tr>\n<\/thead>\n<tbody>\n<tr>\n<td><span style=\"color: #666666;\">Facebook Custom Audience<\/span><\/td>\n<td><span style=\"color: #666666;\">Marketing bazat pe interesele utilizatorilor<\/span><\/td>\n<td><span style=\"color: #666666;\">Maximum 540 days<\/span><\/td>\n<td><span style=\"color: #666666;\">facebook.com\/business<\/span><\/td>\n<\/tr>\n<tr>\n<td><span style=\"color: #666666;\">Facebook Social Plugin<\/span><\/td>\n<td><span style=\"color: #666666;\">Servicii de conectare<\/span><\/td>\n<td><span style=\"color: #666666;\">Maximum 540 days<\/span><\/td>\n<td><span style=\"color: #666666;\">facebook.com\/business<\/span><\/td>\n<\/tr>\n<tr>\n<td><span style=\"color: #666666;\">Google AdWords Conversion<\/span><\/td>\n<td><span style=\"color: #666666;\">Analiza<\/span><\/td>\n<td><span style=\"color: #666666;\">Maximum 30 days<\/span><\/td>\n<td><span style=\"color: #666666;\">Doubleclick.net, omnicommediagroup.com<\/span><\/td>\n<\/tr>\n<tr>\n<td><span style=\"color: #666666;\">Google Analytics<\/span><\/td>\n<td><span style=\"color: #666666;\">Analiza<\/span><\/td>\n<td><span style=\"color: #666666;\">Maximum 540 days<\/span><\/td>\n<td><span style=\"color: #666666;\">Doubleclick.net, omnicommediagroup.com<\/span><\/td>\n<\/tr>\n<tr>\n<td><span style=\"color: #666666;\">Google Dynamic Remarketing<\/span><\/td>\n<td><span style=\"color: #666666;\">Marketing bazat pe interesele utilizatorilor<\/span><\/td>\n<td><span style=\"color: #666666;\">Maximum 540 days<\/span><\/td>\n<td><span style=\"color: #666666;\">Doubleclick.net, omnicommediagroup.com<\/span><\/td>\n<\/tr>\n<\/tbody>\n<\/table>\n\n\t\t<\/div> \n\t<\/div> \n\t\t\t<\/div>\n\t\t\t\t<\/div>\n\n\t<\/div> <div class=\"separator  normal\" style=\"border-bottom-width:0px;margin-top:20px;margin-bottom:20px\"><\/div>\n<\/div><\/div><\/div><\/div><\/div><\/section>","protected":false},"excerpt":{"rendered":"Referitor la utilizarea cookies-urilor \u0219i a datelor cu caracter personal Website-ul www.orkla.ro utilizeaz\u0103 cookies \u0219i tehnologii similare care stocheaz\u0103 informa\u021bii pe calculatorul, terminalul mobil sau alte echipamente ale unui utilizator de pe care se acceseaz\u0103 Internetul. Acestea sunt de obicei stocate pe navigatorul dispozitivului dumneavoastr\u0103....","protected":false},"author":1,"featured_media":0,"parent":0,"menu_order":0,"comment_status":"open","ping_status":"closed","template":"full_width.php","meta":{"footnotes":""},"class_list":["post-349291","page","type-page","status-publish","hentry"],"yoast_head":"<!-- This site is optimized with the Yoast SEO plugin v27.4 - https:\/\/yoast.com\/product\/yoast-seo-wordpress\/ -->\n<title>Politica de cookies - Orkla.ro<\/title>\n<meta name=\"robots\" content=\"index, follow, max-snippet:-1, max-image-preview:large, max-video-preview:-1\" \/>\n<link rel=\"canonical\" href=\"https:\/\/orkla.ro\/en\/politica-cookies\/\" \/>\n<meta property=\"og:locale\" content=\"en_US\" \/>\n<meta property=\"og:type\" content=\"article\" \/>\n<meta property=\"og:title\" content=\"Politica de cookies - Orkla.ro\" \/>\n<meta property=\"og:url\" content=\"https:\/\/orkla.ro\/en\/politica-cookies\/\" \/>\n<meta property=\"og:site_name\" content=\"Orkla.ro\" \/>\n<meta property=\"article:publisher\" content=\"https:\/\/www.facebook.com\/OrklaFoodsRomania\/\" \/>\n<meta property=\"article:modified_time\" content=\"2019-12-16T11:39:23+00:00\" \/>\n<meta name=\"twitter:card\" content=\"summary_large_image\" \/>\n<meta name=\"twitter:label1\" content=\"Est. reading time\" \/>\n\t<meta name=\"twitter:data1\" content=\"4 minutes\" \/>\n<script type=\"application\/ld+json\" class=\"yoast-schema-graph\">{\"@context\":\"https:\\\/\\\/schema.org\",\"@graph\":[{\"@type\":\"WebPage\",\"@id\":\"https:\\\/\\\/orkla.ro\\\/politica-cookies\\\/\",\"url\":\"https:\\\/\\\/orkla.ro\\\/politica-cookies\\\/\",\"name\":\"Politica de cookies - Orkla.ro\",\"isPartOf\":{\"@id\":\"https:\\\/\\\/orkla.ro\\\/#website\"},\"datePublished\":\"2019-12-16T10:45:10+00:00\",\"dateModified\":\"2019-12-16T11:39:23+00:00\",\"breadcrumb\":{\"@id\":\"https:\\\/\\\/orkla.ro\\\/politica-cookies\\\/#breadcrumb\"},\"inLanguage\":\"en-US\",\"potentialAction\":[{\"@type\":\"ReadAction\",\"target\":[\"https:\\\/\\\/orkla.ro\\\/politica-cookies\\\/\"]}]},{\"@type\":\"BreadcrumbList\",\"@id\":\"https:\\\/\\\/orkla.ro\\\/politica-cookies\\\/#breadcrumb\",\"itemListElement\":[{\"@type\":\"ListItem\",\"position\":1,\"name\":\"Home\",\"item\":\"https:\\\/\\\/orkla.ro\\\/\"},{\"@type\":\"ListItem\",\"position\":2,\"name\":\"Politica de cookies\"}]},{\"@type\":\"WebSite\",\"@id\":\"https:\\\/\\\/orkla.ro\\\/#website\",\"url\":\"https:\\\/\\\/orkla.ro\\\/\",\"name\":\"Orkla.ro\",\"description\":\"PRIETENUL T\u0102U \u00ceN VIA\u021aA DE ZI CU ZI\",\"publisher\":{\"@id\":\"https:\\\/\\\/orkla.ro\\\/#organization\"},\"potentialAction\":[{\"@type\":\"SearchAction\",\"target\":{\"@type\":\"EntryPoint\",\"urlTemplate\":\"https:\\\/\\\/orkla.ro\\\/?s={search_term_string}\"},\"query-input\":{\"@type\":\"PropertyValueSpecification\",\"valueRequired\":true,\"valueName\":\"search_term_string\"}}],\"inLanguage\":\"en-US\"},{\"@type\":\"Organization\",\"@id\":\"https:\\\/\\\/orkla.ro\\\/#organization\",\"name\":\"Orkla Foods Romania\",\"url\":\"https:\\\/\\\/orkla.ro\\\/\",\"logo\":{\"@type\":\"ImageObject\",\"inLanguage\":\"en-US\",\"@id\":\"https:\\\/\\\/orkla.ro\\\/#\\\/schema\\\/logo\\\/image\\\/\",\"url\":\"https:\\\/\\\/orkla.ro\\\/wp-content\\\/uploads\\\/2019\\\/12\\\/logo-orkla-foods-romania-copy-1.jpg\",\"contentUrl\":\"https:\\\/\\\/orkla.ro\\\/wp-content\\\/uploads\\\/2019\\\/12\\\/logo-orkla-foods-romania-copy-1.jpg\",\"width\":203,\"height\":70,\"caption\":\"Orkla Foods Romania\"},\"image\":{\"@id\":\"https:\\\/\\\/orkla.ro\\\/#\\\/schema\\\/logo\\\/image\\\/\"},\"sameAs\":[\"https:\\\/\\\/www.facebook.com\\\/OrklaFoodsRomania\\\/\"]}]}<\/script>\n<!-- \/ Yoast SEO plugin. -->","yoast_head_json":{"title":"Politica de cookies - Orkla.ro","robots":{"index":"index","follow":"follow","max-snippet":"max-snippet:-1","max-image-preview":"max-image-preview:large","max-video-preview":"max-video-preview:-1"},"canonical":"https:\/\/orkla.ro\/en\/politica-cookies\/","og_locale":"en_US","og_type":"article","og_title":"Politica de cookies - Orkla.ro","og_url":"https:\/\/orkla.ro\/en\/politica-cookies\/","og_site_name":"Orkla.ro","article_publisher":"https:\/\/www.facebook.com\/OrklaFoodsRomania\/","article_modified_time":"2019-12-16T11:39:23+00:00","twitter_card":"summary_large_image","twitter_misc":{"Est. reading time":"4 minutes"},"schema":{"@context":"https:\/\/schema.org","@graph":[{"@type":"WebPage","@id":"https:\/\/orkla.ro\/politica-cookies\/","url":"https:\/\/orkla.ro\/politica-cookies\/","name":"Politica de cookies - Orkla.ro","isPartOf":{"@id":"https:\/\/orkla.ro\/#website"},"datePublished":"2019-12-16T10:45:10+00:00","dateModified":"2019-12-16T11:39:23+00:00","breadcrumb":{"@id":"https:\/\/orkla.ro\/politica-cookies\/#breadcrumb"},"inLanguage":"en-US","potentialAction":[{"@type":"ReadAction","target":["https:\/\/orkla.ro\/politica-cookies\/"]}]},{"@type":"BreadcrumbList","@id":"https:\/\/orkla.ro\/politica-cookies\/#breadcrumb","itemListElement":[{"@type":"ListItem","position":1,"name":"Home","item":"https:\/\/orkla.ro\/"},{"@type":"ListItem","position":2,"name":"Politica de cookies"}]},{"@type":"WebSite","@id":"https:\/\/orkla.ro\/#website","url":"https:\/\/orkla.ro\/","name":"Orkla.ro","description":"YOUR FRIEND IN EVERYDAY LIFE","publisher":{"@id":"https:\/\/orkla.ro\/#organization"},"potentialAction":[{"@type":"SearchAction","target":{"@type":"EntryPoint","urlTemplate":"https:\/\/orkla.ro\/?s={search_term_string}"},"query-input":{"@type":"PropertyValueSpecification","valueRequired":true,"valueName":"search_term_string"}}],"inLanguage":"en-US"},{"@type":"Organization","@id":"https:\/\/orkla.ro\/#organization","name":"Orkla Foods Romania","url":"https:\/\/orkla.ro\/","logo":{"@type":"ImageObject","inLanguage":"en-US","@id":"https:\/\/orkla.ro\/#\/schema\/logo\/image\/","url":"https:\/\/orkla.ro\/wp-content\/uploads\/2019\/12\/logo-orkla-foods-romania-copy-1.jpg","contentUrl":"https:\/\/orkla.ro\/wp-content\/uploads\/2019\/12\/logo-orkla-foods-romania-copy-1.jpg","width":203,"height":70,"caption":"Orkla Foods Romania"},"image":{"@id":"https:\/\/orkla.ro\/#\/schema\/logo\/image\/"},"sameAs":["https:\/\/www.facebook.com\/OrklaFoodsRomania\/"]}]}},"_links":{"self":[{"href":"https:\/\/orkla.ro\/en\/wp-json\/wp\/v2\/pages\/349291","targetHints":{"allow":["GET"]}}],"collection":[{"href":"https:\/\/orkla.ro\/en\/wp-json\/wp\/v2\/pages"}],"about":[{"href":"https:\/\/orkla.ro\/en\/wp-json\/wp\/v2\/types\/page"}],"author":[{"embeddable":true,"href":"https:\/\/orkla.ro\/en\/wp-json\/wp\/v2\/users\/1"}],"replies":[{"embeddable":true,"href":"https:\/\/orkla.ro\/en\/wp-json\/wp\/v2\/comments?post=349291"}],"version-history":[{"count":8,"href":"https:\/\/orkla.ro\/en\/wp-json\/wp\/v2\/pages\/349291\/revisions"}],"predecessor-version":[{"id":349303,"href":"https:\/\/orkla.ro\/en\/wp-json\/wp\/v2\/pages\/349291\/revisions\/349303"}],"wp:attachment":[{"href":"https:\/\/orkla.ro\/en\/wp-json\/wp\/v2\/media?parent=349291"}],"curies":[{"name":"wp","href":"https:\/\/api.w.org\/{rel}","templated":true}]}}