{"id":342721,"date":"2015-07-28T14:35:41","date_gmt":"2015-07-28T14:35:41","guid":{"rendered":"http:\/\/demo.elated-themes.com\/moose1\/?page_id=342721"},"modified":"2019-12-09T22:12:36","modified_gmt":"2019-12-09T22:12:36","slug":"misiune-viziune-valori","status":"publish","type":"page","link":"https:\/\/orkla.ro\/en\/misiune-viziune-valori\/","title":{"rendered":"Mission, vision, values"},"content":{"rendered":"<div class=\"wpb-content-wrapper\"><div      class=\"vc_row wpb_row section grid_section\" style=' text-align:left;'><div class=\"section_inner clearfix\"><div class='section_inner_margin clearfix'><div class=\"wpb_column vc_column_container vc_col-sm-12\"><div class=\"vc_column-inner\"><div class=\"wpb_wrapper\"><div class=\"separator  normal\" style=\"border-bottom-width:0px;margin-top:40px;margin-bottom:40px\"><\/div>\n<div class=\"wpb_gallery wpb_content_element vc_clearfix\"><div class=\"wpb_wrapper\"><div class=\"wpb_gallery_slides wpb_flexslider_custom wpb_flexslider flexslider_slide flexslider\" data-interval=\"3\" data-flex_fx=\"slide\" data-disable-navigation-arrows=\"no\" data-show-navigation-controls=\"no\" ><ul class=\"slides\"><li><img loading=\"lazy\" decoding=\"async\" width=\"1100\" height=\"396\" src=\"https:\/\/orkla.ro\/wp-content\/uploads\/2019\/12\/Imagini-slider-istoric_0.jpg\" class=\"attachment-full\" alt=\"\" title=\"Imagini-slider-istoric_0\" srcset=\"https:\/\/orkla.ro\/wp-content\/uploads\/2019\/12\/Imagini-slider-istoric_0.jpg 1100w, https:\/\/orkla.ro\/wp-content\/uploads\/2019\/12\/Imagini-slider-istoric_0-300x108.jpg 300w, https:\/\/orkla.ro\/wp-content\/uploads\/2019\/12\/Imagini-slider-istoric_0-1024x369.jpg 1024w, https:\/\/orkla.ro\/wp-content\/uploads\/2019\/12\/Imagini-slider-istoric_0-768x276.jpg 768w, https:\/\/orkla.ro\/wp-content\/uploads\/2019\/12\/Imagini-slider-istoric_0-700x252.jpg 700w\" sizes=\"auto, (max-width: 1100px) 100vw, 1100px\" \/><\/li><li><img loading=\"lazy\" decoding=\"async\" width=\"1100\" height=\"396\" src=\"https:\/\/orkla.ro\/wp-content\/uploads\/2019\/12\/Imagini-slider-istoric_1.jpg\" class=\"attachment-full\" alt=\"\" title=\"Imagini-slider-istoric_1\" srcset=\"https:\/\/orkla.ro\/wp-content\/uploads\/2019\/12\/Imagini-slider-istoric_1.jpg 1100w, https:\/\/orkla.ro\/wp-content\/uploads\/2019\/12\/Imagini-slider-istoric_1-300x108.jpg 300w, https:\/\/orkla.ro\/wp-content\/uploads\/2019\/12\/Imagini-slider-istoric_1-1024x369.jpg 1024w, https:\/\/orkla.ro\/wp-content\/uploads\/2019\/12\/Imagini-slider-istoric_1-768x276.jpg 768w, https:\/\/orkla.ro\/wp-content\/uploads\/2019\/12\/Imagini-slider-istoric_1-700x252.jpg 700w\" sizes=\"auto, (max-width: 1100px) 100vw, 1100px\" \/><\/li><li><img loading=\"lazy\" decoding=\"async\" width=\"1100\" height=\"396\" src=\"https:\/\/orkla.ro\/wp-content\/uploads\/2019\/12\/Imagini-slider-istoric_2.jpg\" class=\"attachment-full\" alt=\"\" title=\"Imagini-slider-istoric_2\" srcset=\"https:\/\/orkla.ro\/wp-content\/uploads\/2019\/12\/Imagini-slider-istoric_2.jpg 1100w, https:\/\/orkla.ro\/wp-content\/uploads\/2019\/12\/Imagini-slider-istoric_2-300x108.jpg 300w, https:\/\/orkla.ro\/wp-content\/uploads\/2019\/12\/Imagini-slider-istoric_2-1024x369.jpg 1024w, https:\/\/orkla.ro\/wp-content\/uploads\/2019\/12\/Imagini-slider-istoric_2-768x276.jpg 768w, https:\/\/orkla.ro\/wp-content\/uploads\/2019\/12\/Imagini-slider-istoric_2-700x252.jpg 700w\" sizes=\"auto, (max-width: 1100px) 100vw, 1100px\" \/><\/li><li><img loading=\"lazy\" decoding=\"async\" width=\"1100\" height=\"396\" src=\"https:\/\/orkla.ro\/wp-content\/uploads\/2019\/12\/Imagini-slider-istoric_3.jpg\" class=\"attachment-full\" alt=\"\" title=\"Imagini-slider-istoric_3\" srcset=\"https:\/\/orkla.ro\/wp-content\/uploads\/2019\/12\/Imagini-slider-istoric_3.jpg 1100w, https:\/\/orkla.ro\/wp-content\/uploads\/2019\/12\/Imagini-slider-istoric_3-300x108.jpg 300w, https:\/\/orkla.ro\/wp-content\/uploads\/2019\/12\/Imagini-slider-istoric_3-1024x369.jpg 1024w, https:\/\/orkla.ro\/wp-content\/uploads\/2019\/12\/Imagini-slider-istoric_3-768x276.jpg 768w, https:\/\/orkla.ro\/wp-content\/uploads\/2019\/12\/Imagini-slider-istoric_3-700x252.jpg 700w\" sizes=\"auto, (max-width: 1100px) 100vw, 1100px\" \/><\/li><li><img loading=\"lazy\" decoding=\"async\" width=\"1100\" height=\"396\" src=\"https:\/\/orkla.ro\/wp-content\/uploads\/2019\/12\/Imagini-slider-istoric_4.jpg\" class=\"attachment-full\" alt=\"\" title=\"Imagini-slider-istoric_4\" srcset=\"https:\/\/orkla.ro\/wp-content\/uploads\/2019\/12\/Imagini-slider-istoric_4.jpg 1100w, https:\/\/orkla.ro\/wp-content\/uploads\/2019\/12\/Imagini-slider-istoric_4-300x108.jpg 300w, https:\/\/orkla.ro\/wp-content\/uploads\/2019\/12\/Imagini-slider-istoric_4-1024x369.jpg 1024w, https:\/\/orkla.ro\/wp-content\/uploads\/2019\/12\/Imagini-slider-istoric_4-768x276.jpg 768w, https:\/\/orkla.ro\/wp-content\/uploads\/2019\/12\/Imagini-slider-istoric_4-700x252.jpg 700w\" sizes=\"auto, (max-width: 1100px) 100vw, 1100px\" \/><\/li><li><img loading=\"lazy\" decoding=\"async\" width=\"1100\" height=\"396\" src=\"https:\/\/orkla.ro\/wp-content\/uploads\/2019\/12\/Imagini-slider-istoric_5.jpg\" class=\"attachment-full\" alt=\"\" title=\"Imagini-slider-istoric_5\" srcset=\"https:\/\/orkla.ro\/wp-content\/uploads\/2019\/12\/Imagini-slider-istoric_5.jpg 1100w, https:\/\/orkla.ro\/wp-content\/uploads\/2019\/12\/Imagini-slider-istoric_5-300x108.jpg 300w, https:\/\/orkla.ro\/wp-content\/uploads\/2019\/12\/Imagini-slider-istoric_5-1024x369.jpg 1024w, https:\/\/orkla.ro\/wp-content\/uploads\/2019\/12\/Imagini-slider-istoric_5-768x276.jpg 768w, https:\/\/orkla.ro\/wp-content\/uploads\/2019\/12\/Imagini-slider-istoric_5-700x252.jpg 700w\" sizes=\"auto, (max-width: 1100px) 100vw, 1100px\" \/><\/li><li><img loading=\"lazy\" decoding=\"async\" width=\"1100\" height=\"396\" src=\"https:\/\/orkla.ro\/wp-content\/uploads\/2019\/12\/Imagini-slider-istoric_6.jpg\" class=\"attachment-full\" alt=\"\" title=\"Imagini-slider-istoric_6\" srcset=\"https:\/\/orkla.ro\/wp-content\/uploads\/2019\/12\/Imagini-slider-istoric_6.jpg 1100w, https:\/\/orkla.ro\/wp-content\/uploads\/2019\/12\/Imagini-slider-istoric_6-300x108.jpg 300w, https:\/\/orkla.ro\/wp-content\/uploads\/2019\/12\/Imagini-slider-istoric_6-1024x369.jpg 1024w, https:\/\/orkla.ro\/wp-content\/uploads\/2019\/12\/Imagini-slider-istoric_6-768x276.jpg 768w, https:\/\/orkla.ro\/wp-content\/uploads\/2019\/12\/Imagini-slider-istoric_6-700x252.jpg 700w\" sizes=\"auto, (max-width: 1100px) 100vw, 1100px\" \/><\/li><\/ul><\/div><\/div><\/div><div class=\"separator  normal\" style=\"border-bottom-width:0px;margin-top:40px;margin-bottom:40px\"><\/div>\n<\/div><\/div><\/div><\/div><\/div><\/div><div      class=\"vc_row wpb_row section grid_section\" style='background-color:#f7f7f7; padding-top:75px; padding-bottom:23px; text-align:left;'><div class=\"section_inner clearfix\"><div class='section_inner_margin clearfix'><div class=\"wpb_column vc_column_container vc_col-sm-12 vc_col-lg-4 vc_col-md-4\"><div class=\"vc_column-inner\"><div class=\"wpb_wrapper\"><div class='eltd_icon_with_title  normal_icon center' ><div class=\"icon_holder\" style=\"margin: -20px 0 0 0; \"><div class=\"icon_holder_inner\"><span class=\"eltd_icon_stack eltd_tiny_icon\" style=\"font-size: 35px;color: #c10c1a;\"><i class=\"eltd_icon_simple_line_icon icon-user icon_text_icon eltd_icon_stack_1x\" style=\"font-size: 35px;\" ><\/i><\/span><\/div><\/div><div class=\"icon_text_holder\"><div class=\"icon_title_inner_holder\"><h5 class=\"icon_title\" style=\"\">To our consumers<\/h5><\/div><div class=\"icon_text_inner\" style=\"\"><p style=''>We aim to offer them brands that suit their taste: we are constantly trying to innovate in our recipes, packaging and communication.<\/p><\/div><\/div><\/div><div class=\"separator  transparent\" style=\"margin-top:30px;margin-bottom:0px\"><\/div>\n<\/div><\/div><\/div><div class=\"wpb_column vc_column_container vc_col-sm-12 vc_col-lg-4 vc_col-md-4\"><div class=\"vc_column-inner\"><div class=\"wpb_wrapper\"><div class='eltd_icon_with_title  normal_icon center' ><div class=\"icon_holder\" style=\"margin: -20px 0 0 0; \"><div class=\"icon_holder_inner\"><span class=\"eltd_icon_stack eltd_tiny_icon\" style=\"font-size: 35px;color: #c10c1a;\"><i class=\"eltd_icon_simple_line_icon icon-refresh icon_text_icon eltd_icon_stack_1x\" style=\"font-size: 35px;\" ><\/i><\/span><\/div><\/div><div class=\"icon_text_holder\"><div class=\"icon_title_inner_holder\"><h5 class=\"icon_title\" style=\"\">In the relationship with our clients<\/h5><\/div><div class=\"icon_text_inner\" style=\"\"><p style=''>We are the perfect partner, offering a profitable long-term development and added value, based on powerful brands, adapted to local consumption behavior and to international nutrition and food safety trends.<\/p><\/div><\/div><\/div><div class=\"separator  transparent\" style=\"margin-top:30px;margin-bottom:0px\"><\/div>\n<\/div><\/div><\/div><div class=\"wpb_column vc_column_container vc_col-sm-12 vc_col-lg-4 vc_col-md-4\"><div class=\"vc_column-inner\"><div class=\"wpb_wrapper\"><div class='eltd_icon_with_title  normal_icon center' ><div class=\"icon_holder\" style=\"margin: -20px 0 0 0; \"><div class=\"icon_holder_inner\"><span class=\"eltd_icon_stack eltd_tiny_icon\" style=\"font-size: 35px;color: #c10c1a;\"><i class=\"eltd_icon_simple_line_icon icon-pie-chart icon_text_icon eltd_icon_stack_1x\" style=\"font-size: 35px;\" ><\/i><\/span><\/div><\/div><div class=\"icon_text_holder\"><div class=\"icon_title_inner_holder\"><h5 class=\"icon_title\" style=\"\">Operations<\/h5><\/div><div class=\"icon_text_inner\" style=\"\"><p style=''>We offer a profitable development through an efficient, flexible and sustainable value chain.<\/p><\/div><\/div><\/div><div class=\"separator  transparent\" style=\"margin-top:30px;margin-bottom:0px\"><\/div>\n<\/div><\/div><\/div><div class=\"wpb_column vc_column_container vc_col-sm-12\"><div class=\"vc_column-inner\"><div class=\"wpb_wrapper\"><div class=\"separator  normal\" style=\"border-bottom-width:0px;margin-top:20px;margin-bottom:20px\"><\/div>\n<div      class=\"vc_row wpb_row vc_inner section\" style=' text-align:left;'><div class=\"full_section_inner clearfix\"><div class=\"wpb_column vc_column_container vc_col-sm-6\"><div class=\"vc_column-inner\"><div class=\"wpb_wrapper\"><div class='eltd_icon_with_title  normal_icon center' ><div class=\"icon_holder\" style=\"margin: -20px 0 0 0; \"><div class=\"icon_holder_inner\"><span class=\"eltd_icon_stack eltd_tiny_icon\" style=\"font-size: 35px;color: #c10c1a;\"><i class=\"eltd_icon_simple_line_icon icon-users icon_text_icon eltd_icon_stack_1x\" style=\"font-size: 35px;\" ><\/i><\/span><\/div><\/div><div class=\"icon_text_holder\"><div class=\"icon_title_inner_holder\"><h5 class=\"icon_title\" style=\"\">In the relationship with our employees<\/h5><\/div><div class=\"icon_text_inner\" style=\"\"><p style=''>We encourage talents, diversity and team work. We want our people to develop themselves and to progress in order to reach high performances.<\/p><\/div><\/div><\/div><\/div><\/div><\/div><div class=\"wpb_column vc_column_container vc_col-sm-6\"><div class=\"vc_column-inner\"><div class=\"wpb_wrapper\"><div class='eltd_icon_with_title  normal_icon center' ><div class=\"icon_holder\" style=\"margin: -20px 0 0 0; \"><div class=\"icon_holder_inner\"><span class=\"eltd_icon_stack eltd_tiny_icon\" style=\"font-size: 35px;color: #c10c1a;\"><i class=\"eltd_icon_simple_line_icon icon-globe icon_text_icon eltd_icon_stack_1x\" style=\"font-size: 35px;\" ><\/i><\/span><\/div><\/div><div class=\"icon_text_holder\"><div class=\"icon_title_inner_holder\"><h5 class=\"icon_title\" style=\"\">Society \/ Social responsibility<\/h5><\/div><div class=\"icon_text_inner\" style=\"\"><p style=''>We aim to contribute to the growth of the community we are operating in through building a strong business. Sustainability is the solution we propose for growth and competitiveness.<\/p><\/div><\/div><\/div><\/div><\/div><\/div><\/div><\/div><\/div><\/div><\/div><\/div><\/div><\/div><section      data-speed=\"1\" class=\"parallax_section_holder preload_background\" style = \" min-height:200px; height: auto;  background-image:url('https:\/\/orkla.ro\/wp-content\/uploads\/2019\/12\/Background_Alternative_Red-2.jpg');\"><div class=\"parallax_content left  parallax_full_section_inner\"  style='padding-left: 120px 0px 0px 0px;padding-right: 120px 0px 0px 0px'><div class='parallax_section_inner_margin clearfix'><div class=\"wpb_column vc_column_container vc_col-sm-12\"><div class=\"vc_column-inner\"><div class=\"wpb_wrapper\">\n\t<div class=\"wpb_text_column wpb_content_element  vc_custom_1575758116815\">\n\t\t<div class=\"wpb_wrapper\">\n\t\t\t<h2 style=\"text-align: center;\"><span style=\"color: #ffffff;\"><b>Our vision:<\/b><\/span><\/h2>\n<p style=\"text-align: center;\"><span style=\"color: #ffffff;\">Your friend in the everyday life, from breakfast to dinner, from the office to your holidays.<\/span><\/p>\n\n\t\t<\/div> \n\t<\/div> <\/div><\/div><\/div><\/div><\/div><\/section><div      class=\"vc_row wpb_row section grid_section\" style=' padding-top:58px; padding-bottom:79px; text-align:center;'><div class=\"section_inner clearfix\"><div class='section_inner_margin clearfix'><div class=\"wpb_column vc_column_container vc_col-sm-12\"><div class=\"vc_column-inner\"><div class=\"wpb_wrapper\">\n\t<div class=\"wpb_text_column wpb_content_element\">\n\t\t<div class=\"wpb_wrapper\">\n\t\t\t<h2 style=\"text-align: center;\"><strong>VALUES<\/strong><\/h2>\n\n\t\t<\/div> \n\t<\/div> <div class=\"separator  transparent\" style=\"margin-top:25px;margin-bottom:0px\"><\/div>\n<div class=\"eltd_circles_shortcode three_columns with_lines\"><span class = \"circle_line_holder\"><\/span><ul class=\"eltd_circles_holder three_columns with_lines\" style=\"border-color: #c7c7c7\" data-proces-height='203' data-proces-width='203'><li class=\"eltd_circle_outer image_with_text_type\" data-border-hover-color=\"#e5735c\"><div class=\"eltd_circle_inner\" style=\" border-color: #dadada;border-width: 2px; background-color: rgba(255,255,255,1);\"><div class=\"eltd_circle_inner2 image_with_text\" style=\"background: url(https:\/\/orkla.ro\/wp-content\/uploads\/2019\/12\/curaj_2.jpg); \"><h4 class=\"eltd_text_in_circle\" style=\"\"><\/h4><h6 class=\"eltd_text_in_circle_hover\" style=\"\"><\/h6><span class=\"shader\" style=\"background-color:#c10c1a;\"><\/span><\/div><\/div><div class=\"eltd_circle_text_holder  title_center text_center\" style='margin-top: 28px;'><h3 class=\"eltd_circle_title\" style=\"\">Courage<\/h3><div class=\"eltd_circle_separator\" style=\"margin-top: 17px;margin-bottom: 17px;\"><\/div><p class=\"eltd_circle_text\" style=\"\">Curajul ne ajuta s\u0103 fim inovativi, indrazneti, s\u0103 fim cu adev\u0103rat de talie mondial\u0103.&lt;br \/&gt;\nO valoarea esen\u021bial\u0103 care ne motiveaza s\u0103 mergem mai departe \u0219i sa ne asumam riscuri. Oamenii curajo\u0219i caut\u0103 cele mai &icirc;nalte culmi \u0219i iubesc s\u0103 c&acirc;\u0219tige. Ei &icirc;ndr\u0103znesc s\u0103 spun\u0103 atunci c&acirc;nd lucrurile merg &icirc;ntr-o direc\u021bie gre\u0219it\u0103, se angajeaz\u0103 &icirc;n discu\u021bii solicitante \u0219i iau decizii dificile.<\/p><\/div><\/li><li class=\"eltd_circle_outer image_with_text_type\" data-border-hover-color=\"#e5735c\"><div class=\"eltd_circle_inner\" style=\" border-color: #dadada;border-width: 2px; background-color: rgba(255,255,255,1);\"><div class=\"eltd_circle_inner2 image_with_text\" style=\"background: url(https:\/\/orkla.ro\/wp-content\/uploads\/2019\/12\/Incredere-2.jpg); \"><h4 class=\"eltd_text_in_circle\" style=\"\"><\/h4><h6 class=\"eltd_text_in_circle_hover\" style=\"\"><\/h6><span class=\"shader\" style=\"background-color:#c10c1a;\"><\/span><\/div><\/div><div class=\"eltd_circle_text_holder  title_center text_center\" style='margin-top: 28px;'><h3 class=\"eltd_circle_title\" style=\"\">Trust<\/h3><div class=\"eltd_circle_separator\" style=\"margin-top: 17px;margin-bottom: 17px;\"><\/div><p class=\"eltd_circle_text\" style=\"\">Oamenii de &icirc;ncredere sunt v\u0103zu\u021bi ca fiind profesioni\u0219ti, cu multe aptitudini \u0219i siguri de ei.&lt;br \/&gt;\nOamenii au &icirc;ncredere &icirc;n noi, pentru c\u0103 ne respect\u0103m promisiunile. Ne asum\u0103m responsabilitatea &icirc;n fa\u021ba consumatorilor, a clien\u021bilor, a proprietarilor \u0219i a &icirc;ntregii societ\u0103\u021bi, oferind siguran\u021b\u0103.&lt;br \/&gt;\nSuntem dedica\u021bi, nu d\u0103m &icirc;napoi \u0219i depasim obstacolele cu promptitudine. G&acirc;ndim \u0219i ac\u021bion\u0103m pe termen lung.<\/p><\/div><\/li><li class=\"eltd_circle_outer image_with_text_type\" data-border-hover-color=\"#e5735c\"><div class=\"eltd_circle_inner\" style=\" border-color: #dadada;border-width: 2px; background-color: rgba(255,255,255,1);\"><div class=\"eltd_circle_inner2 image_with_text\" style=\"background: url(https:\/\/orkla.ro\/wp-content\/uploads\/2019\/12\/inspiratie-2.jpg); \"><h4 class=\"eltd_text_in_circle\" style=\"\"><\/h4><h6 class=\"eltd_text_in_circle_hover\" style=\"\"><\/h6><span class=\"shader\" style=\"background-color:#c10c1a;\"><\/span><\/div><\/div><div class=\"eltd_circle_text_holder  title_center text_center\" style='margin-top: 28px;'><h3 class=\"eltd_circle_title\" style=\"\">INSPIRATION<\/h3><div class=\"eltd_circle_separator\" style=\"margin-top: 17px;margin-bottom: 17px;\"><\/div><p class=\"eltd_circle_text\" style=\"\">Oamenii entuziasti sunt pasiona\u021bi \u0219i isi doresc sa aiba succes . Ei inoveaz\u0103 &icirc;n permanen\u021b\u0103.&lt;br \/&gt;\nNe place s\u0103 fim o surs\u0103 de inspira\u021bie pentru consumatori, clien\u021bi \u0219i parteneri, la fel cum ei sunt o surs\u0103 de inspira\u021bie pentru noi.<\/p><\/div><\/li><\/ul><\/div><\/div><\/div><\/div><\/div><\/div><\/div><section      data-speed=\"1\" class=\"parallax_section_holder preload_background\" style = \" min-height:px; height: auto;  background-image:url('https:\/\/orkla.ro\/wp-content\/uploads\/2019\/12\/bg-alb-scaled.jpg');\"><div class=\"row_badge\"><span class=\"badge_icon\"><img decoding=\"async\" src=\"https:\/\/orkla.ro\/wp-content\/themes\/moose\/img\/crown.png\" alt=\"Crown\"\/><\/span><span class=\"badge_text\">ORKLA GROUP<\/span><span class=\"row_badge_triangle\"><\/span><\/div><div class=\"parallax_content center  parallax_full_section_inner\" ><div class='parallax_section_inner_margin clearfix'><div class=\"wpb_column vc_column_container vc_col-sm-12\"><div class=\"vc_column-inner\"><div class=\"wpb_wrapper\">\n\t<div class=\"wpb_text_column wpb_content_element  vc_custom_1575759069461\">\n\t\t<div class=\"wpb_wrapper\">\n\t\t\t<p style=\"text-align: center;\">Orkla is one of the largest Nordic listed companies in Norway. Its main divisions are: Orkla Brands, Orkla Aluminum Solutions and Orkla Financial Investments.<\/p>\n<p style=\"text-align: center;\">More info:<br \/>\n<a href=\"http:\/\/www.orkla.com\/\">www.orkla.com<\/a><br \/>\n<a href=\"http:\/\/www.orkla.com\/About-Orkla\/Branded-consumer-goods\">www.orklabrands.com<\/a><\/p>\n<p style=\"text-align: center;\"><a href=\"http:\/\/www.orkla.com\/About-Orkla\/Key-personnel\/Management-teams-for-the-business-areas\">International management teams<\/a><\/p>\n\n\t\t<\/div> \n\t<\/div> <\/div><\/div><\/div><\/div><\/div><\/section>\n<\/div>","protected":false},"excerpt":{"rendered":"Consumatorilor nostriNe propunem sa le oferim branduri care sunt mereru pe placul lor: cautam permanent sa inovam in retete, ambalaje, comunicare. In relatia cu clien\u021bii nostriSuntem partenerul ideal, oferind o dezvoltare profitabil\u0103 pe termen lung \u0219i valoare ad\u0103ugat\u0103, bazate pe branduri puternice, adaptate local la...","protected":false},"author":1,"featured_media":0,"parent":0,"menu_order":0,"comment_status":"open","ping_status":"closed","template":"full_width.php","meta":{"footnotes":""},"class_list":["post-342721","page","type-page","status-publish","hentry"],"yoast_head":"<!-- This site is optimized with the Yoast SEO plugin v27.3 - https:\/\/yoast.com\/product\/yoast-seo-wordpress\/ -->\n<title>Misiune, Viziune, Valori - Orkla.ro<\/title>\n<meta name=\"robots\" content=\"index, follow, max-snippet:-1, max-image-preview:large, max-video-preview:-1\" \/>\n<link rel=\"canonical\" href=\"https:\/\/orkla.ro\/en\/misiune-viziune-valori\/\" \/>\n<meta property=\"og:locale\" content=\"en_US\" \/>\n<meta property=\"og:type\" content=\"article\" \/>\n<meta property=\"og:title\" content=\"Misiune, Viziune, Valori - Orkla.ro\" \/>\n<meta property=\"og:url\" content=\"https:\/\/orkla.ro\/en\/misiune-viziune-valori\/\" \/>\n<meta property=\"og:site_name\" content=\"Orkla.ro\" \/>\n<meta property=\"article:publisher\" content=\"https:\/\/www.facebook.com\/OrklaFoodsRomania\/\" \/>\n<meta property=\"article:modified_time\" content=\"2019-12-09T22:12:36+00:00\" \/>\n<meta name=\"twitter:card\" content=\"summary_large_image\" \/>\n<meta name=\"twitter:label1\" content=\"Est. reading time\" \/>\n\t<meta name=\"twitter:data1\" content=\"6 minutes\" \/>\n<script type=\"application\/ld+json\" class=\"yoast-schema-graph\">{\"@context\":\"https:\\\/\\\/schema.org\",\"@graph\":[{\"@type\":\"WebPage\",\"@id\":\"https:\\\/\\\/orkla.ro\\\/en\\\/misiune-viziune-valori\\\/\",\"url\":\"https:\\\/\\\/orkla.ro\\\/en\\\/misiune-viziune-valori\\\/\",\"name\":\"Misiune, Viziune, Valori - Orkla.ro\",\"isPartOf\":{\"@id\":\"https:\\\/\\\/orkla.ro\\\/#website\"},\"datePublished\":\"2015-07-28T14:35:41+00:00\",\"dateModified\":\"2019-12-09T22:12:36+00:00\",\"breadcrumb\":{\"@id\":\"https:\\\/\\\/orkla.ro\\\/en\\\/misiune-viziune-valori\\\/#breadcrumb\"},\"inLanguage\":\"en-US\",\"potentialAction\":[{\"@type\":\"ReadAction\",\"target\":[\"https:\\\/\\\/orkla.ro\\\/en\\\/misiune-viziune-valori\\\/\"]}]},{\"@type\":\"BreadcrumbList\",\"@id\":\"https:\\\/\\\/orkla.ro\\\/en\\\/misiune-viziune-valori\\\/#breadcrumb\",\"itemListElement\":[{\"@type\":\"ListItem\",\"position\":1,\"name\":\"Home\",\"item\":\"https:\\\/\\\/orkla.ro\\\/\"},{\"@type\":\"ListItem\",\"position\":2,\"name\":\"Misiune, Viziune, Valori\"}]},{\"@type\":\"WebSite\",\"@id\":\"https:\\\/\\\/orkla.ro\\\/#website\",\"url\":\"https:\\\/\\\/orkla.ro\\\/\",\"name\":\"Orkla.ro\",\"description\":\"PRIETENUL T\u0102U \u00ceN VIA\u021aA DE ZI CU ZI\",\"publisher\":{\"@id\":\"https:\\\/\\\/orkla.ro\\\/#organization\"},\"potentialAction\":[{\"@type\":\"SearchAction\",\"target\":{\"@type\":\"EntryPoint\",\"urlTemplate\":\"https:\\\/\\\/orkla.ro\\\/?s={search_term_string}\"},\"query-input\":{\"@type\":\"PropertyValueSpecification\",\"valueRequired\":true,\"valueName\":\"search_term_string\"}}],\"inLanguage\":\"en-US\"},{\"@type\":\"Organization\",\"@id\":\"https:\\\/\\\/orkla.ro\\\/#organization\",\"name\":\"Orkla Foods Romania\",\"url\":\"https:\\\/\\\/orkla.ro\\\/\",\"logo\":{\"@type\":\"ImageObject\",\"inLanguage\":\"en-US\",\"@id\":\"https:\\\/\\\/orkla.ro\\\/#\\\/schema\\\/logo\\\/image\\\/\",\"url\":\"https:\\\/\\\/orkla.ro\\\/wp-content\\\/uploads\\\/2019\\\/12\\\/logo-orkla-foods-romania-copy-1.jpg\",\"contentUrl\":\"https:\\\/\\\/orkla.ro\\\/wp-content\\\/uploads\\\/2019\\\/12\\\/logo-orkla-foods-romania-copy-1.jpg\",\"width\":203,\"height\":70,\"caption\":\"Orkla Foods Romania\"},\"image\":{\"@id\":\"https:\\\/\\\/orkla.ro\\\/#\\\/schema\\\/logo\\\/image\\\/\"},\"sameAs\":[\"https:\\\/\\\/www.facebook.com\\\/OrklaFoodsRomania\\\/\"]}]}<\/script>\n<!-- \/ Yoast SEO plugin. -->","yoast_head_json":{"title":"Misiune, Viziune, Valori - Orkla.ro","robots":{"index":"index","follow":"follow","max-snippet":"max-snippet:-1","max-image-preview":"max-image-preview:large","max-video-preview":"max-video-preview:-1"},"canonical":"https:\/\/orkla.ro\/en\/misiune-viziune-valori\/","og_locale":"en_US","og_type":"article","og_title":"Misiune, Viziune, Valori - Orkla.ro","og_url":"https:\/\/orkla.ro\/en\/misiune-viziune-valori\/","og_site_name":"Orkla.ro","article_publisher":"https:\/\/www.facebook.com\/OrklaFoodsRomania\/","article_modified_time":"2019-12-09T22:12:36+00:00","twitter_card":"summary_large_image","twitter_misc":{"Est. reading time":"6 minutes"},"schema":{"@context":"https:\/\/schema.org","@graph":[{"@type":"WebPage","@id":"https:\/\/orkla.ro\/en\/misiune-viziune-valori\/","url":"https:\/\/orkla.ro\/en\/misiune-viziune-valori\/","name":"Misiune, Viziune, Valori - Orkla.ro","isPartOf":{"@id":"https:\/\/orkla.ro\/#website"},"datePublished":"2015-07-28T14:35:41+00:00","dateModified":"2019-12-09T22:12:36+00:00","breadcrumb":{"@id":"https:\/\/orkla.ro\/en\/misiune-viziune-valori\/#breadcrumb"},"inLanguage":"en-US","potentialAction":[{"@type":"ReadAction","target":["https:\/\/orkla.ro\/en\/misiune-viziune-valori\/"]}]},{"@type":"BreadcrumbList","@id":"https:\/\/orkla.ro\/en\/misiune-viziune-valori\/#breadcrumb","itemListElement":[{"@type":"ListItem","position":1,"name":"Home","item":"https:\/\/orkla.ro\/"},{"@type":"ListItem","position":2,"name":"Misiune, Viziune, Valori"}]},{"@type":"WebSite","@id":"https:\/\/orkla.ro\/#website","url":"https:\/\/orkla.ro\/","name":"Orkla.ro","description":"YOUR FRIEND IN EVERYDAY LIFE","publisher":{"@id":"https:\/\/orkla.ro\/#organization"},"potentialAction":[{"@type":"SearchAction","target":{"@type":"EntryPoint","urlTemplate":"https:\/\/orkla.ro\/?s={search_term_string}"},"query-input":{"@type":"PropertyValueSpecification","valueRequired":true,"valueName":"search_term_string"}}],"inLanguage":"en-US"},{"@type":"Organization","@id":"https:\/\/orkla.ro\/#organization","name":"Orkla Foods Romania","url":"https:\/\/orkla.ro\/","logo":{"@type":"ImageObject","inLanguage":"en-US","@id":"https:\/\/orkla.ro\/#\/schema\/logo\/image\/","url":"https:\/\/orkla.ro\/wp-content\/uploads\/2019\/12\/logo-orkla-foods-romania-copy-1.jpg","contentUrl":"https:\/\/orkla.ro\/wp-content\/uploads\/2019\/12\/logo-orkla-foods-romania-copy-1.jpg","width":203,"height":70,"caption":"Orkla Foods Romania"},"image":{"@id":"https:\/\/orkla.ro\/#\/schema\/logo\/image\/"},"sameAs":["https:\/\/www.facebook.com\/OrklaFoodsRomania\/"]}]}},"_links":{"self":[{"href":"https:\/\/orkla.ro\/en\/wp-json\/wp\/v2\/pages\/342721","targetHints":{"allow":["GET"]}}],"collection":[{"href":"https:\/\/orkla.ro\/en\/wp-json\/wp\/v2\/pages"}],"about":[{"href":"https:\/\/orkla.ro\/en\/wp-json\/wp\/v2\/types\/page"}],"author":[{"embeddable":true,"href":"https:\/\/orkla.ro\/en\/wp-json\/wp\/v2\/users\/1"}],"replies":[{"embeddable":true,"href":"https:\/\/orkla.ro\/en\/wp-json\/wp\/v2\/comments?post=342721"}],"version-history":[{"count":47,"href":"https:\/\/orkla.ro\/en\/wp-json\/wp\/v2\/pages\/342721\/revisions"}],"predecessor-version":[{"id":349089,"href":"https:\/\/orkla.ro\/en\/wp-json\/wp\/v2\/pages\/342721\/revisions\/349089"}],"wp:attachment":[{"href":"https:\/\/orkla.ro\/en\/wp-json\/wp\/v2\/media?parent=342721"}],"curies":[{"name":"wp","href":"https:\/\/api.w.org\/{rel}","templated":true}]}}