{"id":352222,"date":"2024-05-17T11:22:13","date_gmt":"2024-05-17T11:22:13","guid":{"rendered":"https:\/\/orkla.ro\/orklab2b\/?post_type=product&#038;p=352222"},"modified":"2024-05-17T11:24:19","modified_gmt":"2024-05-17T11:24:19","slug":"credi-cozonac-lemon-premium","status":"publish","type":"product","link":"https:\/\/orkla.ro\/b2b\/index.php\/product\/credi-cozonac-lemon-premium\/","title":{"rendered":"Credi\u00ae Cozonac Lemon Premium"},"content":{"rendered":"<p><span class=\"posted-in\"><strong>Categorii de produse<\/strong><\/span><\/p>\n<div class=\"menu-categorii-container\"><ul id=\"menu-categorii\" class=\"menu\"><li id=\"menu-item-352142\" class=\"menu-item menu-item-type-post_type menu-item-object-page menu-item-352142\"><a href=\"https:\/\/orkla.ro\/b2b\/index.php\/produse\/sosuri\/\">Sosuri<\/a><\/li>\n<li id=\"menu-item-352143\" class=\"menu-item menu-item-type-post_type menu-item-object-page menu-item-352143\"><a href=\"https:\/\/orkla.ro\/b2b\/index.php\/produse\/margarine-unt-grasimi-si-uleiuri\/\">Margarine, unt, grasimi \u0219i uleiuri<\/a><\/li>\n<li id=\"menu-item-352144\" class=\"menu-item menu-item-type-post_type menu-item-object-page menu-item-352144\"><a href=\"https:\/\/orkla.ro\/b2b\/index.php\/produse\/martipan\/\">Mar\u021bipan<\/a><\/li>\n<li id=\"menu-item-352145\" class=\"menu-item menu-item-type-post_type menu-item-object-page menu-item-352145\"><a href=\"https:\/\/orkla.ro\/b2b\/index.php\/produse\/ciocolata\/\">Ciocolat\u0103<\/a><\/li>\n<li id=\"menu-item-352146\" class=\"menu-item menu-item-type-post_type menu-item-object-page menu-item-352146\"><a href=\"https:\/\/orkla.ro\/b2b\/index.php\/produse\/agenti-desprindere-uleiuri-de-separare\/\">Agen\u021bi desprindere \/ Uleiuri de separare<\/a><\/li>\n<li id=\"menu-item-352147\" class=\"menu-item menu-item-type-post_type menu-item-object-page menu-item-352147\"><a href=\"https:\/\/orkla.ro\/b2b\/index.php\/produse\/amelioratori\/\">Amelioratori<\/a><\/li>\n<li id=\"menu-item-352148\" class=\"menu-item menu-item-type-post_type menu-item-object-page menu-item-352148\"><a href=\"https:\/\/orkla.ro\/b2b\/index.php\/produse\/amestecuri-pentru-paine\/\">Amestecuri pentru p\u00e2ine<\/a><\/li>\n<li id=\"menu-item-352149\" class=\"menu-item menu-item-type-post_type menu-item-object-page menu-item-352149\"><a href=\"https:\/\/orkla.ro\/b2b\/index.php\/produse\/glazuri-si-geluri\/\">Glazuri \u0219i geluri<\/a><\/li>\n<li id=\"menu-item-352150\" class=\"menu-item menu-item-type-post_type menu-item-object-page menu-item-352150\"><a href=\"https:\/\/orkla.ro\/b2b\/index.php\/produse\/gemuri-si-umpluturi-pe-baza-de-fructe\/\">Gemuri \u0219i umpluturi pe baz\u0103 de fructe<\/a><\/li>\n<li id=\"menu-item-352151\" class=\"menu-item menu-item-type-post_type menu-item-object-page menu-item-352151\"><a href=\"https:\/\/orkla.ro\/b2b\/index.php\/produse\/alte-ingrediente-de-patiserie\/\">Alte ingrediente de patiserie<\/a><\/li>\n<li id=\"menu-item-352152\" class=\"menu-item menu-item-type-post_type menu-item-object-page menu-item-352152\"><a href=\"https:\/\/orkla.ro\/b2b\/index.php\/produse\/amestecuri-si-amelioratori-pentru-prajituri\/\">Amestecuri \u0219i amelioratori pentru pr\u0103jituri<\/a><\/li>\n<li id=\"menu-item-352153\" class=\"menu-item menu-item-type-post_type menu-item-object-page menu-item-352153\"><a href=\"https:\/\/orkla.ro\/b2b\/index.php\/produse\/umpluturi-gata-de-utilizare\/\">Umpluturi gata de utilizare<\/a><\/li>\n<li id=\"menu-item-352154\" class=\"menu-item menu-item-type-post_type menu-item-object-page menu-item-352154\"><a href=\"https:\/\/orkla.ro\/b2b\/index.php\/produse\/custard\/\">Custard<\/a><\/li>\n<\/ul><\/div>\n","protected":false},"excerpt":{"rendered":"<p>Premix pentru patiserie dedicat \u00een special prepar\u0103rii prin metoda direct\u0103 a aluatului pentru cozonaci. Poate fi folosit \u0219i la prepararea altor produse fine de patiserie care con\u021bin zah\u0103r \u0219i gr\u0103simi. Arom\u0103 de l\u0103m\u00e2ie.<\/p>\n<p><strong>Ambalaj<\/strong>: 15 kg<br \/>\n<strong>Valabilitate<\/strong>:9 luni<\/p>\n","protected":false},"featured_media":352223,"template":"","meta":{"_acf_changed":false},"product_brand":[],"product_cat":[128],"product_tag":[],"class_list":{"0":"post-352222","1":"product","2":"type-product","3":"status-publish","4":"has-post-thumbnail","6":"product_cat-amestecuri-si-amelioratori-pentru-prajituri","8":"first","9":"instock","10":"shipping-taxable","11":"purchasable","12":"product-type-simple"},"acf":[],"_links":{"self":[{"href":"https:\/\/orkla.ro\/b2b\/index.php\/wp-json\/wp\/v2\/product\/352222","targetHints":{"allow":["GET"]}}],"collection":[{"href":"https:\/\/orkla.ro\/b2b\/index.php\/wp-json\/wp\/v2\/product"}],"about":[{"href":"https:\/\/orkla.ro\/b2b\/index.php\/wp-json\/wp\/v2\/types\/product"}],"wp:featuredmedia":[{"embeddable":true,"href":"https:\/\/orkla.ro\/b2b\/index.php\/wp-json\/wp\/v2\/media\/352223"}],"wp:attachment":[{"href":"https:\/\/orkla.ro\/b2b\/index.php\/wp-json\/wp\/v2\/media?parent=352222"}],"wp:term":[{"taxonomy":"product_brand","embeddable":true,"href":"https:\/\/orkla.ro\/b2b\/index.php\/wp-json\/wp\/v2\/product_brand?post=352222"},{"taxonomy":"product_cat","embeddable":true,"href":"https:\/\/orkla.ro\/b2b\/index.php\/wp-json\/wp\/v2\/product_cat?post=352222"},{"taxonomy":"product_tag","embeddable":true,"href":"https:\/\/orkla.ro\/b2b\/index.php\/wp-json\/wp\/v2\/product_tag?post=352222"}],"curies":[{"name":"wp","href":"https:\/\/api.w.org\/{rel}","templated":true}]}}