{"id":352846,"date":"2025-06-17T10:12:48","date_gmt":"2025-06-17T10:12:48","guid":{"rendered":"https:\/\/orkla.ro\/b2b\/?page_id=352846"},"modified":"2025-06-17T10:36:29","modified_gmt":"2025-06-17T10:36:29","slug":"poseidon","status":"publish","type":"page","link":"https:\/\/orkla.ro\/b2b\/index.php\/evenimente-speciale-cake-bar\/poseidon\/","title":{"rendered":"POSEIDON"},"content":{"rendered":"<div class=\"eltdf-row-grid-section\"><div class=\"vc_row wpb_row vc_row-fluid eltdf-row-type-row\" style=\"\"><div class=\"wpb_column vc_column_container vc_col-sm-12 vc_hidden-sm vc_hidden-xs\"><div class=\"vc_column-inner vc_custom_1713382403317\"><div class=\"wpb_wrapper\">\n\t<div  class=\"wpb_single_image wpb_content_element vc_align_left\">\n\t\t\n\t\t<figure class=\"wpb_wrapper vc_figure\">\n\t\t\t<div class=\"vc_single_image-wrapper   vc_box_border_grey\"><img loading=\"lazy\" decoding=\"async\" width=\"2400\" height=\"1430\" src=\"https:\/\/orkla.ro\/b2b\/wp-content\/uploads\/2025\/06\/header-reteta-poseidon.jpg\" class=\"vc_single_image-img attachment-full\" alt=\"\" srcset=\"https:\/\/orkla.ro\/b2b\/wp-content\/uploads\/2025\/06\/header-reteta-poseidon.jpg 2400w, https:\/\/orkla.ro\/b2b\/wp-content\/uploads\/2025\/06\/header-reteta-poseidon-300x179.jpg 300w, https:\/\/orkla.ro\/b2b\/wp-content\/uploads\/2025\/06\/header-reteta-poseidon-1024x610.jpg 1024w, https:\/\/orkla.ro\/b2b\/wp-content\/uploads\/2025\/06\/header-reteta-poseidon-768x458.jpg 768w, https:\/\/orkla.ro\/b2b\/wp-content\/uploads\/2025\/06\/header-reteta-poseidon-1536x915.jpg 1536w, https:\/\/orkla.ro\/b2b\/wp-content\/uploads\/2025\/06\/header-reteta-poseidon-18x12.jpg 18w, https:\/\/orkla.ro\/b2b\/wp-content\/uploads\/2025\/06\/header-reteta-poseidon-600x358.jpg 600w\" sizes=\"auto, (max-width: 2400px) 100vw, 2400px\" \/><\/div>\n\t\t<\/figure>\n\t<\/div>\n\n\t<div  class=\"wpb_single_image wpb_content_element vc_align_center  vc_custom_1750156177019\">\n\t\t\n\t\t<figure class=\"wpb_wrapper vc_figure\">\n\t\t\t<div class=\"vc_single_image-wrapper   vc_box_border_grey\"><img loading=\"lazy\" decoding=\"async\" width=\"1300\" height=\"200\" src=\"https:\/\/orkla.ro\/b2b\/wp-content\/uploads\/2025\/06\/pasi-poseidon.png\" class=\"vc_single_image-img attachment-full\" alt=\"\" srcset=\"https:\/\/orkla.ro\/b2b\/wp-content\/uploads\/2025\/06\/pasi-poseidon.png 1300w, https:\/\/orkla.ro\/b2b\/wp-content\/uploads\/2025\/06\/pasi-poseidon-300x46.png 300w, https:\/\/orkla.ro\/b2b\/wp-content\/uploads\/2025\/06\/pasi-poseidon-1024x158.png 1024w, https:\/\/orkla.ro\/b2b\/wp-content\/uploads\/2025\/06\/pasi-poseidon-768x118.png 768w, https:\/\/orkla.ro\/b2b\/wp-content\/uploads\/2025\/06\/pasi-poseidon-18x3.png 18w, https:\/\/orkla.ro\/b2b\/wp-content\/uploads\/2025\/06\/pasi-poseidon-600x92.png 600w\" sizes=\"auto, (max-width: 1300px) 100vw, 1300px\" \/><\/div>\n\t\t<\/figure>\n\t<\/div>\n<\/div><\/div><\/div><\/div><\/div><div class=\"eltdf-row-grid-section\"><div id=\"content-desktop\" class=\"vc_row wpb_row vc_row-fluid vc_custom_1715094065651 vc_row-has-fill eltdf-row-type-row\" style=\"\"><div class=\"wpb_column vc_column_container vc_col-sm-6 vc_hidden-sm vc_hidden-xs\"><div class=\"vc_column-inner vc_custom_1749991369659\"><div class=\"wpb_wrapper\"><div  class=\"vc_wp_text wpb_content_element\"><div class=\"widget widget_text\">\t\t\t<div class=\"textwidget\"><p>\u2022 Se decongeleaz\u0103 foitajul Accento la temperatura camerei.<br \/>\n\u2022 Se \u00eentinde foaia la o grosime de 3 mm.<br \/>\n\u2022 Se decupeaz\u0103 cu o form\u0103 metalic\u0103 cu marginile ondulate a.\u00ee. o por\u021biune din aluat s\u0103 fie dreapt\u0103 (nu rotund\u0103, nu ondulat\u0103).<br \/>\n\u2022 Pe por\u021biunea dreapt\u0103 de aluat se aplic\u0103 cu degetul o presiune suplimentar\u0103 a.\u00ee. la coacere s\u0103 nu expandeze la fel ca restul aluatului.<\/p>\n<\/div>\n\t\t<\/div><\/div><\/div><\/div><\/div><div class=\"wpb_column vc_column_container vc_col-sm-6 vc_hidden-sm vc_hidden-xs\"><div class=\"vc_column-inner vc_custom_1749991377317\"><div class=\"wpb_wrapper\"><div  class=\"vc_wp_text wpb_content_element\"><div class=\"widget widget_text\">\t\t\t<div class=\"textwidget\"><p>\u2022 Pe restul buc\u0103\u021bilor de aluat, sub forma unor raze plec\u00e2nd din dreptul p\u0103r\u021bii drepte q aluatului, se apas\u0103 u\u0219or, cu ajutorul unui be\u021bi\u0219or mai lung \u0219i sub\u021bire (ca pentru frig\u0103rui). Aceasta v\u0103 ajuta la ob\u021binerea unui model de scoic\u0103 \u00een timpul coacerii. Se unge foitajul cu ou.<br \/>\n\u2022 Coacere: 190\u00b0C \/ 10\u201112 min.<br \/>\n\u2022 Dup\u0103 r\u0103cire, se taie foitajul transversal, a.\u00ee. s\u0103 arate ca o scoic\u0103.<br \/>\n\u2022 Preg\u0103tire umplutur\u0103 ciuperci: se ia cantitatea necesar\u0103 de umplutur\u0103 Credi<sup class=\"regtm\">\u00ae<\/sup>Savoury Champignon \u0219i se c\u0103le\u0219te u\u0219or \u00eentr-un vas adecvat. R\u0103cire.<br \/>\n\u2022 Finisare: umple\u021bi foitajele cu filling-ul de ciuperci \u0219i l\u0103sa\u021bi pu\u021bin loc a.\u00ee. s\u0103 \u00eencap\u0103 \u0219i un ou de prepeli\u021b\u0103 fiert \u0219i decojit.<\/p>\n<\/div>\n\t\t<\/div><\/div><\/div><\/div><\/div><\/div><\/div><div id=\"image-mobile\" class=\"vc_row wpb_row vc_row-fluid vc_custom_1713717305308 eltdf-row-type-row\" style=\"\"><div class=\"wpb_column vc_column_container vc_col-sm-12 vc_hidden-lg vc_hidden-md\"><div class=\"vc_column-inner vc_custom_1713380711047\"><div class=\"wpb_wrapper\">\n\t<div  class=\"wpb_single_image wpb_content_element vc_align_left\">\n\t\t\n\t\t<figure class=\"wpb_wrapper vc_figure\">\n\t\t\t<div class=\"vc_single_image-wrapper   vc_box_border_grey\"><img loading=\"lazy\" decoding=\"async\" width=\"701\" height=\"1536\" src=\"https:\/\/orkla.ro\/b2b\/wp-content\/uploads\/2025\/06\/header-reteta-mobile-verdure.jpg\" class=\"vc_single_image-img attachment-full\" alt=\"\" srcset=\"https:\/\/orkla.ro\/b2b\/wp-content\/uploads\/2025\/06\/header-reteta-mobile-verdure.jpg 701w, https:\/\/orkla.ro\/b2b\/wp-content\/uploads\/2025\/06\/header-reteta-mobile-verdure-137x300.jpg 137w, https:\/\/orkla.ro\/b2b\/wp-content\/uploads\/2025\/06\/header-reteta-mobile-verdure-467x1024.jpg 467w, https:\/\/orkla.ro\/b2b\/wp-content\/uploads\/2025\/06\/header-reteta-mobile-verdure-5x12.jpg 5w, https:\/\/orkla.ro\/b2b\/wp-content\/uploads\/2025\/06\/header-reteta-mobile-verdure-600x1315.jpg 600w\" sizes=\"auto, (max-width: 701px) 100vw, 701px\" \/><\/div>\n\t\t<\/figure>\n\t<\/div>\n\n\t<div  class=\"wpb_single_image wpb_content_element vc_align_center  vc_custom_1750156227497\">\n\t\t\n\t\t<figure class=\"wpb_wrapper vc_figure\">\n\t\t\t<div class=\"vc_single_image-wrapper   vc_box_border_grey\"><img loading=\"lazy\" decoding=\"async\" width=\"1300\" height=\"200\" src=\"https:\/\/orkla.ro\/b2b\/wp-content\/uploads\/2025\/06\/pasi-poseidon.png\" class=\"vc_single_image-img attachment-full\" alt=\"\" srcset=\"https:\/\/orkla.ro\/b2b\/wp-content\/uploads\/2025\/06\/pasi-poseidon.png 1300w, https:\/\/orkla.ro\/b2b\/wp-content\/uploads\/2025\/06\/pasi-poseidon-300x46.png 300w, https:\/\/orkla.ro\/b2b\/wp-content\/uploads\/2025\/06\/pasi-poseidon-1024x158.png 1024w, https:\/\/orkla.ro\/b2b\/wp-content\/uploads\/2025\/06\/pasi-poseidon-768x118.png 768w, https:\/\/orkla.ro\/b2b\/wp-content\/uploads\/2025\/06\/pasi-poseidon-18x3.png 18w, https:\/\/orkla.ro\/b2b\/wp-content\/uploads\/2025\/06\/pasi-poseidon-600x92.png 600w\" sizes=\"auto, (max-width: 1300px) 100vw, 1300px\" \/><\/div>\n\t\t<\/figure>\n\t<\/div>\n<\/div><\/div><\/div><\/div><div class=\"eltdf-row-grid-section\"><div class=\"vc_row wpb_row vc_row-fluid vc_custom_1715094065651 vc_row-has-fill eltdf-row-type-row\" style=\"\"><div class=\"wpb_column vc_column_container vc_col-sm-6 vc_hidden-lg vc_hidden-md\"><div class=\"vc_column-inner vc_custom_1749972579844\"><div class=\"wpb_wrapper\"><div  class=\"vc_wp_text wpb_content_element\"><div class=\"widget widget_text\">\t\t\t<div class=\"textwidget\"><p>\u2022 Se decongeleaz\u0103 foitajul Accento la temperatura camerei.<br \/>\n\u2022 Se \u00eentinde foaia la o grosime de 3 mm.<br \/>\n\u2022 Se decupeaz\u0103 cu o form\u0103 metalic\u0103 cu marginile ondulate a.\u00ee. o por\u021biune din aluat s\u0103 fie dreapt\u0103 (nu rotund\u0103, nu ondulat\u0103).<br \/>\n\u2022 Pe por\u021biunea dreapt\u0103 de aluat se aplic\u0103 cu degetul o presiune suplimentar\u0103 a.\u00ee. la coacere s\u0103 nu expandeze la fel ca restul aluatului.<\/p>\n<\/div>\n\t\t<\/div><\/div><\/div><\/div><\/div><div class=\"wpb_column vc_column_container vc_col-sm-6 vc_hidden-lg vc_hidden-md vc_hidden-sm\"><div class=\"vc_column-inner vc_custom_1749972519180\"><div class=\"wpb_wrapper\"><div  class=\"vc_wp_text wpb_content_element\"><div class=\"widget widget_text\">\t\t\t<div class=\"textwidget\"><p>\u2022 Pe restul buc\u0103\u021bilor de aluat, sub forma unor raze plec\u00e2nd din dreptul p\u0103r\u021bii drepte q aluatului, se apas\u0103 u\u0219or, cu ajutorul unui be\u021bi\u0219or mai lung \u0219i sub\u021bire (ca pentru frig\u0103rui). Aceasta v\u0103 ajuta la ob\u021binerea unui model de scoic\u0103 \u00een timpul coacerii. Se unge foitajul cu ou.<br \/>\n\u2022 Coacere: 190\u00b0C \/ 10\u201112 min.<br \/>\n\u2022 Dup\u0103 r\u0103cire, se taie foitajul transversal, a.\u00ee. s\u0103 arate ca o scoic\u0103.<br \/>\n\u2022 Preg\u0103tire umplutur\u0103 ciuperci: se ia cantitatea necesar\u0103 de umplutur\u0103 Credi<sup class=\"regtm\">\u00ae<\/sup>Savoury Champignon \u0219i se c\u0103le\u0219te u\u0219or \u00eentr-un vas adecvat. R\u0103cire.<br \/>\n\u2022 Finisare: umple\u021bi foitajele cu filling-ul de ciuperci \u0219i l\u0103sa\u021bi pu\u021bin loc a.\u00ee. s\u0103 \u00eencap\u0103 \u0219i un ou de prepeli\u021b\u0103 fiert \u0219i decojit.<\/p>\n<\/div>\n\t\t<\/div><\/div><\/div><\/div><\/div><\/div><\/div>\n","protected":false},"excerpt":{"rendered":"\u2022 Se decongeleaz\u0103 foitajul Accento la temperatura camerei. \u2022 Se \u00eentinde foaia la o grosime de 3 mm. \u2022 Se decupeaz\u0103 cu o form\u0103 metalic\u0103 cu marginile ondulate a.\u00ee. o por\u021biune din aluat s\u0103 fie dreapt\u0103 (nu rotund\u0103, nu ondulat\u0103). \u2022 Pe por\u021biunea dreapt\u0103 de aluat se aplic\u0103 cu degetul o presiune suplimentar\u0103 a.\u00ee. la coacere s\u0103 nu expandeze la fel ca restul aluatului. \u2022 Pe restul buc\u0103\u021bilor de aluat, sub forma unor raze plec\u00e2nd din dreptul p\u0103r\u021bii drepte q aluatului, se apas\u0103 u\u0219or, cu ajutorul unui be\u021bi\u0219or mai lung \u0219i sub\u021bire (ca pentru frig\u0103rui). Aceasta v\u0103 ajuta la ob\u021binerea unui model de scoic\u0103 \u00een timpul coacerii. Se unge foitajul cu ou. \u2022 Coacere: 190\u00b0C \/ 10\u201112 min. \u2022 Dup\u0103 r\u0103cire, se taie foitajul transversal, a.\u00ee. s\u0103 arate ca o scoic\u0103. \u2022 Preg\u0103tire umplutur\u0103 ciuperci: se ia cantitatea necesar\u0103 de umplutur\u0103 Credi\u00aeSavoury Champignon \u0219i se c\u0103le\u0219te u\u0219or \u00eentr-un vas adecvat. [...]","protected":false},"author":1,"featured_media":352853,"parent":351601,"menu_order":0,"comment_status":"closed","ping_status":"closed","template":"full-width.php","meta":{"_acf_changed":false,"footnotes":""},"categories":[124],"tags":[],"class_list":["post-352846","page","type-page","status-publish","has-post-thumbnail","hentry","category-catalog-retete-candy-bar"],"acf":[],"_links":{"self":[{"href":"https:\/\/orkla.ro\/b2b\/index.php\/wp-json\/wp\/v2\/pages\/352846","targetHints":{"allow":["GET"]}}],"collection":[{"href":"https:\/\/orkla.ro\/b2b\/index.php\/wp-json\/wp\/v2\/pages"}],"about":[{"href":"https:\/\/orkla.ro\/b2b\/index.php\/wp-json\/wp\/v2\/types\/page"}],"author":[{"embeddable":true,"href":"https:\/\/orkla.ro\/b2b\/index.php\/wp-json\/wp\/v2\/users\/1"}],"replies":[{"embeddable":true,"href":"https:\/\/orkla.ro\/b2b\/index.php\/wp-json\/wp\/v2\/comments?post=352846"}],"version-history":[{"count":4,"href":"https:\/\/orkla.ro\/b2b\/index.php\/wp-json\/wp\/v2\/pages\/352846\/revisions"}],"predecessor-version":[{"id":352858,"href":"https:\/\/orkla.ro\/b2b\/index.php\/wp-json\/wp\/v2\/pages\/352846\/revisions\/352858"}],"up":[{"embeddable":true,"href":"https:\/\/orkla.ro\/b2b\/index.php\/wp-json\/wp\/v2\/pages\/351601"}],"wp:featuredmedia":[{"embeddable":true,"href":"https:\/\/orkla.ro\/b2b\/index.php\/wp-json\/wp\/v2\/media\/352853"}],"wp:attachment":[{"href":"https:\/\/orkla.ro\/b2b\/index.php\/wp-json\/wp\/v2\/media?parent=352846"}],"wp:term":[{"taxonomy":"category","embeddable":true,"href":"https:\/\/orkla.ro\/b2b\/index.php\/wp-json\/wp\/v2\/categories?post=352846"},{"taxonomy":"post_tag","embeddable":true,"href":"https:\/\/orkla.ro\/b2b\/index.php\/wp-json\/wp\/v2\/tags?post=352846"}],"curies":[{"name":"wp","href":"https:\/\/api.w.org\/{rel}","templated":true}]}}