{"id":352840,"date":"2025-06-17T09:58:20","date_gmt":"2025-06-17T09:58:20","guid":{"rendered":"https:\/\/orkla.ro\/b2b\/?page_id=352840"},"modified":"2025-06-17T09:58:20","modified_gmt":"2025-06-17T09:58:20","slug":"jumarele-pogacele","status":"publish","type":"page","link":"https:\/\/orkla.ro\/b2b\/index.php\/evenimente-speciale-cake-bar\/jumarele-pogacele\/","title":{"rendered":"JUM\u0102RELE POG\u0102CELE"},"content":{"rendered":"<div class=\"eltdf-row-grid-section\"><div class=\"vc_row wpb_row vc_row-fluid eltdf-row-type-row\" style=\"\"><div class=\"wpb_column vc_column_container vc_col-sm-12 vc_hidden-sm vc_hidden-xs\"><div class=\"vc_column-inner vc_custom_1713382403317\"><div class=\"wpb_wrapper\">\n\t<div  class=\"wpb_single_image wpb_content_element vc_align_left\">\n\t\t\n\t\t<figure class=\"wpb_wrapper vc_figure\">\n\t\t\t<div class=\"vc_single_image-wrapper   vc_box_border_grey\"><img loading=\"lazy\" decoding=\"async\" width=\"2400\" height=\"1430\" src=\"https:\/\/orkla.ro\/b2b\/wp-content\/uploads\/2025\/06\/header-reteta-jumarele.jpg\" class=\"vc_single_image-img attachment-full\" alt=\"\" srcset=\"https:\/\/orkla.ro\/b2b\/wp-content\/uploads\/2025\/06\/header-reteta-jumarele.jpg 2400w, https:\/\/orkla.ro\/b2b\/wp-content\/uploads\/2025\/06\/header-reteta-jumarele-300x179.jpg 300w, https:\/\/orkla.ro\/b2b\/wp-content\/uploads\/2025\/06\/header-reteta-jumarele-1024x610.jpg 1024w, https:\/\/orkla.ro\/b2b\/wp-content\/uploads\/2025\/06\/header-reteta-jumarele-768x458.jpg 768w, https:\/\/orkla.ro\/b2b\/wp-content\/uploads\/2025\/06\/header-reteta-jumarele-1536x915.jpg 1536w, https:\/\/orkla.ro\/b2b\/wp-content\/uploads\/2025\/06\/header-reteta-jumarele-18x12.jpg 18w, https:\/\/orkla.ro\/b2b\/wp-content\/uploads\/2025\/06\/header-reteta-jumarele-600x358.jpg 600w\" sizes=\"auto, (max-width: 2400px) 100vw, 2400px\" \/><\/div>\n\t\t<\/figure>\n\t<\/div>\n\n\t<div  class=\"wpb_single_image wpb_content_element vc_align_center  vc_custom_1750152932345\">\n\t\t\n\t\t<figure class=\"wpb_wrapper vc_figure\">\n\t\t\t<div class=\"vc_single_image-wrapper   vc_box_border_grey\"><img loading=\"lazy\" decoding=\"async\" width=\"1300\" height=\"200\" src=\"https:\/\/orkla.ro\/b2b\/wp-content\/uploads\/2025\/06\/pasi-jumarele.png\" class=\"vc_single_image-img attachment-full\" alt=\"\" srcset=\"https:\/\/orkla.ro\/b2b\/wp-content\/uploads\/2025\/06\/pasi-jumarele.png 1300w, https:\/\/orkla.ro\/b2b\/wp-content\/uploads\/2025\/06\/pasi-jumarele-300x46.png 300w, https:\/\/orkla.ro\/b2b\/wp-content\/uploads\/2025\/06\/pasi-jumarele-1024x158.png 1024w, https:\/\/orkla.ro\/b2b\/wp-content\/uploads\/2025\/06\/pasi-jumarele-768x118.png 768w, https:\/\/orkla.ro\/b2b\/wp-content\/uploads\/2025\/06\/pasi-jumarele-18x3.png 18w, https:\/\/orkla.ro\/b2b\/wp-content\/uploads\/2025\/06\/pasi-jumarele-600x92.png 600w\" sizes=\"auto, (max-width: 1300px) 100vw, 1300px\" \/><\/div>\n\t\t<\/figure>\n\t<\/div>\n<\/div><\/div><\/div><\/div><\/div><div class=\"eltdf-row-grid-section\"><div id=\"content-desktop\" class=\"vc_row wpb_row vc_row-fluid vc_custom_1715094065651 vc_row-has-fill eltdf-row-type-row\" style=\"\"><div class=\"wpb_column vc_column_container vc_col-sm-6 vc_hidden-sm vc_hidden-xs\"><div class=\"vc_column-inner vc_custom_1749991369659\"><div class=\"wpb_wrapper\"><div  class=\"vc_wp_text wpb_content_element\"><div class=\"widget widget_text\">\t\t\t<div class=\"textwidget\"><p>\u2022 Se decongeleaz\u0103 aluatul fraged Linco la temperatura camerei.<br \/>\n\u2022 Se \u00eentinde aluatul la 2 mm \u0219i se taie fiecare foaie \u00een 3 p\u0103r\u021bi egale.<br \/>\n\u2022 Jum\u0103rile se fac past\u0103 cu ajutorul unui blender.<br \/>\n\u2022 Cabanosul se taie buc\u0103\u021bele mici mici.<br \/>\n\u2022 Pe prima foaie se \u00eentinde un strat sub\u021bire de past\u0103 de jum\u0103ri. Peste care se adaug\u0103 din bel\u0219ug cabanosul m\u0103run\u021bit. Apoi se adaug\u0103 o nou\u0103 foaie de aluat. Se ap\u0103s\u0103 u\u0219or cu m\u00e2na pe toat\u0103 suprafa\u021ba.<\/p>\n<\/div>\n\t\t<\/div><\/div><\/div><\/div><\/div><div class=\"wpb_column vc_column_container vc_col-sm-6 vc_hidden-sm vc_hidden-xs\"><div class=\"vc_column-inner vc_custom_1749991377317\"><div class=\"wpb_wrapper\"><div  class=\"vc_wp_text wpb_content_element\"><div class=\"widget widget_text\">\t\t\t<div class=\"textwidget\"><p>\u2022 Se reia procesul a.\u00ee. s\u0103 avem 2 straturi de umplutur\u0103 \u0219i 3 foi de aluat fraged. Dup\u0103 ce se a\u0219eaz\u0103 \u0219i ultima foaie, se ap\u0103s\u0103 u\u0219or pe toat\u0103 suprafa\u021ba cu ajutorul unei merdenele a.\u00ee. toat\u0103 compozi\u021bia s\u0103 fac\u0103 priz\u0103.<br \/>\n\u2022 Se taie \u00een forma dorit\u0103. Se unge cu ou \u0219i se presar\u0103 cu Credi<sup><sup class=\"regtm\">\u00ae<\/sup><\/sup>Decor Rustic.<br \/>\nCoacere: 190\u00b0C \/ 20 min.<\/p>\n<\/div>\n\t\t<\/div><\/div><\/div><\/div><\/div><\/div><\/div><div id=\"image-mobile\" class=\"vc_row wpb_row vc_row-fluid vc_custom_1713717305308 eltdf-row-type-row\" style=\"\"><div class=\"wpb_column vc_column_container vc_col-sm-12 vc_hidden-lg vc_hidden-md\"><div class=\"vc_column-inner vc_custom_1713380711047\"><div class=\"wpb_wrapper\">\n\t<div  class=\"wpb_single_image wpb_content_element vc_align_left\">\n\t\t\n\t\t<figure class=\"wpb_wrapper vc_figure\">\n\t\t\t<div class=\"vc_single_image-wrapper   vc_box_border_grey\"><img loading=\"lazy\" decoding=\"async\" width=\"701\" height=\"1536\" src=\"https:\/\/orkla.ro\/b2b\/wp-content\/uploads\/2025\/06\/header-reteta-mobile-jumarele.jpg\" class=\"vc_single_image-img attachment-full\" alt=\"\" srcset=\"https:\/\/orkla.ro\/b2b\/wp-content\/uploads\/2025\/06\/header-reteta-mobile-jumarele.jpg 701w, https:\/\/orkla.ro\/b2b\/wp-content\/uploads\/2025\/06\/header-reteta-mobile-jumarele-137x300.jpg 137w, https:\/\/orkla.ro\/b2b\/wp-content\/uploads\/2025\/06\/header-reteta-mobile-jumarele-467x1024.jpg 467w, https:\/\/orkla.ro\/b2b\/wp-content\/uploads\/2025\/06\/header-reteta-mobile-jumarele-5x12.jpg 5w, https:\/\/orkla.ro\/b2b\/wp-content\/uploads\/2025\/06\/header-reteta-mobile-jumarele-600x1315.jpg 600w\" sizes=\"auto, (max-width: 701px) 100vw, 701px\" \/><\/div>\n\t\t<\/figure>\n\t<\/div>\n\n\t<div  class=\"wpb_single_image wpb_content_element vc_align_center  vc_custom_1750152973408\">\n\t\t\n\t\t<figure class=\"wpb_wrapper vc_figure\">\n\t\t\t<div class=\"vc_single_image-wrapper   vc_box_border_grey\"><img loading=\"lazy\" decoding=\"async\" width=\"1300\" height=\"200\" src=\"https:\/\/orkla.ro\/b2b\/wp-content\/uploads\/2025\/06\/pasi-jumarele.png\" class=\"vc_single_image-img attachment-full\" alt=\"\" srcset=\"https:\/\/orkla.ro\/b2b\/wp-content\/uploads\/2025\/06\/pasi-jumarele.png 1300w, https:\/\/orkla.ro\/b2b\/wp-content\/uploads\/2025\/06\/pasi-jumarele-300x46.png 300w, https:\/\/orkla.ro\/b2b\/wp-content\/uploads\/2025\/06\/pasi-jumarele-1024x158.png 1024w, https:\/\/orkla.ro\/b2b\/wp-content\/uploads\/2025\/06\/pasi-jumarele-768x118.png 768w, https:\/\/orkla.ro\/b2b\/wp-content\/uploads\/2025\/06\/pasi-jumarele-18x3.png 18w, https:\/\/orkla.ro\/b2b\/wp-content\/uploads\/2025\/06\/pasi-jumarele-600x92.png 600w\" sizes=\"auto, (max-width: 1300px) 100vw, 1300px\" \/><\/div>\n\t\t<\/figure>\n\t<\/div>\n<\/div><\/div><\/div><\/div><div class=\"eltdf-row-grid-section\"><div class=\"vc_row wpb_row vc_row-fluid vc_custom_1715094065651 vc_row-has-fill eltdf-row-type-row\" style=\"\"><div class=\"wpb_column vc_column_container vc_col-sm-6 vc_hidden-lg vc_hidden-md\"><div class=\"vc_column-inner vc_custom_1749972579844\"><div class=\"wpb_wrapper\"><div  class=\"vc_wp_text wpb_content_element\"><div class=\"widget widget_text\">\t\t\t<div class=\"textwidget\"><p>\u2022 Se decongeleaz\u0103 aluatul fraged Linco la temperatura camerei.<br \/>\n\u2022 Se \u00eentinde aluatul la 2 mm \u0219i se taie fiecare foaie \u00een 3 p\u0103r\u021bi egale.<br \/>\n\u2022 Jum\u0103rile se fac past\u0103 cu ajutorul unui blender.<br \/>\n\u2022 Cabanosul se taie buc\u0103\u021bele mici mici.<br \/>\n\u2022 Pe prima foaie se \u00eentinde un strat sub\u021bire de past\u0103 de jum\u0103ri. Peste care se adaug\u0103 din bel\u0219ug cabanosul m\u0103run\u021bit. Apoi se adaug\u0103 o nou\u0103 foaie de aluat. Se ap\u0103s\u0103 u\u0219or cu m\u00e2na pe toat\u0103 suprafa\u021ba.<\/p>\n<\/div>\n\t\t<\/div><\/div><\/div><\/div><\/div><div class=\"wpb_column vc_column_container vc_col-sm-6 vc_hidden-lg vc_hidden-md vc_hidden-sm\"><div class=\"vc_column-inner vc_custom_1749972519180\"><div class=\"wpb_wrapper\"><div  class=\"vc_wp_text wpb_content_element\"><div class=\"widget widget_text\">\t\t\t<div class=\"textwidget\"><p>\u2022 Se reia procesul a.\u00ee. s\u0103 avem 2 straturi de umplutur\u0103 \u0219i 3 foi de aluat fraged. Dup\u0103 ce se a\u0219eaz\u0103 \u0219i ultima foaie, se ap\u0103s\u0103 u\u0219or pe toat\u0103 suprafa\u021ba cu ajutorul unei merdenele a.\u00ee. toat\u0103 compozi\u021bia s\u0103 fac\u0103 priz\u0103.<br \/>\n\u2022 Se taie \u00een forma dorit\u0103. Se unge cu ou \u0219i se presar\u0103 cu Credi<sup><sup class=\"regtm\">\u00ae<\/sup><\/sup>Decor Rustic.<br \/>\nCoacere: 190\u00b0C \/ 20 min.<\/p>\n<\/div>\n\t\t<\/div><\/div><\/div><\/div><\/div><\/div><\/div>\n","protected":false},"excerpt":{"rendered":"\u2022 Se decongeleaz\u0103 aluatul fraged Linco la temperatura camerei. \u2022 Se \u00eentinde aluatul la 2 mm \u0219i se taie fiecare foaie \u00een 3 p\u0103r\u021bi egale. \u2022 Jum\u0103rile se fac past\u0103 cu ajutorul unui blender. \u2022 Cabanosul se taie buc\u0103\u021bele mici mici. \u2022 Pe prima foaie se \u00eentinde un strat sub\u021bire de past\u0103 de jum\u0103ri. Peste care se adaug\u0103 din bel\u0219ug cabanosul m\u0103run\u021bit. Apoi se adaug\u0103 o nou\u0103 foaie de aluat. Se ap\u0103s\u0103 u\u0219or cu m\u00e2na pe toat\u0103 suprafa\u021ba. \u2022 Se reia procesul a.\u00ee. s\u0103 avem 2 straturi de umplutur\u0103 \u0219i 3 foi de aluat fraged. Dup\u0103 ce se a\u0219eaz\u0103 \u0219i ultima foaie, se ap\u0103s\u0103 u\u0219or pe toat\u0103 suprafa\u021ba cu ajutorul unei merdenele a.\u00ee. toat\u0103 compozi\u021bia s\u0103 fac\u0103 priz\u0103. \u2022 Se taie \u00een forma dorit\u0103. Se unge cu ou \u0219i se presar\u0103 cu Credi\u00aeDecor Rustic. Coacere: 190\u00b0C \/ 20 min. \u2022 Se decongeleaz\u0103 aluatul fraged Linco la temperatura camerei. \u2022 Se [...]","protected":false},"author":1,"featured_media":352841,"parent":351601,"menu_order":0,"comment_status":"closed","ping_status":"closed","template":"full-width.php","meta":{"_acf_changed":false,"footnotes":""},"categories":[124],"tags":[],"class_list":["post-352840","page","type-page","status-publish","has-post-thumbnail","hentry","category-catalog-retete-candy-bar"],"acf":[],"_links":{"self":[{"href":"https:\/\/orkla.ro\/b2b\/index.php\/wp-json\/wp\/v2\/pages\/352840","targetHints":{"allow":["GET"]}}],"collection":[{"href":"https:\/\/orkla.ro\/b2b\/index.php\/wp-json\/wp\/v2\/pages"}],"about":[{"href":"https:\/\/orkla.ro\/b2b\/index.php\/wp-json\/wp\/v2\/types\/page"}],"author":[{"embeddable":true,"href":"https:\/\/orkla.ro\/b2b\/index.php\/wp-json\/wp\/v2\/users\/1"}],"replies":[{"embeddable":true,"href":"https:\/\/orkla.ro\/b2b\/index.php\/wp-json\/wp\/v2\/comments?post=352840"}],"version-history":[{"count":1,"href":"https:\/\/orkla.ro\/b2b\/index.php\/wp-json\/wp\/v2\/pages\/352840\/revisions"}],"predecessor-version":[{"id":352845,"href":"https:\/\/orkla.ro\/b2b\/index.php\/wp-json\/wp\/v2\/pages\/352840\/revisions\/352845"}],"up":[{"embeddable":true,"href":"https:\/\/orkla.ro\/b2b\/index.php\/wp-json\/wp\/v2\/pages\/351601"}],"wp:featuredmedia":[{"embeddable":true,"href":"https:\/\/orkla.ro\/b2b\/index.php\/wp-json\/wp\/v2\/media\/352841"}],"wp:attachment":[{"href":"https:\/\/orkla.ro\/b2b\/index.php\/wp-json\/wp\/v2\/media?parent=352840"}],"wp:term":[{"taxonomy":"category","embeddable":true,"href":"https:\/\/orkla.ro\/b2b\/index.php\/wp-json\/wp\/v2\/categories?post=352840"},{"taxonomy":"post_tag","embeddable":true,"href":"https:\/\/orkla.ro\/b2b\/index.php\/wp-json\/wp\/v2\/tags?post=352840"}],"curies":[{"name":"wp","href":"https:\/\/api.w.org\/{rel}","templated":true}]}}