{"id":352832,"date":"2025-06-16T22:58:32","date_gmt":"2025-06-16T22:58:32","guid":{"rendered":"https:\/\/orkla.ro\/b2b\/?page_id=352832"},"modified":"2025-06-16T22:58:32","modified_gmt":"2025-06-16T22:58:32","slug":"el-greco","status":"publish","type":"page","link":"https:\/\/orkla.ro\/b2b\/index.php\/evenimente-speciale-cake-bar\/el-greco\/","title":{"rendered":"EL GRECO"},"content":{"rendered":"<div class=\"eltdf-row-grid-section\"><div class=\"vc_row wpb_row vc_row-fluid eltdf-row-type-row\" style=\"\"><div class=\"wpb_column vc_column_container vc_col-sm-12 vc_hidden-sm vc_hidden-xs\"><div class=\"vc_column-inner vc_custom_1713382403317\"><div class=\"wpb_wrapper\">\n\t<div  class=\"wpb_single_image wpb_content_element vc_align_left\">\n\t\t\n\t\t<figure class=\"wpb_wrapper vc_figure\">\n\t\t\t<div class=\"vc_single_image-wrapper   vc_box_border_grey\"><img loading=\"lazy\" decoding=\"async\" width=\"2400\" height=\"1430\" src=\"https:\/\/orkla.ro\/b2b\/wp-content\/uploads\/2025\/06\/header-reteta-greco.jpg\" class=\"vc_single_image-img attachment-full\" alt=\"\" srcset=\"https:\/\/orkla.ro\/b2b\/wp-content\/uploads\/2025\/06\/header-reteta-greco.jpg 2400w, https:\/\/orkla.ro\/b2b\/wp-content\/uploads\/2025\/06\/header-reteta-greco-300x179.jpg 300w, https:\/\/orkla.ro\/b2b\/wp-content\/uploads\/2025\/06\/header-reteta-greco-1024x610.jpg 1024w, https:\/\/orkla.ro\/b2b\/wp-content\/uploads\/2025\/06\/header-reteta-greco-768x458.jpg 768w, https:\/\/orkla.ro\/b2b\/wp-content\/uploads\/2025\/06\/header-reteta-greco-1536x915.jpg 1536w, https:\/\/orkla.ro\/b2b\/wp-content\/uploads\/2025\/06\/header-reteta-greco-18x12.jpg 18w, https:\/\/orkla.ro\/b2b\/wp-content\/uploads\/2025\/06\/header-reteta-greco-600x358.jpg 600w\" sizes=\"auto, (max-width: 2400px) 100vw, 2400px\" \/><\/div>\n\t\t<\/figure>\n\t<\/div>\n\n\t<div  class=\"wpb_single_image wpb_content_element vc_align_center  vc_custom_1750114186495\">\n\t\t\n\t\t<figure class=\"wpb_wrapper vc_figure\">\n\t\t\t<div class=\"vc_single_image-wrapper   vc_box_border_grey\"><img loading=\"lazy\" decoding=\"async\" width=\"1300\" height=\"200\" src=\"https:\/\/orkla.ro\/b2b\/wp-content\/uploads\/2025\/06\/pasi-greco.png\" class=\"vc_single_image-img attachment-full\" alt=\"\" srcset=\"https:\/\/orkla.ro\/b2b\/wp-content\/uploads\/2025\/06\/pasi-greco.png 1300w, https:\/\/orkla.ro\/b2b\/wp-content\/uploads\/2025\/06\/pasi-greco-300x46.png 300w, https:\/\/orkla.ro\/b2b\/wp-content\/uploads\/2025\/06\/pasi-greco-1024x158.png 1024w, https:\/\/orkla.ro\/b2b\/wp-content\/uploads\/2025\/06\/pasi-greco-768x118.png 768w, https:\/\/orkla.ro\/b2b\/wp-content\/uploads\/2025\/06\/pasi-greco-18x3.png 18w, https:\/\/orkla.ro\/b2b\/wp-content\/uploads\/2025\/06\/pasi-greco-600x92.png 600w\" sizes=\"auto, (max-width: 1300px) 100vw, 1300px\" \/><\/div>\n\t\t<\/figure>\n\t<\/div>\n<\/div><\/div><\/div><\/div><\/div><div class=\"eltdf-row-grid-section\"><div id=\"content-desktop\" class=\"vc_row wpb_row vc_row-fluid vc_custom_1715094065651 vc_row-has-fill eltdf-row-type-row\" style=\"\"><div class=\"wpb_column vc_column_container vc_col-sm-6 vc_hidden-sm vc_hidden-xs\"><div class=\"vc_column-inner vc_custom_1749991369659\"><div class=\"wpb_wrapper\"><div  class=\"vc_wp_text wpb_content_element\"><div class=\"widget widget_text\">\t\t\t<div class=\"textwidget\"><p>\n\u2022 Se decongeleaz\u0103 foitajul Accento la temperatura camerei.<br \/>\n\u2022 Se \u00eentinde foaia la o grosime de 3 mm.<br \/>\n\u2022 Preparare umplutur\u0103 br\u00e2nz\u0103: \u00een cuva mixerului se ad\u0103ug\u0103 br\u00e2nza mai sf\u0103r\u00e2mi\u021bat\u0103, se adaug\u0103 ou b\u0103tut a.\u00ee. s\u0103 ob\u021binem o consisten\u021b\u0103 mai cremoas\u0103. La final se ad\u0103ug\u0103 pu\u021bin\u0103 ment\u0103 m\u0103run\u021bit\u0103 a.\u00ee. s\u0103 personaliz\u0103m gustul.<\/p>\n<\/div>\n\t\t<\/div><\/div><\/div><\/div><\/div><div class=\"wpb_column vc_column_container vc_col-sm-6 vc_hidden-sm vc_hidden-xs\"><div class=\"vc_column-inner vc_custom_1749991377317\"><div class=\"wpb_wrapper\"><div  class=\"vc_wp_text wpb_content_element\"><div class=\"widget widget_text\">\t\t\t<div class=\"textwidget\"><p>\u2022 Por\u021bion\u0103m aluatul sub form\u0103 de p\u0103trate cu latura de 7 cm. Ungem aluatul cu ou. Turn\u0103m cu ajutorul unui poche cu dui umplutura de br\u00e2nz\u0103 \u0219i pliem pe diagonal\u0103 aluatul ca s\u0103 ob\u021binem un triunghi. Ungem din nou cu ou \u0219i putem pres\u0103ra Credi<sup class=\"regtm\">\u00ae<\/sup> Decor Rustic pentru un aspect mai atractiv \u0219i un plus de savoare.<br \/>\n\u2022 Coacere: 190\u00b0C \/ 15 min.<\/p>\n<\/div>\n\t\t<\/div><\/div><\/div><\/div><\/div><\/div><\/div><div id=\"image-mobile\" class=\"vc_row wpb_row vc_row-fluid vc_custom_1713717305308 eltdf-row-type-row\" style=\"\"><div class=\"wpb_column vc_column_container vc_col-sm-12 vc_hidden-lg vc_hidden-md\"><div class=\"vc_column-inner vc_custom_1713380711047\"><div class=\"wpb_wrapper\">\n\t<div  class=\"wpb_single_image wpb_content_element vc_align_left\">\n\t\t\n\t\t<figure class=\"wpb_wrapper vc_figure\">\n\t\t\t<div class=\"vc_single_image-wrapper   vc_box_border_grey\"><img loading=\"lazy\" decoding=\"async\" width=\"701\" height=\"1536\" src=\"https:\/\/orkla.ro\/b2b\/wp-content\/uploads\/2025\/06\/header-reteta-mobile-greco.jpg\" class=\"vc_single_image-img attachment-full\" alt=\"\" srcset=\"https:\/\/orkla.ro\/b2b\/wp-content\/uploads\/2025\/06\/header-reteta-mobile-greco.jpg 701w, https:\/\/orkla.ro\/b2b\/wp-content\/uploads\/2025\/06\/header-reteta-mobile-greco-137x300.jpg 137w, https:\/\/orkla.ro\/b2b\/wp-content\/uploads\/2025\/06\/header-reteta-mobile-greco-467x1024.jpg 467w, https:\/\/orkla.ro\/b2b\/wp-content\/uploads\/2025\/06\/header-reteta-mobile-greco-5x12.jpg 5w, https:\/\/orkla.ro\/b2b\/wp-content\/uploads\/2025\/06\/header-reteta-mobile-greco-600x1315.jpg 600w\" sizes=\"auto, (max-width: 701px) 100vw, 701px\" \/><\/div>\n\t\t<\/figure>\n\t<\/div>\n\n\t<div  class=\"wpb_single_image wpb_content_element vc_align_center  vc_custom_1750114321692\">\n\t\t\n\t\t<figure class=\"wpb_wrapper vc_figure\">\n\t\t\t<div class=\"vc_single_image-wrapper   vc_box_border_grey\"><img loading=\"lazy\" decoding=\"async\" width=\"1300\" height=\"200\" src=\"https:\/\/orkla.ro\/b2b\/wp-content\/uploads\/2025\/06\/pasi-greco.png\" class=\"vc_single_image-img attachment-full\" alt=\"\" srcset=\"https:\/\/orkla.ro\/b2b\/wp-content\/uploads\/2025\/06\/pasi-greco.png 1300w, https:\/\/orkla.ro\/b2b\/wp-content\/uploads\/2025\/06\/pasi-greco-300x46.png 300w, https:\/\/orkla.ro\/b2b\/wp-content\/uploads\/2025\/06\/pasi-greco-1024x158.png 1024w, https:\/\/orkla.ro\/b2b\/wp-content\/uploads\/2025\/06\/pasi-greco-768x118.png 768w, https:\/\/orkla.ro\/b2b\/wp-content\/uploads\/2025\/06\/pasi-greco-18x3.png 18w, https:\/\/orkla.ro\/b2b\/wp-content\/uploads\/2025\/06\/pasi-greco-600x92.png 600w\" sizes=\"auto, (max-width: 1300px) 100vw, 1300px\" \/><\/div>\n\t\t<\/figure>\n\t<\/div>\n<\/div><\/div><\/div><\/div><div class=\"eltdf-row-grid-section\"><div class=\"vc_row wpb_row vc_row-fluid vc_custom_1715094065651 vc_row-has-fill eltdf-row-type-row\" style=\"\"><div class=\"wpb_column vc_column_container vc_col-sm-6 vc_hidden-lg vc_hidden-md\"><div class=\"vc_column-inner vc_custom_1749972579844\"><div class=\"wpb_wrapper\"><div  class=\"vc_wp_text wpb_content_element\"><div class=\"widget widget_text\">\t\t\t<div class=\"textwidget\"><p>\n\u2022 Se decongeleaz\u0103 foitajul Accento la temperatura camerei.<br \/>\n\u2022 Se \u00eentinde foaia la o grosime de 3 mm.<br \/>\n\u2022 Preparare umplutur\u0103 br\u00e2nz\u0103: \u00een cuva mixerului se ad\u0103ug\u0103 br\u00e2nza mai sf\u0103r\u00e2mi\u021bat\u0103, se adaug\u0103 ou b\u0103tut a.\u00ee. s\u0103 ob\u021binem o consisten\u021b\u0103 mai cremoas\u0103. La final se ad\u0103ug\u0103 pu\u021bin\u0103 ment\u0103 m\u0103run\u021bit\u0103 a.\u00ee. s\u0103 personaliz\u0103m gustul.<\/p>\n<\/div>\n\t\t<\/div><\/div><\/div><\/div><\/div><div class=\"wpb_column vc_column_container vc_col-sm-6 vc_hidden-lg vc_hidden-md vc_hidden-sm\"><div class=\"vc_column-inner vc_custom_1749972519180\"><div class=\"wpb_wrapper\"><div  class=\"vc_wp_text wpb_content_element\"><div class=\"widget widget_text\">\t\t\t<div class=\"textwidget\"><p>\u2022 Por\u021bion\u0103m aluatul sub form\u0103 de p\u0103trate cu latura de 7 cm. Ungem aluatul cu ou. Turn\u0103m cu ajutorul unui poche cu dui umplutura de br\u00e2nz\u0103 \u0219i pliem pe diagonal\u0103 aluatul ca s\u0103 ob\u021binem un triunghi. Ungem din nou cu ou \u0219i putem pres\u0103ra Credi<sup class=\"regtm\">\u00ae<\/sup> Decor Rustic pentru un aspect mai atractiv \u0219i un plus de savoare.<br \/>\n\u2022 Coacere: 190\u00b0C \/ 15 min.<\/p>\n<\/div>\n\t\t<\/div><\/div><\/div><\/div><\/div><\/div><\/div>\n","protected":false},"excerpt":{"rendered":"\u2022 Se decongeleaz\u0103 foitajul Accento la temperatura camerei. \u2022 Se \u00eentinde foaia la o grosime de 3 mm. \u2022 Preparare umplutur\u0103 br\u00e2nz\u0103: \u00een cuva mixerului se ad\u0103ug\u0103 br\u00e2nza mai sf\u0103r\u00e2mi\u021bat\u0103, se adaug\u0103 ou b\u0103tut a.\u00ee. s\u0103 ob\u021binem o consisten\u021b\u0103 mai cremoas\u0103. La final se ad\u0103ug\u0103 pu\u021bin\u0103 ment\u0103 m\u0103run\u021bit\u0103 a.\u00ee. s\u0103 personaliz\u0103m gustul. \u2022 Por\u021bion\u0103m aluatul sub form\u0103 de p\u0103trate cu latura de 7 cm. Ungem aluatul cu ou. Turn\u0103m cu ajutorul unui poche cu dui umplutura de br\u00e2nz\u0103 \u0219i pliem pe diagonal\u0103 aluatul ca s\u0103 ob\u021binem un triunghi. Ungem din nou cu ou \u0219i putem pres\u0103ra Credi\u00ae Decor Rustic pentru un aspect mai atractiv \u0219i un plus de savoare. \u2022 Coacere: 190\u00b0C \/ 15 min. \u2022 Se decongeleaz\u0103 foitajul Accento la temperatura camerei. \u2022 Se \u00eentinde foaia la o grosime de 3 mm. \u2022 Preparare umplutur\u0103 br\u00e2nz\u0103: \u00een cuva mixerului se ad\u0103ug\u0103 br\u00e2nza mai sf\u0103r\u00e2mi\u021bat\u0103, se adaug\u0103 ou b\u0103tut a.\u00ee. [...]","protected":false},"author":1,"featured_media":352836,"parent":351601,"menu_order":0,"comment_status":"closed","ping_status":"closed","template":"full-width.php","meta":{"_acf_changed":false,"footnotes":""},"categories":[124],"tags":[],"class_list":["post-352832","page","type-page","status-publish","has-post-thumbnail","hentry","category-catalog-retete-candy-bar"],"acf":[],"_links":{"self":[{"href":"https:\/\/orkla.ro\/b2b\/index.php\/wp-json\/wp\/v2\/pages\/352832","targetHints":{"allow":["GET"]}}],"collection":[{"href":"https:\/\/orkla.ro\/b2b\/index.php\/wp-json\/wp\/v2\/pages"}],"about":[{"href":"https:\/\/orkla.ro\/b2b\/index.php\/wp-json\/wp\/v2\/types\/page"}],"author":[{"embeddable":true,"href":"https:\/\/orkla.ro\/b2b\/index.php\/wp-json\/wp\/v2\/users\/1"}],"replies":[{"embeddable":true,"href":"https:\/\/orkla.ro\/b2b\/index.php\/wp-json\/wp\/v2\/comments?post=352832"}],"version-history":[{"count":1,"href":"https:\/\/orkla.ro\/b2b\/index.php\/wp-json\/wp\/v2\/pages\/352832\/revisions"}],"predecessor-version":[{"id":352837,"href":"https:\/\/orkla.ro\/b2b\/index.php\/wp-json\/wp\/v2\/pages\/352832\/revisions\/352837"}],"up":[{"embeddable":true,"href":"https:\/\/orkla.ro\/b2b\/index.php\/wp-json\/wp\/v2\/pages\/351601"}],"wp:featuredmedia":[{"embeddable":true,"href":"https:\/\/orkla.ro\/b2b\/index.php\/wp-json\/wp\/v2\/media\/352836"}],"wp:attachment":[{"href":"https:\/\/orkla.ro\/b2b\/index.php\/wp-json\/wp\/v2\/media?parent=352832"}],"wp:term":[{"taxonomy":"category","embeddable":true,"href":"https:\/\/orkla.ro\/b2b\/index.php\/wp-json\/wp\/v2\/categories?post=352832"},{"taxonomy":"post_tag","embeddable":true,"href":"https:\/\/orkla.ro\/b2b\/index.php\/wp-json\/wp\/v2\/tags?post=352832"}],"curies":[{"name":"wp","href":"https:\/\/api.w.org\/{rel}","templated":true}]}}