{"id":352785,"date":"2025-06-16T19:06:05","date_gmt":"2025-06-16T19:06:05","guid":{"rendered":"https:\/\/orkla.ro\/b2b\/?page_id=352785"},"modified":"2025-06-16T19:11:29","modified_gmt":"2025-06-16T19:11:29","slug":"exotique","status":"publish","type":"page","link":"https:\/\/orkla.ro\/b2b\/index.php\/evenimente-speciale-cake-bar\/exotique\/","title":{"rendered":"EXOTIQUE"},"content":{"rendered":"<div class=\"eltdf-row-grid-section\"><div class=\"vc_row wpb_row vc_row-fluid eltdf-row-type-row\" style=\"\"><div class=\"wpb_column vc_column_container vc_col-sm-12 vc_hidden-sm vc_hidden-xs\"><div class=\"vc_column-inner vc_custom_1713382403317\"><div class=\"wpb_wrapper\">\n\t<div  class=\"wpb_single_image wpb_content_element vc_align_left\">\n\t\t\n\t\t<figure class=\"wpb_wrapper vc_figure\">\n\t\t\t<div class=\"vc_single_image-wrapper   vc_box_border_grey\"><img loading=\"lazy\" decoding=\"async\" width=\"2400\" height=\"1430\" src=\"https:\/\/orkla.ro\/b2b\/wp-content\/uploads\/2025\/06\/header-reteta-exotique.jpg\" class=\"vc_single_image-img attachment-full\" alt=\"\" srcset=\"https:\/\/orkla.ro\/b2b\/wp-content\/uploads\/2025\/06\/header-reteta-exotique.jpg 2400w, https:\/\/orkla.ro\/b2b\/wp-content\/uploads\/2025\/06\/header-reteta-exotique-300x179.jpg 300w, https:\/\/orkla.ro\/b2b\/wp-content\/uploads\/2025\/06\/header-reteta-exotique-1024x610.jpg 1024w, https:\/\/orkla.ro\/b2b\/wp-content\/uploads\/2025\/06\/header-reteta-exotique-768x458.jpg 768w, https:\/\/orkla.ro\/b2b\/wp-content\/uploads\/2025\/06\/header-reteta-exotique-1536x915.jpg 1536w, https:\/\/orkla.ro\/b2b\/wp-content\/uploads\/2025\/06\/header-reteta-exotique-18x12.jpg 18w, https:\/\/orkla.ro\/b2b\/wp-content\/uploads\/2025\/06\/header-reteta-exotique-600x358.jpg 600w\" sizes=\"auto, (max-width: 2400px) 100vw, 2400px\" \/><\/div>\n\t\t<\/figure>\n\t<\/div>\n\n\t<div  class=\"wpb_single_image wpb_content_element vc_align_center  vc_custom_1750100450773\">\n\t\t\n\t\t<figure class=\"wpb_wrapper vc_figure\">\n\t\t\t<div class=\"vc_single_image-wrapper   vc_box_border_grey\"><img loading=\"lazy\" decoding=\"async\" width=\"1300\" height=\"200\" src=\"https:\/\/orkla.ro\/b2b\/wp-content\/uploads\/2025\/06\/pasi-exotique.png\" class=\"vc_single_image-img attachment-full\" alt=\"\" srcset=\"https:\/\/orkla.ro\/b2b\/wp-content\/uploads\/2025\/06\/pasi-exotique.png 1300w, https:\/\/orkla.ro\/b2b\/wp-content\/uploads\/2025\/06\/pasi-exotique-300x46.png 300w, https:\/\/orkla.ro\/b2b\/wp-content\/uploads\/2025\/06\/pasi-exotique-1024x158.png 1024w, https:\/\/orkla.ro\/b2b\/wp-content\/uploads\/2025\/06\/pasi-exotique-768x118.png 768w, https:\/\/orkla.ro\/b2b\/wp-content\/uploads\/2025\/06\/pasi-exotique-18x3.png 18w, https:\/\/orkla.ro\/b2b\/wp-content\/uploads\/2025\/06\/pasi-exotique-600x92.png 600w\" sizes=\"auto, (max-width: 1300px) 100vw, 1300px\" \/><\/div>\n\t\t<\/figure>\n\t<\/div>\n<\/div><\/div><\/div><\/div><\/div><div class=\"eltdf-row-grid-section\"><div id=\"content-desktop\" class=\"vc_row wpb_row vc_row-fluid vc_custom_1715094065651 vc_row-has-fill eltdf-row-type-row\" style=\"\"><div class=\"wpb_column vc_column_container vc_col-sm-4 vc_hidden-sm vc_hidden-xs\"><div class=\"vc_column-inner vc_custom_1749991369659\"><div class=\"wpb_wrapper\"><div  class=\"vc_wp_text wpb_content_element\"><div class=\"widget widget_text\">\t\t\t<div class=\"textwidget\"><\/p>\n<h2>Preparare blat carotcake<\/h2>\n<p><strong>Credi<sup><sup class=\"regtm\">\u00ae<\/sup><\/sup>Softcake Carrot<\/strong> 625g<br \/>\n<strong>Ap\u0103<\/strong> 175g<br \/>\n<strong>Ou\u0103<\/strong> 175g<br \/>\n<strong>Ulei<\/strong> 175g<br \/>\n___________________<br \/>\n<strong>Total<\/strong> 1150g<\/p>\n<p>\u2022 Se amestec\u0103 toate ingredientele cu telul timp de 3-4 min. la vitez\u0103 medie.<br \/>\n\u2022 Se toarn\u0103 compozi\u021bia \u00een tav\u0103 de 30&#215;40 cm, tapetat\u0103 cu h\u00e2rtie de copt.<br \/>\n\u2022 Coacere 180\u00b0C \/ ~15 min. R\u0103cire \u0219i t\u0103iere \u00een cubule\u021be mici.<\/p>\n<\/div>\n\t\t<\/div><\/div><\/div><\/div><\/div><div class=\"wpb_column vc_column_container vc_col-sm-4 vc_hidden-sm vc_hidden-xs\"><div class=\"vc_column-inner vc_custom_1749991377317\"><div class=\"wpb_wrapper\"><div  class=\"vc_wp_text wpb_content_element\"><div class=\"widget widget_text\">\t\t\t<div class=\"textwidget\"><\/p>\n<h2>Preparare ananas caramelizat<\/h2>\n<p><strong>Ananas cuburi(compot)<\/strong> 700g<br \/>\n<strong>Zah\u0103r<\/strong> 500g<br \/>\n<strong>Lime<\/strong> 1 buc.<\/p>\n<p>___________________<br \/>\n<strong>Total<\/strong> 300g<\/p>\n<p>\u2022 Carameliz\u0103m zah\u0103rul. Ad\u0103ug\u0103m ananasul \u0219i amestec\u0103m timp de c\u00e2teva minute p\u00e2n\u0103 c\u00e2nd se evapor\u0103 parte din ap\u0103 \u0219i<br \/>\namestecul are o consisten\u021b\u0103 mai v\u00e2scoas\u0103 (ca o dulcea\u021b\u0103). Spre final adaug\u0103m lime-ul t\u0103iat \u00een patru, cu tot cu coaj\u0103 (se<br \/>\nspal\u0103 bine \u00een prealabil). C\u00e2nd se opre\u0219te focul se scoate lime-ul din compozi\u021bie.<\/p>\n<\/div>\n\t\t<\/div><\/div><\/div><\/div><\/div><div class=\"wpb_column vc_column_container vc_col-sm-4 vc_hidden-sm vc_hidden-xs\"><div class=\"vc_column-inner\"><div class=\"wpb_wrapper\"><div  class=\"vc_wp_text wpb_content_element\"><div class=\"widget widget_text\">\t\t\t<div class=\"textwidget\"><\/p>\n<h2>Finisare pr\u0103jitur\u0103<\/h2>\n<p>\u2022 Se folosesc pahare de plastic de forma dorit\u0103, de preferat s\u0103 fie pu\u021bin mai largi.<br \/>\nLa baz\u0103 se pune pu\u021bin ananas caramelizat, apoi c\u00e2teva cubule\u021be de blat. Se finiseaz\u0103 cu o nou\u0103 cantitate de ananas<br \/>\ncaramelizat \u0219i pu\u021bin\u0103 glazur\u0103 Credi<sup class=\"regtm\">\u00ae<\/sup>Shine Glaze Neutral.<\/p>\n<\/div>\n\t\t<\/div><\/div><\/div><\/div><\/div><\/div><\/div><div class=\"eltdf-row-grid-section\"><div class=\"vc_row wpb_row vc_row-fluid vc_custom_1715095307173 vc_row-has-fill eltdf-row-type-row\" style=\"\"><div class=\"wpb_column vc_column_container vc_col-sm-3 vc_hidden-sm vc_hidden-xs\"><div class=\"vc_column-inner\"><div class=\"wpb_wrapper\"><div class=\"woocommerce \"><ul class=\"products columns-4\">\n<li class=\"product type-product post-352234 status-publish first instock product_cat-amestecuri-si-amelioratori-pentru-prajituri has-post-thumbnail shipping-taxable purchasable product-type-simple\">\n\t<div class=\"eltdf-pl-inner\"><div class=\"eltdf-pl-image\"><img loading=\"lazy\" decoding=\"async\" width=\"300\" height=\"300\" src=\"https:\/\/orkla.ro\/b2b\/wp-content\/uploads\/2024\/05\/CREDI-CARROT-CAKE-15-kg-300x300.jpg\" class=\"attachment-woocommerce_thumbnail size-woocommerce_thumbnail\" alt=\"Credi\u00ae Softcake Carrot\" srcset=\"https:\/\/orkla.ro\/b2b\/wp-content\/uploads\/2024\/05\/CREDI-CARROT-CAKE-15-kg-300x300.jpg 300w, https:\/\/orkla.ro\/b2b\/wp-content\/uploads\/2024\/05\/CREDI-CARROT-CAKE-15-kg-1024x1024.jpg 1024w, https:\/\/orkla.ro\/b2b\/wp-content\/uploads\/2024\/05\/CREDI-CARROT-CAKE-15-kg-150x150.jpg 150w, https:\/\/orkla.ro\/b2b\/wp-content\/uploads\/2024\/05\/CREDI-CARROT-CAKE-15-kg-768x768.jpg 768w, https:\/\/orkla.ro\/b2b\/wp-content\/uploads\/2024\/05\/CREDI-CARROT-CAKE-15-kg-12x12.jpg 12w, https:\/\/orkla.ro\/b2b\/wp-content\/uploads\/2024\/05\/CREDI-CARROT-CAKE-15-kg-550x550.jpg 550w, https:\/\/orkla.ro\/b2b\/wp-content\/uploads\/2024\/05\/CREDI-CARROT-CAKE-15-kg-600x600.jpg 600w, https:\/\/orkla.ro\/b2b\/wp-content\/uploads\/2024\/05\/CREDI-CARROT-CAKE-15-kg-200x200.jpg 200w, https:\/\/orkla.ro\/b2b\/wp-content\/uploads\/2024\/05\/CREDI-CARROT-CAKE-15-kg.jpg 1029w\" sizes=\"auto, (max-width: 300px) 100vw, 300px\" \/><div class=\"eltdf-pl-text\"><div class=\"eltdf-pl-text-outer\"><div class=\"eltdf-pl-text-inner\"><a href=\"?add-to-cart=352234\" aria-describedby=\"woocommerce_loop_add_to_cart_link_describedby_352234\" data-quantity=\"1\" class=\"button product_type_simple add_to_cart_button ajax_add_to_cart\" data-product_id=\"352234\" data-product_sku=\"\" aria-label=\"Adaug\u0103 \u00een co\u0219: &amp;lbquo;Credi\u00ae Softcake Carrot&rdquo;\" rel=\"nofollow\" data-success_message=\"&bdquo;Credi\u00ae Softcake Carrot&rdquo; a fost ad\u0103ugat \u00een co\u0219\">Mai Multe informa\u021bii<\/a>\t<span id=\"woocommerce_loop_add_to_cart_link_describedby_352234\" class=\"screen-reader-text\">\n\t\t\t<\/span>\n<\/div><\/div><\/div><\/div><a href=\"https:\/\/orkla.ro\/b2b\/index.php\/product\/credi-cake-meringue-classic-copy\/\" class=\"woocommerce-LoopProduct-link woocommerce-loop-product__link\"><\/a><\/div><div class=\"eltdf-pl-text-wrapper\"><h4 class=\"eltdf-product-list-title\"><a href=\"https:\/\/orkla.ro\/b2b\/index.php\/product\/credi-cake-meringue-classic-copy\/\">Credi\u00ae Softcake Carrot<\/a><\/h4>\n\t<span class=\"price\"><span class=\"woocommerce-Price-amount amount\"><bdi><span class=\"woocommerce-Price-currencySymbol\">&#36;<\/span>0.00<\/bdi><\/span><\/span>\n<\/div><\/li>\n<\/ul>\n<\/div><\/div><\/div><\/div><div class=\"wpb_column vc_column_container vc_col-sm-3 vc_hidden-sm vc_hidden-xs\"><div class=\"vc_column-inner\"><div class=\"wpb_wrapper\"><\/div><\/div><\/div><div class=\"wpb_column vc_column_container vc_col-sm-3 vc_hidden-sm vc_hidden-xs\"><div class=\"vc_column-inner\"><div class=\"wpb_wrapper\"><\/div><\/div><\/div><div class=\"wpb_column vc_column_container vc_col-sm-3 vc_hidden-sm vc_hidden-xs\"><div class=\"vc_column-inner\"><div class=\"wpb_wrapper\"><\/div><\/div><\/div><\/div><\/div><div id=\"image-mobile\" class=\"vc_row wpb_row vc_row-fluid vc_custom_1713717305308 eltdf-row-type-row\" style=\"\"><div class=\"wpb_column vc_column_container vc_col-sm-12 vc_hidden-lg vc_hidden-md\"><div class=\"vc_column-inner vc_custom_1713380711047\"><div class=\"wpb_wrapper\">\n\t<div  class=\"wpb_single_image wpb_content_element vc_align_left\">\n\t\t\n\t\t<figure class=\"wpb_wrapper vc_figure\">\n\t\t\t<div class=\"vc_single_image-wrapper   vc_box_border_grey\"><img loading=\"lazy\" decoding=\"async\" width=\"701\" height=\"1536\" src=\"https:\/\/orkla.ro\/b2b\/wp-content\/uploads\/2025\/06\/header-reteta-mobile-exotique.jpg\" class=\"vc_single_image-img attachment-full\" alt=\"\" srcset=\"https:\/\/orkla.ro\/b2b\/wp-content\/uploads\/2025\/06\/header-reteta-mobile-exotique.jpg 701w, https:\/\/orkla.ro\/b2b\/wp-content\/uploads\/2025\/06\/header-reteta-mobile-exotique-137x300.jpg 137w, https:\/\/orkla.ro\/b2b\/wp-content\/uploads\/2025\/06\/header-reteta-mobile-exotique-467x1024.jpg 467w, https:\/\/orkla.ro\/b2b\/wp-content\/uploads\/2025\/06\/header-reteta-mobile-exotique-5x12.jpg 5w, https:\/\/orkla.ro\/b2b\/wp-content\/uploads\/2025\/06\/header-reteta-mobile-exotique-600x1315.jpg 600w\" sizes=\"auto, (max-width: 701px) 100vw, 701px\" \/><\/div>\n\t\t<\/figure>\n\t<\/div>\n\n\t<div  class=\"wpb_single_image wpb_content_element vc_align_center  vc_custom_1750100552721\">\n\t\t\n\t\t<figure class=\"wpb_wrapper vc_figure\">\n\t\t\t<div class=\"vc_single_image-wrapper   vc_box_border_grey\"><img loading=\"lazy\" decoding=\"async\" width=\"1300\" height=\"200\" src=\"https:\/\/orkla.ro\/b2b\/wp-content\/uploads\/2025\/06\/pasi-exotique.png\" class=\"vc_single_image-img attachment-full\" alt=\"\" srcset=\"https:\/\/orkla.ro\/b2b\/wp-content\/uploads\/2025\/06\/pasi-exotique.png 1300w, https:\/\/orkla.ro\/b2b\/wp-content\/uploads\/2025\/06\/pasi-exotique-300x46.png 300w, https:\/\/orkla.ro\/b2b\/wp-content\/uploads\/2025\/06\/pasi-exotique-1024x158.png 1024w, https:\/\/orkla.ro\/b2b\/wp-content\/uploads\/2025\/06\/pasi-exotique-768x118.png 768w, https:\/\/orkla.ro\/b2b\/wp-content\/uploads\/2025\/06\/pasi-exotique-18x3.png 18w, https:\/\/orkla.ro\/b2b\/wp-content\/uploads\/2025\/06\/pasi-exotique-600x92.png 600w\" sizes=\"auto, (max-width: 1300px) 100vw, 1300px\" \/><\/div>\n\t\t<\/figure>\n\t<\/div>\n<\/div><\/div><\/div><\/div><div class=\"eltdf-row-grid-section\"><div class=\"vc_row wpb_row vc_row-fluid vc_custom_1715094065651 vc_row-has-fill eltdf-row-type-row\" style=\"\"><div class=\"wpb_column vc_column_container vc_col-sm-4 vc_hidden-lg vc_hidden-md\"><div class=\"vc_column-inner vc_custom_1749972579844\"><div class=\"wpb_wrapper\"><div  class=\"vc_wp_text wpb_content_element\"><div class=\"widget widget_text\">\t\t\t<div class=\"textwidget\"><\/p>\n<h2>Preparare blat carotcake<\/h2>\n<p><strong>Credi<sup><sup class=\"regtm\">\u00ae<\/sup><\/sup>Softcake Carrot<\/strong> 625g<br \/>\n<strong>Ap\u0103<\/strong> 175g<br \/>\n<strong>Ou\u0103<\/strong> 175g<br \/>\n<strong>Ulei<\/strong> 175g<br \/>\n___________________<br \/>\n<strong>Total<\/strong> 1150g<\/p>\n<p>\u2022 Se amestec\u0103 toate ingredientele cu telul timp de 3-4 min. la vitez\u0103 medie.<br \/>\n\u2022 Se toarn\u0103 compozi\u021bia \u00een tav\u0103 de 30&#215;40 cm, tapetat\u0103 cu h\u00e2rtie de copt.<br \/>\n\u2022 Coacere 180\u00b0C \/ ~15 min. R\u0103cire \u0219i t\u0103iere \u00een cubule\u021be mici.<\/p>\n<\/div>\n\t\t<\/div><\/div><\/div><\/div><\/div><div class=\"wpb_column vc_column_container vc_col-sm-4 vc_hidden-lg vc_hidden-md vc_hidden-sm\"><div class=\"vc_column-inner vc_custom_1749972519180\"><div class=\"wpb_wrapper\"><div  class=\"vc_wp_text wpb_content_element\"><div class=\"widget widget_text\">\t\t\t<div class=\"textwidget\"><\/p>\n<h2>Preparare ananas caramelizat<\/h2>\n<p><strong>Ananas cuburi(compot)<\/strong> 700g<br \/>\n<strong>Zah\u0103r<\/strong> 500g<br \/>\n<strong>Lime<\/strong> 1 buc.<\/p>\n<p>___________________<br \/>\n<strong>Total<\/strong> 300g<\/p>\n<p>\u2022 Carameliz\u0103m zah\u0103rul. Ad\u0103ug\u0103m ananasul \u0219i amestec\u0103m timp de c\u00e2teva minute p\u00e2n\u0103 c\u00e2nd se evapor\u0103 parte din ap\u0103 \u0219i<br \/>\namestecul are o consisten\u021b\u0103 mai v\u00e2scoas\u0103 (ca o dulcea\u021b\u0103). Spre final adaug\u0103m lime-ul t\u0103iat \u00een patru, cu tot cu coaj\u0103 (se<br \/>\nspal\u0103 bine \u00een prealabil). C\u00e2nd se opre\u0219te focul se scoate lime-ul din compozi\u021bie.<\/p>\n<\/div>\n\t\t<\/div><\/div><\/div><\/div><\/div><div class=\"wpb_column vc_column_container vc_col-sm-4 vc_hidden-lg vc_hidden-md\"><div class=\"vc_column-inner\"><div class=\"wpb_wrapper\"><div  class=\"vc_wp_text wpb_content_element\"><div class=\"widget widget_text\">\t\t\t<div class=\"textwidget\"><\/p>\n<h2>Finisare pr\u0103jitur\u0103<\/h2>\n<p>\u2022 Se folosesc pahare de plastic de forma dorit\u0103, de preferat s\u0103 fie pu\u021bin mai largi.<br \/>\nLa baz\u0103 se pune pu\u021bin ananas caramelizat, apoi c\u00e2teva cubule\u021be de blat. Se finiseaz\u0103 cu o nou\u0103 cantitate de ananas<br \/>\ncaramelizat \u0219i pu\u021bin\u0103 glazur\u0103 Credi<sup class=\"regtm\">\u00ae<\/sup>Shine Glaze Neutral.<\/p>\n<\/div>\n\t\t<\/div><\/div><\/div><\/div><\/div><\/div><\/div><div id=\"produse-mobile\" class=\"vc_row wpb_row vc_row-fluid vc_custom_1715096675430 vc_row-has-fill eltdf-row-type-row\" style=\"\"><div class=\"wpb_column vc_column_container vc_col-sm-3 vc_hidden-lg vc_hidden-md\"><div class=\"vc_column-inner\"><div class=\"wpb_wrapper\"><div class=\"woocommerce \"><ul class=\"products columns-4\">\n<li class=\"product type-product post-352234 status-publish first instock product_cat-amestecuri-si-amelioratori-pentru-prajituri has-post-thumbnail shipping-taxable purchasable product-type-simple\">\n\t<div class=\"eltdf-pl-inner\"><div class=\"eltdf-pl-image\"><img loading=\"lazy\" decoding=\"async\" width=\"300\" height=\"300\" src=\"https:\/\/orkla.ro\/b2b\/wp-content\/uploads\/2024\/05\/CREDI-CARROT-CAKE-15-kg-300x300.jpg\" class=\"attachment-woocommerce_thumbnail size-woocommerce_thumbnail\" alt=\"Credi\u00ae Softcake Carrot\" srcset=\"https:\/\/orkla.ro\/b2b\/wp-content\/uploads\/2024\/05\/CREDI-CARROT-CAKE-15-kg-300x300.jpg 300w, https:\/\/orkla.ro\/b2b\/wp-content\/uploads\/2024\/05\/CREDI-CARROT-CAKE-15-kg-1024x1024.jpg 1024w, https:\/\/orkla.ro\/b2b\/wp-content\/uploads\/2024\/05\/CREDI-CARROT-CAKE-15-kg-150x150.jpg 150w, https:\/\/orkla.ro\/b2b\/wp-content\/uploads\/2024\/05\/CREDI-CARROT-CAKE-15-kg-768x768.jpg 768w, https:\/\/orkla.ro\/b2b\/wp-content\/uploads\/2024\/05\/CREDI-CARROT-CAKE-15-kg-12x12.jpg 12w, https:\/\/orkla.ro\/b2b\/wp-content\/uploads\/2024\/05\/CREDI-CARROT-CAKE-15-kg-550x550.jpg 550w, https:\/\/orkla.ro\/b2b\/wp-content\/uploads\/2024\/05\/CREDI-CARROT-CAKE-15-kg-600x600.jpg 600w, https:\/\/orkla.ro\/b2b\/wp-content\/uploads\/2024\/05\/CREDI-CARROT-CAKE-15-kg-200x200.jpg 200w, https:\/\/orkla.ro\/b2b\/wp-content\/uploads\/2024\/05\/CREDI-CARROT-CAKE-15-kg.jpg 1029w\" sizes=\"auto, (max-width: 300px) 100vw, 300px\" \/><div class=\"eltdf-pl-text\"><div class=\"eltdf-pl-text-outer\"><div class=\"eltdf-pl-text-inner\"><a href=\"?add-to-cart=352234\" aria-describedby=\"woocommerce_loop_add_to_cart_link_describedby_352234\" data-quantity=\"1\" class=\"button product_type_simple add_to_cart_button ajax_add_to_cart\" data-product_id=\"352234\" data-product_sku=\"\" aria-label=\"Adaug\u0103 \u00een co\u0219: &amp;lbquo;Credi\u00ae Softcake Carrot&rdquo;\" rel=\"nofollow\" data-success_message=\"&bdquo;Credi\u00ae Softcake Carrot&rdquo; a fost ad\u0103ugat \u00een co\u0219\">Mai Multe informa\u021bii<\/a>\t<span id=\"woocommerce_loop_add_to_cart_link_describedby_352234\" class=\"screen-reader-text\">\n\t\t\t<\/span>\n<\/div><\/div><\/div><\/div><a href=\"https:\/\/orkla.ro\/b2b\/index.php\/product\/credi-cake-meringue-classic-copy\/\" class=\"woocommerce-LoopProduct-link woocommerce-loop-product__link\"><\/a><\/div><div class=\"eltdf-pl-text-wrapper\"><h4 class=\"eltdf-product-list-title\"><a href=\"https:\/\/orkla.ro\/b2b\/index.php\/product\/credi-cake-meringue-classic-copy\/\">Credi\u00ae Softcake Carrot<\/a><\/h4>\n\t<span class=\"price\"><span class=\"woocommerce-Price-amount amount\"><bdi><span class=\"woocommerce-Price-currencySymbol\">&#36;<\/span>0.00<\/bdi><\/span><\/span>\n<\/div><\/li>\n<\/ul>\n<\/div><\/div><\/div><\/div><div class=\"wpb_column vc_column_container vc_col-sm-3 vc_hidden-lg vc_hidden-md\"><div class=\"vc_column-inner\"><div class=\"wpb_wrapper\"><\/div><\/div><\/div><div class=\"wpb_column vc_column_container vc_col-sm-3 vc_hidden-lg vc_hidden-md\"><div class=\"vc_column-inner\"><div class=\"wpb_wrapper\"><\/div><\/div><\/div><div class=\"wpb_column vc_column_container vc_col-sm-3 vc_hidden-lg vc_hidden-md\"><div class=\"vc_column-inner\"><div class=\"wpb_wrapper\"><\/div><\/div><\/div><\/div>\n","protected":false},"excerpt":{"rendered":"Preparare blat carotcake Credi\u00aeSoftcake Carrot 625g Ap\u0103 175g Ou\u0103 175g Ulei 175g ___________________ Total 1150g \u2022 Se amestec\u0103 toate ingredientele cu telul timp de 3-4 min. la vitez\u0103 medie. \u2022 Se toarn\u0103 compozi\u021bia \u00een tav\u0103 de 30x40 cm, tapetat\u0103 cu h\u00e2rtie de copt. \u2022 Coacere 180\u00b0C \/ ~15 min. R\u0103cire \u0219i t\u0103iere \u00een cubule\u021be mici. Preparare ananas caramelizat Ananas cuburi(compot) 700g Zah\u0103r 500g Lime 1 buc. ___________________ Total 300g \u2022 Carameliz\u0103m zah\u0103rul. Ad\u0103ug\u0103m ananasul \u0219i amestec\u0103m timp de c\u00e2teva minute p\u00e2n\u0103 c\u00e2nd se evapor\u0103 parte din ap\u0103 \u0219i amestecul are o consisten\u021b\u0103 mai v\u00e2scoas\u0103 (ca o dulcea\u021b\u0103). Spre final adaug\u0103m lime-ul t\u0103iat \u00een patru, cu tot cu coaj\u0103 (se spal\u0103 bine \u00een prealabil). C\u00e2nd se opre\u0219te focul se scoate lime-ul din compozi\u021bie. Finisare pr\u0103jitur\u0103 \u2022 Se folosesc pahare de plastic de forma dorit\u0103, de preferat s\u0103 fie pu\u021bin mai largi. La baz\u0103 se pune pu\u021bin ananas caramelizat, apoi c\u00e2teva cubule\u021be [...]","protected":false},"author":1,"featured_media":352786,"parent":351601,"menu_order":0,"comment_status":"closed","ping_status":"closed","template":"full-width.php","meta":{"_acf_changed":false,"footnotes":""},"categories":[124],"tags":[],"class_list":["post-352785","page","type-page","status-publish","has-post-thumbnail","hentry","category-catalog-retete-candy-bar"],"acf":[],"_links":{"self":[{"href":"https:\/\/orkla.ro\/b2b\/index.php\/wp-json\/wp\/v2\/pages\/352785","targetHints":{"allow":["GET"]}}],"collection":[{"href":"https:\/\/orkla.ro\/b2b\/index.php\/wp-json\/wp\/v2\/pages"}],"about":[{"href":"https:\/\/orkla.ro\/b2b\/index.php\/wp-json\/wp\/v2\/types\/page"}],"author":[{"embeddable":true,"href":"https:\/\/orkla.ro\/b2b\/index.php\/wp-json\/wp\/v2\/users\/1"}],"replies":[{"embeddable":true,"href":"https:\/\/orkla.ro\/b2b\/index.php\/wp-json\/wp\/v2\/comments?post=352785"}],"version-history":[{"count":1,"href":"https:\/\/orkla.ro\/b2b\/index.php\/wp-json\/wp\/v2\/pages\/352785\/revisions"}],"predecessor-version":[{"id":352790,"href":"https:\/\/orkla.ro\/b2b\/index.php\/wp-json\/wp\/v2\/pages\/352785\/revisions\/352790"}],"up":[{"embeddable":true,"href":"https:\/\/orkla.ro\/b2b\/index.php\/wp-json\/wp\/v2\/pages\/351601"}],"wp:featuredmedia":[{"embeddable":true,"href":"https:\/\/orkla.ro\/b2b\/index.php\/wp-json\/wp\/v2\/media\/352786"}],"wp:attachment":[{"href":"https:\/\/orkla.ro\/b2b\/index.php\/wp-json\/wp\/v2\/media?parent=352785"}],"wp:term":[{"taxonomy":"category","embeddable":true,"href":"https:\/\/orkla.ro\/b2b\/index.php\/wp-json\/wp\/v2\/categories?post=352785"},{"taxonomy":"post_tag","embeddable":true,"href":"https:\/\/orkla.ro\/b2b\/index.php\/wp-json\/wp\/v2\/tags?post=352785"}],"curies":[{"name":"wp","href":"https:\/\/api.w.org\/{rel}","templated":true}]}}