{"id":352766,"date":"2025-06-15T20:41:00","date_gmt":"2025-06-15T20:41:00","guid":{"rendered":"https:\/\/orkla.ro\/b2b\/?page_id=352766"},"modified":"2025-06-15T20:51:12","modified_gmt":"2025-06-15T20:51:12","slug":"matchamisu","status":"publish","type":"page","link":"https:\/\/orkla.ro\/b2b\/index.php\/evenimente-speciale-cake-bar\/matchamisu\/","title":{"rendered":"MATCHAMISU"},"content":{"rendered":"<div class=\"eltdf-row-grid-section\"><div class=\"vc_row wpb_row vc_row-fluid eltdf-row-type-row\" style=\"\"><div class=\"wpb_column vc_column_container vc_col-sm-12 vc_hidden-sm vc_hidden-xs\"><div class=\"vc_column-inner vc_custom_1713382403317\"><div class=\"wpb_wrapper\">\n\t<div  class=\"wpb_single_image wpb_content_element vc_align_left\">\n\t\t\n\t\t<figure class=\"wpb_wrapper vc_figure\">\n\t\t\t<div class=\"vc_single_image-wrapper   vc_box_border_grey\"><img loading=\"lazy\" decoding=\"async\" width=\"2400\" height=\"1430\" src=\"https:\/\/orkla.ro\/b2b\/wp-content\/uploads\/2025\/06\/header-reteta-matchamisu.jpg\" class=\"vc_single_image-img attachment-full\" alt=\"\" srcset=\"https:\/\/orkla.ro\/b2b\/wp-content\/uploads\/2025\/06\/header-reteta-matchamisu.jpg 2400w, https:\/\/orkla.ro\/b2b\/wp-content\/uploads\/2025\/06\/header-reteta-matchamisu-300x179.jpg 300w, https:\/\/orkla.ro\/b2b\/wp-content\/uploads\/2025\/06\/header-reteta-matchamisu-1024x610.jpg 1024w, https:\/\/orkla.ro\/b2b\/wp-content\/uploads\/2025\/06\/header-reteta-matchamisu-768x458.jpg 768w, https:\/\/orkla.ro\/b2b\/wp-content\/uploads\/2025\/06\/header-reteta-matchamisu-1536x915.jpg 1536w, https:\/\/orkla.ro\/b2b\/wp-content\/uploads\/2025\/06\/header-reteta-matchamisu-18x12.jpg 18w, https:\/\/orkla.ro\/b2b\/wp-content\/uploads\/2025\/06\/header-reteta-matchamisu-600x358.jpg 600w\" sizes=\"auto, (max-width: 2400px) 100vw, 2400px\" \/><\/div>\n\t\t<\/figure>\n\t<\/div>\n\n\t<div  class=\"wpb_single_image wpb_content_element vc_align_center  vc_custom_1750020015341\">\n\t\t\n\t\t<figure class=\"wpb_wrapper vc_figure\">\n\t\t\t<div class=\"vc_single_image-wrapper   vc_box_border_grey\"><img loading=\"lazy\" decoding=\"async\" width=\"1300\" height=\"200\" src=\"https:\/\/orkla.ro\/b2b\/wp-content\/uploads\/2025\/06\/pasi-matchamisu.png\" class=\"vc_single_image-img attachment-full\" alt=\"\" srcset=\"https:\/\/orkla.ro\/b2b\/wp-content\/uploads\/2025\/06\/pasi-matchamisu.png 1300w, https:\/\/orkla.ro\/b2b\/wp-content\/uploads\/2025\/06\/pasi-matchamisu-300x46.png 300w, https:\/\/orkla.ro\/b2b\/wp-content\/uploads\/2025\/06\/pasi-matchamisu-1024x158.png 1024w, https:\/\/orkla.ro\/b2b\/wp-content\/uploads\/2025\/06\/pasi-matchamisu-768x118.png 768w, https:\/\/orkla.ro\/b2b\/wp-content\/uploads\/2025\/06\/pasi-matchamisu-18x3.png 18w, https:\/\/orkla.ro\/b2b\/wp-content\/uploads\/2025\/06\/pasi-matchamisu-600x92.png 600w\" sizes=\"auto, (max-width: 1300px) 100vw, 1300px\" \/><\/div>\n\t\t<\/figure>\n\t<\/div>\n<\/div><\/div><\/div><\/div><\/div><div class=\"eltdf-row-grid-section\"><div id=\"content-desktop\" class=\"vc_row wpb_row vc_row-fluid vc_custom_1715094065651 vc_row-has-fill eltdf-row-type-row\" style=\"\"><div class=\"wpb_column vc_column_container vc_col-sm-3 vc_hidden-sm vc_hidden-xs\"><div class=\"vc_column-inner vc_custom_1749991369659\"><div class=\"wpb_wrapper\"><div  class=\"vc_wp_text wpb_content_element\"><div class=\"widget widget_text\">\t\t\t<div class=\"textwidget\"><\/p>\n<h2>Preparare pi\u0219coturi<\/h2>\n<p><strong>Credi<sup><sup class=\"regtm\">\u00ae<\/sup><\/sup>Multi Cake Plus<\/strong> 100g<br \/>\n<strong>Ou\u0103<\/strong> 100g<br \/>\n<strong>Fain\u0103 550<\/strong> 20g<br \/>\n___________________<br \/>\n<strong>Total<\/strong> 220g<\/p>\n<p>\u2022 Se spumeaz\u0103 cu telul ingredientele timp de 1 min. la viteza mic\u0103 \u0219i 6-8 min. la vitez\u0103 mare.<br \/>\n\u2022 Cu ajutorul unui poche cu dui mic (se toarn\u0103 compozi\u021bia sub form\u0103 de mini pi\u0219coturi de 5-6 cm (\u00een func\u021bie de recipientul<br \/>\n\u00een care se finiseaz\u0103 pr\u0103jitura) pe tav\u0103 cu h\u00e2rtie de copt.<br \/>\n\u2022 Coacerea se face la 220\u00b0C\/ 4-5 min.<\/p>\n<\/div>\n\t\t<\/div><\/div><\/div><\/div><\/div><div class=\"wpb_column vc_column_container vc_col-sm-3 vc_hidden-sm vc_hidden-xs\"><div class=\"vc_column-inner vc_custom_1749991377317\"><div class=\"wpb_wrapper\"><div  class=\"vc_wp_text wpb_content_element\"><div class=\"widget widget_text\">\t\t\t<div class=\"textwidget\"><\/p>\n<h2>Preparare sirop matcha<\/h2>\n<p><strong>Zah\u0103r<\/strong> 100g<br \/>\n<strong>Ap\u0103<\/strong> 100g<br \/>\n<strong>Matcha<\/strong> 5g<br \/>\n<strong>Cognac<\/strong> 50g<br \/>\n___________________<br \/>\n<strong>Total<\/strong> 255g<\/p>\n<p>\u2022 Se fierb zah\u0103rul cu apa p\u00e2n\u0103 ob\u021binem un sirop nu prea gros. Ad\u0103ug\u0103m matcha. Omogenizare cu telul.<br \/>\nAd\u0103ug\u0103m \u0219i cognac-ul \u0219i-l l\u0103s\u0103m s\u0103 se r\u0103ceasc\u0103.<\/p>\n<\/div>\n\t\t<\/div><\/div><\/div><\/div><\/div><div class=\"wpb_column vc_column_container vc_col-sm-3 vc_hidden-sm vc_hidden-xs\"><div class=\"vc_column-inner\"><div class=\"wpb_wrapper\"><div  class=\"vc_wp_text wpb_content_element\"><div class=\"widget widget_text\">\t\t\t<div class=\"textwidget\"><\/p>\n<h2>Preparare crem\u0103 cu matcha<\/h2>\n<p><strong>Cred<sup>i<sup class=\"regtm\">\u00ae<\/sup><\/sup>Krem Patis B<\/strong> 200g<br \/>\n<strong>Lapte\/Ap\u0103<\/strong> 500g<br \/>\n<strong>Mascarpone<\/strong> 250g<br \/>\n<strong>Matcha<\/strong> 5g<br \/>\n___________________<br \/>\n<strong>Total<\/strong> 955g<\/p>\n<p>\u2022 Se spumeaz\u0103 cu telul mixul de crem\u0103 instant \u0219i laptele \/ apa. Se adaug\u0103 mascarpone. Omogenizare.<br \/>\nSe adaug\u0103 pudra de matcha. Omogenizare. <\/p>\n<\/div>\n\t\t<\/div><\/div><\/div><\/div><\/div><div class=\"wpb_column vc_column_container vc_col-sm-3 vc_hidden-sm vc_hidden-xs\"><div class=\"vc_column-inner\"><div class=\"wpb_wrapper\"><div  class=\"vc_wp_text wpb_content_element\"><div class=\"widget widget_text\">\t\t\t<div class=\"textwidget\"><\/p>\n<h2>Finisare pr\u0103jitur\u0103<\/h2>\n<p>\u2022 \u00centr-un recipent adecvat se a\u0219eaz\u0103 la baza un strat de pi\u0219coturi. Se \u00eensiropeaz\u0103.<br \/>\n\u2022 Se adaug\u0103 un strat de crem\u0103. Apoi \u00eenc\u0103 un strat de pi\u0219coturi (se \u00eensiropeaz\u0103) \u0219i un strat de crem\u0103.<br \/>\n\u2022 Se finiseaz\u0103 cu un strat sub\u021bire de fistic rumenit \u0219i m\u0103run\u021bit.<\/p>\n<\/div>\n\t\t<\/div><\/div><\/div><\/div><\/div><\/div><\/div><div class=\"eltdf-row-grid-section\"><div class=\"vc_row wpb_row vc_row-fluid vc_custom_1715095307173 vc_row-has-fill eltdf-row-type-row\" style=\"\"><div class=\"wpb_column vc_column_container vc_col-sm-3 vc_hidden-sm vc_hidden-xs\"><div class=\"vc_column-inner\"><div class=\"wpb_wrapper\"><div class=\"woocommerce \"><ul class=\"products columns-4\">\n<li class=\"product type-product post-352196 status-publish first instock product_cat-amestecuri-si-amelioratori-pentru-prajituri has-post-thumbnail shipping-taxable purchasable product-type-simple\">\n\t<div class=\"eltdf-pl-inner\"><div class=\"eltdf-pl-image\"><img loading=\"lazy\" decoding=\"async\" width=\"300\" height=\"300\" src=\"https:\/\/orkla.ro\/b2b\/wp-content\/uploads\/2024\/05\/CREDI-MULTI-CAKE-PLUS-300x300.jpg\" class=\"attachment-woocommerce_thumbnail size-woocommerce_thumbnail\" alt=\"Credi\u00ae Cake Multicake Plus\" srcset=\"https:\/\/orkla.ro\/b2b\/wp-content\/uploads\/2024\/05\/CREDI-MULTI-CAKE-PLUS-300x300.jpg 300w, https:\/\/orkla.ro\/b2b\/wp-content\/uploads\/2024\/05\/CREDI-MULTI-CAKE-PLUS-150x150.jpg 150w, https:\/\/orkla.ro\/b2b\/wp-content\/uploads\/2024\/05\/CREDI-MULTI-CAKE-PLUS-768x768.jpg 768w, https:\/\/orkla.ro\/b2b\/wp-content\/uploads\/2024\/05\/CREDI-MULTI-CAKE-PLUS-12x12.jpg 12w, https:\/\/orkla.ro\/b2b\/wp-content\/uploads\/2024\/05\/CREDI-MULTI-CAKE-PLUS-550x550.jpg 550w, https:\/\/orkla.ro\/b2b\/wp-content\/uploads\/2024\/05\/CREDI-MULTI-CAKE-PLUS-600x600.jpg 600w, https:\/\/orkla.ro\/b2b\/wp-content\/uploads\/2024\/05\/CREDI-MULTI-CAKE-PLUS-200x200.jpg 200w, https:\/\/orkla.ro\/b2b\/wp-content\/uploads\/2024\/05\/CREDI-MULTI-CAKE-PLUS.jpg 1000w\" sizes=\"auto, (max-width: 300px) 100vw, 300px\" \/><div class=\"eltdf-pl-text\"><div class=\"eltdf-pl-text-outer\"><div class=\"eltdf-pl-text-inner\"><a href=\"?add-to-cart=352196\" aria-describedby=\"woocommerce_loop_add_to_cart_link_describedby_352196\" data-quantity=\"1\" class=\"button product_type_simple add_to_cart_button ajax_add_to_cart\" data-product_id=\"352196\" data-product_sku=\"\" aria-label=\"Adaug\u0103 \u00een co\u0219: &amp;lbquo;Credi\u00ae Cake Multicake Plus&rdquo;\" rel=\"nofollow\" data-success_message=\"&bdquo;Credi\u00ae Cake Multicake Plus&rdquo; a fost ad\u0103ugat \u00een co\u0219\">Mai Multe informa\u021bii<\/a>\t<span id=\"woocommerce_loop_add_to_cart_link_describedby_352196\" class=\"screen-reader-text\">\n\t\t\t<\/span>\n<\/div><\/div><\/div><\/div><a href=\"https:\/\/orkla.ro\/b2b\/index.php\/product\/credi-cake-multicake-plus\/\" class=\"woocommerce-LoopProduct-link woocommerce-loop-product__link\"><\/a><\/div><div class=\"eltdf-pl-text-wrapper\"><h4 class=\"eltdf-product-list-title\"><a href=\"https:\/\/orkla.ro\/b2b\/index.php\/product\/credi-cake-multicake-plus\/\">Credi\u00ae Cake Multicake Plus<\/a><\/h4>\n\t<span class=\"price\"><span class=\"woocommerce-Price-amount amount\"><bdi><span class=\"woocommerce-Price-currencySymbol\">&#36;<\/span>0.00<\/bdi><\/span><\/span>\n<\/div><\/li>\n<\/ul>\n<\/div><\/div><\/div><\/div><div class=\"wpb_column vc_column_container vc_col-sm-3 vc_hidden-sm vc_hidden-xs\"><div class=\"vc_column-inner\"><div class=\"wpb_wrapper\"><\/div><\/div><\/div><div class=\"wpb_column vc_column_container vc_col-sm-3 vc_hidden-sm vc_hidden-xs\"><div class=\"vc_column-inner\"><div class=\"wpb_wrapper\"><\/div><\/div><\/div><div class=\"wpb_column vc_column_container vc_col-sm-3 vc_hidden-sm vc_hidden-xs\"><div class=\"vc_column-inner\"><div class=\"wpb_wrapper\"><\/div><\/div><\/div><\/div><\/div><div id=\"image-mobile\" class=\"vc_row wpb_row vc_row-fluid vc_custom_1713717305308 eltdf-row-type-row\" style=\"\"><div class=\"wpb_column vc_column_container vc_col-sm-12 vc_hidden-lg vc_hidden-md\"><div class=\"vc_column-inner vc_custom_1713380711047\"><div class=\"wpb_wrapper\">\n\t<div  class=\"wpb_single_image wpb_content_element vc_align_left\">\n\t\t\n\t\t<figure class=\"wpb_wrapper vc_figure\">\n\t\t\t<div class=\"vc_single_image-wrapper   vc_box_border_grey\"><img loading=\"lazy\" decoding=\"async\" width=\"701\" height=\"1536\" src=\"https:\/\/orkla.ro\/b2b\/wp-content\/uploads\/2025\/06\/header-reteta-mobile-matchamisu.jpg\" class=\"vc_single_image-img attachment-full\" alt=\"\" srcset=\"https:\/\/orkla.ro\/b2b\/wp-content\/uploads\/2025\/06\/header-reteta-mobile-matchamisu.jpg 701w, https:\/\/orkla.ro\/b2b\/wp-content\/uploads\/2025\/06\/header-reteta-mobile-matchamisu-137x300.jpg 137w, https:\/\/orkla.ro\/b2b\/wp-content\/uploads\/2025\/06\/header-reteta-mobile-matchamisu-467x1024.jpg 467w, https:\/\/orkla.ro\/b2b\/wp-content\/uploads\/2025\/06\/header-reteta-mobile-matchamisu-5x12.jpg 5w, https:\/\/orkla.ro\/b2b\/wp-content\/uploads\/2025\/06\/header-reteta-mobile-matchamisu-600x1315.jpg 600w\" sizes=\"auto, (max-width: 701px) 100vw, 701px\" \/><\/div>\n\t\t<\/figure>\n\t<\/div>\n\n\t<div  class=\"wpb_single_image wpb_content_element vc_align_center  vc_custom_1750020051896\">\n\t\t\n\t\t<figure class=\"wpb_wrapper vc_figure\">\n\t\t\t<div class=\"vc_single_image-wrapper   vc_box_border_grey\"><img loading=\"lazy\" decoding=\"async\" width=\"1300\" height=\"200\" src=\"https:\/\/orkla.ro\/b2b\/wp-content\/uploads\/2025\/06\/pasi-matchamisu.png\" class=\"vc_single_image-img attachment-full\" alt=\"\" srcset=\"https:\/\/orkla.ro\/b2b\/wp-content\/uploads\/2025\/06\/pasi-matchamisu.png 1300w, https:\/\/orkla.ro\/b2b\/wp-content\/uploads\/2025\/06\/pasi-matchamisu-300x46.png 300w, https:\/\/orkla.ro\/b2b\/wp-content\/uploads\/2025\/06\/pasi-matchamisu-1024x158.png 1024w, https:\/\/orkla.ro\/b2b\/wp-content\/uploads\/2025\/06\/pasi-matchamisu-768x118.png 768w, https:\/\/orkla.ro\/b2b\/wp-content\/uploads\/2025\/06\/pasi-matchamisu-18x3.png 18w, https:\/\/orkla.ro\/b2b\/wp-content\/uploads\/2025\/06\/pasi-matchamisu-600x92.png 600w\" sizes=\"auto, (max-width: 1300px) 100vw, 1300px\" \/><\/div>\n\t\t<\/figure>\n\t<\/div>\n<\/div><\/div><\/div><\/div><div class=\"eltdf-row-grid-section\"><div class=\"vc_row wpb_row vc_row-fluid vc_custom_1715094065651 vc_row-has-fill eltdf-row-type-row\" style=\"\"><div class=\"wpb_column vc_column_container vc_col-sm-3 vc_hidden-lg vc_hidden-md\"><div class=\"vc_column-inner vc_custom_1749972579844\"><div class=\"wpb_wrapper\"><div  class=\"vc_wp_text wpb_content_element\"><div class=\"widget widget_text\">\t\t\t<div class=\"textwidget\"><\/p>\n<h2>Preparare pi\u0219coturi<\/h2>\n<p><strong>Credi<sup><sup class=\"regtm\">\u00ae<\/sup><\/sup>Multi Cake Plus<\/strong> 100g<br \/>\n<strong>Ou\u0103<\/strong> 100g<br \/>\n<strong>Fain\u0103 550<\/strong> 20g<br \/>\n___________________<br \/>\n<strong>Total<\/strong> 220g<\/p>\n<p>\u2022 Se spumeaz\u0103 cu telul ingredientele timp de 1 min. la viteza mic\u0103 \u0219i 6-8 min. la vitez\u0103 mare.<br \/>\n\u2022 Cu ajutorul unui poche cu dui mic (se toarn\u0103 compozi\u021bia sub form\u0103 de mini pi\u0219coturi de 5-6 cm (\u00een func\u021bie de recipientul<br \/>\n\u00een care se finiseaz\u0103 pr\u0103jitura) pe tav\u0103 cu h\u00e2rtie de copt.<br \/>\n\u2022 Coacerea se face la 220\u00b0C\/ 4-5 min.<\/p>\n<\/div>\n\t\t<\/div><\/div><\/div><\/div><\/div><div class=\"wpb_column vc_column_container vc_col-sm-3 vc_hidden-lg vc_hidden-md vc_hidden-sm\"><div class=\"vc_column-inner vc_custom_1749972519180\"><div class=\"wpb_wrapper\"><div  class=\"vc_wp_text wpb_content_element\"><div class=\"widget widget_text\">\t\t\t<div class=\"textwidget\"><\/p>\n<h2>Preparare sirop matcha<\/h2>\n<p><strong>Zah\u0103r<\/strong> 100g<br \/>\n<strong>Ap\u0103<\/strong> 100g<br \/>\n<strong>Matcha<\/strong> 5g<br \/>\n<strong>Cognac<\/strong> 50g<br \/>\n___________________<br \/>\n<strong>Total<\/strong> 255g<\/p>\n<p>\u2022 Se fierb zah\u0103rul cu apa p\u00e2n\u0103 ob\u021binem un sirop nu prea gros. Ad\u0103ug\u0103m matcha. Omogenizare cu telul.<br \/>\nAd\u0103ug\u0103m \u0219i cognac-ul \u0219i-l l\u0103s\u0103m s\u0103 se r\u0103ceasc\u0103.<\/p>\n<\/div>\n\t\t<\/div><\/div><\/div><\/div><\/div><div class=\"wpb_column vc_column_container vc_col-sm-3 vc_hidden-lg vc_hidden-md\"><div class=\"vc_column-inner\"><div class=\"wpb_wrapper\"><div  class=\"vc_wp_text wpb_content_element\"><div class=\"widget widget_text\">\t\t\t<div class=\"textwidget\"><\/p>\n<h2>Preparare crem\u0103 cu matcha<\/h2>\n<p><strong>Cred<sup>i<sup class=\"regtm\">\u00ae<\/sup><\/sup>Krem Patis B<\/strong> 200g<br \/>\n<strong>Lapte\/Ap\u0103<\/strong> 500g<br \/>\n<strong>Mascarpone<\/strong> 250g<br \/>\n<strong>Matcha<\/strong> 5g<br \/>\n___________________<br \/>\n<strong>Total<\/strong> 955g<\/p>\n<p>\u2022 Se spumeaz\u0103 cu telul mixul de crem\u0103 instant \u0219i laptele \/ apa. Se adaug\u0103 mascarpone. Omogenizare.<br \/>\nSe adaug\u0103 pudra de matcha. Omogenizare. <\/p>\n<\/div>\n\t\t<\/div><\/div><\/div><\/div><\/div><div class=\"wpb_column vc_column_container vc_col-sm-3 vc_hidden-lg vc_hidden-md\"><div class=\"vc_column-inner\"><div class=\"wpb_wrapper\"><div  class=\"vc_wp_text wpb_content_element\"><div class=\"widget widget_text\">\t\t\t<div class=\"textwidget\"><\/p>\n<h2>Finisare pr\u0103jitur\u0103<\/h2>\n<p>\u2022 \u00centr-un recipent adecvat se a\u0219eaz\u0103 la baza un strat de pi\u0219coturi. Se \u00eensiropeaz\u0103.<br \/>\n\u2022 Se adaug\u0103 un strat de crem\u0103. Apoi \u00eenc\u0103 un strat de pi\u0219coturi (se \u00eensiropeaz\u0103) \u0219i un strat de crem\u0103.<br \/>\n\u2022 Se finiseaz\u0103 cu un strat sub\u021bire de fistic rumenit \u0219i m\u0103run\u021bit.<\/p>\n<\/div>\n\t\t<\/div><\/div><\/div><\/div><\/div><\/div><\/div><div id=\"produse-mobile\" class=\"vc_row wpb_row vc_row-fluid vc_custom_1715096675430 vc_row-has-fill eltdf-row-type-row\" style=\"\"><div class=\"wpb_column vc_column_container vc_col-sm-3 vc_hidden-lg vc_hidden-md\"><div class=\"vc_column-inner\"><div class=\"wpb_wrapper\"><div class=\"woocommerce \"><ul class=\"products columns-4\">\n<li class=\"product type-product post-352196 status-publish first instock product_cat-amestecuri-si-amelioratori-pentru-prajituri has-post-thumbnail shipping-taxable purchasable product-type-simple\">\n\t<div class=\"eltdf-pl-inner\"><div class=\"eltdf-pl-image\"><img loading=\"lazy\" decoding=\"async\" width=\"300\" height=\"300\" src=\"https:\/\/orkla.ro\/b2b\/wp-content\/uploads\/2024\/05\/CREDI-MULTI-CAKE-PLUS-300x300.jpg\" class=\"attachment-woocommerce_thumbnail size-woocommerce_thumbnail\" alt=\"Credi\u00ae Cake Multicake Plus\" srcset=\"https:\/\/orkla.ro\/b2b\/wp-content\/uploads\/2024\/05\/CREDI-MULTI-CAKE-PLUS-300x300.jpg 300w, https:\/\/orkla.ro\/b2b\/wp-content\/uploads\/2024\/05\/CREDI-MULTI-CAKE-PLUS-150x150.jpg 150w, https:\/\/orkla.ro\/b2b\/wp-content\/uploads\/2024\/05\/CREDI-MULTI-CAKE-PLUS-768x768.jpg 768w, https:\/\/orkla.ro\/b2b\/wp-content\/uploads\/2024\/05\/CREDI-MULTI-CAKE-PLUS-12x12.jpg 12w, https:\/\/orkla.ro\/b2b\/wp-content\/uploads\/2024\/05\/CREDI-MULTI-CAKE-PLUS-550x550.jpg 550w, https:\/\/orkla.ro\/b2b\/wp-content\/uploads\/2024\/05\/CREDI-MULTI-CAKE-PLUS-600x600.jpg 600w, https:\/\/orkla.ro\/b2b\/wp-content\/uploads\/2024\/05\/CREDI-MULTI-CAKE-PLUS-200x200.jpg 200w, https:\/\/orkla.ro\/b2b\/wp-content\/uploads\/2024\/05\/CREDI-MULTI-CAKE-PLUS.jpg 1000w\" sizes=\"auto, (max-width: 300px) 100vw, 300px\" \/><div class=\"eltdf-pl-text\"><div class=\"eltdf-pl-text-outer\"><div class=\"eltdf-pl-text-inner\"><a href=\"?add-to-cart=352196\" aria-describedby=\"woocommerce_loop_add_to_cart_link_describedby_352196\" data-quantity=\"1\" class=\"button product_type_simple add_to_cart_button ajax_add_to_cart\" data-product_id=\"352196\" data-product_sku=\"\" aria-label=\"Adaug\u0103 \u00een co\u0219: &amp;lbquo;Credi\u00ae Cake Multicake Plus&rdquo;\" rel=\"nofollow\" data-success_message=\"&bdquo;Credi\u00ae Cake Multicake Plus&rdquo; a fost ad\u0103ugat \u00een co\u0219\">Mai Multe informa\u021bii<\/a>\t<span id=\"woocommerce_loop_add_to_cart_link_describedby_352196\" class=\"screen-reader-text\">\n\t\t\t<\/span>\n<\/div><\/div><\/div><\/div><a href=\"https:\/\/orkla.ro\/b2b\/index.php\/product\/credi-cake-multicake-plus\/\" class=\"woocommerce-LoopProduct-link woocommerce-loop-product__link\"><\/a><\/div><div class=\"eltdf-pl-text-wrapper\"><h4 class=\"eltdf-product-list-title\"><a href=\"https:\/\/orkla.ro\/b2b\/index.php\/product\/credi-cake-multicake-plus\/\">Credi\u00ae Cake Multicake Plus<\/a><\/h4>\n\t<span class=\"price\"><span class=\"woocommerce-Price-amount amount\"><bdi><span class=\"woocommerce-Price-currencySymbol\">&#36;<\/span>0.00<\/bdi><\/span><\/span>\n<\/div><\/li>\n<\/ul>\n<\/div><\/div><\/div><\/div><div class=\"wpb_column vc_column_container vc_col-sm-3 vc_hidden-lg vc_hidden-md\"><div class=\"vc_column-inner\"><div class=\"wpb_wrapper\"><\/div><\/div><\/div><div class=\"wpb_column vc_column_container vc_col-sm-3 vc_hidden-lg vc_hidden-md\"><div class=\"vc_column-inner\"><div class=\"wpb_wrapper\"><\/div><\/div><\/div><div class=\"wpb_column vc_column_container vc_col-sm-3 vc_hidden-lg vc_hidden-md\"><div class=\"vc_column-inner\"><div class=\"wpb_wrapper\"><\/div><\/div><\/div><\/div>\n","protected":false},"excerpt":{"rendered":"Preparare pi\u0219coturi Credi\u00aeMulti Cake Plus 100g Ou\u0103 100g Fain\u0103 550 20g ___________________ Total 220g \u2022 Se spumeaz\u0103 cu telul ingredientele timp de 1 min. la viteza mic\u0103 \u0219i 6-8 min. la vitez\u0103 mare. \u2022 Cu ajutorul unui poche cu dui mic (se toarn\u0103 compozi\u021bia sub form\u0103 de mini pi\u0219coturi de 5-6 cm (\u00een func\u021bie de recipientul \u00een care se finiseaz\u0103 pr\u0103jitura) pe tav\u0103 cu h\u00e2rtie de copt. \u2022 Coacerea se face la 220\u00b0C\/ 4-5 min. Preparare sirop matcha Zah\u0103r 100g Ap\u0103 100g Matcha 5g Cognac 50g ___________________ Total 255g \u2022 Se fierb zah\u0103rul cu apa p\u00e2n\u0103 ob\u021binem un sirop nu prea gros. Ad\u0103ug\u0103m matcha. Omogenizare cu telul. Ad\u0103ug\u0103m \u0219i cognac-ul \u0219i-l l\u0103s\u0103m s\u0103 se r\u0103ceasc\u0103. Preparare crem\u0103 cu matcha Credi\u00aeKrem Patis B 200g Lapte\/Ap\u0103 500g Mascarpone 250g Matcha 5g ___________________ Total 955g \u2022 Se spumeaz\u0103 cu telul mixul de crem\u0103 instant \u0219i laptele \/ apa. Se adaug\u0103 mascarpone. Omogenizare. Se [...]","protected":false},"author":1,"featured_media":352767,"parent":351601,"menu_order":0,"comment_status":"closed","ping_status":"closed","template":"full-width.php","meta":{"_acf_changed":false,"footnotes":""},"categories":[124],"tags":[],"class_list":["post-352766","page","type-page","status-publish","has-post-thumbnail","hentry","category-catalog-retete-candy-bar"],"acf":[],"_links":{"self":[{"href":"https:\/\/orkla.ro\/b2b\/index.php\/wp-json\/wp\/v2\/pages\/352766","targetHints":{"allow":["GET"]}}],"collection":[{"href":"https:\/\/orkla.ro\/b2b\/index.php\/wp-json\/wp\/v2\/pages"}],"about":[{"href":"https:\/\/orkla.ro\/b2b\/index.php\/wp-json\/wp\/v2\/types\/page"}],"author":[{"embeddable":true,"href":"https:\/\/orkla.ro\/b2b\/index.php\/wp-json\/wp\/v2\/users\/1"}],"replies":[{"embeddable":true,"href":"https:\/\/orkla.ro\/b2b\/index.php\/wp-json\/wp\/v2\/comments?post=352766"}],"version-history":[{"count":4,"href":"https:\/\/orkla.ro\/b2b\/index.php\/wp-json\/wp\/v2\/pages\/352766\/revisions"}],"predecessor-version":[{"id":352774,"href":"https:\/\/orkla.ro\/b2b\/index.php\/wp-json\/wp\/v2\/pages\/352766\/revisions\/352774"}],"up":[{"embeddable":true,"href":"https:\/\/orkla.ro\/b2b\/index.php\/wp-json\/wp\/v2\/pages\/351601"}],"wp:featuredmedia":[{"embeddable":true,"href":"https:\/\/orkla.ro\/b2b\/index.php\/wp-json\/wp\/v2\/media\/352767"}],"wp:attachment":[{"href":"https:\/\/orkla.ro\/b2b\/index.php\/wp-json\/wp\/v2\/media?parent=352766"}],"wp:term":[{"taxonomy":"category","embeddable":true,"href":"https:\/\/orkla.ro\/b2b\/index.php\/wp-json\/wp\/v2\/categories?post=352766"},{"taxonomy":"post_tag","embeddable":true,"href":"https:\/\/orkla.ro\/b2b\/index.php\/wp-json\/wp\/v2\/tags?post=352766"}],"curies":[{"name":"wp","href":"https:\/\/api.w.org\/{rel}","templated":true}]}}