{"id":352726,"date":"2025-06-15T17:29:17","date_gmt":"2025-06-15T17:29:17","guid":{"rendered":"https:\/\/orkla.ro\/b2b\/?page_id=352726"},"modified":"2025-06-15T18:00:50","modified_gmt":"2025-06-15T18:00:50","slug":"lemon-dream-cream","status":"publish","type":"page","link":"https:\/\/orkla.ro\/b2b\/index.php\/evenimente-speciale-cake-bar\/lemon-dream-cream\/","title":{"rendered":"LEMON DREAM CREAM"},"content":{"rendered":"<div class=\"eltdf-row-grid-section\"><div class=\"vc_row wpb_row vc_row-fluid eltdf-row-type-row\" style=\"\"><div class=\"wpb_column vc_column_container vc_col-sm-12 vc_hidden-sm vc_hidden-xs\"><div class=\"vc_column-inner vc_custom_1713382403317\"><div class=\"wpb_wrapper\">\n\t<div  class=\"wpb_single_image wpb_content_element vc_align_left\">\n\t\t\n\t\t<figure class=\"wpb_wrapper vc_figure\">\n\t\t\t<div class=\"vc_single_image-wrapper   vc_box_border_grey\"><img loading=\"lazy\" decoding=\"async\" width=\"2400\" height=\"1430\" src=\"https:\/\/orkla.ro\/b2b\/wp-content\/uploads\/2025\/06\/header-reteta-lemon-dream.jpg\" class=\"vc_single_image-img attachment-full\" alt=\"\" srcset=\"https:\/\/orkla.ro\/b2b\/wp-content\/uploads\/2025\/06\/header-reteta-lemon-dream.jpg 2400w, https:\/\/orkla.ro\/b2b\/wp-content\/uploads\/2025\/06\/header-reteta-lemon-dream-300x179.jpg 300w, https:\/\/orkla.ro\/b2b\/wp-content\/uploads\/2025\/06\/header-reteta-lemon-dream-1024x610.jpg 1024w, https:\/\/orkla.ro\/b2b\/wp-content\/uploads\/2025\/06\/header-reteta-lemon-dream-768x458.jpg 768w, https:\/\/orkla.ro\/b2b\/wp-content\/uploads\/2025\/06\/header-reteta-lemon-dream-1536x915.jpg 1536w, https:\/\/orkla.ro\/b2b\/wp-content\/uploads\/2025\/06\/header-reteta-lemon-dream-18x12.jpg 18w, https:\/\/orkla.ro\/b2b\/wp-content\/uploads\/2025\/06\/header-reteta-lemon-dream-600x358.jpg 600w\" sizes=\"auto, (max-width: 2400px) 100vw, 2400px\" \/><\/div>\n\t\t<\/figure>\n\t<\/div>\n\n\t<div  class=\"wpb_single_image wpb_content_element vc_align_center  vc_custom_1750009302479\">\n\t\t\n\t\t<figure class=\"wpb_wrapper vc_figure\">\n\t\t\t<div class=\"vc_single_image-wrapper   vc_box_border_grey\"><img loading=\"lazy\" decoding=\"async\" width=\"1300\" height=\"200\" src=\"https:\/\/orkla.ro\/b2b\/wp-content\/uploads\/2025\/06\/pasi-lemon-dream.png\" class=\"vc_single_image-img attachment-full\" alt=\"\" srcset=\"https:\/\/orkla.ro\/b2b\/wp-content\/uploads\/2025\/06\/pasi-lemon-dream.png 1300w, https:\/\/orkla.ro\/b2b\/wp-content\/uploads\/2025\/06\/pasi-lemon-dream-300x46.png 300w, https:\/\/orkla.ro\/b2b\/wp-content\/uploads\/2025\/06\/pasi-lemon-dream-1024x158.png 1024w, https:\/\/orkla.ro\/b2b\/wp-content\/uploads\/2025\/06\/pasi-lemon-dream-768x118.png 768w, https:\/\/orkla.ro\/b2b\/wp-content\/uploads\/2025\/06\/pasi-lemon-dream-18x3.png 18w, https:\/\/orkla.ro\/b2b\/wp-content\/uploads\/2025\/06\/pasi-lemon-dream-600x92.png 600w\" sizes=\"auto, (max-width: 1300px) 100vw, 1300px\" \/><\/div>\n\t\t<\/figure>\n\t<\/div>\n<\/div><\/div><\/div><\/div><\/div><div class=\"eltdf-row-grid-section\"><div id=\"content-desktop\" class=\"vc_row wpb_row vc_row-fluid vc_custom_1715094065651 vc_row-has-fill eltdf-row-type-row\" style=\"\"><div class=\"wpb_column vc_column_container vc_col-sm-4 vc_hidden-sm vc_hidden-xs\"><div class=\"vc_column-inner vc_custom_1749991369659\"><div class=\"wpb_wrapper\"><div  class=\"vc_wp_text wpb_content_element\"><div class=\"widget widget_text\">\t\t\t<div class=\"textwidget\"><\/p>\n<h2>Preparare foaie cu miere<\/h2>\n<p><strong>Credi<sup><sup class=\"regtm\">\u00ae<\/sup><\/sup>Cake with Honey<\/strong> 400g<br \/>\n<strong>Ap\u0103<\/strong> 200g<br \/>\n<strong>Ulei floarea soarelui<\/strong> 70g<br \/>\n___________________<br \/>\n<strong>Total<\/strong> 670g<\/p>\n<p>\u2022 Se adaug\u0103 toate ingredientele \u00een cuva mixerului \u0219i se omogenizeaz\u0103 cu paleta p\u00e2n\u0103 se ob\u021bine un aluat v\u00e2scos \u0219i omogen.<br \/>\n\u2022 Se \u00eentinde cu ajutorul unei palete compozi\u021bia pe o tav\u0103 de 60x40cm, pe care s-a a\u0219ezat h\u00e2rtie de copt \u00een prealabil.<br \/>\n\u2022 Coacere: 180\u00b0C \/ 7\u201110 min.<\/p>\n<\/div>\n\t\t<\/div><\/div><\/div><\/div><\/div><div class=\"wpb_column vc_column_container vc_col-sm-4 vc_hidden-sm vc_hidden-xs\"><div class=\"vc_column-inner vc_custom_1749991377317\"><div class=\"wpb_wrapper\"><div  class=\"vc_wp_text wpb_content_element\"><div class=\"widget widget_text\">\t\t\t<div class=\"textwidget\"><\/p>\n<h2>Preparare Crem\u0103 lam\u00e2ie<\/h2>\n<p><strong>Credi<sup><sup class=\"regtm\">\u00ae<\/sup><\/sup>Cream Lemon<\/strong> 500g<br \/>\n<strong>Fri\u0219c\u0103<\/strong> 300g<br \/>\n<strong>Busuioc proasp\u0103t<\/strong> 1-2 frunze<br \/>\n<strong>Suc \u00bd lime de dimensiuni medii<\/strong><br \/>\n___________________<br \/>\n<strong>Total<\/strong> 800g<\/p>\n<p>\u2022 Se spumeaz\u0103 fri\u0219ca p\u00e2n\u0103 la volum maxim \u0219i f\u0103r\u0103 adaos de zah\u0103r.<br \/>\n\u2022 Peste fri\u0219ca spumat\u0103 se adaug\u0103 Credi<sup class=\"regtm\">\u00ae<\/sup>Cream Lemon \u0219i se omogenizeaz\u0103 u\u0219or.<br \/>\n\u2022 Frunzele de busuioc sp\u0103late se toac\u0103 m\u0103runt \u0219i \u00eempreun\u0103 cu zeam\u0103 de lime se adaug\u0103 peste amestecul de mai sus.<br \/>\nOmogenizare.<\/p>\n<\/div>\n\t\t<\/div><\/div><\/div><\/div><\/div><div class=\"wpb_column vc_column_container vc_col-sm-4 vc_hidden-sm vc_hidden-xs\"><div class=\"vc_column-inner\"><div class=\"wpb_wrapper\"><div  class=\"vc_wp_text wpb_content_element\"><div class=\"widget widget_text\">\t\t\t<div class=\"textwidget\"><\/p>\n<h2>Finsare pr\u0103jitur\u0103<\/h2>\n<p>\u2022 Se folosesc p\u0103h\u0103ru\u021be de plastic \u00een forma dorit\u0103.<br \/>\n\u2022 Se decupeaz\u0103 foaia cu miere \u00een form\u0103 de disc cu un diametru adaptat dimensiunii paharului.<br \/>\n\u2022 Se r\u0103zuiesc 2\u20113 lime.<br \/>\n\u2022 Crem\u0103 \/ foaie miere\/ r\u0103z\u0103tur\u0103 lime \/ crem\u0103 \/ foaie miere \/ r\u0103z\u0103tur\u0103 lime \/ crem\u0103.<br \/>\n\u2022 Decor din crem\u0103, migdal\u0103, r\u0103z\u0103tur\u0103 lime \u0219i foaie miere m\u0103run\u021bit\u0103 (sau dup\u0103 preferin\u021b\u0103).<\/p>\n<\/div>\n\t\t<\/div><\/div><\/div><\/div><\/div><\/div><\/div><div class=\"eltdf-row-grid-section\"><div class=\"vc_row wpb_row vc_row-fluid vc_custom_1715095307173 vc_row-has-fill eltdf-row-type-row\" style=\"\"><div class=\"wpb_column vc_column_container vc_col-sm-3 vc_hidden-sm vc_hidden-xs\"><div class=\"vc_column-inner\"><div class=\"wpb_wrapper\"><div class=\"woocommerce \"><ul class=\"products columns-4\">\n<li class=\"product type-product post-352216 status-publish first instock product_cat-amestecuri-si-amelioratori-pentru-prajituri has-post-thumbnail shipping-taxable purchasable product-type-simple\">\n\t<div class=\"eltdf-pl-inner\"><div class=\"eltdf-pl-image\"><img loading=\"lazy\" decoding=\"async\" width=\"300\" height=\"300\" src=\"https:\/\/orkla.ro\/b2b\/wp-content\/uploads\/2024\/05\/CREDI-Honey-Cake-300x300.jpg\" class=\"attachment-woocommerce_thumbnail size-woocommerce_thumbnail\" alt=\"Credi\u00ae Cake with Honey\" srcset=\"https:\/\/orkla.ro\/b2b\/wp-content\/uploads\/2024\/05\/CREDI-Honey-Cake-300x300.jpg 300w, https:\/\/orkla.ro\/b2b\/wp-content\/uploads\/2024\/05\/CREDI-Honey-Cake-1024x1024.jpg 1024w, https:\/\/orkla.ro\/b2b\/wp-content\/uploads\/2024\/05\/CREDI-Honey-Cake-150x150.jpg 150w, https:\/\/orkla.ro\/b2b\/wp-content\/uploads\/2024\/05\/CREDI-Honey-Cake-768x768.jpg 768w, https:\/\/orkla.ro\/b2b\/wp-content\/uploads\/2024\/05\/CREDI-Honey-Cake-12x12.jpg 12w, https:\/\/orkla.ro\/b2b\/wp-content\/uploads\/2024\/05\/CREDI-Honey-Cake-550x550.jpg 550w, https:\/\/orkla.ro\/b2b\/wp-content\/uploads\/2024\/05\/CREDI-Honey-Cake-600x600.jpg 600w, https:\/\/orkla.ro\/b2b\/wp-content\/uploads\/2024\/05\/CREDI-Honey-Cake-200x200.jpg 200w, https:\/\/orkla.ro\/b2b\/wp-content\/uploads\/2024\/05\/CREDI-Honey-Cake.jpg 1029w\" sizes=\"auto, (max-width: 300px) 100vw, 300px\" \/><div class=\"eltdf-pl-text\"><div class=\"eltdf-pl-text-outer\"><div class=\"eltdf-pl-text-inner\"><a href=\"?add-to-cart=352216\" aria-describedby=\"woocommerce_loop_add_to_cart_link_describedby_352216\" data-quantity=\"1\" class=\"button product_type_simple add_to_cart_button ajax_add_to_cart\" data-product_id=\"352216\" data-product_sku=\"\" aria-label=\"Adaug\u0103 \u00een co\u0219: &amp;lbquo;Credi\u00ae Cake with Honey&rdquo;\" rel=\"nofollow\" data-success_message=\"&bdquo;Credi\u00ae Cake with Honey&rdquo; a fost ad\u0103ugat \u00een co\u0219\">Mai Multe informa\u021bii<\/a>\t<span id=\"woocommerce_loop_add_to_cart_link_describedby_352216\" class=\"screen-reader-text\">\n\t\t\t<\/span>\n<\/div><\/div><\/div><\/div><a href=\"https:\/\/orkla.ro\/b2b\/index.php\/product\/credi-cake-with-honey\/\" class=\"woocommerce-LoopProduct-link woocommerce-loop-product__link\"><\/a><\/div><div class=\"eltdf-pl-text-wrapper\"><h4 class=\"eltdf-product-list-title\"><a href=\"https:\/\/orkla.ro\/b2b\/index.php\/product\/credi-cake-with-honey\/\">Credi\u00ae Cake with Honey<\/a><\/h4>\n\t<span class=\"price\"><span class=\"woocommerce-Price-amount amount\"><bdi><span class=\"woocommerce-Price-currencySymbol\">&#36;<\/span>0.00<\/bdi><\/span><\/span>\n<\/div><\/li>\n<\/ul>\n<\/div><\/div><\/div><\/div><div class=\"wpb_column vc_column_container vc_col-sm-3 vc_hidden-sm vc_hidden-xs\"><div class=\"vc_column-inner\"><div class=\"wpb_wrapper\"><div class=\"woocommerce \"><ul class=\"products columns-4\">\n<li class=\"product type-product post-352181 status-publish first instock product_cat-custard has-post-thumbnail shipping-taxable purchasable product-type-simple\">\n\t<div class=\"eltdf-pl-inner\"><div class=\"eltdf-pl-image\"><img loading=\"lazy\" decoding=\"async\" width=\"300\" height=\"300\" src=\"https:\/\/orkla.ro\/b2b\/wp-content\/uploads\/2024\/05\/CREDI-Crem-Lemon-4.5-kg-300x300.jpg\" class=\"attachment-woocommerce_thumbnail size-woocommerce_thumbnail\" alt=\"Credi \u00ae Crem Lemon\" srcset=\"https:\/\/orkla.ro\/b2b\/wp-content\/uploads\/2024\/05\/CREDI-Crem-Lemon-4.5-kg-300x300.jpg 300w, https:\/\/orkla.ro\/b2b\/wp-content\/uploads\/2024\/05\/CREDI-Crem-Lemon-4.5-kg-1024x1024.jpg 1024w, https:\/\/orkla.ro\/b2b\/wp-content\/uploads\/2024\/05\/CREDI-Crem-Lemon-4.5-kg-150x150.jpg 150w, https:\/\/orkla.ro\/b2b\/wp-content\/uploads\/2024\/05\/CREDI-Crem-Lemon-4.5-kg-768x768.jpg 768w, https:\/\/orkla.ro\/b2b\/wp-content\/uploads\/2024\/05\/CREDI-Crem-Lemon-4.5-kg-12x12.jpg 12w, https:\/\/orkla.ro\/b2b\/wp-content\/uploads\/2024\/05\/CREDI-Crem-Lemon-4.5-kg-550x550.jpg 550w, https:\/\/orkla.ro\/b2b\/wp-content\/uploads\/2024\/05\/CREDI-Crem-Lemon-4.5-kg-600x600.jpg 600w, https:\/\/orkla.ro\/b2b\/wp-content\/uploads\/2024\/05\/CREDI-Crem-Lemon-4.5-kg-200x200.jpg 200w, https:\/\/orkla.ro\/b2b\/wp-content\/uploads\/2024\/05\/CREDI-Crem-Lemon-4.5-kg.jpg 1200w\" sizes=\"auto, (max-width: 300px) 100vw, 300px\" \/><div class=\"eltdf-pl-text\"><div class=\"eltdf-pl-text-outer\"><div class=\"eltdf-pl-text-inner\"><a href=\"?add-to-cart=352181\" aria-describedby=\"woocommerce_loop_add_to_cart_link_describedby_352181\" data-quantity=\"1\" class=\"button product_type_simple add_to_cart_button ajax_add_to_cart\" data-product_id=\"352181\" data-product_sku=\"\" aria-label=\"Adaug\u0103 \u00een co\u0219: &amp;lbquo;Credi \u00ae Crem Lemon&rdquo;\" rel=\"nofollow\" data-success_message=\"&bdquo;Credi \u00ae Crem Lemon&rdquo; a fost ad\u0103ugat \u00een co\u0219\">Mai Multe informa\u021bii<\/a>\t<span id=\"woocommerce_loop_add_to_cart_link_describedby_352181\" class=\"screen-reader-text\">\n\t\t\t<\/span>\n<\/div><\/div><\/div><\/div><a href=\"https:\/\/orkla.ro\/b2b\/index.php\/product\/credi-crem-lemon\/\" class=\"woocommerce-LoopProduct-link woocommerce-loop-product__link\"><\/a><\/div><div class=\"eltdf-pl-text-wrapper\"><h4 class=\"eltdf-product-list-title\"><a href=\"https:\/\/orkla.ro\/b2b\/index.php\/product\/credi-crem-lemon\/\">Credi \u00ae Crem Lemon<\/a><\/h4>\n\t<span class=\"price\"><span class=\"woocommerce-Price-amount amount\"><bdi><span class=\"woocommerce-Price-currencySymbol\">&#36;<\/span>0.00<\/bdi><\/span><\/span>\n<\/div><\/li>\n<\/ul>\n<\/div><\/div><\/div><\/div><div class=\"wpb_column vc_column_container vc_col-sm-3 vc_hidden-sm vc_hidden-xs\"><div class=\"vc_column-inner\"><div class=\"wpb_wrapper\"><\/div><\/div><\/div><div class=\"wpb_column vc_column_container vc_col-sm-3 vc_hidden-sm vc_hidden-xs\"><div class=\"vc_column-inner\"><div class=\"wpb_wrapper\"><\/div><\/div><\/div><\/div><\/div><div id=\"image-mobile\" class=\"vc_row wpb_row vc_row-fluid vc_custom_1713717305308 eltdf-row-type-row\" style=\"\"><div class=\"wpb_column vc_column_container vc_col-sm-12 vc_hidden-lg vc_hidden-md\"><div class=\"vc_column-inner vc_custom_1713380711047\"><div class=\"wpb_wrapper\">\n\t<div  class=\"wpb_single_image wpb_content_element vc_align_left\">\n\t\t\n\t\t<figure class=\"wpb_wrapper vc_figure\">\n\t\t\t<div class=\"vc_single_image-wrapper   vc_box_border_grey\"><img loading=\"lazy\" decoding=\"async\" width=\"701\" height=\"1536\" src=\"https:\/\/orkla.ro\/b2b\/wp-content\/uploads\/2025\/06\/header-reteta-mobile-lemon-dream.jpg\" class=\"vc_single_image-img attachment-full\" alt=\"\" srcset=\"https:\/\/orkla.ro\/b2b\/wp-content\/uploads\/2025\/06\/header-reteta-mobile-lemon-dream.jpg 701w, https:\/\/orkla.ro\/b2b\/wp-content\/uploads\/2025\/06\/header-reteta-mobile-lemon-dream-137x300.jpg 137w, https:\/\/orkla.ro\/b2b\/wp-content\/uploads\/2025\/06\/header-reteta-mobile-lemon-dream-467x1024.jpg 467w, https:\/\/orkla.ro\/b2b\/wp-content\/uploads\/2025\/06\/header-reteta-mobile-lemon-dream-5x12.jpg 5w, https:\/\/orkla.ro\/b2b\/wp-content\/uploads\/2025\/06\/header-reteta-mobile-lemon-dream-600x1315.jpg 600w\" sizes=\"auto, (max-width: 701px) 100vw, 701px\" \/><\/div>\n\t\t<\/figure>\n\t<\/div>\n\n\t<div  class=\"wpb_single_image wpb_content_element vc_align_center  vc_custom_1750009823052\">\n\t\t\n\t\t<figure class=\"wpb_wrapper vc_figure\">\n\t\t\t<div class=\"vc_single_image-wrapper   vc_box_border_grey\"><img loading=\"lazy\" decoding=\"async\" width=\"1300\" height=\"200\" src=\"https:\/\/orkla.ro\/b2b\/wp-content\/uploads\/2025\/06\/pasi-lemon-dream.png\" class=\"vc_single_image-img attachment-full\" alt=\"\" srcset=\"https:\/\/orkla.ro\/b2b\/wp-content\/uploads\/2025\/06\/pasi-lemon-dream.png 1300w, https:\/\/orkla.ro\/b2b\/wp-content\/uploads\/2025\/06\/pasi-lemon-dream-300x46.png 300w, https:\/\/orkla.ro\/b2b\/wp-content\/uploads\/2025\/06\/pasi-lemon-dream-1024x158.png 1024w, https:\/\/orkla.ro\/b2b\/wp-content\/uploads\/2025\/06\/pasi-lemon-dream-768x118.png 768w, https:\/\/orkla.ro\/b2b\/wp-content\/uploads\/2025\/06\/pasi-lemon-dream-18x3.png 18w, https:\/\/orkla.ro\/b2b\/wp-content\/uploads\/2025\/06\/pasi-lemon-dream-600x92.png 600w\" sizes=\"auto, (max-width: 1300px) 100vw, 1300px\" \/><\/div>\n\t\t<\/figure>\n\t<\/div>\n<\/div><\/div><\/div><\/div><div class=\"eltdf-row-grid-section\"><div class=\"vc_row wpb_row vc_row-fluid vc_custom_1715094065651 vc_row-has-fill eltdf-row-type-row\" style=\"\"><div class=\"wpb_column vc_column_container vc_col-sm-4 vc_hidden-lg vc_hidden-md\"><div class=\"vc_column-inner vc_custom_1749972579844\"><div class=\"wpb_wrapper\"><div  class=\"vc_wp_text wpb_content_element\"><div class=\"widget widget_text\">\t\t\t<div class=\"textwidget\"><\/p>\n<h2>Preparare foaie cu miere<\/h2>\n<p><strong>Credi<sup><sup class=\"regtm\">\u00ae<\/sup><\/sup>Cake with Honey<\/strong> 400g<br \/>\n<strong>Ap\u0103<\/strong> 200g<br \/>\n<strong>Ulei floarea soarelui<\/strong> 70g<br \/>\n___________________<br \/>\n<strong>Total<\/strong> 670g<\/p>\n<p>\u2022 Se adaug\u0103 toate ingredientele \u00een cuva mixerului \u0219i se omogenizeaz\u0103 cu paleta p\u00e2n\u0103 se ob\u021bine un aluat v\u00e2scos \u0219i omogen.<br \/>\n\u2022 Se \u00eentinde cu ajutorul unei palete compozi\u021bia pe o tav\u0103 de 60x40cm, pe care s-a a\u0219ezat h\u00e2rtie de copt \u00een prealabil.<br \/>\n\u2022 Coacere: 180\u00b0C \/ 7\u201110 min.<\/p>\n<\/div>\n\t\t<\/div><\/div><\/div><\/div><\/div><div class=\"wpb_column vc_column_container vc_col-sm-4 vc_hidden-lg vc_hidden-md vc_hidden-sm\"><div class=\"vc_column-inner vc_custom_1749972519180\"><div class=\"wpb_wrapper\"><div  class=\"vc_wp_text wpb_content_element\"><div class=\"widget widget_text\">\t\t\t<div class=\"textwidget\"><\/p>\n<h2>Preparare Crem\u0103 lam\u00e2ie<\/h2>\n<p><strong>Credi<sup><sup class=\"regtm\">\u00ae<\/sup><\/sup>Cream Lemon<\/strong> 500g<br \/>\n<strong>Fri\u0219c\u0103<\/strong> 300g<br \/>\n<strong>Busuioc proasp\u0103t<\/strong> 1-2 frunze<br \/>\n<strong>Suc \u00bd lime de dimensiuni medii<\/strong><br \/>\n___________________<br \/>\n<strong>Total<\/strong> 800g<\/p>\n<p>\u2022 Se spumeaz\u0103 fri\u0219ca p\u00e2n\u0103 la volum maxim \u0219i f\u0103r\u0103 adaos de zah\u0103r.<br \/>\n\u2022 Peste fri\u0219ca spumat\u0103 se adaug\u0103 Credi<sup class=\"regtm\">\u00ae<\/sup>Cream Lemon \u0219i se omogenizeaz\u0103 u\u0219or.<br \/>\n\u2022 Frunzele de busuioc sp\u0103late se toac\u0103 m\u0103runt \u0219i \u00eempreun\u0103 cu zeam\u0103 de lime se adaug\u0103 peste amestecul de mai sus.<br \/>\nOmogenizare.<\/p>\n<\/div>\n\t\t<\/div><\/div><\/div><\/div><\/div><div class=\"wpb_column vc_column_container vc_col-sm-4 vc_hidden-lg vc_hidden-md\"><div class=\"vc_column-inner\"><div class=\"wpb_wrapper\"><div  class=\"vc_wp_text wpb_content_element\"><div class=\"widget widget_text\">\t\t\t<div class=\"textwidget\"><\/p>\n<h2>Finsare pr\u0103jitur\u0103<\/h2>\n<p>\u2022 Se folosesc p\u0103h\u0103ru\u021be de plastic \u00een forma dorit\u0103.<br \/>\n\u2022 Se decupeaz\u0103 foaia cu miere \u00een form\u0103 de disc cu un diametru adaptat dimensiunii paharului.<br \/>\n\u2022 Se r\u0103zuiesc 2\u20113 lime.<br \/>\n\u2022 Crem\u0103 \/ foaie miere\/ r\u0103z\u0103tur\u0103 lime \/ crem\u0103 \/ foaie miere \/ r\u0103z\u0103tur\u0103 lime \/ crem\u0103.<br \/>\n\u2022 Decor din crem\u0103, migdal\u0103, r\u0103z\u0103tur\u0103 lime \u0219i foaie miere m\u0103run\u021bit\u0103 (sau dup\u0103 preferin\u021b\u0103).<\/p>\n<\/div>\n\t\t<\/div><\/div><\/div><\/div><\/div><\/div><\/div><div id=\"produse-mobile\" class=\"vc_row wpb_row vc_row-fluid vc_custom_1715096675430 vc_row-has-fill eltdf-row-type-row\" style=\"\"><div class=\"wpb_column vc_column_container vc_col-sm-3 vc_hidden-lg vc_hidden-md\"><div class=\"vc_column-inner\"><div class=\"wpb_wrapper\"><div class=\"woocommerce \"><ul class=\"products columns-4\">\n<li class=\"product type-product post-352216 status-publish first instock product_cat-amestecuri-si-amelioratori-pentru-prajituri has-post-thumbnail shipping-taxable purchasable product-type-simple\">\n\t<div class=\"eltdf-pl-inner\"><div class=\"eltdf-pl-image\"><img loading=\"lazy\" decoding=\"async\" width=\"300\" height=\"300\" src=\"https:\/\/orkla.ro\/b2b\/wp-content\/uploads\/2024\/05\/CREDI-Honey-Cake-300x300.jpg\" class=\"attachment-woocommerce_thumbnail size-woocommerce_thumbnail\" alt=\"Credi\u00ae Cake with Honey\" srcset=\"https:\/\/orkla.ro\/b2b\/wp-content\/uploads\/2024\/05\/CREDI-Honey-Cake-300x300.jpg 300w, https:\/\/orkla.ro\/b2b\/wp-content\/uploads\/2024\/05\/CREDI-Honey-Cake-1024x1024.jpg 1024w, https:\/\/orkla.ro\/b2b\/wp-content\/uploads\/2024\/05\/CREDI-Honey-Cake-150x150.jpg 150w, https:\/\/orkla.ro\/b2b\/wp-content\/uploads\/2024\/05\/CREDI-Honey-Cake-768x768.jpg 768w, https:\/\/orkla.ro\/b2b\/wp-content\/uploads\/2024\/05\/CREDI-Honey-Cake-12x12.jpg 12w, https:\/\/orkla.ro\/b2b\/wp-content\/uploads\/2024\/05\/CREDI-Honey-Cake-550x550.jpg 550w, https:\/\/orkla.ro\/b2b\/wp-content\/uploads\/2024\/05\/CREDI-Honey-Cake-600x600.jpg 600w, https:\/\/orkla.ro\/b2b\/wp-content\/uploads\/2024\/05\/CREDI-Honey-Cake-200x200.jpg 200w, https:\/\/orkla.ro\/b2b\/wp-content\/uploads\/2024\/05\/CREDI-Honey-Cake.jpg 1029w\" sizes=\"auto, (max-width: 300px) 100vw, 300px\" \/><div class=\"eltdf-pl-text\"><div class=\"eltdf-pl-text-outer\"><div class=\"eltdf-pl-text-inner\"><a href=\"?add-to-cart=352216\" aria-describedby=\"woocommerce_loop_add_to_cart_link_describedby_352216\" data-quantity=\"1\" class=\"button product_type_simple add_to_cart_button ajax_add_to_cart\" data-product_id=\"352216\" data-product_sku=\"\" aria-label=\"Adaug\u0103 \u00een co\u0219: &amp;lbquo;Credi\u00ae Cake with Honey&rdquo;\" rel=\"nofollow\" data-success_message=\"&bdquo;Credi\u00ae Cake with Honey&rdquo; a fost ad\u0103ugat \u00een co\u0219\">Mai Multe informa\u021bii<\/a>\t<span id=\"woocommerce_loop_add_to_cart_link_describedby_352216\" class=\"screen-reader-text\">\n\t\t\t<\/span>\n<\/div><\/div><\/div><\/div><a href=\"https:\/\/orkla.ro\/b2b\/index.php\/product\/credi-cake-with-honey\/\" class=\"woocommerce-LoopProduct-link woocommerce-loop-product__link\"><\/a><\/div><div class=\"eltdf-pl-text-wrapper\"><h4 class=\"eltdf-product-list-title\"><a href=\"https:\/\/orkla.ro\/b2b\/index.php\/product\/credi-cake-with-honey\/\">Credi\u00ae Cake with Honey<\/a><\/h4>\n\t<span class=\"price\"><span class=\"woocommerce-Price-amount amount\"><bdi><span class=\"woocommerce-Price-currencySymbol\">&#36;<\/span>0.00<\/bdi><\/span><\/span>\n<\/div><\/li>\n<\/ul>\n<\/div><\/div><\/div><\/div><div class=\"wpb_column vc_column_container vc_col-sm-3 vc_hidden-lg vc_hidden-md\"><div class=\"vc_column-inner\"><div class=\"wpb_wrapper\"><div class=\"woocommerce \"><ul class=\"products columns-4\">\n<li class=\"product type-product post-352181 status-publish first instock product_cat-custard has-post-thumbnail shipping-taxable purchasable product-type-simple\">\n\t<div class=\"eltdf-pl-inner\"><div class=\"eltdf-pl-image\"><img loading=\"lazy\" decoding=\"async\" width=\"300\" height=\"300\" src=\"https:\/\/orkla.ro\/b2b\/wp-content\/uploads\/2024\/05\/CREDI-Crem-Lemon-4.5-kg-300x300.jpg\" class=\"attachment-woocommerce_thumbnail size-woocommerce_thumbnail\" alt=\"Credi \u00ae Crem Lemon\" srcset=\"https:\/\/orkla.ro\/b2b\/wp-content\/uploads\/2024\/05\/CREDI-Crem-Lemon-4.5-kg-300x300.jpg 300w, https:\/\/orkla.ro\/b2b\/wp-content\/uploads\/2024\/05\/CREDI-Crem-Lemon-4.5-kg-1024x1024.jpg 1024w, https:\/\/orkla.ro\/b2b\/wp-content\/uploads\/2024\/05\/CREDI-Crem-Lemon-4.5-kg-150x150.jpg 150w, https:\/\/orkla.ro\/b2b\/wp-content\/uploads\/2024\/05\/CREDI-Crem-Lemon-4.5-kg-768x768.jpg 768w, https:\/\/orkla.ro\/b2b\/wp-content\/uploads\/2024\/05\/CREDI-Crem-Lemon-4.5-kg-12x12.jpg 12w, https:\/\/orkla.ro\/b2b\/wp-content\/uploads\/2024\/05\/CREDI-Crem-Lemon-4.5-kg-550x550.jpg 550w, https:\/\/orkla.ro\/b2b\/wp-content\/uploads\/2024\/05\/CREDI-Crem-Lemon-4.5-kg-600x600.jpg 600w, https:\/\/orkla.ro\/b2b\/wp-content\/uploads\/2024\/05\/CREDI-Crem-Lemon-4.5-kg-200x200.jpg 200w, https:\/\/orkla.ro\/b2b\/wp-content\/uploads\/2024\/05\/CREDI-Crem-Lemon-4.5-kg.jpg 1200w\" sizes=\"auto, (max-width: 300px) 100vw, 300px\" \/><div class=\"eltdf-pl-text\"><div class=\"eltdf-pl-text-outer\"><div class=\"eltdf-pl-text-inner\"><a href=\"?add-to-cart=352181\" aria-describedby=\"woocommerce_loop_add_to_cart_link_describedby_352181\" data-quantity=\"1\" class=\"button product_type_simple add_to_cart_button ajax_add_to_cart\" data-product_id=\"352181\" data-product_sku=\"\" aria-label=\"Adaug\u0103 \u00een co\u0219: &amp;lbquo;Credi \u00ae Crem Lemon&rdquo;\" rel=\"nofollow\" data-success_message=\"&bdquo;Credi \u00ae Crem Lemon&rdquo; a fost ad\u0103ugat \u00een co\u0219\">Mai Multe informa\u021bii<\/a>\t<span id=\"woocommerce_loop_add_to_cart_link_describedby_352181\" class=\"screen-reader-text\">\n\t\t\t<\/span>\n<\/div><\/div><\/div><\/div><a href=\"https:\/\/orkla.ro\/b2b\/index.php\/product\/credi-crem-lemon\/\" class=\"woocommerce-LoopProduct-link woocommerce-loop-product__link\"><\/a><\/div><div class=\"eltdf-pl-text-wrapper\"><h4 class=\"eltdf-product-list-title\"><a href=\"https:\/\/orkla.ro\/b2b\/index.php\/product\/credi-crem-lemon\/\">Credi \u00ae Crem Lemon<\/a><\/h4>\n\t<span class=\"price\"><span class=\"woocommerce-Price-amount amount\"><bdi><span class=\"woocommerce-Price-currencySymbol\">&#36;<\/span>0.00<\/bdi><\/span><\/span>\n<\/div><\/li>\n<\/ul>\n<\/div><\/div><\/div><\/div><div class=\"wpb_column vc_column_container vc_col-sm-3 vc_hidden-lg vc_hidden-md\"><div class=\"vc_column-inner\"><div class=\"wpb_wrapper\"><\/div><\/div><\/div><div class=\"wpb_column vc_column_container vc_col-sm-3 vc_hidden-lg vc_hidden-md\"><div class=\"vc_column-inner\"><div class=\"wpb_wrapper\"><\/div><\/div><\/div><\/div>\n","protected":false},"excerpt":{"rendered":"Preparare foaie cu miere Credi\u00aeCake with Honey 400g Ap\u0103 200g Ulei floarea soarelui 70g ___________________ Total 670g \u2022 Se adaug\u0103 toate ingredientele \u00een cuva mixerului \u0219i se omogenizeaz\u0103 cu paleta p\u00e2n\u0103 se ob\u021bine un aluat v\u00e2scos \u0219i omogen. \u2022 Se \u00eentinde cu ajutorul unei palete compozi\u021bia pe o tav\u0103 de 60x40cm, pe care s-a a\u0219ezat h\u00e2rtie de copt \u00een prealabil. \u2022 Coacere: 180\u00b0C \/ 7\u201110 min. Preparare Crem\u0103 lam\u00e2ie Credi\u00aeCream Lemon 500g Fri\u0219c\u0103 300g Busuioc proasp\u0103t 1-2 frunze Suc \u00bd lime de dimensiuni medii ___________________ Total 800g \u2022 Se spumeaz\u0103 fri\u0219ca p\u00e2n\u0103 la volum maxim \u0219i f\u0103r\u0103 adaos de zah\u0103r. \u2022 Peste fri\u0219ca spumat\u0103 se adaug\u0103 Credi\u00aeCream Lemon \u0219i se omogenizeaz\u0103 u\u0219or. \u2022 Frunzele de busuioc sp\u0103late se toac\u0103 m\u0103runt \u0219i \u00eempreun\u0103 cu zeam\u0103 de lime se adaug\u0103 peste amestecul de mai sus. Omogenizare. Finsare pr\u0103jitur\u0103 \u2022 Se folosesc p\u0103h\u0103ru\u021be de plastic \u00een forma dorit\u0103. \u2022 Se decupeaz\u0103 foaia cu [...]","protected":false},"author":1,"featured_media":352727,"parent":351601,"menu_order":0,"comment_status":"closed","ping_status":"closed","template":"full-width.php","meta":{"_acf_changed":false,"footnotes":""},"categories":[124],"tags":[],"class_list":["post-352726","page","type-page","status-publish","has-post-thumbnail","hentry","category-catalog-retete-candy-bar"],"acf":[],"_links":{"self":[{"href":"https:\/\/orkla.ro\/b2b\/index.php\/wp-json\/wp\/v2\/pages\/352726","targetHints":{"allow":["GET"]}}],"collection":[{"href":"https:\/\/orkla.ro\/b2b\/index.php\/wp-json\/wp\/v2\/pages"}],"about":[{"href":"https:\/\/orkla.ro\/b2b\/index.php\/wp-json\/wp\/v2\/types\/page"}],"author":[{"embeddable":true,"href":"https:\/\/orkla.ro\/b2b\/index.php\/wp-json\/wp\/v2\/users\/1"}],"replies":[{"embeddable":true,"href":"https:\/\/orkla.ro\/b2b\/index.php\/wp-json\/wp\/v2\/comments?post=352726"}],"version-history":[{"count":6,"href":"https:\/\/orkla.ro\/b2b\/index.php\/wp-json\/wp\/v2\/pages\/352726\/revisions"}],"predecessor-version":[{"id":352737,"href":"https:\/\/orkla.ro\/b2b\/index.php\/wp-json\/wp\/v2\/pages\/352726\/revisions\/352737"}],"up":[{"embeddable":true,"href":"https:\/\/orkla.ro\/b2b\/index.php\/wp-json\/wp\/v2\/pages\/351601"}],"wp:featuredmedia":[{"embeddable":true,"href":"https:\/\/orkla.ro\/b2b\/index.php\/wp-json\/wp\/v2\/media\/352727"}],"wp:attachment":[{"href":"https:\/\/orkla.ro\/b2b\/index.php\/wp-json\/wp\/v2\/media?parent=352726"}],"wp:term":[{"taxonomy":"category","embeddable":true,"href":"https:\/\/orkla.ro\/b2b\/index.php\/wp-json\/wp\/v2\/categories?post=352726"},{"taxonomy":"post_tag","embeddable":true,"href":"https:\/\/orkla.ro\/b2b\/index.php\/wp-json\/wp\/v2\/tags?post=352726"}],"curies":[{"name":"wp","href":"https:\/\/api.w.org\/{rel}","templated":true}]}}