{"id":352023,"date":"2024-05-16T22:15:58","date_gmt":"2024-05-16T22:15:58","guid":{"rendered":"https:\/\/orkla.ro\/orklab2b\/?page_id=352023"},"modified":"2024-05-19T19:15:14","modified_gmt":"2024-05-19T19:15:14","slug":"macarons-crema-fistic","status":"publish","type":"page","link":"https:\/\/orkla.ro\/b2b\/index.php\/evenimente-speciale-cake-bar\/macarons-crema-fistic\/","title":{"rendered":"Macarons crem\u0103 fistic"},"content":{"rendered":"<div class=\"eltdf-row-grid-section\"><div class=\"vc_row wpb_row vc_row-fluid eltdf-row-type-row\" style=\"\"><div class=\"wpb_column vc_column_container vc_col-sm-12 vc_hidden-sm vc_hidden-xs\"><div class=\"vc_column-inner vc_custom_1713382403317\"><div class=\"wpb_wrapper\">\n\t<div  class=\"wpb_single_image wpb_content_element vc_align_left\">\n\t\t\n\t\t<figure class=\"wpb_wrapper vc_figure\">\n\t\t\t<div class=\"vc_single_image-wrapper   vc_box_border_grey\"><img loading=\"lazy\" decoding=\"async\" width=\"2400\" height=\"1430\" src=\"https:\/\/orkla.ro\/b2b\/wp-content\/uploads\/2024\/05\/header-reteta-39.jpg\" class=\"vc_single_image-img attachment-full\" alt=\"\" srcset=\"https:\/\/orkla.ro\/b2b\/wp-content\/uploads\/2024\/05\/header-reteta-39.jpg 2400w, https:\/\/orkla.ro\/b2b\/wp-content\/uploads\/2024\/05\/header-reteta-39-300x179.jpg 300w, https:\/\/orkla.ro\/b2b\/wp-content\/uploads\/2024\/05\/header-reteta-39-1024x610.jpg 1024w, https:\/\/orkla.ro\/b2b\/wp-content\/uploads\/2024\/05\/header-reteta-39-768x458.jpg 768w, https:\/\/orkla.ro\/b2b\/wp-content\/uploads\/2024\/05\/header-reteta-39-1536x915.jpg 1536w, https:\/\/orkla.ro\/b2b\/wp-content\/uploads\/2024\/05\/header-reteta-39-18x12.jpg 18w, https:\/\/orkla.ro\/b2b\/wp-content\/uploads\/2024\/05\/header-reteta-39-600x358.jpg 600w\" sizes=\"auto, (max-width: 2400px) 100vw, 2400px\" \/><\/div>\n\t\t<\/figure>\n\t<\/div>\n\n\t<div  class=\"wpb_single_image wpb_content_element vc_align_center  vc_custom_1715897823259\">\n\t\t\n\t\t<figure class=\"wpb_wrapper vc_figure\">\n\t\t\t<div class=\"vc_single_image-wrapper   vc_box_border_grey\"><img loading=\"lazy\" decoding=\"async\" width=\"886\" height=\"200\" src=\"https:\/\/orkla.ro\/b2b\/wp-content\/uploads\/2024\/05\/pasi-56.png\" class=\"vc_single_image-img attachment-full\" alt=\"\" srcset=\"https:\/\/orkla.ro\/b2b\/wp-content\/uploads\/2024\/05\/pasi-56.png 886w, https:\/\/orkla.ro\/b2b\/wp-content\/uploads\/2024\/05\/pasi-56-300x68.png 300w, https:\/\/orkla.ro\/b2b\/wp-content\/uploads\/2024\/05\/pasi-56-768x173.png 768w, https:\/\/orkla.ro\/b2b\/wp-content\/uploads\/2024\/05\/pasi-56-18x4.png 18w, https:\/\/orkla.ro\/b2b\/wp-content\/uploads\/2024\/05\/pasi-56-600x135.png 600w\" sizes=\"auto, (max-width: 886px) 100vw, 886px\" \/><\/div>\n\t\t<\/figure>\n\t<\/div>\n<\/div><\/div><\/div><\/div><\/div><div class=\"eltdf-row-grid-section\"><div id=\"content-desktop\" class=\"vc_row wpb_row vc_row-fluid vc_custom_1715094065651 vc_row-has-fill eltdf-row-type-row\" style=\"\"><div class=\"wpb_column vc_column_container vc_col-sm-4 vc_hidden-sm vc_hidden-xs\"><div class=\"vc_column-inner vc_custom_1713382218154\"><div class=\"wpb_wrapper\"><div  class=\"vc_wp_text wpb_content_element\"><div class=\"widget widget_text\">\t\t\t<div class=\"textwidget\"><\/p>\n<h2>Preparare compozi\u021bie macarons<\/h2>\n<p><strong>Zah\u0103r pudr\u0103<\/strong> 150 g<br \/>\n<strong>F\u0103in\u0103 migdale<\/strong> 90 g<br \/>\n<strong>Albu\u0219<\/strong> ou 100 g<br \/>\n<strong>Zah\u0103r cristal<\/strong> 50 g<br \/>\n<strong>Sare<\/strong> 5 g<br \/>\n<strong>Colorant verde<\/strong><br \/>\n_______________________________<br \/>\n<strong>Total<\/strong> 395 g<\/p>\n<p>\u2022 F\u0103ina de migdale se amestec\u0103 cu zah\u0103rul pudr\u0103 \u0219i se trec prin sit\u0103 astfel \u00eenc\u00e2t s\u0103 fie totul foarte fin.<br \/>\n\u2022 Se spumeaz\u0103 albu\u0219ul cu zah\u0103rul cristal amestecat cu sarea \u0219i colorantul, p\u00e2n\u0103 se ob\u021bine o bezea tare \u0219i zah\u0103rul se dizolv\u0103 complet.<br \/>\n\u2022 Bezeaua se omogenizeaz\u0103 u\u0219or cu amestecul de f\u0103in\u0103 de migdale \u0219i zah\u0103r, prin mi\u0219c\u0103ri circulare lente, p\u00e2n\u0103 c\u00e2nd se omogenizeaz\u0103 complet.<br \/>\n\u2022 Pe tava cu h\u00e2rtie de copt se toarn\u0103 \u00een forme egale<br \/>\nrotunde compozi\u021bia, folosind un poche cu douille.<br \/>\n\u2022 Coacere 160\u00b0C\/ 15 min.<\/p>\n<\/div>\n\t\t<\/div><\/div><\/div><\/div><\/div><div class=\"wpb_column vc_column_container vc_col-sm-4 vc_hidden-sm vc_hidden-xs\"><div class=\"vc_column-inner vc_custom_1715112030689\"><div class=\"wpb_wrapper\"><div  class=\"vc_wp_text wpb_content_element\"><div class=\"widget widget_text\">\t\t\t<div class=\"textwidget\"><\/p>\n<h2>Preparare crem\u0103 fistic<\/h2>\n<p><strong>Cremento Pistacho<\/strong> 100 g<br \/>\n<strong>Unt<\/strong> 30 g<br \/>\n______________________________<br \/>\n<strong>Total<\/strong> 130 g<\/p>\n<\/div>\n\t\t<\/div><\/div><\/div><\/div><\/div><div class=\"wpb_column vc_column_container vc_col-sm-4\"><div class=\"vc_column-inner\"><div class=\"wpb_wrapper\"><div  class=\"vc_wp_text wpb_content_element\"><div class=\"widget widget_text\">\t\t\t<div class=\"textwidget\"><\/p>\n<h2>Finisare pr\u0103jitur\u0103<\/h2>\n<p>Se lipesc c\u00e2te doi macarons folosind crema cu fistic. Se pot decora suplimentar, dup\u0103 preferin\u021b\u0103.<\/p>\n<\/div>\n\t\t<\/div><\/div><\/div><\/div><\/div><\/div><\/div><div id=\"image-mobile\" class=\"vc_row wpb_row vc_row-fluid vc_custom_1713717305308 eltdf-row-type-row\" style=\"\"><div class=\"wpb_column vc_column_container vc_col-sm-12 vc_hidden-lg vc_hidden-md\"><div class=\"vc_column-inner vc_custom_1713380711047\"><div class=\"wpb_wrapper\">\n\t<div  class=\"wpb_single_image wpb_content_element vc_align_center   classwidth\">\n\t\t\n\t\t<figure class=\"wpb_wrapper vc_figure\">\n\t\t\t<div class=\"vc_single_image-wrapper   vc_box_border_grey\"><img loading=\"lazy\" decoding=\"async\" width=\"1168\" height=\"2560\" src=\"https:\/\/orkla.ro\/b2b\/wp-content\/uploads\/2024\/05\/header-reteta-mobile-43-scaled.jpg\" class=\"vc_single_image-img attachment-full\" alt=\"\" srcset=\"https:\/\/orkla.ro\/b2b\/wp-content\/uploads\/2024\/05\/header-reteta-mobile-43-scaled.jpg 1168w, https:\/\/orkla.ro\/b2b\/wp-content\/uploads\/2024\/05\/header-reteta-mobile-43-137x300.jpg 137w, https:\/\/orkla.ro\/b2b\/wp-content\/uploads\/2024\/05\/header-reteta-mobile-43-467x1024.jpg 467w, https:\/\/orkla.ro\/b2b\/wp-content\/uploads\/2024\/05\/header-reteta-mobile-43-768x1684.jpg 768w, https:\/\/orkla.ro\/b2b\/wp-content\/uploads\/2024\/05\/header-reteta-mobile-43-701x1536.jpg 701w, https:\/\/orkla.ro\/b2b\/wp-content\/uploads\/2024\/05\/header-reteta-mobile-43-934x2048.jpg 934w, https:\/\/orkla.ro\/b2b\/wp-content\/uploads\/2024\/05\/header-reteta-mobile-43-5x12.jpg 5w, https:\/\/orkla.ro\/b2b\/wp-content\/uploads\/2024\/05\/header-reteta-mobile-43-600x1316.jpg 600w\" sizes=\"auto, (max-width: 1168px) 100vw, 1168px\" \/><\/div>\n\t\t<\/figure>\n\t<\/div>\n\n\t<div  class=\"wpb_single_image wpb_content_element vc_align_center  vc_custom_1715897866930\">\n\t\t\n\t\t<figure class=\"wpb_wrapper vc_figure\">\n\t\t\t<div class=\"vc_single_image-wrapper   vc_box_border_grey\"><img loading=\"lazy\" decoding=\"async\" width=\"886\" height=\"200\" src=\"https:\/\/orkla.ro\/b2b\/wp-content\/uploads\/2024\/05\/pasi-57.png\" class=\"vc_single_image-img attachment-full\" alt=\"\" srcset=\"https:\/\/orkla.ro\/b2b\/wp-content\/uploads\/2024\/05\/pasi-57.png 886w, https:\/\/orkla.ro\/b2b\/wp-content\/uploads\/2024\/05\/pasi-57-300x68.png 300w, https:\/\/orkla.ro\/b2b\/wp-content\/uploads\/2024\/05\/pasi-57-768x173.png 768w, https:\/\/orkla.ro\/b2b\/wp-content\/uploads\/2024\/05\/pasi-57-18x4.png 18w, https:\/\/orkla.ro\/b2b\/wp-content\/uploads\/2024\/05\/pasi-57-600x135.png 600w\" sizes=\"auto, (max-width: 886px) 100vw, 886px\" \/><\/div>\n\t\t<\/figure>\n\t<\/div>\n<\/div><\/div><\/div><\/div><div class=\"eltdf-row-grid-section\"><div class=\"vc_row wpb_row vc_row-fluid vc_custom_1715509540678 vc_row-has-fill eltdf-row-type-row\" style=\"\"><div class=\"wpb_column vc_column_container vc_col-sm-4 vc_hidden-lg vc_hidden-md\"><div class=\"vc_column-inner vc_custom_1715509559409\"><div class=\"wpb_wrapper\"><div  class=\"vc_wp_text wpb_content_element\"><div class=\"widget widget_text\">\t\t\t<div class=\"textwidget\"><\/p>\n<h2>Preparare compozi\u021bie macarons<\/h2>\n<p><strong>Zah\u0103r pudr\u0103<\/strong> 150 g<br \/>\n<strong>F\u0103in\u0103 migdale<\/strong> 90 g<br \/>\n<strong>Albu\u0219<\/strong> ou 100 g<br \/>\n<strong>Zah\u0103r cristal<\/strong> 50 g<br \/>\n<strong>Sare<\/strong> 5 g<br \/>\n<strong>Colorant verde<\/strong><br \/>\n_______________________________<br \/>\n<strong>Total<\/strong> 395 g<\/p>\n<p>\u2022 F\u0103ina de migdale se amestec\u0103 cu zah\u0103rul pudr\u0103 \u0219i se trec prin sit\u0103 astfel \u00eenc\u00e2t s\u0103 fie totul foarte fin.<br \/>\n\u2022 Se spumeaz\u0103 albu\u0219ul cu zah\u0103rul cristal amestecat cu sarea \u0219i colorantul, p\u00e2n\u0103 se ob\u021bine o bezea tare \u0219i zah\u0103rul se dizolv\u0103 complet.<br \/>\n\u2022 Bezeaua se omogenizeaz\u0103 u\u0219or cu amestecul de f\u0103in\u0103 de migdale \u0219i zah\u0103r, prin mi\u0219c\u0103ri circulare lente, p\u00e2n\u0103 c\u00e2nd se omogenizeaz\u0103 complet.<br \/>\n\u2022 Pe tava cu h\u00e2rtie de copt se toarn\u0103 \u00een forme egale<br \/>\nrotunde compozi\u021bia, folosind un poche cu douille.<br \/>\n\u2022 Coacere 160\u00b0C\/ 15 min.<\/p>\n<\/div>\n\t\t<\/div><\/div><\/div><\/div><\/div><div class=\"wpb_column vc_column_container vc_col-sm-4 vc_hidden-lg vc_hidden-md\"><div class=\"vc_column-inner vc_custom_1715509569859\"><div class=\"wpb_wrapper\"><div  class=\"vc_wp_text wpb_content_element\"><div class=\"widget widget_text\">\t\t\t<div class=\"textwidget\"><\/p>\n<h2>Preparare crem\u0103 fistic<\/h2>\n<p><strong>Cremento Pistacho<\/strong> 100 g<br \/>\n<strong>Unt<\/strong> 30 g<br \/>\n______________________________<br \/>\n<strong>Total<\/strong> 130 g<\/p>\n<\/div>\n\t\t<\/div><\/div><\/div><\/div><\/div><div class=\"wpb_column vc_column_container vc_col-sm-4 vc_hidden-lg vc_hidden-md\"><div class=\"vc_column-inner\"><div class=\"wpb_wrapper\"><div  class=\"vc_wp_text wpb_content_element\"><div class=\"widget widget_text\">\t\t\t<div class=\"textwidget\"><\/p>\n<h2>Finisare pr\u0103jitur\u0103<\/h2>\n<p>Se lipesc c\u00e2te doi macarons folosind crema cu fistic. Se pot decora suplimentar, dup\u0103 preferin\u021b\u0103.<\/p>\n<\/div>\n\t\t<\/div><\/div><\/div><\/div><\/div><\/div><\/div>\n","protected":false},"excerpt":{"rendered":"Preparare compozi\u021bie macarons Zah\u0103r pudr\u0103 150 g F\u0103in\u0103 migdale 90 g Albu\u0219 ou 100 g Zah\u0103r cristal 50 g Sare 5 g Colorant verde _______________________________ Total 395 g \u2022 F\u0103ina de migdale se amestec\u0103 cu zah\u0103rul pudr\u0103 \u0219i se trec prin sit\u0103 astfel \u00eenc\u00e2t s\u0103 fie totul foarte fin. \u2022 Se spumeaz\u0103 albu\u0219ul cu zah\u0103rul cristal amestecat cu sarea \u0219i colorantul, p\u00e2n\u0103 se ob\u021bine o bezea tare \u0219i zah\u0103rul se dizolv\u0103 complet. \u2022 Bezeaua se omogenizeaz\u0103 u\u0219or cu amestecul de f\u0103in\u0103 de migdale \u0219i zah\u0103r, prin mi\u0219c\u0103ri circulare lente, p\u00e2n\u0103 c\u00e2nd se omogenizeaz\u0103 complet. \u2022 Pe tava cu h\u00e2rtie de copt se toarn\u0103 \u00een forme egale rotunde compozi\u021bia, folosind un poche cu douille. \u2022 Coacere 160\u00b0C\/ 15 min. Preparare crem\u0103 fistic Cremento Pistacho 100 g Unt 30 g ______________________________ Total 130 g Finisare pr\u0103jitur\u0103 Se lipesc c\u00e2te doi macarons folosind crema cu fistic. Se pot decora suplimentar, dup\u0103 preferin\u021b\u0103. Preparare [...]","protected":false},"author":1,"featured_media":352030,"parent":351601,"menu_order":0,"comment_status":"closed","ping_status":"closed","template":"full-width.php","meta":{"_acf_changed":false,"footnotes":""},"categories":[124],"tags":[],"class_list":["post-352023","page","type-page","status-publish","has-post-thumbnail","hentry","category-catalog-retete-candy-bar"],"acf":[],"_links":{"self":[{"href":"https:\/\/orkla.ro\/b2b\/index.php\/wp-json\/wp\/v2\/pages\/352023","targetHints":{"allow":["GET"]}}],"collection":[{"href":"https:\/\/orkla.ro\/b2b\/index.php\/wp-json\/wp\/v2\/pages"}],"about":[{"href":"https:\/\/orkla.ro\/b2b\/index.php\/wp-json\/wp\/v2\/types\/page"}],"author":[{"embeddable":true,"href":"https:\/\/orkla.ro\/b2b\/index.php\/wp-json\/wp\/v2\/users\/1"}],"replies":[{"embeddable":true,"href":"https:\/\/orkla.ro\/b2b\/index.php\/wp-json\/wp\/v2\/comments?post=352023"}],"version-history":[{"count":6,"href":"https:\/\/orkla.ro\/b2b\/index.php\/wp-json\/wp\/v2\/pages\/352023\/revisions"}],"predecessor-version":[{"id":352413,"href":"https:\/\/orkla.ro\/b2b\/index.php\/wp-json\/wp\/v2\/pages\/352023\/revisions\/352413"}],"up":[{"embeddable":true,"href":"https:\/\/orkla.ro\/b2b\/index.php\/wp-json\/wp\/v2\/pages\/351601"}],"wp:featuredmedia":[{"embeddable":true,"href":"https:\/\/orkla.ro\/b2b\/index.php\/wp-json\/wp\/v2\/media\/352030"}],"wp:attachment":[{"href":"https:\/\/orkla.ro\/b2b\/index.php\/wp-json\/wp\/v2\/media?parent=352023"}],"wp:term":[{"taxonomy":"category","embeddable":true,"href":"https:\/\/orkla.ro\/b2b\/index.php\/wp-json\/wp\/v2\/categories?post=352023"},{"taxonomy":"post_tag","embeddable":true,"href":"https:\/\/orkla.ro\/b2b\/index.php\/wp-json\/wp\/v2\/tags?post=352023"}],"curies":[{"name":"wp","href":"https:\/\/api.w.org\/{rel}","templated":true}]}}