{"id":351986,"date":"2024-05-16T21:19:07","date_gmt":"2024-05-16T21:19:07","guid":{"rendered":"https:\/\/orkla.ro\/orklab2b\/?page_id=351986"},"modified":"2024-05-19T19:09:55","modified_gmt":"2024-05-19T19:09:55","slug":"deliciu-mic-cu-ciocolata-si-fistic","status":"publish","type":"page","link":"https:\/\/orkla.ro\/b2b\/index.php\/evenimente-speciale-cake-bar\/deliciu-mic-cu-ciocolata-si-fistic\/","title":{"rendered":"Deliciu mic cu ciocolat\u0103 \u0219i fistic"},"content":{"rendered":"<div class=\"eltdf-row-grid-section\"><div class=\"vc_row wpb_row vc_row-fluid eltdf-row-type-row\" style=\"\"><div class=\"wpb_column vc_column_container vc_col-sm-12 vc_hidden-sm vc_hidden-xs\"><div class=\"vc_column-inner vc_custom_1713382403317\"><div class=\"wpb_wrapper\">\n\t<div  class=\"wpb_single_image wpb_content_element vc_align_left\">\n\t\t\n\t\t<figure class=\"wpb_wrapper vc_figure\">\n\t\t\t<div class=\"vc_single_image-wrapper   vc_box_border_grey\"><img loading=\"lazy\" decoding=\"async\" width=\"2400\" height=\"1430\" src=\"https:\/\/orkla.ro\/b2b\/wp-content\/uploads\/2024\/05\/header-reteta-36.jpg\" class=\"vc_single_image-img attachment-full\" alt=\"\" srcset=\"https:\/\/orkla.ro\/b2b\/wp-content\/uploads\/2024\/05\/header-reteta-36.jpg 2400w, https:\/\/orkla.ro\/b2b\/wp-content\/uploads\/2024\/05\/header-reteta-36-300x179.jpg 300w, https:\/\/orkla.ro\/b2b\/wp-content\/uploads\/2024\/05\/header-reteta-36-1024x610.jpg 1024w, https:\/\/orkla.ro\/b2b\/wp-content\/uploads\/2024\/05\/header-reteta-36-768x458.jpg 768w, https:\/\/orkla.ro\/b2b\/wp-content\/uploads\/2024\/05\/header-reteta-36-1536x915.jpg 1536w, https:\/\/orkla.ro\/b2b\/wp-content\/uploads\/2024\/05\/header-reteta-36-18x12.jpg 18w, https:\/\/orkla.ro\/b2b\/wp-content\/uploads\/2024\/05\/header-reteta-36-600x358.jpg 600w\" sizes=\"auto, (max-width: 2400px) 100vw, 2400px\" \/><\/div>\n\t\t<\/figure>\n\t<\/div>\n\n\t<div  class=\"wpb_single_image wpb_content_element vc_align_center  vc_custom_1715894496655\">\n\t\t\n\t\t<figure class=\"wpb_wrapper vc_figure\">\n\t\t\t<div class=\"vc_single_image-wrapper   vc_box_border_grey\"><img loading=\"lazy\" decoding=\"async\" width=\"1300\" height=\"200\" src=\"https:\/\/orkla.ro\/b2b\/wp-content\/uploads\/2024\/05\/pasi-51.png\" class=\"vc_single_image-img attachment-full\" alt=\"\" srcset=\"https:\/\/orkla.ro\/b2b\/wp-content\/uploads\/2024\/05\/pasi-51.png 1300w, https:\/\/orkla.ro\/b2b\/wp-content\/uploads\/2024\/05\/pasi-51-300x46.png 300w, https:\/\/orkla.ro\/b2b\/wp-content\/uploads\/2024\/05\/pasi-51-1024x158.png 1024w, https:\/\/orkla.ro\/b2b\/wp-content\/uploads\/2024\/05\/pasi-51-768x118.png 768w, https:\/\/orkla.ro\/b2b\/wp-content\/uploads\/2024\/05\/pasi-51-18x3.png 18w, https:\/\/orkla.ro\/b2b\/wp-content\/uploads\/2024\/05\/pasi-51-600x92.png 600w\" sizes=\"auto, (max-width: 1300px) 100vw, 1300px\" \/><\/div>\n\t\t<\/figure>\n\t<\/div>\n<\/div><\/div><\/div><\/div><\/div><div class=\"eltdf-row-grid-section\"><div id=\"content-desktop\" class=\"vc_row wpb_row vc_row-fluid vc_custom_1715094065651 vc_row-has-fill eltdf-row-type-row\" style=\"\"><div class=\"wpb_column vc_column_container vc_col-sm-1\/5 vc_hidden-sm vc_hidden-xs\"><div class=\"vc_column-inner vc_custom_1713382218154\"><div class=\"wpb_wrapper\"><div  class=\"vc_wp_text wpb_content_element\"><div class=\"widget widget_text\">\t\t\t<div class=\"textwidget\"><\/p>\n<h2>Preparare cookies cu ciocolat\u0103<\/h2>\n<p><strong>Credi<sup class=\"regtm\">\u00ae<\/sup>Cookie Homemade Chocolate<\/strong> 500 g<br \/>\n<strong>Paticrem\/ Unt<\/strong> 210 g<br \/>\n<strong>Zah\u0103r<\/strong> 140 g<br \/>\n<strong>Ou\u0103<\/strong> 60 g<br \/>\n<strong>Ap\u0103<\/strong> 20 g<br \/>\n_______________________<br \/>\n<strong>Total<\/strong> 930 g<\/p>\n<p>\u2022 Se spumeaz\u0103 10 min. la viteza medie margarina Paticrem cu zah\u0103rul \u0219i ou\u0103le folosind telul mixerului.<br \/>\n\u2022 Se adaug\u0103 treptat mixul de cookies \u0219i apa. Omogenizare 1 min. la vitez\u0103 mic\u0103.<br \/>\n\u2022 Compozi\u021bia ob\u021binut\u0103 se toarn\u0103 cu un poche cu douille \u00een form\u0103 de aveline pu\u021bin presate, pe tava acoperit\u0103 cu h\u00e2rtie de copt.<br \/>\n\u2022 Coacere: 160\u00b0C\/ 14 min.<\/p>\n<\/div>\n\t\t<\/div><\/div><\/div><\/div><\/div><div class=\"wpb_column vc_column_container vc_col-sm-1\/5 vc_hidden-sm vc_hidden-xs\"><div class=\"vc_column-inner vc_custom_1715112030689\"><div class=\"wpb_wrapper\"><div  class=\"vc_wp_text wpb_content_element\"><div class=\"widget widget_text\">\t\t\t<div class=\"textwidget\"><\/p>\n<h2>Preparare crem\u0103 ganache<\/h2>\n<p><strong>Ciocolat\u0103 lapte<\/strong> 375 g<br \/>\n<strong>Creline<\/strong> 300 g<br \/>\n______________________<br \/>\n<strong>Total<\/strong> 675 g<\/p>\n<p>Se amestec\u0103 crema vegetal\u0103 Creline, \u00eenc\u0103lzit\u0103 p\u00e2n\u0103 la punctul de fierbere, cu ciocolata. Omogenizare. Se las\u0103 s\u0103 se r\u0103ceasc\u0103 30 min.<\/p>\n<\/div>\n\t\t<\/div><\/div><\/div><\/div><\/div><div class=\"wpb_column vc_column_container vc_col-sm-1\/5\"><div class=\"vc_column-inner\"><div class=\"wpb_wrapper\"><div  class=\"vc_wp_text wpb_content_element\"><div class=\"widget widget_text\">\t\t\t<div class=\"textwidget\"><\/p>\n<h2>Preparare crem\u0103 fistic<\/h2>\n<p><strong>Cremento Pistachio<\/strong> 150 g<br \/>\n<strong>Fri\u0219c\u0103<\/strong> 350 g<br \/>\n______________________<br \/>\n<strong>Total<\/strong> 500 g<br \/>\n\u2022 Se spumeaz\u0103 fri\u0219ca pe jum\u0103tate, apo\u00a0 se \u00eencorporeaz\u0103 crema cu fistic.<br \/>\n\u2022 Se spumeaz\u0103 la vitez\u0103 medie p\u00e2n\u0103 se ob\u021bine o crem\u0103 omogen\u0103 \u0219i fin\u0103.<\/p>\n<\/div>\n\t\t<\/div><\/div><\/div><\/div><\/div><div class=\"wpb_column vc_column_container vc_col-sm-1\/5\"><div class=\"vc_column-inner\"><div class=\"wpb_wrapper\"><div  class=\"vc_wp_text wpb_content_element\"><div class=\"widget widget_text\">\t\t\t<div class=\"textwidget\"><\/p>\n<h2>Preparare decor ciocolat\u0103<\/h2>\n<p><strong>Ciocolat\u0103 cu lapte <\/strong>500 g<br \/>\nSe tempereaz\u0103 ciocolata, se \u00eentinde \u00een strat sub\u021bire pe h\u00e2rtie pergament sau folie plastic \u0219i se decupeaz\u0103 discuri cu ajutorul unui \u0219ablon. Discurile sa aib\u0103 diametrul pu\u021bin mai mic dec\u00e2t discurile de cookies.<\/p>\n<\/div>\n\t\t<\/div><\/div><\/div><\/div><\/div><div class=\"wpb_column vc_column_container vc_col-sm-1\/5\"><div class=\"vc_column-inner\"><div class=\"wpb_wrapper\"><div  class=\"vc_wp_text wpb_content_element\"><div class=\"widget widget_text\">\t\t\t<div class=\"textwidget\"><\/p>\n<h2>Finisare pr\u0103jitur\u0103<\/h2>\n<p>\u2022 Se poche-eaz\u0103 c\u00e2te o avelin\u0103 de crem\u0103 ganache pe discurile de cookies.<br \/>\n\u2022 Apoi se monteaz\u0103 discul de ciocolat\u0103, peste care se toarn\u0103 cu poche-ul crema de fistic \u0219i se<br \/>\ndecoreaz\u0103 dup\u0103 preferin\u021b\u0103.<\/p>\n<\/div>\n\t\t<\/div><\/div><\/div><\/div><\/div><\/div><\/div><div class=\"eltdf-row-grid-section\"><div class=\"vc_row wpb_row vc_row-fluid vc_custom_1715095307173 vc_row-has-fill eltdf-row-type-row\" style=\"\"><div class=\"wpb_column vc_column_container vc_col-sm-3 vc_hidden-sm vc_hidden-xs\"><div class=\"vc_column-inner\"><div class=\"wpb_wrapper\"><div class=\"woocommerce \"><ul class=\"products columns-4\">\n<li class=\"product type-product post-352194 status-publish first instock product_cat-amestecuri-si-amelioratori-pentru-prajituri has-post-thumbnail shipping-taxable purchasable product-type-simple\">\n\t<div class=\"eltdf-pl-inner\"><div class=\"eltdf-pl-image\"><img loading=\"lazy\" decoding=\"async\" width=\"300\" height=\"300\" src=\"https:\/\/orkla.ro\/b2b\/wp-content\/uploads\/2024\/05\/CREDI-Cake-Chokolada-300x300.jpg\" class=\"attachment-woocommerce_thumbnail size-woocommerce_thumbnail\" alt=\"Credi\u00ae Cookie Homemade Chocolate\" srcset=\"https:\/\/orkla.ro\/b2b\/wp-content\/uploads\/2024\/05\/CREDI-Cake-Chokolada-300x300.jpg 300w, https:\/\/orkla.ro\/b2b\/wp-content\/uploads\/2024\/05\/CREDI-Cake-Chokolada-1024x1024.jpg 1024w, https:\/\/orkla.ro\/b2b\/wp-content\/uploads\/2024\/05\/CREDI-Cake-Chokolada-150x150.jpg 150w, https:\/\/orkla.ro\/b2b\/wp-content\/uploads\/2024\/05\/CREDI-Cake-Chokolada-768x768.jpg 768w, https:\/\/orkla.ro\/b2b\/wp-content\/uploads\/2024\/05\/CREDI-Cake-Chokolada-12x12.jpg 12w, https:\/\/orkla.ro\/b2b\/wp-content\/uploads\/2024\/05\/CREDI-Cake-Chokolada-550x550.jpg 550w, https:\/\/orkla.ro\/b2b\/wp-content\/uploads\/2024\/05\/CREDI-Cake-Chokolada-600x600.jpg 600w, https:\/\/orkla.ro\/b2b\/wp-content\/uploads\/2024\/05\/CREDI-Cake-Chokolada-200x200.jpg 200w, https:\/\/orkla.ro\/b2b\/wp-content\/uploads\/2024\/05\/CREDI-Cake-Chokolada.jpg 1029w\" sizes=\"auto, (max-width: 300px) 100vw, 300px\" \/><div class=\"eltdf-pl-text\"><div class=\"eltdf-pl-text-outer\"><div class=\"eltdf-pl-text-inner\"><a href=\"?add-to-cart=352194\" aria-describedby=\"woocommerce_loop_add_to_cart_link_describedby_352194\" data-quantity=\"1\" class=\"button product_type_simple add_to_cart_button ajax_add_to_cart\" data-product_id=\"352194\" data-product_sku=\"\" aria-label=\"Adaug\u0103 \u00een co\u0219: &amp;lbquo;Credi\u00ae Cookie Homemade Chocolate&rdquo;\" rel=\"nofollow\" data-success_message=\"&bdquo;Credi\u00ae Cookie Homemade Chocolate&rdquo; a fost ad\u0103ugat \u00een co\u0219\">Mai Multe informa\u021bii<\/a>\t<span id=\"woocommerce_loop_add_to_cart_link_describedby_352194\" class=\"screen-reader-text\">\n\t\t\t<\/span>\n<\/div><\/div><\/div><\/div><a href=\"https:\/\/orkla.ro\/b2b\/index.php\/product\/credi-cookie-homemade-chocolate\/\" class=\"woocommerce-LoopProduct-link woocommerce-loop-product__link\"><\/a><\/div><div class=\"eltdf-pl-text-wrapper\"><h4 class=\"eltdf-product-list-title\"><a href=\"https:\/\/orkla.ro\/b2b\/index.php\/product\/credi-cookie-homemade-chocolate\/\">Credi\u00ae Cookie Homemade Chocolate<\/a><\/h4>\n\t<span class=\"price\"><span class=\"woocommerce-Price-amount amount\"><bdi><span class=\"woocommerce-Price-currencySymbol\">&#36;<\/span>0.00<\/bdi><\/span><\/span>\n<\/div><\/li>\n<\/ul>\n<\/div><\/div><\/div><\/div><div class=\"wpb_column vc_column_container vc_col-sm-3 vc_hidden-sm vc_hidden-xs\"><div class=\"vc_column-inner\"><div class=\"wpb_wrapper\"><\/div><\/div><\/div><div class=\"wpb_column vc_column_container vc_col-sm-3 vc_hidden-sm vc_hidden-xs\"><div class=\"vc_column-inner\"><div class=\"wpb_wrapper\"><\/div><\/div><\/div><div class=\"wpb_column vc_column_container vc_col-sm-3 vc_hidden-sm vc_hidden-xs\"><div class=\"vc_column-inner\"><div class=\"wpb_wrapper\"><\/div><\/div><\/div><\/div><\/div><div id=\"image-mobile\" class=\"vc_row wpb_row vc_row-fluid vc_custom_1713717305308 eltdf-row-type-row\" style=\"\"><div class=\"wpb_column vc_column_container vc_col-sm-12 vc_hidden-lg vc_hidden-md\"><div class=\"vc_column-inner vc_custom_1713380711047\"><div class=\"wpb_wrapper\">\n\t<div  class=\"wpb_single_image wpb_content_element vc_align_center   classwidth\">\n\t\t\n\t\t<figure class=\"wpb_wrapper vc_figure\">\n\t\t\t<div class=\"vc_single_image-wrapper   vc_box_border_grey\"><img loading=\"lazy\" decoding=\"async\" width=\"1168\" height=\"2560\" src=\"https:\/\/orkla.ro\/b2b\/wp-content\/uploads\/2024\/05\/header-reteta-mobile-40-scaled.jpg\" class=\"vc_single_image-img attachment-full\" alt=\"\" srcset=\"https:\/\/orkla.ro\/b2b\/wp-content\/uploads\/2024\/05\/header-reteta-mobile-40-scaled.jpg 1168w, https:\/\/orkla.ro\/b2b\/wp-content\/uploads\/2024\/05\/header-reteta-mobile-40-137x300.jpg 137w, https:\/\/orkla.ro\/b2b\/wp-content\/uploads\/2024\/05\/header-reteta-mobile-40-467x1024.jpg 467w, https:\/\/orkla.ro\/b2b\/wp-content\/uploads\/2024\/05\/header-reteta-mobile-40-768x1684.jpg 768w, https:\/\/orkla.ro\/b2b\/wp-content\/uploads\/2024\/05\/header-reteta-mobile-40-701x1536.jpg 701w, https:\/\/orkla.ro\/b2b\/wp-content\/uploads\/2024\/05\/header-reteta-mobile-40-934x2048.jpg 934w, https:\/\/orkla.ro\/b2b\/wp-content\/uploads\/2024\/05\/header-reteta-mobile-40-5x12.jpg 5w, https:\/\/orkla.ro\/b2b\/wp-content\/uploads\/2024\/05\/header-reteta-mobile-40-600x1316.jpg 600w\" sizes=\"auto, (max-width: 1168px) 100vw, 1168px\" \/><\/div>\n\t\t<\/figure>\n\t<\/div>\n\n\t<div  class=\"wpb_single_image wpb_content_element vc_align_center  vc_custom_1715894568071\">\n\t\t\n\t\t<figure class=\"wpb_wrapper vc_figure\">\n\t\t\t<div class=\"vc_single_image-wrapper   vc_box_border_grey\"><img loading=\"lazy\" decoding=\"async\" width=\"1300\" height=\"200\" src=\"https:\/\/orkla.ro\/b2b\/wp-content\/uploads\/2024\/05\/pasi-51.png\" class=\"vc_single_image-img attachment-full\" alt=\"\" srcset=\"https:\/\/orkla.ro\/b2b\/wp-content\/uploads\/2024\/05\/pasi-51.png 1300w, https:\/\/orkla.ro\/b2b\/wp-content\/uploads\/2024\/05\/pasi-51-300x46.png 300w, https:\/\/orkla.ro\/b2b\/wp-content\/uploads\/2024\/05\/pasi-51-1024x158.png 1024w, https:\/\/orkla.ro\/b2b\/wp-content\/uploads\/2024\/05\/pasi-51-768x118.png 768w, https:\/\/orkla.ro\/b2b\/wp-content\/uploads\/2024\/05\/pasi-51-18x3.png 18w, https:\/\/orkla.ro\/b2b\/wp-content\/uploads\/2024\/05\/pasi-51-600x92.png 600w\" sizes=\"auto, (max-width: 1300px) 100vw, 1300px\" \/><\/div>\n\t\t<\/figure>\n\t<\/div>\n<\/div><\/div><\/div><\/div><div class=\"eltdf-row-grid-section\"><div class=\"vc_row wpb_row vc_row-fluid vc_custom_1715509540678 vc_row-has-fill eltdf-row-type-row\" style=\"\"><div class=\"wpb_column vc_column_container vc_col-sm-1\/5 vc_hidden-lg vc_hidden-md\"><div class=\"vc_column-inner vc_custom_1715509559409\"><div class=\"wpb_wrapper\"><div  class=\"vc_wp_text wpb_content_element\"><div class=\"widget widget_text\">\t\t\t<div class=\"textwidget\"><\/p>\n<h2>Preparare cookies cu ciocolat\u0103<\/h2>\n<p><strong>Credi<sup class=\"regtm\">\u00ae<\/sup>Cookie Homemade Chocolate<\/strong> 500 g<br \/>\n<strong>Paticrem\/ Unt<\/strong> 210 g<br \/>\n<strong>Zah\u0103r<\/strong> 140 g<br \/>\n<strong>Ou\u0103<\/strong> 60 g<br \/>\n<strong>Ap\u0103<\/strong> 20 g<br \/>\n_______________________<br \/>\n<strong>Total<\/strong> 930 g<\/p>\n<p>\u2022 Se spumeaz\u0103 10 min. la viteza medie margarina Paticrem cu zah\u0103rul \u0219i ou\u0103le folosind telul mixerului.<br \/>\n\u2022 Se adaug\u0103 treptat mixul de cookies \u0219i apa. Omogenizare 1 min. la vitez\u0103 mic\u0103.<br \/>\n\u2022 Compozi\u021bia ob\u021binut\u0103 se toarn\u0103 cu un poche cu douille \u00een form\u0103 de aveline pu\u021bin presate, pe tava acoperit\u0103 cu h\u00e2rtie de copt.<br \/>\n\u2022 Coacere: 160\u00b0C\/ 14 min.<\/p>\n<\/div>\n\t\t<\/div><\/div><\/div><\/div><\/div><div class=\"wpb_column vc_column_container vc_col-sm-1\/5 vc_hidden-lg vc_hidden-md\"><div class=\"vc_column-inner vc_custom_1715509569859\"><div class=\"wpb_wrapper\"><div  class=\"vc_wp_text wpb_content_element\"><div class=\"widget widget_text\">\t\t\t<div class=\"textwidget\"><\/p>\n<h2>Preparare crem\u0103 ganache<\/h2>\n<p><strong>Ciocolat\u0103 lapte<\/strong> 375 g<br \/>\n<strong>Creline<\/strong> 300 g<br \/>\n______________________<br \/>\n<strong>Total<\/strong> 675 g<\/p>\n<p>Se amestec\u0103 crema vegetal\u0103 Creline, \u00eenc\u0103lzit\u0103 p\u00e2n\u0103 la punctul de fierbere, cu ciocolata. Omogenizare. Se las\u0103 s\u0103 se r\u0103ceasc\u0103 30 min.<\/p>\n<\/div>\n\t\t<\/div><\/div><\/div><\/div><\/div><div class=\"wpb_column vc_column_container vc_col-sm-1\/5 vc_hidden-lg vc_hidden-md\"><div class=\"vc_column-inner\"><div class=\"wpb_wrapper\"><div  class=\"vc_wp_text wpb_content_element\"><div class=\"widget widget_text\">\t\t\t<div class=\"textwidget\"><\/p>\n<h2>Preparare crem\u0103 fistic<\/h2>\n<p><strong>Cremento Pistachio<\/strong> 150 g<br \/>\n<strong>Fri\u0219c\u0103<\/strong> 350 g<br \/>\n______________________<br \/>\n<strong>Total<\/strong> 500 g<br \/>\n\u2022 Se spumeaz\u0103 fri\u0219ca pe jum\u0103tate, apo\u00a0 se \u00eencorporeaz\u0103 crema cu fistic.<br \/>\n\u2022 Se spumeaz\u0103 la vitez\u0103 medie p\u00e2n\u0103 se ob\u021bine o crem\u0103 omogen\u0103 \u0219i fin\u0103.<\/p>\n<\/div>\n\t\t<\/div><\/div><\/div><\/div><\/div><div class=\"wpb_column vc_column_container vc_col-sm-1\/5 vc_hidden-lg vc_hidden-md\"><div class=\"vc_column-inner\"><div class=\"wpb_wrapper\"><div  class=\"vc_wp_text wpb_content_element\"><div class=\"widget widget_text\">\t\t\t<div class=\"textwidget\"><\/p>\n<h2>Preparare decor ciocolat\u0103<\/h2>\n<p><strong>Ciocolat\u0103 cu lapte <\/strong>500 g<br \/>\nSe tempereaz\u0103 ciocolata, se \u00eentinde \u00een strat sub\u021bire pe h\u00e2rtie pergament sau folie plastic \u0219i se decupeaz\u0103 discuri cu ajutorul unui \u0219ablon. Discurile sa aib\u0103 diametrul pu\u021bin mai mic dec\u00e2t discurile de cookies.<\/p>\n<\/div>\n\t\t<\/div><\/div><\/div><\/div><\/div><div class=\"wpb_column vc_column_container vc_col-sm-1\/5 vc_hidden-lg vc_hidden-md\"><div class=\"vc_column-inner\"><div class=\"wpb_wrapper\"><div  class=\"vc_wp_text wpb_content_element\"><div class=\"widget widget_text\">\t\t\t<div class=\"textwidget\"><\/p>\n<h2>Finisare pr\u0103jitur\u0103<\/h2>\n<p>\u2022 Se poche-eaz\u0103 c\u00e2te o avelin\u0103 de crem\u0103 ganache pe discurile de cookies.<br \/>\n\u2022 Apoi se monteaz\u0103 discul de ciocolat\u0103, peste care se toarn\u0103 cu poche-ul crema de fistic \u0219i se<br \/>\ndecoreaz\u0103 dup\u0103 preferin\u021b\u0103.<\/p>\n<\/div>\n\t\t<\/div><\/div><\/div><\/div><\/div><\/div><\/div><div id=\"produse-mobile\" class=\"vc_row wpb_row vc_row-fluid vc_custom_1715096675430 vc_row-has-fill eltdf-row-type-row\" style=\"\"><div class=\"wpb_column vc_column_container vc_col-sm-3 vc_hidden-lg vc_hidden-md\"><div class=\"vc_column-inner\"><div class=\"wpb_wrapper\"><div class=\"woocommerce \"><ul class=\"products columns-4\">\n<li class=\"product type-product post-352194 status-publish first instock product_cat-amestecuri-si-amelioratori-pentru-prajituri has-post-thumbnail shipping-taxable purchasable product-type-simple\">\n\t<div class=\"eltdf-pl-inner\"><div class=\"eltdf-pl-image\"><img loading=\"lazy\" decoding=\"async\" width=\"300\" height=\"300\" src=\"https:\/\/orkla.ro\/b2b\/wp-content\/uploads\/2024\/05\/CREDI-Cake-Chokolada-300x300.jpg\" class=\"attachment-woocommerce_thumbnail size-woocommerce_thumbnail\" alt=\"Credi\u00ae Cookie Homemade Chocolate\" srcset=\"https:\/\/orkla.ro\/b2b\/wp-content\/uploads\/2024\/05\/CREDI-Cake-Chokolada-300x300.jpg 300w, https:\/\/orkla.ro\/b2b\/wp-content\/uploads\/2024\/05\/CREDI-Cake-Chokolada-1024x1024.jpg 1024w, https:\/\/orkla.ro\/b2b\/wp-content\/uploads\/2024\/05\/CREDI-Cake-Chokolada-150x150.jpg 150w, https:\/\/orkla.ro\/b2b\/wp-content\/uploads\/2024\/05\/CREDI-Cake-Chokolada-768x768.jpg 768w, https:\/\/orkla.ro\/b2b\/wp-content\/uploads\/2024\/05\/CREDI-Cake-Chokolada-12x12.jpg 12w, https:\/\/orkla.ro\/b2b\/wp-content\/uploads\/2024\/05\/CREDI-Cake-Chokolada-550x550.jpg 550w, https:\/\/orkla.ro\/b2b\/wp-content\/uploads\/2024\/05\/CREDI-Cake-Chokolada-600x600.jpg 600w, https:\/\/orkla.ro\/b2b\/wp-content\/uploads\/2024\/05\/CREDI-Cake-Chokolada-200x200.jpg 200w, https:\/\/orkla.ro\/b2b\/wp-content\/uploads\/2024\/05\/CREDI-Cake-Chokolada.jpg 1029w\" sizes=\"auto, (max-width: 300px) 100vw, 300px\" \/><div class=\"eltdf-pl-text\"><div class=\"eltdf-pl-text-outer\"><div class=\"eltdf-pl-text-inner\"><a href=\"?add-to-cart=352194\" aria-describedby=\"woocommerce_loop_add_to_cart_link_describedby_352194\" data-quantity=\"1\" class=\"button product_type_simple add_to_cart_button ajax_add_to_cart\" data-product_id=\"352194\" data-product_sku=\"\" aria-label=\"Adaug\u0103 \u00een co\u0219: &amp;lbquo;Credi\u00ae Cookie Homemade Chocolate&rdquo;\" rel=\"nofollow\" data-success_message=\"&bdquo;Credi\u00ae Cookie Homemade Chocolate&rdquo; a fost ad\u0103ugat \u00een co\u0219\">Mai Multe informa\u021bii<\/a>\t<span id=\"woocommerce_loop_add_to_cart_link_describedby_352194\" class=\"screen-reader-text\">\n\t\t\t<\/span>\n<\/div><\/div><\/div><\/div><a href=\"https:\/\/orkla.ro\/b2b\/index.php\/product\/credi-cookie-homemade-chocolate\/\" class=\"woocommerce-LoopProduct-link woocommerce-loop-product__link\"><\/a><\/div><div class=\"eltdf-pl-text-wrapper\"><h4 class=\"eltdf-product-list-title\"><a href=\"https:\/\/orkla.ro\/b2b\/index.php\/product\/credi-cookie-homemade-chocolate\/\">Credi\u00ae Cookie Homemade Chocolate<\/a><\/h4>\n\t<span class=\"price\"><span class=\"woocommerce-Price-amount amount\"><bdi><span class=\"woocommerce-Price-currencySymbol\">&#36;<\/span>0.00<\/bdi><\/span><\/span>\n<\/div><\/li>\n<\/ul>\n<\/div><\/div><\/div><\/div><div class=\"wpb_column vc_column_container vc_col-sm-3 vc_hidden-lg vc_hidden-md\"><div class=\"vc_column-inner\"><div class=\"wpb_wrapper\"><\/div><\/div><\/div><div class=\"wpb_column vc_column_container vc_col-sm-3 vc_hidden-lg vc_hidden-md\"><div class=\"vc_column-inner\"><div class=\"wpb_wrapper\"><\/div><\/div><\/div><div class=\"wpb_column vc_column_container vc_col-sm-3 vc_hidden-lg vc_hidden-md\"><div class=\"vc_column-inner\"><div class=\"wpb_wrapper\"><\/div><\/div><\/div><\/div>\n","protected":false},"excerpt":{"rendered":"Preparare cookies cu ciocolat\u0103 Credi\u00aeCookie Homemade Chocolate 500 g Paticrem\/ Unt 210 g Zah\u0103r 140 g Ou\u0103 60 g Ap\u0103 20 g _______________________ Total 930 g \u2022 Se spumeaz\u0103 10 min. la viteza medie margarina Paticrem cu zah\u0103rul \u0219i ou\u0103le folosind telul mixerului. \u2022 Se adaug\u0103 treptat mixul de cookies \u0219i apa. Omogenizare 1 min. la vitez\u0103 mic\u0103. \u2022 Compozi\u021bia ob\u021binut\u0103 se toarn\u0103 cu un poche cu douille \u00een form\u0103 de aveline pu\u021bin presate, pe tava acoperit\u0103 cu h\u00e2rtie de copt. \u2022 Coacere: 160\u00b0C\/ 14 min. Preparare crem\u0103 ganache Ciocolat\u0103 lapte 375 g Creline 300 g ______________________ Total 675 g Se amestec\u0103 crema vegetal\u0103 Creline, \u00eenc\u0103lzit\u0103 p\u00e2n\u0103 la punctul de fierbere, cu ciocolata. Omogenizare. Se las\u0103 s\u0103 se r\u0103ceasc\u0103 30 min. Preparare crem\u0103 fistic Cremento Pistachio 150 g Fri\u0219c\u0103 350 g ______________________ Total 500 g \u2022 Se spumeaz\u0103 fri\u0219ca pe jum\u0103tate, apo\u00a0 se \u00eencorporeaz\u0103 crema cu fistic. \u2022 Se spumeaz\u0103 [...]","protected":false},"author":1,"featured_media":351992,"parent":351601,"menu_order":0,"comment_status":"closed","ping_status":"closed","template":"full-width.php","meta":{"_acf_changed":false,"footnotes":""},"categories":[124],"tags":[],"class_list":["post-351986","page","type-page","status-publish","has-post-thumbnail","hentry","category-catalog-retete-candy-bar"],"acf":[],"_links":{"self":[{"href":"https:\/\/orkla.ro\/b2b\/index.php\/wp-json\/wp\/v2\/pages\/351986","targetHints":{"allow":["GET"]}}],"collection":[{"href":"https:\/\/orkla.ro\/b2b\/index.php\/wp-json\/wp\/v2\/pages"}],"about":[{"href":"https:\/\/orkla.ro\/b2b\/index.php\/wp-json\/wp\/v2\/types\/page"}],"author":[{"embeddable":true,"href":"https:\/\/orkla.ro\/b2b\/index.php\/wp-json\/wp\/v2\/users\/1"}],"replies":[{"embeddable":true,"href":"https:\/\/orkla.ro\/b2b\/index.php\/wp-json\/wp\/v2\/comments?post=351986"}],"version-history":[{"count":6,"href":"https:\/\/orkla.ro\/b2b\/index.php\/wp-json\/wp\/v2\/pages\/351986\/revisions"}],"predecessor-version":[{"id":352410,"href":"https:\/\/orkla.ro\/b2b\/index.php\/wp-json\/wp\/v2\/pages\/351986\/revisions\/352410"}],"up":[{"embeddable":true,"href":"https:\/\/orkla.ro\/b2b\/index.php\/wp-json\/wp\/v2\/pages\/351601"}],"wp:featuredmedia":[{"embeddable":true,"href":"https:\/\/orkla.ro\/b2b\/index.php\/wp-json\/wp\/v2\/media\/351992"}],"wp:attachment":[{"href":"https:\/\/orkla.ro\/b2b\/index.php\/wp-json\/wp\/v2\/media?parent=351986"}],"wp:term":[{"taxonomy":"category","embeddable":true,"href":"https:\/\/orkla.ro\/b2b\/index.php\/wp-json\/wp\/v2\/categories?post=351986"},{"taxonomy":"post_tag","embeddable":true,"href":"https:\/\/orkla.ro\/b2b\/index.php\/wp-json\/wp\/v2\/tags?post=351986"}],"curies":[{"name":"wp","href":"https:\/\/api.w.org\/{rel}","templated":true}]}}