{"id":351868,"date":"2024-05-14T06:34:07","date_gmt":"2024-05-14T06:34:07","guid":{"rendered":"https:\/\/orkla.ro\/orklab2b\/?page_id=351868"},"modified":"2024-05-19T18:41:02","modified_gmt":"2024-05-19T18:41:02","slug":"mousse-fistichiu","status":"publish","type":"page","link":"https:\/\/orkla.ro\/b2b\/index.php\/evenimente-speciale-cake-bar\/mousse-fistichiu\/","title":{"rendered":"Mousse fistichiu"},"content":{"rendered":"<div class=\"eltdf-row-grid-section\"><div class=\"vc_row wpb_row vc_row-fluid eltdf-row-type-row\" style=\"\"><div class=\"wpb_column vc_column_container vc_col-sm-12 vc_hidden-sm vc_hidden-xs\"><div class=\"vc_column-inner vc_custom_1713382403317\"><div class=\"wpb_wrapper\">\n\t<div  class=\"wpb_single_image wpb_content_element vc_align_left\">\n\t\t\n\t\t<figure class=\"wpb_wrapper vc_figure\">\n\t\t\t<div class=\"vc_single_image-wrapper   vc_box_border_grey\"><img loading=\"lazy\" decoding=\"async\" width=\"2400\" height=\"1430\" src=\"https:\/\/orkla.ro\/b2b\/wp-content\/uploads\/2024\/05\/header-reteta-24.jpg\" class=\"vc_single_image-img attachment-full\" alt=\"\" srcset=\"https:\/\/orkla.ro\/b2b\/wp-content\/uploads\/2024\/05\/header-reteta-24.jpg 2400w, https:\/\/orkla.ro\/b2b\/wp-content\/uploads\/2024\/05\/header-reteta-24-300x179.jpg 300w, https:\/\/orkla.ro\/b2b\/wp-content\/uploads\/2024\/05\/header-reteta-24-1024x610.jpg 1024w, https:\/\/orkla.ro\/b2b\/wp-content\/uploads\/2024\/05\/header-reteta-24-768x458.jpg 768w, https:\/\/orkla.ro\/b2b\/wp-content\/uploads\/2024\/05\/header-reteta-24-1536x915.jpg 1536w, https:\/\/orkla.ro\/b2b\/wp-content\/uploads\/2024\/05\/header-reteta-24-18x12.jpg 18w, https:\/\/orkla.ro\/b2b\/wp-content\/uploads\/2024\/05\/header-reteta-24-600x358.jpg 600w\" sizes=\"auto, (max-width: 2400px) 100vw, 2400px\" \/><\/div>\n\t\t<\/figure>\n\t<\/div>\n\n\t<div  class=\"wpb_single_image wpb_content_element vc_align_center  vc_custom_1715875874776\">\n\t\t\n\t\t<figure class=\"wpb_wrapper vc_figure\">\n\t\t\t<div class=\"vc_single_image-wrapper   vc_box_border_grey\"><img loading=\"lazy\" decoding=\"async\" width=\"941\" height=\"200\" src=\"https:\/\/orkla.ro\/b2b\/wp-content\/uploads\/2024\/05\/pasi-39.png\" class=\"vc_single_image-img attachment-full\" alt=\"\" srcset=\"https:\/\/orkla.ro\/b2b\/wp-content\/uploads\/2024\/05\/pasi-39.png 941w, https:\/\/orkla.ro\/b2b\/wp-content\/uploads\/2024\/05\/pasi-39-300x64.png 300w, https:\/\/orkla.ro\/b2b\/wp-content\/uploads\/2024\/05\/pasi-39-768x163.png 768w, https:\/\/orkla.ro\/b2b\/wp-content\/uploads\/2024\/05\/pasi-39-18x4.png 18w, https:\/\/orkla.ro\/b2b\/wp-content\/uploads\/2024\/05\/pasi-39-600x128.png 600w\" sizes=\"auto, (max-width: 941px) 100vw, 941px\" \/><\/div>\n\t\t<\/figure>\n\t<\/div>\n<\/div><\/div><\/div><\/div><\/div><div class=\"eltdf-row-grid-section\"><div id=\"content-desktop\" class=\"vc_row wpb_row vc_row-fluid vc_custom_1715094065651 vc_row-has-fill eltdf-row-type-row\" style=\"\"><div class=\"wpb_column vc_column_container vc_col-sm-3 vc_hidden-sm vc_hidden-xs\"><div class=\"vc_column-inner vc_custom_1713382218154\"><div class=\"wpb_wrapper\"><div  class=\"vc_wp_text wpb_content_element\"><div class=\"widget widget_text\">\t\t\t<div class=\"textwidget\"><\/p>\n<h2>Preparare foaie pr\u0103jitur\u0103<\/h2>\n<p><strong>Credi<sup class=\"regtm\">\u00ae<\/sup>Cake Multicake Plus<\/strong> 200 g<br \/>\n<strong>Ou\u0103<\/strong> 50 g<br \/>\n____________________________<br \/>\n<strong>Total<\/strong> 250 g<\/p>\n<p>\u2022 Spumare cu telul 1 min. lent, 9 min. rapid, apoi \u00eenc\u0103 1 min. lent. Compozi\u021bia se toarn\u0103 \u00eentr-o tav\u0103 30&#215;40 cm.<br \/>\n\u2022 Coacere: 220\u00b0C\/ 3-5 min.<\/p>\n<\/div>\n\t\t<\/div><\/div><\/div><\/div><\/div><div class=\"wpb_column vc_column_container vc_col-sm-3 vc_hidden-sm vc_hidden-xs\"><div class=\"vc_column-inner vc_custom_1715112030689\"><div class=\"wpb_wrapper\"><div  class=\"vc_wp_text wpb_content_element\"><div class=\"widget widget_text\">\t\t\t<div class=\"textwidget\"><\/p>\n<h2>Preparare mousse cu fistic<\/h2>\n<p><strong>Lapte<\/strong> 120 g<br \/>\n<strong>G\u0103lbenu\u0219<\/strong> 30 g<br \/>\n<strong>Zah\u0103r<\/strong> 25 g<br \/>\n<strong>Cremento Pistachio<\/strong> 170 g<br \/>\n<strong>Fri\u0219c\u0103<\/strong> 170 g<br \/>\n<strong>Gelatin\u0103<\/strong> 10 g<br \/>\n<strong>Ap\u0103<\/strong> 50 g<br \/>\n____________________________<br \/>\n<strong>Total<\/strong> 575 g<\/p>\n<p>\u2022 Se \u00eenc\u0103lze\u0219te laptele p\u00e2n\u0103 la 85\u00b0C. Se ia de pe foc \u0219i se adaug\u0103 g\u0103lbenu\u0219urile spumate \u00een prealabil cu zah\u0103rul. Se adaug\u0103 gelatina hidratat\u0103, apoi crema cu fistic.<br \/>\n\u2022 Adaug\u0103m fri\u0219ca semi-spumat\u0103 \u00een compozi\u021bie. Omogenizare.<\/p>\n<\/div>\n\t\t<\/div><\/div><\/div><\/div><\/div><div class=\"wpb_column vc_column_container vc_col-sm-3\"><div class=\"vc_column-inner\"><div class=\"wpb_wrapper\"><div  class=\"vc_wp_text wpb_content_element\"><div class=\"widget widget_text\">\t\t\t<div class=\"textwidget\"><\/p>\n<h2>Preparare glazur\u0103 fistic<\/h2>\n<p><strong>Zah\u0103r<\/strong> 150 g<br \/>\n<strong>Ap\u0103<\/strong> 75 g<br \/>\n<strong>Gelatin\u0103<\/strong> 10 g<br \/>\n<strong>Ciocolat\u0103 alb\u0103<\/strong> 150 g<br \/>\n<strong>Cremento Pistachio<\/strong> 75 g<br \/>\n<strong>Lapte condensat<\/strong> 100 g<br \/>\n____________________________<br \/>\n<strong>Total<\/strong> 560 g<\/p>\n<p>\u2022 Se hidrateaz\u0103 gelatina cu cele 50 g ap\u0103 rece. Se fierbe apa cu zah\u0103rul p\u00e2n\u0103 la 107\u00b0C, se ia de pe foc \u0219i se adaug\u0103 crema de fistic, ciocolata alb\u0103 \u0219i laptele condensat. Omogenizare.<br \/>\n\u2022 Se adaug\u0103 \u0219i gelatina hidratat\u0103 \u0219i topit\u0103. Se poate pune \u0219i colorant dac\u0103 se dore\u0219te.<br \/>\n\u2022 Glazurarea se face doar c\u00e2nd glazura are temperatura \u00eentre 33-35\u00b0C.<\/p>\n<\/div>\n\t\t<\/div><\/div><\/div><\/div><\/div><div class=\"wpb_column vc_column_container vc_col-sm-3\"><div class=\"vc_column-inner\"><div class=\"wpb_wrapper\"><div  class=\"vc_wp_text wpb_content_element\"><div class=\"widget widget_text\">\t\t\t<div class=\"textwidget\"><\/p>\n<h2>Finisare pr\u0103jitur\u0103<\/h2>\n<p>\u2022 Se pun \u00een interiorul formelor rotunde de policarbonat, pe pere\u021bii acestora, folii de acetofan.<br \/>\n\u2022 Pe fundul formelor se a\u0219eaz\u0103 foaie de rulad\u0103 decupat\u0103 la dimensiunea formei. Se umplu formele \u00be cu mousse de fistic. Se poche-eaz\u0103 c\u00e2te 5 g de Cremento Pistachio \u00een mijlocul pr\u0103jiturelelor \u0219i se completeaz\u0103 formele cu mousse p\u00e2n\u0103 la marginea de sus. Se \u00eendreapt\u0103 perfect. Congelare.<br \/>\n\u2022 Extragere din forme, glazurare \u0219i decorare.<\/p>\n<\/div>\n\t\t<\/div><\/div><\/div><\/div><\/div><\/div><\/div><div class=\"eltdf-row-grid-section\"><div class=\"vc_row wpb_row vc_row-fluid vc_custom_1715095307173 vc_row-has-fill eltdf-row-type-row\" style=\"\"><div class=\"wpb_column vc_column_container vc_col-sm-3 vc_hidden-sm vc_hidden-xs\"><div class=\"vc_column-inner\"><div class=\"wpb_wrapper\"><div class=\"woocommerce \"><ul class=\"products columns-4\">\n<li class=\"product type-product post-352196 status-publish first instock product_cat-amestecuri-si-amelioratori-pentru-prajituri has-post-thumbnail shipping-taxable purchasable product-type-simple\">\n\t<div class=\"eltdf-pl-inner\"><div class=\"eltdf-pl-image\"><img loading=\"lazy\" decoding=\"async\" width=\"300\" height=\"300\" src=\"https:\/\/orkla.ro\/b2b\/wp-content\/uploads\/2024\/05\/CREDI-MULTI-CAKE-PLUS-300x300.jpg\" class=\"attachment-woocommerce_thumbnail size-woocommerce_thumbnail\" alt=\"Credi\u00ae Cake Multicake Plus\" srcset=\"https:\/\/orkla.ro\/b2b\/wp-content\/uploads\/2024\/05\/CREDI-MULTI-CAKE-PLUS-300x300.jpg 300w, https:\/\/orkla.ro\/b2b\/wp-content\/uploads\/2024\/05\/CREDI-MULTI-CAKE-PLUS-150x150.jpg 150w, https:\/\/orkla.ro\/b2b\/wp-content\/uploads\/2024\/05\/CREDI-MULTI-CAKE-PLUS-768x768.jpg 768w, https:\/\/orkla.ro\/b2b\/wp-content\/uploads\/2024\/05\/CREDI-MULTI-CAKE-PLUS-12x12.jpg 12w, https:\/\/orkla.ro\/b2b\/wp-content\/uploads\/2024\/05\/CREDI-MULTI-CAKE-PLUS-550x550.jpg 550w, https:\/\/orkla.ro\/b2b\/wp-content\/uploads\/2024\/05\/CREDI-MULTI-CAKE-PLUS-600x600.jpg 600w, https:\/\/orkla.ro\/b2b\/wp-content\/uploads\/2024\/05\/CREDI-MULTI-CAKE-PLUS-200x200.jpg 200w, https:\/\/orkla.ro\/b2b\/wp-content\/uploads\/2024\/05\/CREDI-MULTI-CAKE-PLUS.jpg 1000w\" sizes=\"auto, (max-width: 300px) 100vw, 300px\" \/><div class=\"eltdf-pl-text\"><div class=\"eltdf-pl-text-outer\"><div class=\"eltdf-pl-text-inner\"><a href=\"?add-to-cart=352196\" aria-describedby=\"woocommerce_loop_add_to_cart_link_describedby_352196\" data-quantity=\"1\" class=\"button product_type_simple add_to_cart_button ajax_add_to_cart\" data-product_id=\"352196\" data-product_sku=\"\" aria-label=\"Adaug\u0103 \u00een co\u0219: &amp;lbquo;Credi\u00ae Cake Multicake Plus&rdquo;\" rel=\"nofollow\" data-success_message=\"&bdquo;Credi\u00ae Cake Multicake Plus&rdquo; a fost ad\u0103ugat \u00een co\u0219\">Mai Multe informa\u021bii<\/a>\t<span id=\"woocommerce_loop_add_to_cart_link_describedby_352196\" class=\"screen-reader-text\">\n\t\t\t<\/span>\n<\/div><\/div><\/div><\/div><a href=\"https:\/\/orkla.ro\/b2b\/index.php\/product\/credi-cake-multicake-plus\/\" class=\"woocommerce-LoopProduct-link woocommerce-loop-product__link\"><\/a><\/div><div class=\"eltdf-pl-text-wrapper\"><h4 class=\"eltdf-product-list-title\"><a href=\"https:\/\/orkla.ro\/b2b\/index.php\/product\/credi-cake-multicake-plus\/\">Credi\u00ae Cake Multicake Plus<\/a><\/h4>\n\t<span class=\"price\"><span class=\"woocommerce-Price-amount amount\"><bdi><span class=\"woocommerce-Price-currencySymbol\">&#36;<\/span>0.00<\/bdi><\/span><\/span>\n<\/div><\/li>\n<\/ul>\n<\/div><\/div><\/div><\/div><div class=\"wpb_column vc_column_container vc_col-sm-3 vc_hidden-sm vc_hidden-xs\"><div class=\"vc_column-inner\"><div class=\"wpb_wrapper\"><\/div><\/div><\/div><div class=\"wpb_column vc_column_container vc_col-sm-3 vc_hidden-sm vc_hidden-xs\"><div class=\"vc_column-inner\"><div class=\"wpb_wrapper\"><\/div><\/div><\/div><div class=\"wpb_column vc_column_container vc_col-sm-3 vc_hidden-sm vc_hidden-xs\"><div class=\"vc_column-inner\"><div class=\"wpb_wrapper\"><\/div><\/div><\/div><\/div><\/div><div id=\"image-mobile\" class=\"vc_row wpb_row vc_row-fluid vc_custom_1713717305308 eltdf-row-type-row\" style=\"\"><div class=\"wpb_column vc_column_container vc_col-sm-12 vc_hidden-lg vc_hidden-md\"><div class=\"vc_column-inner vc_custom_1713380711047\"><div class=\"wpb_wrapper\">\n\t<div  class=\"wpb_single_image wpb_content_element vc_align_center   classwidth\">\n\t\t\n\t\t<figure class=\"wpb_wrapper vc_figure\">\n\t\t\t<div class=\"vc_single_image-wrapper   vc_box_border_grey\"><img loading=\"lazy\" decoding=\"async\" width=\"1170\" height=\"2560\" src=\"https:\/\/orkla.ro\/b2b\/wp-content\/uploads\/2024\/05\/header-reteta-mobile-31-scaled.jpg\" class=\"vc_single_image-img attachment-full\" alt=\"\" srcset=\"https:\/\/orkla.ro\/b2b\/wp-content\/uploads\/2024\/05\/header-reteta-mobile-31-scaled.jpg 1170w, https:\/\/orkla.ro\/b2b\/wp-content\/uploads\/2024\/05\/header-reteta-mobile-31-137x300.jpg 137w, https:\/\/orkla.ro\/b2b\/wp-content\/uploads\/2024\/05\/header-reteta-mobile-31-468x1024.jpg 468w, https:\/\/orkla.ro\/b2b\/wp-content\/uploads\/2024\/05\/header-reteta-mobile-31-768x1681.jpg 768w, https:\/\/orkla.ro\/b2b\/wp-content\/uploads\/2024\/05\/header-reteta-mobile-31-702x1536.jpg 702w, https:\/\/orkla.ro\/b2b\/wp-content\/uploads\/2024\/05\/header-reteta-mobile-31-936x2048.jpg 936w, https:\/\/orkla.ro\/b2b\/wp-content\/uploads\/2024\/05\/header-reteta-mobile-31-5x12.jpg 5w, https:\/\/orkla.ro\/b2b\/wp-content\/uploads\/2024\/05\/header-reteta-mobile-31-600x1313.jpg 600w\" sizes=\"auto, (max-width: 1170px) 100vw, 1170px\" \/><\/div>\n\t\t<\/figure>\n\t<\/div>\n\n\t<div  class=\"wpb_single_image wpb_content_element vc_align_center  vc_custom_1715875887196\">\n\t\t\n\t\t<figure class=\"wpb_wrapper vc_figure\">\n\t\t\t<div class=\"vc_single_image-wrapper   vc_box_border_grey\"><img loading=\"lazy\" decoding=\"async\" width=\"941\" height=\"200\" src=\"https:\/\/orkla.ro\/b2b\/wp-content\/uploads\/2024\/05\/pasi-39.png\" class=\"vc_single_image-img attachment-full\" alt=\"\" srcset=\"https:\/\/orkla.ro\/b2b\/wp-content\/uploads\/2024\/05\/pasi-39.png 941w, https:\/\/orkla.ro\/b2b\/wp-content\/uploads\/2024\/05\/pasi-39-300x64.png 300w, https:\/\/orkla.ro\/b2b\/wp-content\/uploads\/2024\/05\/pasi-39-768x163.png 768w, https:\/\/orkla.ro\/b2b\/wp-content\/uploads\/2024\/05\/pasi-39-18x4.png 18w, https:\/\/orkla.ro\/b2b\/wp-content\/uploads\/2024\/05\/pasi-39-600x128.png 600w\" sizes=\"auto, (max-width: 941px) 100vw, 941px\" \/><\/div>\n\t\t<\/figure>\n\t<\/div>\n<\/div><\/div><\/div><\/div><div class=\"eltdf-row-grid-section\"><div class=\"vc_row wpb_row vc_row-fluid vc_custom_1715509540678 vc_row-has-fill eltdf-row-type-row\" style=\"\"><div class=\"wpb_column vc_column_container vc_col-sm-3 vc_hidden-lg vc_hidden-md\"><div class=\"vc_column-inner vc_custom_1715509559409\"><div class=\"wpb_wrapper\"><div  class=\"vc_wp_text wpb_content_element\"><div class=\"widget widget_text\">\t\t\t<div class=\"textwidget\"><\/p>\n<h2>Preparare foaie pr\u0103jitur\u0103<\/h2>\n<p><strong>Credi<sup class=\"regtm\">\u00ae<\/sup>Cake Multicake Plus<\/strong> 200 g<br \/>\n<strong>Ou\u0103<\/strong> 50 g<br \/>\n____________________________<br \/>\n<strong>Total<\/strong> 250 g<\/p>\n<p>\u2022 Spumare cu telul 1 min. lent, 9 min. rapid, apoi \u00eenc\u0103 1 min. lent. Compozi\u021bia se toarn\u0103 \u00eentr-o tav\u0103 30&#215;40 cm.<br \/>\n\u2022 Coacere: 220\u00b0C\/ 3-5 min.<\/p>\n<\/div>\n\t\t<\/div><\/div><\/div><\/div><\/div><div class=\"wpb_column vc_column_container vc_col-sm-3 vc_hidden-lg vc_hidden-md\"><div class=\"vc_column-inner vc_custom_1715509569859\"><div class=\"wpb_wrapper\"><div  class=\"vc_wp_text wpb_content_element\"><div class=\"widget widget_text\">\t\t\t<div class=\"textwidget\"><\/p>\n<h2>Preparare mousse cu fistic<\/h2>\n<p><strong>Lapte<\/strong> 120 g<br \/>\n<strong>G\u0103lbenu\u0219<\/strong> 30 g<br \/>\n<strong>Zah\u0103r<\/strong> 25 g<br \/>\n<strong>Cremento Pistachio<\/strong> 170 g<br \/>\n<strong>Fri\u0219c\u0103<\/strong> 170 g<br \/>\n<strong>Gelatin\u0103<\/strong> 10 g<br \/>\n<strong>Ap\u0103<\/strong> 50 g<br \/>\n____________________________<br \/>\n<strong>Total<\/strong> 575 g<\/p>\n<p>\u2022 Se \u00eenc\u0103lze\u0219te laptele p\u00e2n\u0103 la 85\u00b0C. Se ia de pe foc \u0219i se adaug\u0103 g\u0103lbenu\u0219urile spumate \u00een prealabil cu zah\u0103rul. Se adaug\u0103 gelatina hidratat\u0103, apoi crema cu fistic.<br \/>\n\u2022 Adaug\u0103m fri\u0219ca semi-spumat\u0103 \u00een compozi\u021bie. Omogenizare.<\/p>\n<\/div>\n\t\t<\/div><\/div><\/div><\/div><\/div><div class=\"wpb_column vc_column_container vc_col-sm-3 vc_hidden-lg vc_hidden-md\"><div class=\"vc_column-inner\"><div class=\"wpb_wrapper\"><div  class=\"vc_wp_text wpb_content_element\"><div class=\"widget widget_text\">\t\t\t<div class=\"textwidget\"><\/p>\n<h2>Preparare glazur\u0103 fistic<\/h2>\n<p><strong>Zah\u0103r<\/strong> 150 g<br \/>\n<strong>Ap\u0103<\/strong> 75 g<br \/>\n<strong>Gelatin\u0103<\/strong> 10 g<br \/>\n<strong>Ciocolat\u0103 alb\u0103<\/strong> 150 g<br \/>\n<strong>Cremento Pistachio<\/strong> 75 g<br \/>\n<strong>Lapte condensat<\/strong> 100 g<br \/>\n____________________________<br \/>\n<strong>Total<\/strong> 560 g<\/p>\n<p>\u2022 Se hidrateaz\u0103 gelatina cu cele 50 g ap\u0103 rece. Se fierbe apa cu zah\u0103rul p\u00e2n\u0103 la 107\u00b0C, se ia de pe foc \u0219i se adaug\u0103 crema de fistic, ciocolata alb\u0103 \u0219i laptele condensat. Omogenizare.<br \/>\n\u2022 Se adaug\u0103 \u0219i gelatina hidratat\u0103 \u0219i topit\u0103. Se poate pune \u0219i colorant dac\u0103 se dore\u0219te.<br \/>\n\u2022 Glazurarea se face doar c\u00e2nd glazura are temperatura \u00eentre 33-35\u00b0C.<\/p>\n<\/div>\n\t\t<\/div><\/div><\/div><\/div><\/div><div class=\"wpb_column vc_column_container vc_col-sm-3 vc_hidden-lg vc_hidden-md\"><div class=\"vc_column-inner\"><div class=\"wpb_wrapper\"><div  class=\"vc_wp_text wpb_content_element\"><div class=\"widget widget_text\">\t\t\t<div class=\"textwidget\"><\/p>\n<h2>Finisare pr\u0103jitur\u0103<\/h2>\n<p>\u2022 Se pun \u00een interiorul formelor rotunde de policarbonat, pe pere\u021bii acestora, folii de acetofan.<br \/>\n\u2022 Pe fundul formelor se a\u0219eaz\u0103 foaie de rulad\u0103 decupat\u0103 la dimensiunea formei. Se umplu formele \u00be cu mousse de fistic. Se poche-eaz\u0103 c\u00e2te 5 g de Cremento Pistachio \u00een mijlocul pr\u0103jiturelelor \u0219i se completeaz\u0103 formele cu mousse p\u00e2n\u0103 la marginea de sus. Se \u00eendreapt\u0103 perfect. Congelare.<br \/>\n\u2022 Extragere din forme, glazurare \u0219i decorare.<\/p>\n<\/div>\n\t\t<\/div><\/div><\/div><\/div><\/div><\/div><\/div><div id=\"produse-mobile\" class=\"vc_row wpb_row vc_row-fluid vc_custom_1715096675430 vc_row-has-fill eltdf-row-type-row\" style=\"\"><div class=\"wpb_column vc_column_container vc_col-sm-3 vc_hidden-lg vc_hidden-md\"><div class=\"vc_column-inner\"><div class=\"wpb_wrapper\"><div class=\"woocommerce \"><ul class=\"products columns-4\">\n<li class=\"product type-product post-352196 status-publish first instock product_cat-amestecuri-si-amelioratori-pentru-prajituri has-post-thumbnail shipping-taxable purchasable product-type-simple\">\n\t<div class=\"eltdf-pl-inner\"><div class=\"eltdf-pl-image\"><img loading=\"lazy\" decoding=\"async\" width=\"300\" height=\"300\" src=\"https:\/\/orkla.ro\/b2b\/wp-content\/uploads\/2024\/05\/CREDI-MULTI-CAKE-PLUS-300x300.jpg\" class=\"attachment-woocommerce_thumbnail size-woocommerce_thumbnail\" alt=\"Credi\u00ae Cake Multicake Plus\" srcset=\"https:\/\/orkla.ro\/b2b\/wp-content\/uploads\/2024\/05\/CREDI-MULTI-CAKE-PLUS-300x300.jpg 300w, https:\/\/orkla.ro\/b2b\/wp-content\/uploads\/2024\/05\/CREDI-MULTI-CAKE-PLUS-150x150.jpg 150w, https:\/\/orkla.ro\/b2b\/wp-content\/uploads\/2024\/05\/CREDI-MULTI-CAKE-PLUS-768x768.jpg 768w, https:\/\/orkla.ro\/b2b\/wp-content\/uploads\/2024\/05\/CREDI-MULTI-CAKE-PLUS-12x12.jpg 12w, https:\/\/orkla.ro\/b2b\/wp-content\/uploads\/2024\/05\/CREDI-MULTI-CAKE-PLUS-550x550.jpg 550w, https:\/\/orkla.ro\/b2b\/wp-content\/uploads\/2024\/05\/CREDI-MULTI-CAKE-PLUS-600x600.jpg 600w, https:\/\/orkla.ro\/b2b\/wp-content\/uploads\/2024\/05\/CREDI-MULTI-CAKE-PLUS-200x200.jpg 200w, https:\/\/orkla.ro\/b2b\/wp-content\/uploads\/2024\/05\/CREDI-MULTI-CAKE-PLUS.jpg 1000w\" sizes=\"auto, (max-width: 300px) 100vw, 300px\" \/><div class=\"eltdf-pl-text\"><div class=\"eltdf-pl-text-outer\"><div class=\"eltdf-pl-text-inner\"><a href=\"?add-to-cart=352196\" aria-describedby=\"woocommerce_loop_add_to_cart_link_describedby_352196\" data-quantity=\"1\" class=\"button product_type_simple add_to_cart_button ajax_add_to_cart\" data-product_id=\"352196\" data-product_sku=\"\" aria-label=\"Adaug\u0103 \u00een co\u0219: &amp;lbquo;Credi\u00ae Cake Multicake Plus&rdquo;\" rel=\"nofollow\" data-success_message=\"&bdquo;Credi\u00ae Cake Multicake Plus&rdquo; a fost ad\u0103ugat \u00een co\u0219\">Mai Multe informa\u021bii<\/a>\t<span id=\"woocommerce_loop_add_to_cart_link_describedby_352196\" class=\"screen-reader-text\">\n\t\t\t<\/span>\n<\/div><\/div><\/div><\/div><a href=\"https:\/\/orkla.ro\/b2b\/index.php\/product\/credi-cake-multicake-plus\/\" class=\"woocommerce-LoopProduct-link woocommerce-loop-product__link\"><\/a><\/div><div class=\"eltdf-pl-text-wrapper\"><h4 class=\"eltdf-product-list-title\"><a href=\"https:\/\/orkla.ro\/b2b\/index.php\/product\/credi-cake-multicake-plus\/\">Credi\u00ae Cake Multicake Plus<\/a><\/h4>\n\t<span class=\"price\"><span class=\"woocommerce-Price-amount amount\"><bdi><span class=\"woocommerce-Price-currencySymbol\">&#36;<\/span>0.00<\/bdi><\/span><\/span>\n<\/div><\/li>\n<\/ul>\n<\/div><\/div><\/div><\/div><div class=\"wpb_column vc_column_container vc_col-sm-3 vc_hidden-lg vc_hidden-md\"><div class=\"vc_column-inner\"><div class=\"wpb_wrapper\"><\/div><\/div><\/div><div class=\"wpb_column vc_column_container vc_col-sm-3 vc_hidden-lg vc_hidden-md\"><div class=\"vc_column-inner\"><div class=\"wpb_wrapper\"><\/div><\/div><\/div><div class=\"wpb_column vc_column_container vc_col-sm-3 vc_hidden-lg vc_hidden-md\"><div class=\"vc_column-inner\"><div class=\"wpb_wrapper\"><\/div><\/div><\/div><\/div>\n","protected":false},"excerpt":{"rendered":"Preparare foaie pr\u0103jitur\u0103 Credi\u00aeCake Multicake Plus 200 g Ou\u0103 50 g ____________________________ Total 250 g \u2022 Spumare cu telul 1 min. lent, 9 min. rapid, apoi \u00eenc\u0103 1 min. lent. Compozi\u021bia se toarn\u0103 \u00eentr-o tav\u0103 30x40 cm. \u2022 Coacere: 220\u00b0C\/ 3-5 min. Preparare mousse cu fistic Lapte 120 g G\u0103lbenu\u0219 30 g Zah\u0103r 25 g Cremento Pistachio 170 g Fri\u0219c\u0103 170 g Gelatin\u0103 10 g Ap\u0103 50 g ____________________________ Total 575 g \u2022 Se \u00eenc\u0103lze\u0219te laptele p\u00e2n\u0103 la 85\u00b0C. Se ia de pe foc \u0219i se adaug\u0103 g\u0103lbenu\u0219urile spumate \u00een prealabil cu zah\u0103rul. Se adaug\u0103 gelatina hidratat\u0103, apoi crema cu fistic. \u2022 Adaug\u0103m fri\u0219ca semi-spumat\u0103 \u00een compozi\u021bie. Omogenizare. Preparare glazur\u0103 fistic Zah\u0103r 150 g Ap\u0103 75 g Gelatin\u0103 10 g Ciocolat\u0103 alb\u0103 150 g Cremento Pistachio 75 g Lapte condensat 100 g ____________________________ Total 560 g \u2022 Se hidrateaz\u0103 gelatina cu cele 50 g ap\u0103 rece. Se fierbe apa cu [...]","protected":false},"author":1,"featured_media":351876,"parent":351601,"menu_order":0,"comment_status":"closed","ping_status":"closed","template":"full-width.php","meta":{"_acf_changed":false,"footnotes":""},"categories":[124],"tags":[],"class_list":["post-351868","page","type-page","status-publish","has-post-thumbnail","hentry","category-catalog-retete-candy-bar"],"acf":[],"_links":{"self":[{"href":"https:\/\/orkla.ro\/b2b\/index.php\/wp-json\/wp\/v2\/pages\/351868","targetHints":{"allow":["GET"]}}],"collection":[{"href":"https:\/\/orkla.ro\/b2b\/index.php\/wp-json\/wp\/v2\/pages"}],"about":[{"href":"https:\/\/orkla.ro\/b2b\/index.php\/wp-json\/wp\/v2\/types\/page"}],"author":[{"embeddable":true,"href":"https:\/\/orkla.ro\/b2b\/index.php\/wp-json\/wp\/v2\/users\/1"}],"replies":[{"embeddable":true,"href":"https:\/\/orkla.ro\/b2b\/index.php\/wp-json\/wp\/v2\/comments?post=351868"}],"version-history":[{"count":5,"href":"https:\/\/orkla.ro\/b2b\/index.php\/wp-json\/wp\/v2\/pages\/351868\/revisions"}],"predecessor-version":[{"id":352398,"href":"https:\/\/orkla.ro\/b2b\/index.php\/wp-json\/wp\/v2\/pages\/351868\/revisions\/352398"}],"up":[{"embeddable":true,"href":"https:\/\/orkla.ro\/b2b\/index.php\/wp-json\/wp\/v2\/pages\/351601"}],"wp:featuredmedia":[{"embeddable":true,"href":"https:\/\/orkla.ro\/b2b\/index.php\/wp-json\/wp\/v2\/media\/351876"}],"wp:attachment":[{"href":"https:\/\/orkla.ro\/b2b\/index.php\/wp-json\/wp\/v2\/media?parent=351868"}],"wp:term":[{"taxonomy":"category","embeddable":true,"href":"https:\/\/orkla.ro\/b2b\/index.php\/wp-json\/wp\/v2\/categories?post=351868"},{"taxonomy":"post_tag","embeddable":true,"href":"https:\/\/orkla.ro\/b2b\/index.php\/wp-json\/wp\/v2\/tags?post=351868"}],"curies":[{"name":"wp","href":"https:\/\/api.w.org\/{rel}","templated":true}]}}