{"id":351730,"date":"2024-05-13T13:59:32","date_gmt":"2024-05-13T13:59:32","guid":{"rendered":"https:\/\/orkla.ro\/orklab2b\/?page_id=351730"},"modified":"2024-05-19T18:01:09","modified_gmt":"2024-05-19T18:01:09","slug":"moussy-rasfatat-cu-crema-fistic","status":"publish","type":"page","link":"https:\/\/orkla.ro\/b2b\/index.php\/evenimente-speciale-cake-bar\/moussy-rasfatat-cu-crema-fistic\/","title":{"rendered":"MOUSSY r\u0103sf\u0103\u021bat cu CREM\u0102 FISTIC"},"content":{"rendered":"<div class=\"eltdf-row-grid-section\"><div class=\"vc_row wpb_row vc_row-fluid eltdf-row-type-row\" style=\"\"><div class=\"wpb_column vc_column_container vc_col-sm-12 vc_hidden-sm vc_hidden-xs\"><div class=\"vc_column-inner vc_custom_1713382403317\"><div class=\"wpb_wrapper\">\n\t<div  class=\"wpb_single_image wpb_content_element vc_align_left\">\n\t\t\n\t\t<figure class=\"wpb_wrapper vc_figure\">\n\t\t\t<div class=\"vc_single_image-wrapper   vc_box_border_grey\"><img loading=\"lazy\" decoding=\"async\" width=\"2400\" height=\"1430\" src=\"https:\/\/orkla.ro\/b2b\/wp-content\/uploads\/2024\/05\/header-reteta-11.jpg\" class=\"vc_single_image-img attachment-full\" alt=\"\" srcset=\"https:\/\/orkla.ro\/b2b\/wp-content\/uploads\/2024\/05\/header-reteta-11.jpg 2400w, https:\/\/orkla.ro\/b2b\/wp-content\/uploads\/2024\/05\/header-reteta-11-300x179.jpg 300w, https:\/\/orkla.ro\/b2b\/wp-content\/uploads\/2024\/05\/header-reteta-11-1024x610.jpg 1024w, https:\/\/orkla.ro\/b2b\/wp-content\/uploads\/2024\/05\/header-reteta-11-768x458.jpg 768w, https:\/\/orkla.ro\/b2b\/wp-content\/uploads\/2024\/05\/header-reteta-11-1536x915.jpg 1536w, https:\/\/orkla.ro\/b2b\/wp-content\/uploads\/2024\/05\/header-reteta-11-18x12.jpg 18w, https:\/\/orkla.ro\/b2b\/wp-content\/uploads\/2024\/05\/header-reteta-11-600x358.jpg 600w\" sizes=\"auto, (max-width: 2400px) 100vw, 2400px\" \/><\/div>\n\t\t<\/figure>\n\t<\/div>\n\n\t<div  class=\"wpb_single_image wpb_content_element vc_align_center  vc_custom_1715608889952\">\n\t\t\n\t\t<figure class=\"wpb_wrapper vc_figure\">\n\t\t\t<div class=\"vc_single_image-wrapper   vc_box_border_grey\"><img loading=\"lazy\" decoding=\"async\" width=\"1300\" height=\"200\" src=\"https:\/\/orkla.ro\/b2b\/wp-content\/uploads\/2024\/05\/pasi-19.png\" class=\"vc_single_image-img attachment-full\" alt=\"\" srcset=\"https:\/\/orkla.ro\/b2b\/wp-content\/uploads\/2024\/05\/pasi-19.png 1300w, https:\/\/orkla.ro\/b2b\/wp-content\/uploads\/2024\/05\/pasi-19-300x46.png 300w, https:\/\/orkla.ro\/b2b\/wp-content\/uploads\/2024\/05\/pasi-19-1024x158.png 1024w, https:\/\/orkla.ro\/b2b\/wp-content\/uploads\/2024\/05\/pasi-19-768x118.png 768w, https:\/\/orkla.ro\/b2b\/wp-content\/uploads\/2024\/05\/pasi-19-18x3.png 18w, https:\/\/orkla.ro\/b2b\/wp-content\/uploads\/2024\/05\/pasi-19-600x92.png 600w\" sizes=\"auto, (max-width: 1300px) 100vw, 1300px\" \/><\/div>\n\t\t<\/figure>\n\t<\/div>\n<\/div><\/div><\/div><\/div><\/div><div class=\"eltdf-row-grid-section\"><div id=\"content-desktop\" class=\"vc_row wpb_row vc_row-fluid vc_custom_1715094065651 vc_row-has-fill eltdf-row-type-row\" style=\"\"><div class=\"wpb_column vc_column_container vc_col-sm-3 vc_hidden-sm vc_hidden-xs\"><div class=\"vc_column-inner vc_custom_1713382218154\"><div class=\"wpb_wrapper\"><div  class=\"vc_wp_text wpb_content_element\"><div class=\"widget widget_text\">\t\t\t<div class=\"textwidget\"><\/p>\n<h2>Preparare blat toffee<\/h2>\n<p>Credi<sup><sup class=\"regtm\">\u00ae<\/sup><\/sup>Softcake Toffee 330 g<br \/>\nAp\u0103 150 g<br \/>\nUlei 130 g<br \/>\nOu\u0103 120 g<br \/>\n_______________________________<br \/>\nTotal 730 g<\/p>\n<p>\u2022 Se spumeaz\u0103 margarina cu zah\u0103rul p\u00e2n\u0103 cap\u0103t\u0103 volum.<br \/>\n\u2022 Se \u00eencorporeaz\u0103 treptat ou\u0103le \u0219i apa. La final se adaug\u0103 \u0219i mixul de cookies. Se omogenizeaz\u0103,<br \/>\napoi se \u00eentinde compozi\u021bia \u00eentr-o tav\u0103 de 30&#215;40 cm.<br \/>\n\u2022 Coacerea se face la 170\u00b0C\/ aprox. 14 min.<\/p>\n<\/div>\n\t\t<\/div><\/div><\/div><\/div><\/div><div class=\"wpb_column vc_column_container vc_col-sm-3 vc_hidden-sm vc_hidden-xs\"><div class=\"vc_column-inner vc_custom_1715112030689\"><div class=\"wpb_wrapper\"><div  class=\"vc_wp_text wpb_content_element\"><div class=\"widget widget_text\">\t\t\t<div class=\"textwidget\"><\/p>\n<h2>Preparare mousse-uri<\/h2>\n<p><strong>Lapte<\/strong> 350 g<br \/>\n<strong>G\u0103lbenu\u0219<\/strong> 90 g<br \/>\n<strong>Zah\u0103r<\/strong> 70 g<br \/>\n<strong>Gelatin\u0103<\/strong> 20 g<br \/>\n<strong>Ap\u0103<\/strong> 100 g<br \/>\n______________________________<br \/>\n<strong>Total baz\u0103 mouse<\/strong> 630 g<\/p>\n<p>\u2022 Se \u00eenc\u0103lze\u0219te laptele p\u00e2n\u0103 la 85\u00b0C. Se ia de pe foc \u0219i se adaug\u0103 g\u0103lbenu\u0219urile spumate anterior cu zah\u0103rul. Se omogenizeaz\u0103, apoi se adaug\u0103 \u0219igelatina hidratat\u0103 \u00een prealabil cu ap\u0103 rece.Cantitatea rezultat\u0103 se \u00eemparte \u00een dou\u0103 p\u0103r\u021bi de 315 g.<br \/>\n\u2022 O parte se omogenizeaz\u0103 cu 255 g crem\u0103 cu fistic Cremento Pistachio \u0219i 255 g fri\u0219c\u0103 semispumat\u0103.<br \/>\n\u2022 A doua jum\u0103tate se omogenizeaz\u0103 cu 255 g ciocolat\u0103alb\u0103 \u0219i 255 g fri\u0219c\u0103 semispumat\u0103.<\/p>\n<\/div>\n\t\t<\/div><\/div><\/div><\/div><\/div><div class=\"wpb_column vc_column_container vc_col-sm-3\"><div class=\"vc_column-inner\"><div class=\"wpb_wrapper\"><div  class=\"vc_wp_text wpb_content_element\"><div class=\"widget widget_text\">\t\t\t<div class=\"textwidget\"><\/p>\n<h2>Preparare glazur\u0103<\/h2>\n<p><strong>Zah\u0103r<\/strong> 150 g<br \/>\n<strong>Ap\u0103<\/strong> 75 g<br \/>\n<strong>Gelatin\u0103<\/strong> 10 g<br \/>\n<strong>Ap\u0103<\/strong> 50 g<br \/>\n<strong>Ciocolat\u0103<\/strong> 175 g<br \/>\n<strong>Lapte condensat<\/strong> 100 g<br \/>\n____________________________<br \/>\n<strong>Total<\/strong> 560 g<\/p>\n<p>\u2022 Se hidrateaz\u0103 gelatina cu cele 50 g ap\u0103 rece.<br \/>\n\u2022 Se fierbe apa cu zah\u0103rul, apoi se ia de pe foc \u0219i<br \/>\nse adaug\u0103 ciocolata \u0219i laptele condensat. Seomogenizeaz\u0103 compozi\u021bia, apoi se adaug\u0103 \u0219i<br \/>\ngelatina hidratat\u0103 \u0219i topit\u0103 \u00een prealabil.<br \/>\n\u2022 Glazurarea se realizeaz\u0103 doar c\u00e2nd glazura are<br \/>\ntemperatura de 33-35\u00b0C.<\/p>\n<\/div>\n\t\t<\/div><\/div><\/div><\/div><\/div><div class=\"wpb_column vc_column_container vc_col-sm-3\"><div class=\"vc_column-inner\"><div class=\"wpb_wrapper\"><div  class=\"vc_wp_text wpb_content_element\"><div class=\"widget widget_text\">\t\t\t<div class=\"textwidget\"><\/p>\n<h2>Finisare pr\u0103jitur\u0103<\/h2>\n<p>\u2022 Se a\u0219eaz\u0103 pe pere\u021bii formelor monopor\u021bii (pt. 50 g produs finit) folie separare, apoi a\u0219ez\u0103m blatul<br \/>\ndecupat la baz\u0103.<br \/>\n\u2022 Peste blat se pun 5 g crem\u0103 cu fistic, apoi turn\u0103m p\u00e2n\u0103 la jum\u0103tatea formelor mousse-ul de<br \/>\nfistic. Se bag\u0103 la rece pentru a se \u00eent\u0103ri pu\u021bin, apoi se adaug\u0103 al doilea mousse. Dup\u0103 ce se<br \/>\n\u00eent\u0103re\u0219te, se glazureaz\u0103. Dup\u0103 r\u0103cire se decoreaz\u0103 dup\u0103 preferin\u021b\u0103.<\/p>\n<\/div>\n\t\t<\/div><\/div><\/div><\/div><\/div><\/div><\/div><div class=\"eltdf-row-grid-section\"><div class=\"vc_row wpb_row vc_row-fluid vc_custom_1715095307173 vc_row-has-fill eltdf-row-type-row\" style=\"\"><div class=\"wpb_column vc_column_container vc_col-sm-3 vc_hidden-sm vc_hidden-xs\"><div class=\"vc_column-inner\"><div class=\"wpb_wrapper\"><div class=\"woocommerce \"><ul class=\"products columns-4\">\n<li class=\"product type-product post-352220 status-publish first instock product_cat-amestecuri-si-amelioratori-pentru-prajituri has-post-thumbnail shipping-taxable purchasable product-type-simple\">\n\t<div class=\"eltdf-pl-inner\"><div class=\"eltdf-pl-image\"><img loading=\"lazy\" decoding=\"async\" width=\"300\" height=\"300\" src=\"https:\/\/orkla.ro\/b2b\/wp-content\/uploads\/2024\/05\/CREDI-Cake-Toffee-300x300.jpg\" class=\"attachment-woocommerce_thumbnail size-woocommerce_thumbnail\" alt=\"Credi\u00ae Softcake Toffee\" srcset=\"https:\/\/orkla.ro\/b2b\/wp-content\/uploads\/2024\/05\/CREDI-Cake-Toffee-300x300.jpg 300w, https:\/\/orkla.ro\/b2b\/wp-content\/uploads\/2024\/05\/CREDI-Cake-Toffee-1024x1024.jpg 1024w, https:\/\/orkla.ro\/b2b\/wp-content\/uploads\/2024\/05\/CREDI-Cake-Toffee-150x150.jpg 150w, https:\/\/orkla.ro\/b2b\/wp-content\/uploads\/2024\/05\/CREDI-Cake-Toffee-768x768.jpg 768w, https:\/\/orkla.ro\/b2b\/wp-content\/uploads\/2024\/05\/CREDI-Cake-Toffee-12x12.jpg 12w, https:\/\/orkla.ro\/b2b\/wp-content\/uploads\/2024\/05\/CREDI-Cake-Toffee-550x550.jpg 550w, https:\/\/orkla.ro\/b2b\/wp-content\/uploads\/2024\/05\/CREDI-Cake-Toffee-600x600.jpg 600w, https:\/\/orkla.ro\/b2b\/wp-content\/uploads\/2024\/05\/CREDI-Cake-Toffee-200x200.jpg 200w, https:\/\/orkla.ro\/b2b\/wp-content\/uploads\/2024\/05\/CREDI-Cake-Toffee.jpg 1029w\" sizes=\"auto, (max-width: 300px) 100vw, 300px\" \/><div class=\"eltdf-pl-text\"><div class=\"eltdf-pl-text-outer\"><div class=\"eltdf-pl-text-inner\"><a href=\"?add-to-cart=352220\" aria-describedby=\"woocommerce_loop_add_to_cart_link_describedby_352220\" data-quantity=\"1\" class=\"button product_type_simple add_to_cart_button ajax_add_to_cart\" data-product_id=\"352220\" data-product_sku=\"\" aria-label=\"Adaug\u0103 \u00een co\u0219: &amp;lbquo;Credi\u00ae Softcake Toffee&rdquo;\" rel=\"nofollow\" data-success_message=\"&bdquo;Credi\u00ae Softcake Toffee&rdquo; a fost ad\u0103ugat \u00een co\u0219\">Mai Multe informa\u021bii<\/a>\t<span id=\"woocommerce_loop_add_to_cart_link_describedby_352220\" class=\"screen-reader-text\">\n\t\t\t<\/span>\n<\/div><\/div><\/div><\/div><a href=\"https:\/\/orkla.ro\/b2b\/index.php\/product\/credi-softcake-toffee\/\" class=\"woocommerce-LoopProduct-link woocommerce-loop-product__link\"><\/a><\/div><div class=\"eltdf-pl-text-wrapper\"><h4 class=\"eltdf-product-list-title\"><a href=\"https:\/\/orkla.ro\/b2b\/index.php\/product\/credi-softcake-toffee\/\">Credi\u00ae Softcake Toffee<\/a><\/h4>\n\t<span class=\"price\"><span class=\"woocommerce-Price-amount amount\"><bdi><span class=\"woocommerce-Price-currencySymbol\">&#36;<\/span>0.00<\/bdi><\/span><\/span>\n<\/div><\/li>\n<\/ul>\n<\/div><\/div><\/div><\/div><div class=\"wpb_column vc_column_container vc_col-sm-3 vc_hidden-sm vc_hidden-xs\"><div class=\"vc_column-inner\"><div class=\"wpb_wrapper\"><\/div><\/div><\/div><div class=\"wpb_column vc_column_container vc_col-sm-3 vc_hidden-sm vc_hidden-xs\"><div class=\"vc_column-inner\"><div class=\"wpb_wrapper\"><\/div><\/div><\/div><div class=\"wpb_column vc_column_container vc_col-sm-3 vc_hidden-sm vc_hidden-xs\"><div class=\"vc_column-inner\"><div class=\"wpb_wrapper\"><\/div><\/div><\/div><\/div><\/div><div id=\"image-mobile\" class=\"vc_row wpb_row vc_row-fluid vc_custom_1713717305308 eltdf-row-type-row\" style=\"\"><div class=\"wpb_column vc_column_container vc_col-sm-12 vc_hidden-lg vc_hidden-md\"><div class=\"vc_column-inner vc_custom_1713380711047\"><div class=\"wpb_wrapper\">\n\t<div  class=\"wpb_single_image wpb_content_element vc_align_center   classwidth\">\n\t\t\n\t\t<figure class=\"wpb_wrapper vc_figure\">\n\t\t\t<div class=\"vc_single_image-wrapper   vc_box_border_grey\"><img loading=\"lazy\" decoding=\"async\" width=\"1183\" height=\"2560\" src=\"https:\/\/orkla.ro\/b2b\/wp-content\/uploads\/2024\/05\/header-reteta-mobile-14-scaled.jpg\" class=\"vc_single_image-img attachment-full\" alt=\"\" srcset=\"https:\/\/orkla.ro\/b2b\/wp-content\/uploads\/2024\/05\/header-reteta-mobile-14-scaled.jpg 1183w, https:\/\/orkla.ro\/b2b\/wp-content\/uploads\/2024\/05\/header-reteta-mobile-14-139x300.jpg 139w, https:\/\/orkla.ro\/b2b\/wp-content\/uploads\/2024\/05\/header-reteta-mobile-14-473x1024.jpg 473w, https:\/\/orkla.ro\/b2b\/wp-content\/uploads\/2024\/05\/header-reteta-mobile-14-768x1662.jpg 768w, https:\/\/orkla.ro\/b2b\/wp-content\/uploads\/2024\/05\/header-reteta-mobile-14-710x1536.jpg 710w, https:\/\/orkla.ro\/b2b\/wp-content\/uploads\/2024\/05\/header-reteta-mobile-14-947x2048.jpg 947w, https:\/\/orkla.ro\/b2b\/wp-content\/uploads\/2024\/05\/header-reteta-mobile-14-6x12.jpg 6w, https:\/\/orkla.ro\/b2b\/wp-content\/uploads\/2024\/05\/header-reteta-mobile-14-600x1298.jpg 600w\" sizes=\"auto, (max-width: 1183px) 100vw, 1183px\" \/><\/div>\n\t\t<\/figure>\n\t<\/div>\n\n\t<div  class=\"wpb_single_image wpb_content_element vc_align_center  vc_custom_1715609019610\">\n\t\t\n\t\t<figure class=\"wpb_wrapper vc_figure\">\n\t\t\t<div class=\"vc_single_image-wrapper   vc_box_border_grey\"><img loading=\"lazy\" decoding=\"async\" width=\"1082\" height=\"200\" src=\"https:\/\/orkla.ro\/b2b\/wp-content\/uploads\/2024\/05\/pasi-20.png\" class=\"vc_single_image-img attachment-full\" alt=\"\" srcset=\"https:\/\/orkla.ro\/b2b\/wp-content\/uploads\/2024\/05\/pasi-20.png 1082w, https:\/\/orkla.ro\/b2b\/wp-content\/uploads\/2024\/05\/pasi-20-300x55.png 300w, https:\/\/orkla.ro\/b2b\/wp-content\/uploads\/2024\/05\/pasi-20-1024x189.png 1024w, https:\/\/orkla.ro\/b2b\/wp-content\/uploads\/2024\/05\/pasi-20-768x142.png 768w, https:\/\/orkla.ro\/b2b\/wp-content\/uploads\/2024\/05\/pasi-20-18x3.png 18w, https:\/\/orkla.ro\/b2b\/wp-content\/uploads\/2024\/05\/pasi-20-600x111.png 600w\" sizes=\"auto, (max-width: 1082px) 100vw, 1082px\" \/><\/div>\n\t\t<\/figure>\n\t<\/div>\n<\/div><\/div><\/div><\/div><div class=\"eltdf-row-grid-section\"><div class=\"vc_row wpb_row vc_row-fluid vc_custom_1715509540678 vc_row-has-fill eltdf-row-type-row\" style=\"\"><div class=\"wpb_column vc_column_container vc_col-sm-3 vc_hidden-lg vc_hidden-md\"><div class=\"vc_column-inner vc_custom_1715509559409\"><div class=\"wpb_wrapper\"><div  class=\"vc_wp_text wpb_content_element\"><div class=\"widget widget_text\">\t\t\t<div class=\"textwidget\"><\/p>\n<h2>Preparare blat toffee<\/h2>\n<p>Credi<sup><sup class=\"regtm\">\u00ae<\/sup><\/sup>Softcake Toffee 330 g<br \/>\nAp\u0103 150 g<br \/>\nUlei 130 g<br \/>\nOu\u0103 120 g<br \/>\n_______________________________<br \/>\nTotal 730 g<\/p>\n<p>\u2022 Se spumeaz\u0103 margarina cu zah\u0103rul p\u00e2n\u0103 cap\u0103t\u0103 volum.<br \/>\n\u2022 Se \u00eencorporeaz\u0103 treptat ou\u0103le \u0219i apa. La final se adaug\u0103 \u0219i mixul de cookies. Se omogenizeaz\u0103,<br \/>\napoi se \u00eentinde compozi\u021bia \u00eentr-o tav\u0103 de 30&#215;40 cm.<br \/>\n\u2022 Coacerea se face la 170\u00b0C\/ aprox. 14 min.<\/p>\n<\/div>\n\t\t<\/div><\/div><\/div><\/div><\/div><div class=\"wpb_column vc_column_container vc_col-sm-3 vc_hidden-lg vc_hidden-md\"><div class=\"vc_column-inner vc_custom_1715509569859\"><div class=\"wpb_wrapper\"><div  class=\"vc_wp_text wpb_content_element\"><div class=\"widget widget_text\">\t\t\t<div class=\"textwidget\"><\/p>\n<h2>Preparare mousse-uri<\/h2>\n<p><strong>Lapte<\/strong> 350 g<br \/>\n<strong>G\u0103lbenu\u0219<\/strong> 90 g<br \/>\n<strong>Zah\u0103r<\/strong> 70 g<br \/>\n<strong>Gelatin\u0103<\/strong> 20 g<br \/>\n<strong>Ap\u0103<\/strong> 100 g<br \/>\n______________________________<br \/>\n<strong>Total baz\u0103 mouse<\/strong> 630 g<\/p>\n<p>\u2022 Se \u00eenc\u0103lze\u0219te laptele p\u00e2n\u0103 la 85\u00b0C. Se ia de pe foc \u0219i se adaug\u0103 g\u0103lbenu\u0219urile spumate anterior cu zah\u0103rul. Se omogenizeaz\u0103, apoi se adaug\u0103 \u0219igelatina hidratat\u0103 \u00een prealabil cu ap\u0103 rece.Cantitatea rezultat\u0103 se \u00eemparte \u00een dou\u0103 p\u0103r\u021bi de 315 g.<br \/>\n\u2022 O parte se omogenizeaz\u0103 cu 255 g crem\u0103 cu fisticCremento Pistachio \u0219i 255 g fri\u0219c\u0103 semispumat\u0103.<br \/>\n\u2022 A doua jum\u0103tate se omogenizeaz\u0103 cu 255 g ciocolat\u0103alb\u0103 \u0219i 255 g fri\u0219c\u0103 semispumat\u0103.<\/p>\n<\/div>\n\t\t<\/div><\/div><\/div><\/div><\/div><div class=\"wpb_column vc_column_container vc_col-sm-3 vc_hidden-lg vc_hidden-md\"><div class=\"vc_column-inner\"><div class=\"wpb_wrapper\"><div  class=\"vc_wp_text wpb_content_element\"><div class=\"widget widget_text\">\t\t\t<div class=\"textwidget\"><\/p>\n<h2>Preparare glazur\u0103<\/h2>\n<p><strong>Zah\u0103r<\/strong> 150 g<br \/>\n<strong>Ap\u0103<\/strong> 75 g<br \/>\n<strong>Gelatin\u0103<\/strong> 10 g<br \/>\n<strong>Ap\u0103<\/strong> 50 g<br \/>\n<strong>Ciocolat\u0103<\/strong> 175 g<br \/>\n<strong>Lapte condensat<\/strong> 100 g<br \/>\n____________________________<br \/>\n<strong>Total<\/strong> 560 g<\/p>\n<p>\u2022 Se hidrateaz\u0103 gelatina cu cele 50 g ap\u0103 rece.<br \/>\n\u2022 Se fierbe apa cu zah\u0103rul, apoi se ia de pe foc \u0219i<br \/>\nse adaug\u0103 ciocolata \u0219i laptele condensat. Seomogenizeaz\u0103 compozi\u021bia, apoi se adaug\u0103 \u0219i<br \/>\ngelatina hidratat\u0103 \u0219i topit\u0103 \u00een prealabil.<br \/>\n\u2022 Glazurarea se realizeaz\u0103 doar c\u00e2nd glazura are<br \/>\ntemperatura de 33-35\u00b0C.<\/p>\n<\/div>\n\t\t<\/div><\/div><\/div><\/div><\/div><div class=\"wpb_column vc_column_container vc_col-sm-3 vc_hidden-lg vc_hidden-md\"><div class=\"vc_column-inner\"><div class=\"wpb_wrapper\"><div  class=\"vc_wp_text wpb_content_element\"><div class=\"widget widget_text\">\t\t\t<div class=\"textwidget\"><\/p>\n<h2>Finisare pr\u0103jitur\u0103<\/h2>\n<p>\u2022 Se a\u0219eaz\u0103 pe pere\u021bii formelor monopor\u021bii (pt. 50 g produs finit) folie separare, apoi a\u0219ez\u0103m blatul<br \/>\ndecupat la baz\u0103.<br \/>\n\u2022 Peste blat se pun 5 g crem\u0103 cu fistic, apoi turn\u0103m p\u00e2n\u0103 la jum\u0103tatea formelor mousse-ul de<br \/>\nfistic. Se bag\u0103 la rece pentru a se \u00eent\u0103ri pu\u021bin, apoi se adaug\u0103 al doilea mousse. Dup\u0103 ce se<br \/>\n\u00eent\u0103re\u0219te, se glazureaz\u0103. Dup\u0103 r\u0103cire se decoreaz\u0103 dup\u0103 preferin\u021b\u0103.<\/p>\n<\/div>\n\t\t<\/div><\/div><\/div><\/div><\/div><\/div><\/div><div id=\"produse-mobile\" class=\"vc_row wpb_row vc_row-fluid vc_custom_1715096675430 vc_row-has-fill eltdf-row-type-row\" style=\"\"><div class=\"wpb_column vc_column_container vc_col-sm-3 vc_hidden-lg vc_hidden-md\"><div class=\"vc_column-inner\"><div class=\"wpb_wrapper\"><div class=\"woocommerce \"><ul class=\"products columns-4\">\n<li class=\"product type-product post-352220 status-publish first instock product_cat-amestecuri-si-amelioratori-pentru-prajituri has-post-thumbnail shipping-taxable purchasable product-type-simple\">\n\t<div class=\"eltdf-pl-inner\"><div class=\"eltdf-pl-image\"><img loading=\"lazy\" decoding=\"async\" width=\"300\" height=\"300\" src=\"https:\/\/orkla.ro\/b2b\/wp-content\/uploads\/2024\/05\/CREDI-Cake-Toffee-300x300.jpg\" class=\"attachment-woocommerce_thumbnail size-woocommerce_thumbnail\" alt=\"Credi\u00ae Softcake Toffee\" srcset=\"https:\/\/orkla.ro\/b2b\/wp-content\/uploads\/2024\/05\/CREDI-Cake-Toffee-300x300.jpg 300w, https:\/\/orkla.ro\/b2b\/wp-content\/uploads\/2024\/05\/CREDI-Cake-Toffee-1024x1024.jpg 1024w, https:\/\/orkla.ro\/b2b\/wp-content\/uploads\/2024\/05\/CREDI-Cake-Toffee-150x150.jpg 150w, https:\/\/orkla.ro\/b2b\/wp-content\/uploads\/2024\/05\/CREDI-Cake-Toffee-768x768.jpg 768w, https:\/\/orkla.ro\/b2b\/wp-content\/uploads\/2024\/05\/CREDI-Cake-Toffee-12x12.jpg 12w, https:\/\/orkla.ro\/b2b\/wp-content\/uploads\/2024\/05\/CREDI-Cake-Toffee-550x550.jpg 550w, https:\/\/orkla.ro\/b2b\/wp-content\/uploads\/2024\/05\/CREDI-Cake-Toffee-600x600.jpg 600w, https:\/\/orkla.ro\/b2b\/wp-content\/uploads\/2024\/05\/CREDI-Cake-Toffee-200x200.jpg 200w, https:\/\/orkla.ro\/b2b\/wp-content\/uploads\/2024\/05\/CREDI-Cake-Toffee.jpg 1029w\" sizes=\"auto, (max-width: 300px) 100vw, 300px\" \/><div class=\"eltdf-pl-text\"><div class=\"eltdf-pl-text-outer\"><div class=\"eltdf-pl-text-inner\"><a href=\"?add-to-cart=352220\" aria-describedby=\"woocommerce_loop_add_to_cart_link_describedby_352220\" data-quantity=\"1\" class=\"button product_type_simple add_to_cart_button ajax_add_to_cart\" data-product_id=\"352220\" data-product_sku=\"\" aria-label=\"Adaug\u0103 \u00een co\u0219: &amp;lbquo;Credi\u00ae Softcake Toffee&rdquo;\" rel=\"nofollow\" data-success_message=\"&bdquo;Credi\u00ae Softcake Toffee&rdquo; a fost ad\u0103ugat \u00een co\u0219\">Mai Multe informa\u021bii<\/a>\t<span id=\"woocommerce_loop_add_to_cart_link_describedby_352220\" class=\"screen-reader-text\">\n\t\t\t<\/span>\n<\/div><\/div><\/div><\/div><a href=\"https:\/\/orkla.ro\/b2b\/index.php\/product\/credi-softcake-toffee\/\" class=\"woocommerce-LoopProduct-link woocommerce-loop-product__link\"><\/a><\/div><div class=\"eltdf-pl-text-wrapper\"><h4 class=\"eltdf-product-list-title\"><a href=\"https:\/\/orkla.ro\/b2b\/index.php\/product\/credi-softcake-toffee\/\">Credi\u00ae Softcake Toffee<\/a><\/h4>\n\t<span class=\"price\"><span class=\"woocommerce-Price-amount amount\"><bdi><span class=\"woocommerce-Price-currencySymbol\">&#36;<\/span>0.00<\/bdi><\/span><\/span>\n<\/div><\/li>\n<\/ul>\n<\/div><\/div><\/div><\/div><div class=\"wpb_column vc_column_container vc_col-sm-3 vc_hidden-lg vc_hidden-md\"><div class=\"vc_column-inner\"><div class=\"wpb_wrapper\"><\/div><\/div><\/div><div class=\"wpb_column vc_column_container vc_col-sm-3 vc_hidden-lg vc_hidden-md\"><div class=\"vc_column-inner\"><div class=\"wpb_wrapper\"><\/div><\/div><\/div><div class=\"wpb_column vc_column_container vc_col-sm-3 vc_hidden-lg vc_hidden-md\"><div class=\"vc_column-inner\"><div class=\"wpb_wrapper\"><\/div><\/div><\/div><\/div>\n","protected":false},"excerpt":{"rendered":"Preparare blat toffee Credi\u00aeSoftcake Toffee 330 g Ap\u0103 150 g Ulei 130 g Ou\u0103 120 g _______________________________ Total 730 g \u2022 Se spumeaz\u0103 margarina cu zah\u0103rul p\u00e2n\u0103 cap\u0103t\u0103 volum. \u2022 Se \u00eencorporeaz\u0103 treptat ou\u0103le \u0219i apa. La final se adaug\u0103 \u0219i mixul de cookies. Se omogenizeaz\u0103, apoi se \u00eentinde compozi\u021bia \u00eentr-o tav\u0103 de 30x40 cm. \u2022 Coacerea se face la 170\u00b0C\/ aprox. 14 min. Preparare mousse-uri Lapte 350 g G\u0103lbenu\u0219 90 g Zah\u0103r 70 g Gelatin\u0103 20 g Ap\u0103 100 g ______________________________ Total baz\u0103 mouse 630 g \u2022 Se \u00eenc\u0103lze\u0219te laptele p\u00e2n\u0103 la 85\u00b0C. Se ia de pe foc \u0219i se adaug\u0103 g\u0103lbenu\u0219urile spumate anterior cu zah\u0103rul. Se omogenizeaz\u0103, apoi se adaug\u0103 \u0219igelatina hidratat\u0103 \u00een prealabil cu ap\u0103 rece.Cantitatea rezultat\u0103 se \u00eemparte \u00een dou\u0103 p\u0103r\u021bi de 315 g. \u2022 O parte se omogenizeaz\u0103 cu 255 g crem\u0103 cu fistic Cremento Pistachio \u0219i 255 g fri\u0219c\u0103 semispumat\u0103. \u2022 A doua jum\u0103tate [...]","protected":false},"author":1,"featured_media":351737,"parent":351601,"menu_order":0,"comment_status":"closed","ping_status":"closed","template":"full-width.php","meta":{"_acf_changed":false,"footnotes":""},"categories":[124],"tags":[],"class_list":["post-351730","page","type-page","status-publish","has-post-thumbnail","hentry","category-catalog-retete-candy-bar"],"acf":[],"_links":{"self":[{"href":"https:\/\/orkla.ro\/b2b\/index.php\/wp-json\/wp\/v2\/pages\/351730","targetHints":{"allow":["GET"]}}],"collection":[{"href":"https:\/\/orkla.ro\/b2b\/index.php\/wp-json\/wp\/v2\/pages"}],"about":[{"href":"https:\/\/orkla.ro\/b2b\/index.php\/wp-json\/wp\/v2\/types\/page"}],"author":[{"embeddable":true,"href":"https:\/\/orkla.ro\/b2b\/index.php\/wp-json\/wp\/v2\/users\/1"}],"replies":[{"embeddable":true,"href":"https:\/\/orkla.ro\/b2b\/index.php\/wp-json\/wp\/v2\/comments?post=351730"}],"version-history":[{"count":4,"href":"https:\/\/orkla.ro\/b2b\/index.php\/wp-json\/wp\/v2\/pages\/351730\/revisions"}],"predecessor-version":[{"id":352384,"href":"https:\/\/orkla.ro\/b2b\/index.php\/wp-json\/wp\/v2\/pages\/351730\/revisions\/352384"}],"up":[{"embeddable":true,"href":"https:\/\/orkla.ro\/b2b\/index.php\/wp-json\/wp\/v2\/pages\/351601"}],"wp:featuredmedia":[{"embeddable":true,"href":"https:\/\/orkla.ro\/b2b\/index.php\/wp-json\/wp\/v2\/media\/351737"}],"wp:attachment":[{"href":"https:\/\/orkla.ro\/b2b\/index.php\/wp-json\/wp\/v2\/media?parent=351730"}],"wp:term":[{"taxonomy":"category","embeddable":true,"href":"https:\/\/orkla.ro\/b2b\/index.php\/wp-json\/wp\/v2\/categories?post=351730"},{"taxonomy":"post_tag","embeddable":true,"href":"https:\/\/orkla.ro\/b2b\/index.php\/wp-json\/wp\/v2\/tags?post=351730"}],"curies":[{"name":"wp","href":"https:\/\/api.w.org\/{rel}","templated":true}]}}