{"id":351586,"date":"2024-05-07T14:59:41","date_gmt":"2024-05-07T14:59:41","guid":{"rendered":"https:\/\/orkla.ro\/orklab2b\/?page_id=351586"},"modified":"2024-05-19T17:31:37","modified_gmt":"2024-05-19T17:31:37","slug":"tort-cu-crema-alba","status":"publish","type":"page","link":"https:\/\/orkla.ro\/b2b\/index.php\/evenimente-speciale-cake-bar\/tort-cu-crema-alba\/","title":{"rendered":"Tort cu crem\u0103 alb\u0103"},"content":{"rendered":"<div class=\"eltdf-row-grid-section\"><div class=\"vc_row wpb_row vc_row-fluid eltdf-row-type-row\" style=\"\"><div class=\"wpb_column vc_column_container vc_col-sm-12 vc_hidden-sm vc_hidden-xs\"><div class=\"vc_column-inner vc_custom_1713382403317\"><div class=\"wpb_wrapper\">\n\t<div  class=\"wpb_single_image wpb_content_element vc_align_left\">\n\t\t\n\t\t<figure class=\"wpb_wrapper vc_figure\">\n\t\t\t<div class=\"vc_single_image-wrapper   vc_box_border_grey\"><img loading=\"lazy\" decoding=\"async\" width=\"2400\" height=\"1430\" src=\"https:\/\/orkla.ro\/b2b\/wp-content\/uploads\/2024\/05\/header-desktop-1.jpg\" class=\"vc_single_image-img attachment-full\" alt=\"\" srcset=\"https:\/\/orkla.ro\/b2b\/wp-content\/uploads\/2024\/05\/header-desktop-1.jpg 2400w, https:\/\/orkla.ro\/b2b\/wp-content\/uploads\/2024\/05\/header-desktop-1-300x179.jpg 300w, https:\/\/orkla.ro\/b2b\/wp-content\/uploads\/2024\/05\/header-desktop-1-1024x610.jpg 1024w, https:\/\/orkla.ro\/b2b\/wp-content\/uploads\/2024\/05\/header-desktop-1-768x458.jpg 768w, https:\/\/orkla.ro\/b2b\/wp-content\/uploads\/2024\/05\/header-desktop-1-1536x915.jpg 1536w, https:\/\/orkla.ro\/b2b\/wp-content\/uploads\/2024\/05\/header-desktop-1-18x12.jpg 18w, https:\/\/orkla.ro\/b2b\/wp-content\/uploads\/2024\/05\/header-desktop-1-600x358.jpg 600w\" sizes=\"auto, (max-width: 2400px) 100vw, 2400px\" \/><\/div>\n\t\t<\/figure>\n\t<\/div>\n\n\t<div  class=\"wpb_single_image wpb_content_element vc_align_left  vc_custom_1715149069126\">\n\t\t\n\t\t<figure class=\"wpb_wrapper vc_figure\">\n\t\t\t<div class=\"vc_single_image-wrapper   vc_box_border_grey\"><img loading=\"lazy\" decoding=\"async\" width=\"1300\" height=\"200\" src=\"https:\/\/orkla.ro\/b2b\/wp-content\/uploads\/2024\/05\/pasi.png\" class=\"vc_single_image-img attachment-full\" alt=\"\" srcset=\"https:\/\/orkla.ro\/b2b\/wp-content\/uploads\/2024\/05\/pasi.png 1300w, https:\/\/orkla.ro\/b2b\/wp-content\/uploads\/2024\/05\/pasi-300x46.png 300w, https:\/\/orkla.ro\/b2b\/wp-content\/uploads\/2024\/05\/pasi-1024x158.png 1024w, https:\/\/orkla.ro\/b2b\/wp-content\/uploads\/2024\/05\/pasi-768x118.png 768w, https:\/\/orkla.ro\/b2b\/wp-content\/uploads\/2024\/05\/pasi-18x3.png 18w, https:\/\/orkla.ro\/b2b\/wp-content\/uploads\/2024\/05\/pasi-600x92.png 600w\" sizes=\"auto, (max-width: 1300px) 100vw, 1300px\" \/><\/div>\n\t\t<\/figure>\n\t<\/div>\n<\/div><\/div><\/div><\/div><\/div><div class=\"eltdf-row-grid-section\"><div id=\"content-desktop\" class=\"vc_row wpb_row vc_row-fluid vc_custom_1715094065651 vc_row-has-fill eltdf-row-type-row\" style=\"\"><div class=\"wpb_column vc_column_container vc_col-sm-4 vc_hidden-sm vc_hidden-xs\"><div class=\"vc_column-inner vc_custom_1713382218154\"><div class=\"wpb_wrapper\"><div  class=\"vc_wp_text wpb_content_element\"><div class=\"widget widget_text\">\t\t\t<div class=\"textwidget\"><\/p>\n<h2><span style=\"color: #000000;\"><strong>Preparare blat cu pere<\/strong><\/span><\/h2>\n<p><span style=\"color: #000000;\"><strong>Credi<sup><sup class=\"regtm\">\u00ae<\/sup><\/sup>Softcake with Pear<\/strong> 1000 g<\/span><br \/>\n<span style=\"color: #000000;\"><strong>Ou\u0103<\/strong> 300 g<\/span><br \/>\n<span style=\"color: #000000;\"><strong>Ap\u0103<\/strong> 300 g<\/span><br \/>\n<span style=\"color: #000000;\"><strong>Ulei<\/strong> 300 g<\/span><br \/>\n<span style=\"color: #000000;\">&#8211;&#8211;&#8211;&#8211;&#8211;&#8211;&#8211;&#8211;&#8211;&#8211;&#8211;&#8211;&#8211;<\/span><br \/>\n<span style=\"color: #000000;\"><strong>Total<\/strong> 1900 g<\/span><\/p>\n<p><span style=\"color: #000000;\">\u2022 Se omogenizeaz\u0103 toate ingredientele \u00een mixer,cu paleta, timp de 2 min. la vitez\u0103 medie.<\/span><br \/>\n<span style=\"color: #000000;\">\u2022 Compozi\u021bia ob\u021binut\u0103 se \u00eemparte \u00een 4 \u0219i se toarn\u0103 \u00een interiorul a 4 cercuri cu \u00d825 cm.<\/span><br \/>\n<span style=\"color: #000000;\">\u2022 Coacere: 180\u00b0C\/ aprox. 16 min.<\/span><\/p>\n<\/div>\n\t\t<\/div><\/div><\/div><\/div><\/div><div class=\"wpb_column vc_column_container vc_col-sm-4 vc_hidden-sm vc_hidden-xs\"><div class=\"vc_column-inner vc_custom_1715112030689\"><div class=\"wpb_wrapper\"><div  class=\"vc_wp_text wpb_content_element\"><div class=\"widget widget_text\">\t\t\t<div class=\"textwidget\"><\/p>\n<h2><span style=\"color: #000000;\"><strong>Preparare crem\u0103 de ciocolat\u0103 alb\u0103<\/strong><\/span><\/h2>\n<p><span style=\"color: #000000;\"><strong>Creline<\/strong> 300 g<\/span><br \/>\n<span style=\"color: #000000;\"><strong>Cremento White Chocolat<\/strong>e 500 g<\/span><br \/>\n<span style=\"color: #000000;\"><strong>Esen\u021b\u0103 caise<\/strong><\/span><br \/>\n<span style=\"color: #000000;\">&#8211;&#8211;&#8211;&#8211;&#8211;&#8211;&#8211;&#8211;&#8211;&#8211;&#8211;&#8211;&#8211;&#8211;&#8211;&#8211;&#8211;&#8211;<\/span><br \/>\n<span style=\"color: #000000;\"><strong>Total<\/strong> 800 g<\/span><\/p>\n<\/div>\n\t\t<\/div><\/div><\/div><\/div><\/div><div class=\"wpb_column vc_column_container vc_col-sm-4 vc_hidden-xs\"><div class=\"vc_column-inner vc_custom_1715112042239\"><div class=\"wpb_wrapper\"><div  class=\"vc_wp_text wpb_content_element\"><div class=\"widget widget_text\">\t\t\t<div class=\"textwidget\"><p><span style=\"color: #000000;\">\u2022 Se pun de o parte 100 g crem\u0103 alb\u0103.<\/span><br \/>\n<span style=\"color: #000000;\">\u2022 Restul cremei se \u00eemparte \u00een trei p\u0103r\u021bi egale \u0219i se asambleaz\u0103 tortul. Peste straturile de crem\u0103 se pun \u0219i fructe de p\u0103dure proaspete (50-100 g\/ strat).<\/span><br \/>\n<span style=\"color: #000000;\">\u2022 Dup\u0103 umplerea tortului folosim cele 100 g crem\u0103 pentru a nivela suprafa\u021ba tortului.<\/span><br \/>\n<span style=\"color: #000000;\">\u2022 Se bag\u0103 la rece. Dup\u0103 ce s-a \u00eent\u0103rit \u00eel putem finisa cu icing, crem\u0103, flori etc., \u00een func\u021bie de eveniment.<\/span><\/p>\n<p><span style=\"color: #000000;\">Propor\u021biile de mai sus sunt pentru un tort mediu, \u00een 4 straturi, care poate fi plasat la partea de sus (cea care se taie simbolic) a unui tort festiv. Restul tortului este (de obicei) o machet\u0103, iar pr\u0103jitura ca atare este servit\u0103 separat. Recomand\u0103m s\u0103 adapta\u021bi cantit\u0103\u021bile \u00een func\u021bie de c\u00e2t de mare dori\u021bi s\u0103 face\u021bi tortul.<\/span><\/p>\n<\/div>\n\t\t<\/div><\/div><\/div><\/div><\/div><\/div><\/div><div class=\"eltdf-row-grid-section\"><div class=\"vc_row wpb_row vc_row-fluid vc_custom_1715095307173 vc_row-has-fill eltdf-row-type-row\" style=\"\"><div class=\"wpb_column vc_column_container vc_col-sm-3 vc_hidden-sm vc_hidden-xs\"><div class=\"vc_column-inner\"><div class=\"wpb_wrapper\"><div class=\"woocommerce \"><ul class=\"products columns-4\">\n<li class=\"product type-product post-352228 status-publish first instock product_cat-amestecuri-si-amelioratori-pentru-prajituri has-post-thumbnail shipping-taxable purchasable product-type-simple\">\n\t<div class=\"eltdf-pl-inner\"><div class=\"eltdf-pl-image\"><img loading=\"lazy\" decoding=\"async\" width=\"300\" height=\"300\" src=\"https:\/\/orkla.ro\/b2b\/wp-content\/uploads\/2024\/05\/CREDI-Pear-Cake-300x300.jpg\" class=\"attachment-woocommerce_thumbnail size-woocommerce_thumbnail\" alt=\"Credi\u00ae Softcake with Pear\" srcset=\"https:\/\/orkla.ro\/b2b\/wp-content\/uploads\/2024\/05\/CREDI-Pear-Cake-300x300.jpg 300w, https:\/\/orkla.ro\/b2b\/wp-content\/uploads\/2024\/05\/CREDI-Pear-Cake-1024x1024.jpg 1024w, https:\/\/orkla.ro\/b2b\/wp-content\/uploads\/2024\/05\/CREDI-Pear-Cake-150x150.jpg 150w, https:\/\/orkla.ro\/b2b\/wp-content\/uploads\/2024\/05\/CREDI-Pear-Cake-768x768.jpg 768w, https:\/\/orkla.ro\/b2b\/wp-content\/uploads\/2024\/05\/CREDI-Pear-Cake-12x12.jpg 12w, https:\/\/orkla.ro\/b2b\/wp-content\/uploads\/2024\/05\/CREDI-Pear-Cake-550x550.jpg 550w, https:\/\/orkla.ro\/b2b\/wp-content\/uploads\/2024\/05\/CREDI-Pear-Cake-600x600.jpg 600w, https:\/\/orkla.ro\/b2b\/wp-content\/uploads\/2024\/05\/CREDI-Pear-Cake-200x200.jpg 200w, https:\/\/orkla.ro\/b2b\/wp-content\/uploads\/2024\/05\/CREDI-Pear-Cake.jpg 1029w\" sizes=\"auto, (max-width: 300px) 100vw, 300px\" \/><div class=\"eltdf-pl-text\"><div class=\"eltdf-pl-text-outer\"><div class=\"eltdf-pl-text-inner\"><a href=\"?add-to-cart=352228\" aria-describedby=\"woocommerce_loop_add_to_cart_link_describedby_352228\" data-quantity=\"1\" class=\"button product_type_simple add_to_cart_button ajax_add_to_cart\" data-product_id=\"352228\" data-product_sku=\"\" aria-label=\"Adaug\u0103 \u00een co\u0219: &amp;lbquo;Credi\u00ae Softcake with Pear&rdquo;\" rel=\"nofollow\" data-success_message=\"&bdquo;Credi\u00ae Softcake with Pear&rdquo; a fost ad\u0103ugat \u00een co\u0219\">Mai Multe informa\u021bii<\/a>\t<span id=\"woocommerce_loop_add_to_cart_link_describedby_352228\" class=\"screen-reader-text\">\n\t\t\t<\/span>\n<\/div><\/div><\/div><\/div><a href=\"https:\/\/orkla.ro\/b2b\/index.php\/product\/credi-softcake-with-pear\/\" class=\"woocommerce-LoopProduct-link woocommerce-loop-product__link\"><\/a><\/div><div class=\"eltdf-pl-text-wrapper\"><h4 class=\"eltdf-product-list-title\"><a href=\"https:\/\/orkla.ro\/b2b\/index.php\/product\/credi-softcake-with-pear\/\">Credi\u00ae Softcake with Pear<\/a><\/h4>\n\t<span class=\"price\"><span class=\"woocommerce-Price-amount amount\"><bdi><span class=\"woocommerce-Price-currencySymbol\">&#36;<\/span>0.00<\/bdi><\/span><\/span>\n<\/div><\/li>\n<\/ul>\n<\/div><\/div><\/div><\/div><div class=\"wpb_column vc_column_container vc_col-sm-3 vc_hidden-sm vc_hidden-xs\"><div class=\"vc_column-inner\"><div class=\"wpb_wrapper\"><\/div><\/div><\/div><div class=\"wpb_column vc_column_container vc_col-sm-3 vc_hidden-sm vc_hidden-xs\"><div class=\"vc_column-inner\"><div class=\"wpb_wrapper\"><\/div><\/div><\/div><div class=\"wpb_column vc_column_container vc_col-sm-3 vc_hidden-sm vc_hidden-xs\"><div class=\"vc_column-inner\"><div class=\"wpb_wrapper\"><\/div><\/div><\/div><\/div><\/div><div id=\"image-mobile\" class=\"vc_row wpb_row vc_row-fluid vc_custom_1713717305308 eltdf-row-type-row\" style=\"\"><div class=\"wpb_column vc_column_container vc_col-sm-12 vc_hidden-lg vc_hidden-md\"><div class=\"vc_column-inner vc_custom_1713380711047\"><div class=\"wpb_wrapper\">\n\t<div  class=\"wpb_single_image wpb_content_element vc_align_center   classwidth\">\n\t\t\n\t\t<figure class=\"wpb_wrapper vc_figure\">\n\t\t\t<div class=\"vc_single_image-wrapper   vc_box_border_grey\"><img loading=\"lazy\" decoding=\"async\" width=\"1098\" height=\"2560\" src=\"https:\/\/orkla.ro\/b2b\/wp-content\/uploads\/2024\/05\/header-reteta-mobile-3-scaled.jpg\" class=\"vc_single_image-img attachment-full\" alt=\"\" srcset=\"https:\/\/orkla.ro\/b2b\/wp-content\/uploads\/2024\/05\/header-reteta-mobile-3-scaled.jpg 1098w, https:\/\/orkla.ro\/b2b\/wp-content\/uploads\/2024\/05\/header-reteta-mobile-3-129x300.jpg 129w, https:\/\/orkla.ro\/b2b\/wp-content\/uploads\/2024\/05\/header-reteta-mobile-3-439x1024.jpg 439w, https:\/\/orkla.ro\/b2b\/wp-content\/uploads\/2024\/05\/header-reteta-mobile-3-768x1791.jpg 768w, https:\/\/orkla.ro\/b2b\/wp-content\/uploads\/2024\/05\/header-reteta-mobile-3-659x1536.jpg 659w, https:\/\/orkla.ro\/b2b\/wp-content\/uploads\/2024\/05\/header-reteta-mobile-3-878x2048.jpg 878w, https:\/\/orkla.ro\/b2b\/wp-content\/uploads\/2024\/05\/header-reteta-mobile-3-5x12.jpg 5w, https:\/\/orkla.ro\/b2b\/wp-content\/uploads\/2024\/05\/header-reteta-mobile-3-600x1400.jpg 600w\" sizes=\"auto, (max-width: 1098px) 100vw, 1098px\" \/><\/div>\n\t\t<\/figure>\n\t<\/div>\n<\/div><\/div><\/div><\/div><div id=\"content-mobile\" class=\"vc_row wpb_row vc_row-fluid vc_custom_1715111936779 vc_row-has-fill eltdf-row-type-row\" style=\"\"><div class=\"wpb_column vc_column_container vc_col-sm-4 vc_hidden-lg vc_hidden-md\"><div class=\"vc_column-inner vc_custom_1713381710834\"><div class=\"wpb_wrapper\"><div  class=\"vc_wp_text wpb_content_element\"><div class=\"widget widget_text\">\t\t\t<div class=\"textwidget\"><p><span style=\"color: #000000;\"><strong>Preparare blat cu pere<\/strong><\/span><\/p>\n<p><span style=\"color: #000000;\"><strong>Credi<sup><sup class=\"regtm\">\u00ae<\/sup><\/sup>Softcake with Pear<\/strong> 1000 g<\/span><br \/>\n<span style=\"color: #000000;\"><strong>Ou\u0103<\/strong> 300 g<\/span><br \/>\n<span style=\"color: #000000;\"><strong>Ap\u0103<\/strong> 300 g<\/span><br \/>\n<span style=\"color: #000000;\"><strong>Ulei<\/strong> 300 g<\/span><br \/>\n<span style=\"color: #000000;\">&#8211;&#8211;&#8211;&#8211;&#8211;&#8211;&#8211;&#8211;&#8211;&#8211;&#8211;&#8211;&#8211;<\/span><br \/>\n<span style=\"color: #000000;\"><strong>Total<\/strong> 1900 g<\/span><\/p>\n<p><span style=\"color: #000000;\">\u2022 Se omogenizeaz\u0103 toate ingredientele \u00een mixer,cu paleta, timp de 2 min. la vitez\u0103 medie.<\/span><br \/>\n<span style=\"color: #000000;\">\u2022 Compozi\u021bia ob\u021binut\u0103 se \u00eemparte \u00een 4 \u0219i se toarn\u0103 \u00een interiorul a 4 cercuri cu \u00d825 cm.<\/span><br \/>\n<span style=\"color: #000000;\">\u2022 Coacere: 180\u00b0C\/ aprox. 16 min.<\/span><\/p>\n<\/div>\n\t\t<\/div><\/div><\/div><\/div><\/div><div class=\"wpb_column vc_column_container vc_col-sm-4 vc_hidden-lg vc_hidden-md vc_hidden-sm\"><div class=\"vc_column-inner vc_custom_1715112064985\"><div class=\"wpb_wrapper\"><div  class=\"vc_wp_text wpb_content_element\"><div class=\"widget widget_text\">\t\t\t<div class=\"textwidget\"><p><span style=\"color: #000000;\"><strong>Preparare crem\u0103 de ciocolat\u0103 alb\u0103<\/strong><\/span><\/p>\n<p><span style=\"color: #000000;\"><strong>Creline<\/strong> 300 g<\/span><br \/>\n<span style=\"color: #000000;\"><strong>Cremento White Chocolat<\/strong>e 500 g<\/span><br \/>\n<span style=\"color: #000000;\"><strong>Esen\u021b\u0103 caise<\/strong><\/span><br \/>\n<span style=\"color: #000000;\">&#8211;&#8211;&#8211;&#8211;&#8211;&#8211;&#8211;&#8211;&#8211;&#8211;&#8211;&#8211;&#8211;&#8211;&#8211;&#8211;&#8211;&#8211;<\/span><br \/>\n<span style=\"color: #000000;\"><strong>Total<\/strong> 800 g<\/span><\/p>\n<\/div>\n\t\t<\/div><\/div><\/div><\/div><\/div><div class=\"wpb_column vc_column_container vc_col-sm-4 vc_hidden-lg vc_hidden-md vc_hidden-sm\"><div class=\"vc_column-inner vc_custom_1715112076575\"><div class=\"wpb_wrapper\"><div  class=\"vc_wp_text wpb_content_element\"><div class=\"widget widget_text\">\t\t\t<div class=\"textwidget\"><p><span style=\"color: #000000;\">\u2022 Se pun de o parte 100 g crem\u0103 alb\u0103.<\/span><br \/>\n<span style=\"color: #000000;\">\u2022 Restul cremei se \u00eemparte \u00een trei p\u0103r\u021bi egale \u0219i se asambleaz\u0103 tortul. Peste straturile de crem\u0103 se pun \u0219i fructe de p\u0103dure proaspete (50-100 g\/ strat).<\/span><br \/>\n<span style=\"color: #000000;\">\u2022 Dup\u0103 umplerea tortului folosim cele 100 g crem\u0103 pentru a nivela suprafa\u021ba tortului.<\/span><br \/>\n<span style=\"color: #000000;\">\u2022 Se bag\u0103 la rece. Dup\u0103 ce s-a \u00eent\u0103rit \u00eel putem finisa cu icing, crem\u0103, flori etc., \u00een func\u021bie de eveniment.<\/span><\/p>\n<p><span style=\"color: #000000;\">Propor\u021biile de mai sus sunt pentru un tort mediu, \u00een 4 straturi, care poate fi plasat la partea de sus (cea care se taie simbolic) a unui tort festiv. Restul tortului este (de obicei) o machet\u0103, iar pr\u0103jitura ca atare este servit\u0103 separat. Recomand\u0103m s\u0103 adapta\u021bi cantit\u0103\u021bile \u00een func\u021bie de c\u00e2t de mare dori\u021bi s\u0103 face\u021bi tortul.<\/span><\/p>\n<\/div>\n\t\t<\/div><\/div><\/div><\/div><\/div><\/div><div id=\"produse-mobile\" class=\"vc_row wpb_row vc_row-fluid vc_custom_1715096675430 vc_row-has-fill eltdf-row-type-row\" style=\"\"><div class=\"wpb_column vc_column_container vc_col-sm-3 vc_hidden-lg vc_hidden-md\"><div class=\"vc_column-inner\"><div class=\"wpb_wrapper\"><div class=\"woocommerce \"><ul class=\"products columns-4\">\n<li class=\"product type-product post-352228 status-publish first instock product_cat-amestecuri-si-amelioratori-pentru-prajituri has-post-thumbnail shipping-taxable purchasable product-type-simple\">\n\t<div class=\"eltdf-pl-inner\"><div class=\"eltdf-pl-image\"><img loading=\"lazy\" decoding=\"async\" width=\"300\" height=\"300\" src=\"https:\/\/orkla.ro\/b2b\/wp-content\/uploads\/2024\/05\/CREDI-Pear-Cake-300x300.jpg\" class=\"attachment-woocommerce_thumbnail size-woocommerce_thumbnail\" alt=\"Credi\u00ae Softcake with Pear\" srcset=\"https:\/\/orkla.ro\/b2b\/wp-content\/uploads\/2024\/05\/CREDI-Pear-Cake-300x300.jpg 300w, https:\/\/orkla.ro\/b2b\/wp-content\/uploads\/2024\/05\/CREDI-Pear-Cake-1024x1024.jpg 1024w, https:\/\/orkla.ro\/b2b\/wp-content\/uploads\/2024\/05\/CREDI-Pear-Cake-150x150.jpg 150w, https:\/\/orkla.ro\/b2b\/wp-content\/uploads\/2024\/05\/CREDI-Pear-Cake-768x768.jpg 768w, https:\/\/orkla.ro\/b2b\/wp-content\/uploads\/2024\/05\/CREDI-Pear-Cake-12x12.jpg 12w, https:\/\/orkla.ro\/b2b\/wp-content\/uploads\/2024\/05\/CREDI-Pear-Cake-550x550.jpg 550w, https:\/\/orkla.ro\/b2b\/wp-content\/uploads\/2024\/05\/CREDI-Pear-Cake-600x600.jpg 600w, https:\/\/orkla.ro\/b2b\/wp-content\/uploads\/2024\/05\/CREDI-Pear-Cake-200x200.jpg 200w, https:\/\/orkla.ro\/b2b\/wp-content\/uploads\/2024\/05\/CREDI-Pear-Cake.jpg 1029w\" sizes=\"auto, (max-width: 300px) 100vw, 300px\" \/><div class=\"eltdf-pl-text\"><div class=\"eltdf-pl-text-outer\"><div class=\"eltdf-pl-text-inner\"><a href=\"?add-to-cart=352228\" aria-describedby=\"woocommerce_loop_add_to_cart_link_describedby_352228\" data-quantity=\"1\" class=\"button product_type_simple add_to_cart_button ajax_add_to_cart\" data-product_id=\"352228\" data-product_sku=\"\" aria-label=\"Adaug\u0103 \u00een co\u0219: &amp;lbquo;Credi\u00ae Softcake with Pear&rdquo;\" rel=\"nofollow\" data-success_message=\"&bdquo;Credi\u00ae Softcake with Pear&rdquo; a fost ad\u0103ugat \u00een co\u0219\">Mai Multe informa\u021bii<\/a>\t<span id=\"woocommerce_loop_add_to_cart_link_describedby_352228\" class=\"screen-reader-text\">\n\t\t\t<\/span>\n<\/div><\/div><\/div><\/div><a href=\"https:\/\/orkla.ro\/b2b\/index.php\/product\/credi-softcake-with-pear\/\" class=\"woocommerce-LoopProduct-link woocommerce-loop-product__link\"><\/a><\/div><div class=\"eltdf-pl-text-wrapper\"><h4 class=\"eltdf-product-list-title\"><a href=\"https:\/\/orkla.ro\/b2b\/index.php\/product\/credi-softcake-with-pear\/\">Credi\u00ae Softcake with Pear<\/a><\/h4>\n\t<span class=\"price\"><span class=\"woocommerce-Price-amount amount\"><bdi><span class=\"woocommerce-Price-currencySymbol\">&#36;<\/span>0.00<\/bdi><\/span><\/span>\n<\/div><\/li>\n<\/ul>\n<\/div><\/div><\/div><\/div><div class=\"wpb_column vc_column_container vc_col-sm-3 vc_hidden-lg vc_hidden-md\"><div class=\"vc_column-inner\"><div class=\"wpb_wrapper\"><\/div><\/div><\/div><div class=\"wpb_column vc_column_container vc_col-sm-3 vc_hidden-lg vc_hidden-md\"><div class=\"vc_column-inner\"><div class=\"wpb_wrapper\"><\/div><\/div><\/div><div class=\"wpb_column vc_column_container vc_col-sm-3 vc_hidden-lg vc_hidden-md\"><div class=\"vc_column-inner\"><div class=\"wpb_wrapper\"><\/div><\/div><\/div><\/div>\n","protected":false},"excerpt":{"rendered":"Preparare blat cu pere Credi\u00aeSoftcake with Pear 1000 g Ou\u0103 300 g Ap\u0103 300 g Ulei 300 g -------------------------------------- Total 1900 g \u2022 Se omogenizeaz\u0103 toate ingredientele \u00een mixer,cu paleta, timp de 2 min. la vitez\u0103 medie. \u2022 Compozi\u021bia ob\u021binut\u0103 se \u00eemparte \u00een 4 \u0219i se toarn\u0103 \u00een interiorul a 4 cercuri cu \u00d825 cm. \u2022 Coacere: 180\u00b0C\/ aprox. 16 min. Preparare crem\u0103 de ciocolat\u0103 alb\u0103 Creline 300 g Cremento White Chocolate 500 g Esen\u021b\u0103 caise ----------------------------------------------------- Total 800 g \u2022 Se pun de o parte 100 g crem\u0103 alb\u0103. \u2022 Restul cremei se \u00eemparte \u00een trei p\u0103r\u021bi egale \u0219i se asambleaz\u0103 tortul. Peste straturile de crem\u0103 se pun \u0219i fructe de p\u0103dure proaspete (50-100 g\/ strat). \u2022 Dup\u0103 umplerea tortului folosim cele 100 g crem\u0103 pentru a nivela suprafa\u021ba tortului. \u2022 Se bag\u0103 la rece. Dup\u0103 ce s-a \u00eent\u0103rit \u00eel putem finisa cu icing, crem\u0103, flori etc., \u00een func\u021bie [...]","protected":false},"author":1,"featured_media":351597,"parent":351601,"menu_order":0,"comment_status":"closed","ping_status":"closed","template":"full-width.php","meta":{"_acf_changed":false,"footnotes":""},"categories":[124],"tags":[],"class_list":["post-351586","page","type-page","status-publish","has-post-thumbnail","hentry","category-catalog-retete-candy-bar"],"acf":[],"_links":{"self":[{"href":"https:\/\/orkla.ro\/b2b\/index.php\/wp-json\/wp\/v2\/pages\/351586","targetHints":{"allow":["GET"]}}],"collection":[{"href":"https:\/\/orkla.ro\/b2b\/index.php\/wp-json\/wp\/v2\/pages"}],"about":[{"href":"https:\/\/orkla.ro\/b2b\/index.php\/wp-json\/wp\/v2\/types\/page"}],"author":[{"embeddable":true,"href":"https:\/\/orkla.ro\/b2b\/index.php\/wp-json\/wp\/v2\/users\/1"}],"replies":[{"embeddable":true,"href":"https:\/\/orkla.ro\/b2b\/index.php\/wp-json\/wp\/v2\/comments?post=351586"}],"version-history":[{"count":23,"href":"https:\/\/orkla.ro\/b2b\/index.php\/wp-json\/wp\/v2\/pages\/351586\/revisions"}],"predecessor-version":[{"id":352374,"href":"https:\/\/orkla.ro\/b2b\/index.php\/wp-json\/wp\/v2\/pages\/351586\/revisions\/352374"}],"up":[{"embeddable":true,"href":"https:\/\/orkla.ro\/b2b\/index.php\/wp-json\/wp\/v2\/pages\/351601"}],"wp:featuredmedia":[{"embeddable":true,"href":"https:\/\/orkla.ro\/b2b\/index.php\/wp-json\/wp\/v2\/media\/351597"}],"wp:attachment":[{"href":"https:\/\/orkla.ro\/b2b\/index.php\/wp-json\/wp\/v2\/media?parent=351586"}],"wp:term":[{"taxonomy":"category","embeddable":true,"href":"https:\/\/orkla.ro\/b2b\/index.php\/wp-json\/wp\/v2\/categories?post=351586"},{"taxonomy":"post_tag","embeddable":true,"href":"https:\/\/orkla.ro\/b2b\/index.php\/wp-json\/wp\/v2\/tags?post=351586"}],"curies":[{"name":"wp","href":"https:\/\/api.w.org\/{rel}","templated":true}]}}