{"id":351569,"date":"2024-04-23T23:15:38","date_gmt":"2024-04-23T23:15:38","guid":{"rendered":"https:\/\/orkla.ro\/orklab2b\/?page_id=351569"},"modified":"2024-05-19T20:29:18","modified_gmt":"2024-05-19T20:29:18","slug":"prajitura-cartof","status":"publish","type":"page","link":"https:\/\/orkla.ro\/b2b\/index.php\/catalog-prajituri-clasice\/prajitura-cartof\/","title":{"rendered":"Prajitura cartof"},"content":{"rendered":"<div class=\"eltdf-row-grid-section\"><div class=\"vc_row wpb_row vc_row-fluid eltdf-row-type-row\" style=\"\"><div class=\"wpb_column vc_column_container vc_col-sm-12 vc_hidden-sm vc_hidden-xs\"><div class=\"vc_column-inner vc_custom_1713382403317\"><div class=\"wpb_wrapper\">\n\t<div  class=\"wpb_single_image wpb_content_element vc_align_center   classwidth\">\n\t\t\n\t\t<figure class=\"wpb_wrapper vc_figure\">\n\t\t\t<div class=\"vc_single_image-wrapper   vc_box_border_grey\"><img loading=\"lazy\" decoding=\"async\" width=\"1957\" height=\"1598\" src=\"https:\/\/orkla.ro\/b2b\/wp-content\/uploads\/2024\/04\/header-pagini-desktop-23.png\" class=\"vc_single_image-img attachment-full\" alt=\"\" srcset=\"https:\/\/orkla.ro\/b2b\/wp-content\/uploads\/2024\/04\/header-pagini-desktop-23.png 1957w, https:\/\/orkla.ro\/b2b\/wp-content\/uploads\/2024\/04\/header-pagini-desktop-23-300x245.png 300w, https:\/\/orkla.ro\/b2b\/wp-content\/uploads\/2024\/04\/header-pagini-desktop-23-1024x836.png 1024w, https:\/\/orkla.ro\/b2b\/wp-content\/uploads\/2024\/04\/header-pagini-desktop-23-768x627.png 768w, https:\/\/orkla.ro\/b2b\/wp-content\/uploads\/2024\/04\/header-pagini-desktop-23-1536x1254.png 1536w, https:\/\/orkla.ro\/b2b\/wp-content\/uploads\/2024\/04\/header-pagini-desktop-23-15x12.png 15w, https:\/\/orkla.ro\/b2b\/wp-content\/uploads\/2024\/04\/header-pagini-desktop-23-600x490.png 600w\" sizes=\"auto, (max-width: 1957px) 100vw, 1957px\" \/><\/div>\n\t\t<\/figure>\n\t<\/div>\n<\/div><\/div><\/div><\/div><\/div><div class=\"eltdf-row-grid-section\"><div class=\"vc_row wpb_row vc_row-fluid vc_custom_1713380968605 vc_row-has-fill eltdf-row-type-row\" style=\"\"><div class=\"wpb_column vc_column_container vc_col-sm-12 vc_hidden-sm vc_hidden-xs\"><div class=\"vc_column-inner\"><div class=\"wpb_wrapper\"><div class=\"vc_empty_space\"   style=\"height: 32px\"><span class=\"vc_empty_space_inner\"><\/span><\/div><\/div><\/div><\/div><\/div><\/div><div class=\"eltdf-row-grid-section\"><div id=\"content-desktop\" class=\"vc_row wpb_row vc_row-fluid vc_custom_1713380837008 vc_row-has-fill eltdf-row-type-row\" style=\"\"><div class=\"wpb_column vc_column_container vc_col-sm-4\/5 vc_hidden-sm vc_hidden-xs\"><div class=\"vc_column-inner vc_custom_1713382218154\"><div class=\"wpb_wrapper\"><div class=\"vc_row wpb_row vc_inner vc_row-fluid\"><div class=\"wpb_column vc_column_container vc_col-sm-6\"><div class=\"vc_column-inner\"><div class=\"wpb_wrapper\">\n\t<div  class=\"wpb_single_image wpb_content_element vc_align_left\">\n\t\t\n\t\t<figure class=\"wpb_wrapper vc_figure\">\n\t\t\t<div class=\"vc_single_image-wrapper   vc_box_border_grey\"><img loading=\"lazy\" decoding=\"async\" width=\"600\" height=\"178\" src=\"https:\/\/orkla.ro\/b2b\/wp-content\/uploads\/2024\/04\/reteta.png\" class=\"vc_single_image-img attachment-full\" alt=\"\" srcset=\"https:\/\/orkla.ro\/b2b\/wp-content\/uploads\/2024\/04\/reteta.png 600w, https:\/\/orkla.ro\/b2b\/wp-content\/uploads\/2024\/04\/reteta-300x89.png 300w, https:\/\/orkla.ro\/b2b\/wp-content\/uploads\/2024\/04\/reteta-18x5.png 18w\" sizes=\"auto, (max-width: 600px) 100vw, 600px\" \/><\/div>\n\t\t<\/figure>\n\t<\/div>\n<\/div><\/div><\/div><div class=\"wpb_column vc_column_container vc_col-sm-6\"><div class=\"vc_column-inner\"><div class=\"wpb_wrapper\">\n\t<div  class=\"wpb_single_image wpb_content_element vc_align_left\">\n\t\t\n\t\t<figure class=\"wpb_wrapper vc_figure\">\n\t\t\t<div class=\"vc_single_image-wrapper   vc_box_border_grey\"><img loading=\"lazy\" decoding=\"async\" width=\"185\" height=\"118\" src=\"https:\/\/orkla.ro\/b2b\/wp-content\/uploads\/2024\/04\/dificultate.png\" class=\"vc_single_image-img attachment-full\" alt=\"\" srcset=\"https:\/\/orkla.ro\/b2b\/wp-content\/uploads\/2024\/04\/dificultate.png 185w, https:\/\/orkla.ro\/b2b\/wp-content\/uploads\/2024\/04\/dificultate-18x12.png 18w\" sizes=\"auto, (max-width: 185px) 100vw, 185px\" \/><\/div>\n\t\t<\/figure>\n\t<\/div>\n<\/div><\/div><\/div><\/div><div  class=\"vc_wp_text wpb_content_element\"><div class=\"widget widget_text\">\t\t\t<div class=\"textwidget\"><p>Folose\u0219te marginile de pr\u0103jituri sau blaturi de pr\u0103jituri, at\u00e2t de gustoase,<br \/>\n\u00eentr-un mod simplu: pune-le \u00eentr-un mixer \u0219i amestec\u0103-le bine cu paleta.<br \/>\nSe ob\u021bine o past\u0103 omogen\u0103.<br \/>\nDac\u0103 este prea moale, po\u021bi ad\u0103uga biscui\u021bi simpli sf\u0103r\u00e2ma\u021bi.<br \/>\nDac\u0103 vrei mai mult\u0103 arom\u0103, ad\u0103ug\u0103 rom, nuci \u0219i rahat.<br \/>\nDac\u0103 vrei mai mult\u0103 culoare, po\u021bi ad\u0103uga cacao.<br \/>\nModeleaz\u0103 compozi\u021bia sub form\u0103 de cartof \u0219i pudreaz\u0103 cu cacao.<\/p>\n<\/div>\n\t\t<\/div><\/div><\/div><\/div><\/div><div class=\"wpb_column vc_column_container vc_col-sm-1\/5 vc_hidden-sm vc_hidden-xs\"><div class=\"vc_column-inner vc_custom_1713382225654\"><div class=\"wpb_wrapper\">\n\t<div  class=\"wpb_single_image wpb_content_element vc_align_right\">\n\t\t\n\t\t<figure class=\"wpb_wrapper vc_figure\">\n\t\t\t<div class=\"vc_single_image-wrapper   vc_box_border_grey\"><img loading=\"lazy\" decoding=\"async\" width=\"232\" height=\"610\" src=\"https:\/\/orkla.ro\/b2b\/wp-content\/uploads\/2024\/04\/atribute-reteta.png\" class=\"vc_single_image-img attachment-full\" alt=\"\" srcset=\"https:\/\/orkla.ro\/b2b\/wp-content\/uploads\/2024\/04\/atribute-reteta.png 232w, https:\/\/orkla.ro\/b2b\/wp-content\/uploads\/2024\/04\/atribute-reteta-114x300.png 114w, https:\/\/orkla.ro\/b2b\/wp-content\/uploads\/2024\/04\/atribute-reteta-5x12.png 5w\" sizes=\"auto, (max-width: 232px) 100vw, 232px\" \/><\/div>\n\t\t<\/figure>\n\t<\/div>\n<\/div><\/div><\/div><\/div><\/div><div class=\"eltdf-row-grid-section\"><div id=\"reteta-poza-2\" class=\"vc_row wpb_row vc_row-fluid vc_custom_1713914275295 vc_row-has-fill eltdf-row-type-row\" style=\"\"><div class=\"wpb_column vc_column_container vc_col-sm-12 vc_hidden-sm vc_hidden-xs\"><div class=\"vc_column-inner\"><div class=\"wpb_wrapper\"><div class=\"vc_empty_space\"   style=\"height: 500px\"><span class=\"vc_empty_space_inner\"><\/span><\/div><\/div><\/div><\/div><\/div><\/div><div id=\"image-mobile\" class=\"vc_row wpb_row vc_row-fluid vc_custom_1713717305308 eltdf-row-type-row\" style=\"\"><div class=\"wpb_column vc_column_container vc_col-sm-12 vc_hidden-lg vc_hidden-md\"><div class=\"vc_column-inner vc_custom_1713380711047\"><div class=\"wpb_wrapper\">\n\t<div  class=\"wpb_single_image wpb_content_element vc_align_center   classwidth\">\n\t\t\n\t\t<figure class=\"wpb_wrapper vc_figure\">\n\t\t\t<div class=\"vc_single_image-wrapper   vc_box_border_grey\"><img loading=\"lazy\" decoding=\"async\" width=\"1272\" height=\"1372\" src=\"https:\/\/orkla.ro\/b2b\/wp-content\/uploads\/2024\/04\/header-reteta-mobile-20.png\" class=\"vc_single_image-img attachment-full\" alt=\"\" srcset=\"https:\/\/orkla.ro\/b2b\/wp-content\/uploads\/2024\/04\/header-reteta-mobile-20.png 1272w, https:\/\/orkla.ro\/b2b\/wp-content\/uploads\/2024\/04\/header-reteta-mobile-20-278x300.png 278w, https:\/\/orkla.ro\/b2b\/wp-content\/uploads\/2024\/04\/header-reteta-mobile-20-949x1024.png 949w, https:\/\/orkla.ro\/b2b\/wp-content\/uploads\/2024\/04\/header-reteta-mobile-20-768x828.png 768w, https:\/\/orkla.ro\/b2b\/wp-content\/uploads\/2024\/04\/header-reteta-mobile-20-11x12.png 11w, https:\/\/orkla.ro\/b2b\/wp-content\/uploads\/2024\/04\/header-reteta-mobile-20-600x647.png 600w\" sizes=\"auto, (max-width: 1272px) 100vw, 1272px\" \/><\/div>\n\t\t<\/figure>\n\t<\/div>\n<\/div><\/div><\/div><\/div><div id=\"content-mobile\" class=\"vc_row wpb_row vc_row-fluid vc_custom_1713697725395 vc_row-has-fill eltdf-row-type-row\" style=\"\"><div class=\"wpb_column vc_column_container vc_col-sm-12 vc_hidden-lg vc_hidden-md\"><div class=\"vc_column-inner vc_custom_1713381710834\"><div class=\"wpb_wrapper\"><div class=\"vc_row wpb_row vc_inner vc_row-fluid\"><div class=\"wpb_column vc_column_container vc_col-sm-12\"><div class=\"vc_column-inner\"><div class=\"wpb_wrapper\">\n\t<div  class=\"wpb_single_image wpb_content_element vc_align_left\">\n\t\t\n\t\t<figure class=\"wpb_wrapper vc_figure\">\n\t\t\t<div class=\"vc_single_image-wrapper   vc_box_border_grey\"><img loading=\"lazy\" decoding=\"async\" width=\"600\" height=\"178\" src=\"https:\/\/orkla.ro\/b2b\/wp-content\/uploads\/2024\/04\/reteta.png\" class=\"vc_single_image-img attachment-full\" alt=\"\" srcset=\"https:\/\/orkla.ro\/b2b\/wp-content\/uploads\/2024\/04\/reteta.png 600w, https:\/\/orkla.ro\/b2b\/wp-content\/uploads\/2024\/04\/reteta-300x89.png 300w, https:\/\/orkla.ro\/b2b\/wp-content\/uploads\/2024\/04\/reteta-18x5.png 18w\" sizes=\"auto, (max-width: 600px) 100vw, 600px\" \/><\/div>\n\t\t<\/figure>\n\t<\/div>\n\n\t<div  class=\"wpb_single_image wpb_content_element vc_align_left\">\n\t\t\n\t\t<figure class=\"wpb_wrapper vc_figure\">\n\t\t\t<div class=\"vc_single_image-wrapper   vc_box_border_grey\"><img loading=\"lazy\" decoding=\"async\" width=\"185\" height=\"118\" src=\"https:\/\/orkla.ro\/b2b\/wp-content\/uploads\/2024\/04\/dificultate.png\" class=\"vc_single_image-img attachment-full\" alt=\"\" srcset=\"https:\/\/orkla.ro\/b2b\/wp-content\/uploads\/2024\/04\/dificultate.png 185w, https:\/\/orkla.ro\/b2b\/wp-content\/uploads\/2024\/04\/dificultate-18x12.png 18w\" sizes=\"auto, (max-width: 185px) 100vw, 185px\" \/><\/div>\n\t\t<\/figure>\n\t<\/div>\n<\/div><\/div><\/div><\/div><div  class=\"vc_wp_text wpb_content_element\"><div class=\"widget widget_text\">\t\t\t<div class=\"textwidget\"><p>Folose\u0219te marginile de pr\u0103jituri sau blaturi de pr\u0103jituri, at\u00e2t de gustoase,<br \/>\n\u00eentr-un mod simplu: pune-le \u00eentr-un mixer \u0219i amestec\u0103-le bine cu paleta.<br \/>\nSe ob\u021bine o past\u0103 omogen\u0103.<br \/>\nDac\u0103 este prea moale, po\u021bi ad\u0103uga biscui\u021bi simpli sf\u0103r\u00e2ma\u021bi.<br \/>\nDac\u0103 vrei mai mult\u0103 arom\u0103, ad\u0103ug\u0103 rom, nuci \u0219i rahat.<br \/>\nDac\u0103 vrei mai mult\u0103 culoare, po\u021bi ad\u0103uga cacao.<br \/>\nModeleaz\u0103 compozi\u021bia sub form\u0103 de cartof \u0219i pudreaz\u0103 cu cacao.<\/p>\n<\/div>\n\t\t<\/div><\/div><\/div><\/div><\/div><\/div><div id=\"poza-bottom-reteta-mobile\" class=\"vc_row wpb_row vc_row-fluid vc_custom_1713696951805 vc_row-has-fill eltdf-row-type-row\" style=\"\"><div class=\"wpb_column vc_column_container vc_col-sm-12 vc_hidden-lg vc_hidden-md\"><div class=\"vc_column-inner\"><div class=\"wpb_wrapper\"><div class=\"vc_empty_space\"   style=\"height: 0px\"><span class=\"vc_empty_space_inner\"><\/span><\/div><\/div><\/div><\/div><\/div>\n","protected":false},"excerpt":{"rendered":"Folose\u0219te marginile de pr\u0103jituri sau blaturi de pr\u0103jituri, at\u00e2t de gustoase, \u00eentr-un mod simplu: pune-le \u00eentr-un mixer \u0219i amestec\u0103-le bine cu paleta. Se ob\u021bine o past\u0103 omogen\u0103. Dac\u0103 este prea moale, po\u021bi ad\u0103uga biscui\u021bi simpli sf\u0103r\u00e2ma\u021bi. Dac\u0103 vrei mai mult\u0103 arom\u0103, ad\u0103ug\u0103 rom, nuci \u0219i rahat. Dac\u0103 vrei mai mult\u0103 culoare, po\u021bi ad\u0103uga cacao. Modeleaz\u0103 compozi\u021bia sub form\u0103 de cartof \u0219i pudreaz\u0103 cu cacao. Folose\u0219te marginile de pr\u0103jituri sau blaturi de pr\u0103jituri, at\u00e2t de gustoase, \u00eentr-un mod simplu: pune-le \u00eentr-un mixer \u0219i amestec\u0103-le bine cu paleta. Se ob\u021bine o past\u0103 omogen\u0103. Dac\u0103 este prea moale, po\u021bi ad\u0103uga biscui\u021bi simpli sf\u0103r\u00e2ma\u021bi. Dac\u0103 vrei mai mult\u0103 arom\u0103, ad\u0103ug\u0103 rom, nuci \u0219i rahat. Dac\u0103 vrei mai mult\u0103 culoare, po\u021bi ad\u0103uga cacao. Modeleaz\u0103 compozi\u021bia sub form\u0103 de cartof \u0219i pudreaz\u0103 cu cacao.","protected":false},"author":1,"featured_media":352429,"parent":351162,"menu_order":0,"comment_status":"closed","ping_status":"closed","template":"full-width.php","meta":{"_acf_changed":false,"footnotes":""},"categories":[122],"tags":[],"class_list":["post-351569","page","type-page","status-publish","has-post-thumbnail","hentry","category-catalog-prajturi-clasice"],"acf":[],"_links":{"self":[{"href":"https:\/\/orkla.ro\/b2b\/index.php\/wp-json\/wp\/v2\/pages\/351569","targetHints":{"allow":["GET"]}}],"collection":[{"href":"https:\/\/orkla.ro\/b2b\/index.php\/wp-json\/wp\/v2\/pages"}],"about":[{"href":"https:\/\/orkla.ro\/b2b\/index.php\/wp-json\/wp\/v2\/types\/page"}],"author":[{"embeddable":true,"href":"https:\/\/orkla.ro\/b2b\/index.php\/wp-json\/wp\/v2\/users\/1"}],"replies":[{"embeddable":true,"href":"https:\/\/orkla.ro\/b2b\/index.php\/wp-json\/wp\/v2\/comments?post=351569"}],"version-history":[{"count":4,"href":"https:\/\/orkla.ro\/b2b\/index.php\/wp-json\/wp\/v2\/pages\/351569\/revisions"}],"predecessor-version":[{"id":352370,"href":"https:\/\/orkla.ro\/b2b\/index.php\/wp-json\/wp\/v2\/pages\/351569\/revisions\/352370"}],"up":[{"embeddable":true,"href":"https:\/\/orkla.ro\/b2b\/index.php\/wp-json\/wp\/v2\/pages\/351162"}],"wp:featuredmedia":[{"embeddable":true,"href":"https:\/\/orkla.ro\/b2b\/index.php\/wp-json\/wp\/v2\/media\/352429"}],"wp:attachment":[{"href":"https:\/\/orkla.ro\/b2b\/index.php\/wp-json\/wp\/v2\/media?parent=351569"}],"wp:term":[{"taxonomy":"category","embeddable":true,"href":"https:\/\/orkla.ro\/b2b\/index.php\/wp-json\/wp\/v2\/categories?post=351569"},{"taxonomy":"post_tag","embeddable":true,"href":"https:\/\/orkla.ro\/b2b\/index.php\/wp-json\/wp\/v2\/tags?post=351569"}],"curies":[{"name":"wp","href":"https:\/\/api.w.org\/{rel}","templated":true}]}}