{"id":351552,"date":"2024-04-23T22:41:56","date_gmt":"2024-04-23T22:41:56","guid":{"rendered":"https:\/\/orkla.ro\/orklab2b\/?page_id=351552"},"modified":"2024-05-19T20:31:29","modified_gmt":"2024-05-19T20:31:29","slug":"mascota","status":"publish","type":"page","link":"https:\/\/orkla.ro\/b2b\/index.php\/catalog-prajituri-clasice\/mascota\/","title":{"rendered":"Mascota"},"content":{"rendered":"<div class=\"eltdf-row-grid-section\"><div class=\"vc_row wpb_row vc_row-fluid eltdf-row-type-row\" style=\"\"><div class=\"wpb_column vc_column_container vc_col-sm-12 vc_hidden-sm vc_hidden-xs\"><div class=\"vc_column-inner vc_custom_1713382403317\"><div class=\"wpb_wrapper\">\n\t<div  class=\"wpb_single_image wpb_content_element vc_align_center   classwidth\">\n\t\t\n\t\t<figure class=\"wpb_wrapper vc_figure\">\n\t\t\t<div class=\"vc_single_image-wrapper   vc_box_border_grey\"><img loading=\"lazy\" decoding=\"async\" width=\"1957\" height=\"1598\" src=\"https:\/\/orkla.ro\/b2b\/wp-content\/uploads\/2024\/04\/header-pagini-desktop-21.png\" class=\"vc_single_image-img attachment-full\" alt=\"\" srcset=\"https:\/\/orkla.ro\/b2b\/wp-content\/uploads\/2024\/04\/header-pagini-desktop-21.png 1957w, https:\/\/orkla.ro\/b2b\/wp-content\/uploads\/2024\/04\/header-pagini-desktop-21-300x245.png 300w, https:\/\/orkla.ro\/b2b\/wp-content\/uploads\/2024\/04\/header-pagini-desktop-21-1024x836.png 1024w, https:\/\/orkla.ro\/b2b\/wp-content\/uploads\/2024\/04\/header-pagini-desktop-21-768x627.png 768w, https:\/\/orkla.ro\/b2b\/wp-content\/uploads\/2024\/04\/header-pagini-desktop-21-1536x1254.png 1536w, https:\/\/orkla.ro\/b2b\/wp-content\/uploads\/2024\/04\/header-pagini-desktop-21-15x12.png 15w, https:\/\/orkla.ro\/b2b\/wp-content\/uploads\/2024\/04\/header-pagini-desktop-21-600x490.png 600w\" sizes=\"auto, (max-width: 1957px) 100vw, 1957px\" \/><\/div>\n\t\t<\/figure>\n\t<\/div>\n<\/div><\/div><\/div><\/div><\/div><div class=\"eltdf-row-grid-section\"><div class=\"vc_row wpb_row vc_row-fluid vc_custom_1713380968605 vc_row-has-fill eltdf-row-type-row\" style=\"\"><div class=\"wpb_column vc_column_container vc_col-sm-12 vc_hidden-sm vc_hidden-xs\"><div class=\"vc_column-inner\"><div class=\"wpb_wrapper\"><div class=\"vc_empty_space\"   style=\"height: 32px\"><span class=\"vc_empty_space_inner\"><\/span><\/div><\/div><\/div><\/div><\/div><\/div><div class=\"eltdf-row-grid-section\"><div id=\"content-desktop\" class=\"vc_row wpb_row vc_row-fluid vc_custom_1713380837008 vc_row-has-fill eltdf-row-type-row\" style=\"\"><div class=\"wpb_column vc_column_container vc_col-sm-4\/5 vc_hidden-sm vc_hidden-xs\"><div class=\"vc_column-inner vc_custom_1713382218154\"><div class=\"wpb_wrapper\"><div class=\"vc_row wpb_row vc_inner vc_row-fluid\"><div class=\"wpb_column vc_column_container vc_col-sm-6\"><div class=\"vc_column-inner\"><div class=\"wpb_wrapper\">\n\t<div  class=\"wpb_single_image wpb_content_element vc_align_left\">\n\t\t\n\t\t<figure class=\"wpb_wrapper vc_figure\">\n\t\t\t<div class=\"vc_single_image-wrapper   vc_box_border_grey\"><img loading=\"lazy\" decoding=\"async\" width=\"600\" height=\"178\" src=\"https:\/\/orkla.ro\/b2b\/wp-content\/uploads\/2024\/04\/reteta.png\" class=\"vc_single_image-img attachment-full\" alt=\"\" srcset=\"https:\/\/orkla.ro\/b2b\/wp-content\/uploads\/2024\/04\/reteta.png 600w, https:\/\/orkla.ro\/b2b\/wp-content\/uploads\/2024\/04\/reteta-300x89.png 300w, https:\/\/orkla.ro\/b2b\/wp-content\/uploads\/2024\/04\/reteta-18x5.png 18w\" sizes=\"auto, (max-width: 600px) 100vw, 600px\" \/><\/div>\n\t\t<\/figure>\n\t<\/div>\n<\/div><\/div><\/div><div class=\"wpb_column vc_column_container vc_col-sm-6\"><div class=\"vc_column-inner\"><div class=\"wpb_wrapper\">\n\t<div  class=\"wpb_single_image wpb_content_element vc_align_left\">\n\t\t\n\t\t<figure class=\"wpb_wrapper vc_figure\">\n\t\t\t<div class=\"vc_single_image-wrapper   vc_box_border_grey\"><img loading=\"lazy\" decoding=\"async\" width=\"185\" height=\"118\" src=\"https:\/\/orkla.ro\/b2b\/wp-content\/uploads\/2024\/04\/dificultate.png\" class=\"vc_single_image-img attachment-full\" alt=\"\" srcset=\"https:\/\/orkla.ro\/b2b\/wp-content\/uploads\/2024\/04\/dificultate.png 185w, https:\/\/orkla.ro\/b2b\/wp-content\/uploads\/2024\/04\/dificultate-18x12.png 18w\" sizes=\"auto, (max-width: 185px) 100vw, 185px\" \/><\/div>\n\t\t<\/figure>\n\t<\/div>\n<\/div><\/div><\/div><\/div><div  class=\"vc_wp_text wpb_content_element\"><div class=\"widget widget_text\">\t\t\t<div class=\"textwidget\"><p><span style=\"color: #000000;\"><strong>1. Co\u0219ule\u021be de ciocolat\u0103<br \/>\n<\/strong>Pot fi preg\u0103tite folosind ciocolat\u0103 neagr\u0103 veritabil\u0103 sau \u00eenlocuitor de ciocolat\u0103.<\/span><br \/>\n<span style=\"color: #000000;\">Se pot folosi \u0219i co\u0219ule\u021be gata f\u0103cute.<\/span><br \/>\n<span style=\"color: #000000;\">Pentru prima variant\u0103, topim ciocolata\/ \u00eenlocuitorul \u0219i tapet\u0103m pere\u021bii formelor de brio\u0219\u0103 (ondulate sau netede, bine uscate), astfel \u00eenc\u00e2t s\u0103 r\u0103m\u00e2n\u0103 o pelicul\u0103 sub\u021bire. B\u0103g\u0103m \u00een frigider.<\/span><br \/>\n<span style=\"color: #000000;\">Dup\u0103 r\u0103cire, co\u0219ule\u021bele se desprind u\u0219or prin lovire delicat\u0103 de mas\u0103. Fiecare form\u0103 ar trebui s\u0103 aib\u0103 ~30 gr.<\/span><\/p>\n<p><span style=\"color: #000000;\"><strong>2. Crem\u0103 Ganache<\/strong><\/span><br \/>\n<span style=\"color: #000000;\">Creline 400 g<\/span><br \/>\n<span style=\"color: #000000;\">Ciocolat\u0103 neagr\u0103 70% 300 g<\/span><br \/>\n<span style=\"color: #000000;\">Unt 200 g<\/span><br \/>\n<span style=\"color: #000000;\">Portocale confiate 100 g<\/span><br \/>\n<span style=\"color: #000000;\">Cognac 15 g<\/span><br \/>\n<span style=\"color: #000000;\">____________________________________________<\/span><br \/>\n<span style=\"color: #000000;\">Total 1015 g<\/span><\/p>\n<p><span style=\"color: #000000;\">Se aduce crema vegetal\u0103 Creline la fierbere, se ia de pe foc, se adaug\u0103 ciocolata\/ \u00eenlocuitorul amestec\u00e2nd continuu p\u00e2n\u0103 se omogenizeaz\u0103. Se adaug\u0103 \u0219i untul \u0219i cognac-ul. Omogenizare.<\/span><br \/>\n<span style=\"color: #000000;\">Ad\u0103ug\u0103m portocalele confiate \u0219i l\u0103s\u0103m la rece minimum 3 ore.<\/span><br \/>\n<span style=\"color: #000000;\">Dup\u0103 r\u0103cirea complet\u0103 spum\u0103m ganache-ul.<\/span><\/p>\n<p><span style=\"color: #000000;\"><strong>3. Finisare pr\u0103jitur\u0103<\/strong><\/span><br \/>\n<span style=\"color: #000000;\">\u00cen interiorul fiec\u0103rui co\u0219ule\u021b de ciocolat\u0103 vom introduce cu poche-ul aprox. 50 g crem\u0103 ganache, p\u00e2n\u0103 la limita superioar\u0103 a formei, astfel \u00eenc\u00e2t s\u0103 r\u0103m\u00e2n\u0103 1 mm loc pentru un strat de ciocolat\u0103 topit\u0103, care are rol de \u00eenchidere a co\u0219ule\u021belor. R\u0103cire \u00een frigider.<\/span><br \/>\n<span style=\"color: #000000;\">Dup\u0103 r\u0103cire co\u0219ule\u021bele se pot \u00eentoarce cu baza mare \u00een jos \u0219i pot fi decorate dup\u0103 preferin\u021b\u0103.<\/span><\/p>\n<p><strong><span style=\"color: #000000;\">Recomandare: folosi\u021bi ciocolata adecvat\u0103 \u0219i untul din oferta Viadan.<\/span> <\/strong><\/p>\n<\/div>\n\t\t<\/div><\/div><\/div><\/div><\/div><div class=\"wpb_column vc_column_container vc_col-sm-1\/5 vc_hidden-sm vc_hidden-xs\"><div class=\"vc_column-inner vc_custom_1713382225654\"><div class=\"wpb_wrapper\">\n\t<div  class=\"wpb_single_image wpb_content_element vc_align_right\">\n\t\t\n\t\t<figure class=\"wpb_wrapper vc_figure\">\n\t\t\t<div class=\"vc_single_image-wrapper   vc_box_border_grey\"><img loading=\"lazy\" decoding=\"async\" width=\"232\" height=\"610\" src=\"https:\/\/orkla.ro\/b2b\/wp-content\/uploads\/2024\/04\/atribute-reteta.png\" class=\"vc_single_image-img attachment-full\" alt=\"\" srcset=\"https:\/\/orkla.ro\/b2b\/wp-content\/uploads\/2024\/04\/atribute-reteta.png 232w, https:\/\/orkla.ro\/b2b\/wp-content\/uploads\/2024\/04\/atribute-reteta-114x300.png 114w, https:\/\/orkla.ro\/b2b\/wp-content\/uploads\/2024\/04\/atribute-reteta-5x12.png 5w\" sizes=\"auto, (max-width: 232px) 100vw, 232px\" \/><\/div>\n\t\t<\/figure>\n\t<\/div>\n<\/div><\/div><\/div><\/div><\/div><div class=\"eltdf-row-grid-section\"><div id=\"reteta-poza-2\" class=\"vc_row wpb_row vc_row-fluid vc_custom_1713912415744 vc_row-has-fill eltdf-row-type-row\" style=\"\"><div class=\"wpb_column vc_column_container vc_col-sm-12 vc_hidden-sm vc_hidden-xs\"><div class=\"vc_column-inner\"><div class=\"wpb_wrapper\"><div class=\"vc_empty_space\"   style=\"height: 500px\"><span class=\"vc_empty_space_inner\"><\/span><\/div><\/div><\/div><\/div><\/div><\/div><div id=\"image-mobile\" class=\"vc_row wpb_row vc_row-fluid vc_custom_1713717305308 eltdf-row-type-row\" style=\"\"><div class=\"wpb_column vc_column_container vc_col-sm-12 vc_hidden-lg vc_hidden-md\"><div class=\"vc_column-inner vc_custom_1713380711047\"><div class=\"wpb_wrapper\">\n\t<div  class=\"wpb_single_image wpb_content_element vc_align_center   classwidth\">\n\t\t\n\t\t<figure class=\"wpb_wrapper vc_figure\">\n\t\t\t<div class=\"vc_single_image-wrapper   vc_box_border_grey\"><img loading=\"lazy\" decoding=\"async\" width=\"1272\" height=\"1372\" src=\"https:\/\/orkla.ro\/b2b\/wp-content\/uploads\/2024\/04\/header-reteta-mobile-18.png\" class=\"vc_single_image-img attachment-full\" alt=\"\" srcset=\"https:\/\/orkla.ro\/b2b\/wp-content\/uploads\/2024\/04\/header-reteta-mobile-18.png 1272w, https:\/\/orkla.ro\/b2b\/wp-content\/uploads\/2024\/04\/header-reteta-mobile-18-278x300.png 278w, https:\/\/orkla.ro\/b2b\/wp-content\/uploads\/2024\/04\/header-reteta-mobile-18-949x1024.png 949w, https:\/\/orkla.ro\/b2b\/wp-content\/uploads\/2024\/04\/header-reteta-mobile-18-768x828.png 768w, https:\/\/orkla.ro\/b2b\/wp-content\/uploads\/2024\/04\/header-reteta-mobile-18-11x12.png 11w, https:\/\/orkla.ro\/b2b\/wp-content\/uploads\/2024\/04\/header-reteta-mobile-18-600x647.png 600w\" sizes=\"auto, (max-width: 1272px) 100vw, 1272px\" \/><\/div>\n\t\t<\/figure>\n\t<\/div>\n<\/div><\/div><\/div><\/div><div id=\"content-mobile\" class=\"vc_row wpb_row vc_row-fluid vc_custom_1713697725395 vc_row-has-fill eltdf-row-type-row\" style=\"\"><div class=\"wpb_column vc_column_container vc_col-sm-12 vc_hidden-lg vc_hidden-md\"><div class=\"vc_column-inner vc_custom_1713381710834\"><div class=\"wpb_wrapper\"><div class=\"vc_row wpb_row vc_inner vc_row-fluid\"><div class=\"wpb_column vc_column_container vc_col-sm-12\"><div class=\"vc_column-inner\"><div class=\"wpb_wrapper\">\n\t<div  class=\"wpb_single_image wpb_content_element vc_align_left\">\n\t\t\n\t\t<figure class=\"wpb_wrapper vc_figure\">\n\t\t\t<div class=\"vc_single_image-wrapper   vc_box_border_grey\"><img loading=\"lazy\" decoding=\"async\" width=\"600\" height=\"178\" src=\"https:\/\/orkla.ro\/b2b\/wp-content\/uploads\/2024\/04\/reteta.png\" class=\"vc_single_image-img attachment-full\" alt=\"\" srcset=\"https:\/\/orkla.ro\/b2b\/wp-content\/uploads\/2024\/04\/reteta.png 600w, https:\/\/orkla.ro\/b2b\/wp-content\/uploads\/2024\/04\/reteta-300x89.png 300w, https:\/\/orkla.ro\/b2b\/wp-content\/uploads\/2024\/04\/reteta-18x5.png 18w\" sizes=\"auto, (max-width: 600px) 100vw, 600px\" \/><\/div>\n\t\t<\/figure>\n\t<\/div>\n\n\t<div  class=\"wpb_single_image wpb_content_element vc_align_left\">\n\t\t\n\t\t<figure class=\"wpb_wrapper vc_figure\">\n\t\t\t<div class=\"vc_single_image-wrapper   vc_box_border_grey\"><img loading=\"lazy\" decoding=\"async\" width=\"185\" height=\"118\" src=\"https:\/\/orkla.ro\/b2b\/wp-content\/uploads\/2024\/04\/dificultate.png\" class=\"vc_single_image-img attachment-full\" alt=\"\" srcset=\"https:\/\/orkla.ro\/b2b\/wp-content\/uploads\/2024\/04\/dificultate.png 185w, https:\/\/orkla.ro\/b2b\/wp-content\/uploads\/2024\/04\/dificultate-18x12.png 18w\" sizes=\"auto, (max-width: 185px) 100vw, 185px\" \/><\/div>\n\t\t<\/figure>\n\t<\/div>\n<\/div><\/div><\/div><\/div><div  class=\"vc_wp_text wpb_content_element\"><div class=\"widget widget_text\">\t\t\t<div class=\"textwidget\"><p><span style=\"color: #000000;\"><strong>1. Co\u0219ule\u021be de ciocolat\u0103<br \/>\n<\/strong>Pot fi preg\u0103tite folosind ciocolat\u0103 neagr\u0103 veritabil\u0103 sau \u00eenlocuitor de ciocolat\u0103.<\/span><br \/>\n<span style=\"color: #000000;\">Se pot folosi \u0219i co\u0219ule\u021be gata f\u0103cute.<\/span><br \/>\n<span style=\"color: #000000;\">Pentru prima variant\u0103, topim ciocolata\/ \u00eenlocuitorul \u0219i tapet\u0103m pere\u021bii formelor de brio\u0219\u0103 (ondulate sau netede, bine uscate), astfel \u00eenc\u00e2t s\u0103 r\u0103m\u00e2n\u0103 o pelicul\u0103 sub\u021bire. B\u0103g\u0103m \u00een frigider.<\/span><br \/>\n<span style=\"color: #000000;\">Dup\u0103 r\u0103cire, co\u0219ule\u021bele se desprind u\u0219or prin lovire delicat\u0103 de mas\u0103. Fiecare form\u0103 ar trebui s\u0103 aib\u0103 ~30 gr.<\/span><\/p>\n<p><span style=\"color: #000000;\"><strong>2. Crem\u0103 Ganache<\/strong><\/span><br \/>\n<span style=\"color: #000000;\">Creline 400 g<\/span><br \/>\n<span style=\"color: #000000;\">Ciocolat\u0103 neagr\u0103 70% 300 g<\/span><br \/>\n<span style=\"color: #000000;\">Unt 200 g<\/span><br \/>\n<span style=\"color: #000000;\">Portocale confiate 100 g<\/span><br \/>\n<span style=\"color: #000000;\">Cognac 15 g<\/span><br \/>\n<span style=\"color: #000000;\">____________________________________________<\/span><br \/>\n<span style=\"color: #000000;\">Total 1015 g<\/span><\/p>\n<p><span style=\"color: #000000;\">Se aduce crema vegetal\u0103 Creline la fierbere, se ia de pe foc, se adaug\u0103 ciocolata\/ \u00eenlocuitorul amestec\u00e2nd continuu p\u00e2n\u0103 se omogenizeaz\u0103. Se adaug\u0103 \u0219i untul \u0219i cognac-ul. Omogenizare.<\/span><br \/>\n<span style=\"color: #000000;\">Ad\u0103ug\u0103m portocalele confiate \u0219i l\u0103s\u0103m la rece minimum 3 ore.<\/span><br \/>\n<span style=\"color: #000000;\">Dup\u0103 r\u0103cirea complet\u0103 spum\u0103m ganache-ul.<\/span><\/p>\n<p><span style=\"color: #000000;\"><strong>3. Finisare pr\u0103jitur\u0103<\/strong><\/span><br \/>\n<span style=\"color: #000000;\">\u00cen interiorul fiec\u0103rui co\u0219ule\u021b de ciocolat\u0103 vom introduce cu poche-ul aprox. 50 g crem\u0103 ganache, p\u00e2n\u0103 la limita superioar\u0103 a formei, astfel \u00eenc\u00e2t s\u0103 r\u0103m\u00e2n\u0103 1 mm loc pentru un strat de ciocolat\u0103 topit\u0103, care are rol de \u00eenchidere a co\u0219ule\u021belor. R\u0103cire \u00een frigider.<\/span><br \/>\n<span style=\"color: #000000;\">Dup\u0103 r\u0103cire co\u0219ule\u021bele se pot \u00eentoarce cu baza mare \u00een jos \u0219i pot fi decorate dup\u0103 preferin\u021b\u0103.<\/span><\/p>\n<p><strong><span style=\"color: #000000;\">Recomandare: folosi\u021bi ciocolata adecvat\u0103 \u0219i untul din oferta Viadan.<\/span> <\/strong><\/p>\n<\/div>\n\t\t<\/div><\/div><\/div><\/div><\/div><\/div><div id=\"poza-bottom-reteta-mobile\" class=\"vc_row wpb_row vc_row-fluid vc_custom_1713696951805 vc_row-has-fill eltdf-row-type-row\" style=\"\"><div class=\"wpb_column vc_column_container vc_col-sm-12 vc_hidden-lg vc_hidden-md\"><div class=\"vc_column-inner\"><div class=\"wpb_wrapper\"><div class=\"vc_empty_space\"   style=\"height: 0px\"><span class=\"vc_empty_space_inner\"><\/span><\/div><\/div><\/div><\/div><\/div>\n","protected":false},"excerpt":{"rendered":"1. Co\u0219ule\u021be de ciocolat\u0103 Pot fi preg\u0103tite folosind ciocolat\u0103 neagr\u0103 veritabil\u0103 sau \u00eenlocuitor de ciocolat\u0103. Se pot folosi \u0219i co\u0219ule\u021be gata f\u0103cute. Pentru prima variant\u0103, topim ciocolata\/ \u00eenlocuitorul \u0219i tapet\u0103m pere\u021bii formelor de brio\u0219\u0103 (ondulate sau netede, bine uscate), astfel \u00eenc\u00e2t s\u0103 r\u0103m\u00e2n\u0103 o pelicul\u0103 sub\u021bire. B\u0103g\u0103m \u00een frigider. Dup\u0103 r\u0103cire, co\u0219ule\u021bele se desprind u\u0219or prin lovire delicat\u0103 de mas\u0103. Fiecare form\u0103 ar trebui s\u0103 aib\u0103 ~30 gr. 2. Crem\u0103 Ganache Creline 400 g Ciocolat\u0103 neagr\u0103 70% 300 g Unt 200 g Portocale confiate 100 g Cognac 15 g ____________________________________________ Total 1015 g Se aduce crema vegetal\u0103 Creline la fierbere, se ia de pe foc, se adaug\u0103 ciocolata\/ \u00eenlocuitorul amestec\u00e2nd continuu p\u00e2n\u0103 se omogenizeaz\u0103. Se adaug\u0103 \u0219i untul \u0219i cognac-ul. Omogenizare. Ad\u0103ug\u0103m portocalele confiate \u0219i l\u0103s\u0103m la rece minimum 3 ore. Dup\u0103 r\u0103cirea complet\u0103 spum\u0103m ganache-ul. 3. Finisare pr\u0103jitur\u0103 \u00cen interiorul fiec\u0103rui co\u0219ule\u021b de ciocolat\u0103 vom introduce cu poche-ul aprox. [...]","protected":false},"author":1,"featured_media":352431,"parent":351162,"menu_order":0,"comment_status":"closed","ping_status":"closed","template":"full-width.php","meta":{"_acf_changed":false,"footnotes":""},"categories":[122],"tags":[],"class_list":["post-351552","page","type-page","status-publish","has-post-thumbnail","hentry","category-catalog-prajturi-clasice"],"acf":[],"_links":{"self":[{"href":"https:\/\/orkla.ro\/b2b\/index.php\/wp-json\/wp\/v2\/pages\/351552","targetHints":{"allow":["GET"]}}],"collection":[{"href":"https:\/\/orkla.ro\/b2b\/index.php\/wp-json\/wp\/v2\/pages"}],"about":[{"href":"https:\/\/orkla.ro\/b2b\/index.php\/wp-json\/wp\/v2\/types\/page"}],"author":[{"embeddable":true,"href":"https:\/\/orkla.ro\/b2b\/index.php\/wp-json\/wp\/v2\/users\/1"}],"replies":[{"embeddable":true,"href":"https:\/\/orkla.ro\/b2b\/index.php\/wp-json\/wp\/v2\/comments?post=351552"}],"version-history":[{"count":5,"href":"https:\/\/orkla.ro\/b2b\/index.php\/wp-json\/wp\/v2\/pages\/351552\/revisions"}],"predecessor-version":[{"id":352371,"href":"https:\/\/orkla.ro\/b2b\/index.php\/wp-json\/wp\/v2\/pages\/351552\/revisions\/352371"}],"up":[{"embeddable":true,"href":"https:\/\/orkla.ro\/b2b\/index.php\/wp-json\/wp\/v2\/pages\/351162"}],"wp:featuredmedia":[{"embeddable":true,"href":"https:\/\/orkla.ro\/b2b\/index.php\/wp-json\/wp\/v2\/media\/352431"}],"wp:attachment":[{"href":"https:\/\/orkla.ro\/b2b\/index.php\/wp-json\/wp\/v2\/media?parent=351552"}],"wp:term":[{"taxonomy":"category","embeddable":true,"href":"https:\/\/orkla.ro\/b2b\/index.php\/wp-json\/wp\/v2\/categories?post=351552"},{"taxonomy":"post_tag","embeddable":true,"href":"https:\/\/orkla.ro\/b2b\/index.php\/wp-json\/wp\/v2\/tags?post=351552"}],"curies":[{"name":"wp","href":"https:\/\/api.w.org\/{rel}","templated":true}]}}