{"id":351525,"date":"2024-04-23T20:30:16","date_gmt":"2024-04-23T20:30:16","guid":{"rendered":"https:\/\/orkla.ro\/orklab2b\/?page_id=351525"},"modified":"2024-05-19T20:34:50","modified_gmt":"2024-05-19T20:34:50","slug":"chech-caramel","status":"publish","type":"page","link":"https:\/\/orkla.ro\/b2b\/index.php\/catalog-prajituri-clasice\/chech-caramel\/","title":{"rendered":"Chech caramel"},"content":{"rendered":"<div class=\"eltdf-row-grid-section\"><div class=\"vc_row wpb_row vc_row-fluid eltdf-row-type-row\" style=\"\"><div class=\"wpb_column vc_column_container vc_col-sm-12 vc_hidden-sm vc_hidden-xs\"><div class=\"vc_column-inner vc_custom_1713382403317\"><div class=\"wpb_wrapper\">\n\t<div  class=\"wpb_single_image wpb_content_element vc_align_center   classwidth\">\n\t\t\n\t\t<figure class=\"wpb_wrapper vc_figure\">\n\t\t\t<div class=\"vc_single_image-wrapper   vc_box_border_grey\"><img loading=\"lazy\" decoding=\"async\" width=\"1957\" height=\"1598\" src=\"https:\/\/orkla.ro\/b2b\/wp-content\/uploads\/2024\/04\/header-pagini-desktop-18.png\" class=\"vc_single_image-img attachment-full\" alt=\"\" srcset=\"https:\/\/orkla.ro\/b2b\/wp-content\/uploads\/2024\/04\/header-pagini-desktop-18.png 1957w, https:\/\/orkla.ro\/b2b\/wp-content\/uploads\/2024\/04\/header-pagini-desktop-18-300x245.png 300w, https:\/\/orkla.ro\/b2b\/wp-content\/uploads\/2024\/04\/header-pagini-desktop-18-1024x836.png 1024w, https:\/\/orkla.ro\/b2b\/wp-content\/uploads\/2024\/04\/header-pagini-desktop-18-768x627.png 768w, https:\/\/orkla.ro\/b2b\/wp-content\/uploads\/2024\/04\/header-pagini-desktop-18-1536x1254.png 1536w, https:\/\/orkla.ro\/b2b\/wp-content\/uploads\/2024\/04\/header-pagini-desktop-18-15x12.png 15w, https:\/\/orkla.ro\/b2b\/wp-content\/uploads\/2024\/04\/header-pagini-desktop-18-600x490.png 600w\" sizes=\"auto, (max-width: 1957px) 100vw, 1957px\" \/><\/div>\n\t\t<\/figure>\n\t<\/div>\n<\/div><\/div><\/div><\/div><\/div><div class=\"eltdf-row-grid-section\"><div class=\"vc_row wpb_row vc_row-fluid vc_custom_1713380968605 vc_row-has-fill eltdf-row-type-row\" style=\"\"><div class=\"wpb_column vc_column_container vc_col-sm-12 vc_hidden-sm vc_hidden-xs\"><div class=\"vc_column-inner\"><div class=\"wpb_wrapper\"><div class=\"vc_empty_space\"   style=\"height: 32px\"><span class=\"vc_empty_space_inner\"><\/span><\/div><\/div><\/div><\/div><\/div><\/div><div class=\"eltdf-row-grid-section\"><div id=\"content-desktop\" class=\"vc_row wpb_row vc_row-fluid vc_custom_1713380837008 vc_row-has-fill eltdf-row-type-row\" style=\"\"><div class=\"wpb_column vc_column_container vc_col-sm-4\/5 vc_hidden-sm vc_hidden-xs\"><div class=\"vc_column-inner vc_custom_1713382218154\"><div class=\"wpb_wrapper\"><div class=\"vc_row wpb_row vc_inner vc_row-fluid\"><div class=\"wpb_column vc_column_container vc_col-sm-6\"><div class=\"vc_column-inner\"><div class=\"wpb_wrapper\">\n\t<div  class=\"wpb_single_image wpb_content_element vc_align_left\">\n\t\t\n\t\t<figure class=\"wpb_wrapper vc_figure\">\n\t\t\t<div class=\"vc_single_image-wrapper   vc_box_border_grey\"><img loading=\"lazy\" decoding=\"async\" width=\"600\" height=\"178\" src=\"https:\/\/orkla.ro\/b2b\/wp-content\/uploads\/2024\/04\/reteta.png\" class=\"vc_single_image-img attachment-full\" alt=\"\" srcset=\"https:\/\/orkla.ro\/b2b\/wp-content\/uploads\/2024\/04\/reteta.png 600w, https:\/\/orkla.ro\/b2b\/wp-content\/uploads\/2024\/04\/reteta-300x89.png 300w, https:\/\/orkla.ro\/b2b\/wp-content\/uploads\/2024\/04\/reteta-18x5.png 18w\" sizes=\"auto, (max-width: 600px) 100vw, 600px\" \/><\/div>\n\t\t<\/figure>\n\t<\/div>\n<\/div><\/div><\/div><div class=\"wpb_column vc_column_container vc_col-sm-6\"><div class=\"vc_column-inner\"><div class=\"wpb_wrapper\">\n\t<div  class=\"wpb_single_image wpb_content_element vc_align_left\">\n\t\t\n\t\t<figure class=\"wpb_wrapper vc_figure\">\n\t\t\t<div class=\"vc_single_image-wrapper   vc_box_border_grey\"><img loading=\"lazy\" decoding=\"async\" width=\"185\" height=\"118\" src=\"https:\/\/orkla.ro\/b2b\/wp-content\/uploads\/2024\/04\/dificultate.png\" class=\"vc_single_image-img attachment-full\" alt=\"\" srcset=\"https:\/\/orkla.ro\/b2b\/wp-content\/uploads\/2024\/04\/dificultate.png 185w, https:\/\/orkla.ro\/b2b\/wp-content\/uploads\/2024\/04\/dificultate-18x12.png 18w\" sizes=\"auto, (max-width: 185px) 100vw, 185px\" \/><\/div>\n\t\t<\/figure>\n\t<\/div>\n<\/div><\/div><\/div><\/div><div  class=\"vc_wp_text wpb_content_element\"><div class=\"widget widget_text\">\t\t\t<div class=\"textwidget\"><p><span style=\"color: #000000;\"><strong>Preparare aluat<\/strong><\/span><br \/>\n<span style=\"color: #000000;\">Credi<sup><sup class=\"regtm\">\u00ae<\/sup><\/sup>Cake Toffee Cake 1020 g<\/span><br \/>\n<span style=\"color: #000000;\">Ulei 480 g<\/span><br \/>\n<span style=\"color: #000000;\">Ou\u0103(la temp. camerei) 420 g<\/span><br \/>\n<span style=\"color: #000000;\">Ap\u0103 240 g<\/span><br \/>\n<span style=\"color: #000000;\">Nuci pr\u0103jite \u0219i m\u0103run\u021bite 300 g<\/span><br \/>\n<span style=\"color: #000000;\">____________________________________________<\/span><br \/>\n<span style=\"color: #000000;\">Total 2640 g<\/span><\/p>\n<p><span style=\"color: #000000;\">Se pun \u00een cuva mixerului ingredientele fluide, apoi premixul \u0219i nucile.<\/span><br \/>\n<span style=\"color: #000000;\">Se mixeaz\u0103 lent, cu ajutorul paletei, timp de 2 min. p\u00e2n\u0103 la ob\u0163inerea unei compozi\u021bii omogene.<\/span><br \/>\n<span style=\"color: #000000;\">Se \u00eemparte compozitia ob\u021binut\u0103 \u00een 8 t\u0103vi\u021be de cake, aprox. 330 g \u00een fiecare tavi\u021b\u0103.<\/span><br \/>\n<span style=\"color: #000000;\">Coacere: 165\u00b0C\/ aprox. 22 min.<\/span><br \/>\n<span style=\"color: #000000;\">Se ob\u021bin 8 checuri de 280 g.<\/span><\/p>\n<\/div>\n\t\t<\/div><\/div><\/div><\/div><\/div><div class=\"wpb_column vc_column_container vc_col-sm-1\/5 vc_hidden-sm vc_hidden-xs\"><div class=\"vc_column-inner vc_custom_1713382225654\"><div class=\"wpb_wrapper\">\n\t<div  class=\"wpb_single_image wpb_content_element vc_align_right\">\n\t\t\n\t\t<figure class=\"wpb_wrapper vc_figure\">\n\t\t\t<div class=\"vc_single_image-wrapper   vc_box_border_grey\"><img loading=\"lazy\" decoding=\"async\" width=\"232\" height=\"610\" src=\"https:\/\/orkla.ro\/b2b\/wp-content\/uploads\/2024\/04\/atribute-reteta.png\" class=\"vc_single_image-img attachment-full\" alt=\"\" srcset=\"https:\/\/orkla.ro\/b2b\/wp-content\/uploads\/2024\/04\/atribute-reteta.png 232w, https:\/\/orkla.ro\/b2b\/wp-content\/uploads\/2024\/04\/atribute-reteta-114x300.png 114w, https:\/\/orkla.ro\/b2b\/wp-content\/uploads\/2024\/04\/atribute-reteta-5x12.png 5w\" sizes=\"auto, (max-width: 232px) 100vw, 232px\" \/><\/div>\n\t\t<\/figure>\n\t<\/div>\n<\/div><\/div><\/div><\/div><\/div><div class=\"eltdf-row-grid-section\"><div id=\"reteta-poza-2\" class=\"vc_row wpb_row vc_row-fluid vc_custom_1713904363933 vc_row-has-fill eltdf-row-type-row\" style=\"\"><div class=\"wpb_column vc_column_container vc_col-sm-12 vc_hidden-sm vc_hidden-xs\"><div class=\"vc_column-inner\"><div class=\"wpb_wrapper\"><div class=\"vc_empty_space\"   style=\"height: 500px\"><span class=\"vc_empty_space_inner\"><\/span><\/div><\/div><\/div><\/div><\/div><\/div><div class=\"eltdf-row-grid-section\"><div id=\"produse-top\" class=\"vc_row wpb_row vc_row-fluid vc_custom_1713380886956 vc_row-has-fill eltdf-row-type-row\" style=\"\"><div class=\"wpb_column vc_column_container vc_col-sm-12 vc_hidden-sm vc_hidden-xs\"><div class=\"vc_column-inner\"><div class=\"wpb_wrapper\"><div class=\"vc_empty_space  vc_custom_1713188188893\"   style=\"height: 32px\"><span class=\"vc_empty_space_inner\"><\/span><\/div><\/div><\/div><\/div><\/div><\/div><div class=\"eltdf-row-grid-section\"><div class=\"vc_row wpb_row vc_row-fluid vc_custom_1713380904042 vc_row-has-fill eltdf-row-type-row\" style=\"\"><div class=\"wpb_column vc_column_container vc_col-sm-3 vc_hidden-sm vc_hidden-xs\"><div class=\"vc_column-inner\"><div class=\"wpb_wrapper\"><div class=\"woocommerce \"><ul class=\"products columns-4\">\n<li class=\"product type-product post-352220 status-publish first instock product_cat-amestecuri-si-amelioratori-pentru-prajituri has-post-thumbnail shipping-taxable purchasable product-type-simple\">\n\t<div class=\"eltdf-pl-inner\"><div class=\"eltdf-pl-image\"><img loading=\"lazy\" decoding=\"async\" width=\"300\" height=\"300\" src=\"https:\/\/orkla.ro\/b2b\/wp-content\/uploads\/2024\/05\/CREDI-Cake-Toffee-300x300.jpg\" class=\"attachment-woocommerce_thumbnail size-woocommerce_thumbnail\" alt=\"Credi\u00ae Softcake Toffee\" srcset=\"https:\/\/orkla.ro\/b2b\/wp-content\/uploads\/2024\/05\/CREDI-Cake-Toffee-300x300.jpg 300w, https:\/\/orkla.ro\/b2b\/wp-content\/uploads\/2024\/05\/CREDI-Cake-Toffee-1024x1024.jpg 1024w, https:\/\/orkla.ro\/b2b\/wp-content\/uploads\/2024\/05\/CREDI-Cake-Toffee-150x150.jpg 150w, https:\/\/orkla.ro\/b2b\/wp-content\/uploads\/2024\/05\/CREDI-Cake-Toffee-768x768.jpg 768w, https:\/\/orkla.ro\/b2b\/wp-content\/uploads\/2024\/05\/CREDI-Cake-Toffee-12x12.jpg 12w, https:\/\/orkla.ro\/b2b\/wp-content\/uploads\/2024\/05\/CREDI-Cake-Toffee-550x550.jpg 550w, https:\/\/orkla.ro\/b2b\/wp-content\/uploads\/2024\/05\/CREDI-Cake-Toffee-600x600.jpg 600w, https:\/\/orkla.ro\/b2b\/wp-content\/uploads\/2024\/05\/CREDI-Cake-Toffee-200x200.jpg 200w, https:\/\/orkla.ro\/b2b\/wp-content\/uploads\/2024\/05\/CREDI-Cake-Toffee.jpg 1029w\" sizes=\"auto, (max-width: 300px) 100vw, 300px\" \/><div class=\"eltdf-pl-text\"><div class=\"eltdf-pl-text-outer\"><div class=\"eltdf-pl-text-inner\"><a href=\"?add-to-cart=352220\" aria-describedby=\"woocommerce_loop_add_to_cart_link_describedby_352220\" data-quantity=\"1\" class=\"button product_type_simple add_to_cart_button ajax_add_to_cart\" data-product_id=\"352220\" data-product_sku=\"\" aria-label=\"Adaug\u0103 \u00een co\u0219: &amp;lbquo;Credi\u00ae Softcake Toffee&rdquo;\" rel=\"nofollow\" data-success_message=\"&bdquo;Credi\u00ae Softcake Toffee&rdquo; a fost ad\u0103ugat \u00een co\u0219\">Mai Multe informa\u021bii<\/a>\t<span id=\"woocommerce_loop_add_to_cart_link_describedby_352220\" class=\"screen-reader-text\">\n\t\t\t<\/span>\n<\/div><\/div><\/div><\/div><a href=\"https:\/\/orkla.ro\/b2b\/index.php\/product\/credi-softcake-toffee\/\" class=\"woocommerce-LoopProduct-link woocommerce-loop-product__link\"><\/a><\/div><div class=\"eltdf-pl-text-wrapper\"><h4 class=\"eltdf-product-list-title\"><a href=\"https:\/\/orkla.ro\/b2b\/index.php\/product\/credi-softcake-toffee\/\">Credi\u00ae Softcake Toffee<\/a><\/h4>\n\t<span class=\"price\"><span class=\"woocommerce-Price-amount amount\"><bdi><span class=\"woocommerce-Price-currencySymbol\">&#36;<\/span>0.00<\/bdi><\/span><\/span>\n<\/div><\/li>\n<\/ul>\n<\/div><\/div><\/div><\/div><div class=\"wpb_column vc_column_container vc_col-sm-3 vc_hidden-sm vc_hidden-xs\"><div class=\"vc_column-inner\"><div class=\"wpb_wrapper\"><\/div><\/div><\/div><div class=\"wpb_column vc_column_container vc_col-sm-3 vc_hidden-sm vc_hidden-xs\"><div class=\"vc_column-inner\"><div class=\"wpb_wrapper\"><\/div><\/div><\/div><div class=\"wpb_column vc_column_container vc_col-sm-3 vc_hidden-sm vc_hidden-xs\"><div class=\"vc_column-inner\"><div class=\"wpb_wrapper\"><\/div><\/div><\/div><\/div><\/div><div class=\"eltdf-row-grid-section\"><div class=\"vc_row wpb_row vc_row-fluid vc_custom_1713380911319 vc_row-has-fill eltdf-row-type-row\" style=\"\"><div class=\"wpb_column vc_column_container vc_col-sm-12 vc_hidden-sm vc_hidden-xs\"><div class=\"vc_column-inner\"><div class=\"wpb_wrapper\"><div class=\"vc_empty_space  vc_custom_1713188188893\"   style=\"height: 32px\"><span class=\"vc_empty_space_inner\"><\/span><\/div><\/div><\/div><\/div><\/div><\/div><div id=\"image-mobile\" class=\"vc_row wpb_row vc_row-fluid vc_custom_1713717305308 eltdf-row-type-row\" style=\"\"><div class=\"wpb_column vc_column_container vc_col-sm-12 vc_hidden-lg vc_hidden-md\"><div class=\"vc_column-inner vc_custom_1713380711047\"><div class=\"wpb_wrapper\">\n\t<div  class=\"wpb_single_image wpb_content_element vc_align_center   classwidth\">\n\t\t\n\t\t<figure class=\"wpb_wrapper vc_figure\">\n\t\t\t<div class=\"vc_single_image-wrapper   vc_box_border_grey\"><img loading=\"lazy\" decoding=\"async\" width=\"1272\" height=\"1372\" src=\"https:\/\/orkla.ro\/b2b\/wp-content\/uploads\/2024\/04\/header-reteta-mobile-15.png\" class=\"vc_single_image-img attachment-full\" alt=\"\" srcset=\"https:\/\/orkla.ro\/b2b\/wp-content\/uploads\/2024\/04\/header-reteta-mobile-15.png 1272w, https:\/\/orkla.ro\/b2b\/wp-content\/uploads\/2024\/04\/header-reteta-mobile-15-278x300.png 278w, https:\/\/orkla.ro\/b2b\/wp-content\/uploads\/2024\/04\/header-reteta-mobile-15-949x1024.png 949w, https:\/\/orkla.ro\/b2b\/wp-content\/uploads\/2024\/04\/header-reteta-mobile-15-768x828.png 768w, https:\/\/orkla.ro\/b2b\/wp-content\/uploads\/2024\/04\/header-reteta-mobile-15-11x12.png 11w, https:\/\/orkla.ro\/b2b\/wp-content\/uploads\/2024\/04\/header-reteta-mobile-15-600x647.png 600w\" sizes=\"auto, (max-width: 1272px) 100vw, 1272px\" \/><\/div>\n\t\t<\/figure>\n\t<\/div>\n<\/div><\/div><\/div><\/div><div id=\"content-mobile\" class=\"vc_row wpb_row vc_row-fluid vc_custom_1713697725395 vc_row-has-fill eltdf-row-type-row\" style=\"\"><div class=\"wpb_column vc_column_container vc_col-sm-12 vc_hidden-lg vc_hidden-md\"><div class=\"vc_column-inner vc_custom_1713381710834\"><div class=\"wpb_wrapper\"><div class=\"vc_row wpb_row vc_inner vc_row-fluid\"><div class=\"wpb_column vc_column_container vc_col-sm-12\"><div class=\"vc_column-inner\"><div class=\"wpb_wrapper\">\n\t<div  class=\"wpb_single_image wpb_content_element vc_align_left\">\n\t\t\n\t\t<figure class=\"wpb_wrapper vc_figure\">\n\t\t\t<div class=\"vc_single_image-wrapper   vc_box_border_grey\"><img loading=\"lazy\" decoding=\"async\" width=\"600\" height=\"178\" src=\"https:\/\/orkla.ro\/b2b\/wp-content\/uploads\/2024\/04\/reteta.png\" class=\"vc_single_image-img attachment-full\" alt=\"\" srcset=\"https:\/\/orkla.ro\/b2b\/wp-content\/uploads\/2024\/04\/reteta.png 600w, https:\/\/orkla.ro\/b2b\/wp-content\/uploads\/2024\/04\/reteta-300x89.png 300w, https:\/\/orkla.ro\/b2b\/wp-content\/uploads\/2024\/04\/reteta-18x5.png 18w\" sizes=\"auto, (max-width: 600px) 100vw, 600px\" \/><\/div>\n\t\t<\/figure>\n\t<\/div>\n\n\t<div  class=\"wpb_single_image wpb_content_element vc_align_left\">\n\t\t\n\t\t<figure class=\"wpb_wrapper vc_figure\">\n\t\t\t<div class=\"vc_single_image-wrapper   vc_box_border_grey\"><img loading=\"lazy\" decoding=\"async\" width=\"185\" height=\"118\" src=\"https:\/\/orkla.ro\/b2b\/wp-content\/uploads\/2024\/04\/dificultate.png\" class=\"vc_single_image-img attachment-full\" alt=\"\" srcset=\"https:\/\/orkla.ro\/b2b\/wp-content\/uploads\/2024\/04\/dificultate.png 185w, https:\/\/orkla.ro\/b2b\/wp-content\/uploads\/2024\/04\/dificultate-18x12.png 18w\" sizes=\"auto, (max-width: 185px) 100vw, 185px\" \/><\/div>\n\t\t<\/figure>\n\t<\/div>\n<\/div><\/div><\/div><\/div><div  class=\"vc_wp_text wpb_content_element\"><div class=\"widget widget_text\">\t\t\t<div class=\"textwidget\"><p><span style=\"color: #000000;\"><strong>Preparare aluat<\/strong><\/span><br \/>\n<span style=\"color: #000000;\">Credi<sup><sup class=\"regtm\">\u00ae<\/sup><\/sup>Cake Toffee Cake 1020 g<\/span><br \/>\n<span style=\"color: #000000;\">Ulei 480 g<\/span><br \/>\n<span style=\"color: #000000;\">Ou\u0103(la temp. camerei) 420 g<\/span><br \/>\n<span style=\"color: #000000;\">Ap\u0103 240 g<\/span><br \/>\n<span style=\"color: #000000;\">Nuci pr\u0103jite \u0219i m\u0103run\u021bite 300 g<\/span><br \/>\n<span style=\"color: #000000;\">____________________________________________<\/span><br \/>\n<span style=\"color: #000000;\">Total 2640 g<\/span><\/p>\n<p><span style=\"color: #000000;\">Se pun \u00een cuva mixerului ingredientele fluide, apoi premixul \u0219i nucile.<\/span><br \/>\n<span style=\"color: #000000;\">Se mixeaz\u0103 lent, cu ajutorul paletei, timp de 2 min. p\u00e2n\u0103 la ob\u0163inerea unei compozi\u021bii omogene.<\/span><br \/>\n<span style=\"color: #000000;\">Se \u00eemparte compozitia ob\u021binut\u0103 \u00een 8 t\u0103vi\u021be de cake, aprox. 330 g \u00een fiecare tavi\u021b\u0103.<\/span><br \/>\n<span style=\"color: #000000;\">Coacere: 165\u00b0C\/ aprox. 22 min.<\/span><br \/>\n<span style=\"color: #000000;\">Se ob\u021bin 8 checuri de 280 g.<\/span><\/p>\n<\/div>\n\t\t<\/div><\/div><\/div><\/div><\/div><\/div><div id=\"poza-bottom-reteta-mobile\" class=\"vc_row wpb_row vc_row-fluid vc_custom_1713696951805 vc_row-has-fill eltdf-row-type-row\" style=\"\"><div class=\"wpb_column vc_column_container vc_col-sm-12 vc_hidden-lg vc_hidden-md\"><div class=\"vc_column-inner\"><div class=\"wpb_wrapper\"><div class=\"vc_empty_space\"   style=\"height: 0px\"><span class=\"vc_empty_space_inner\"><\/span><\/div><\/div><\/div><\/div><\/div><div id=\"produse-top-mobile\" class=\"vc_row wpb_row vc_row-fluid vc_custom_1713381760361 vc_row-has-fill eltdf-row-type-row\" style=\"\"><div class=\"wpb_column vc_column_container vc_col-sm-12 vc_hidden-lg vc_hidden-md\"><div class=\"vc_column-inner\"><div class=\"wpb_wrapper\"><div class=\"vc_empty_space  vc_custom_1713697823294\"   style=\"height: 32px\"><span class=\"vc_empty_space_inner\"><\/span><\/div><\/div><\/div><\/div><\/div><div id=\"produse-mobile\" class=\"vc_row wpb_row vc_row-fluid vc_custom_1713381979394 vc_row-has-fill eltdf-row-type-row\" style=\"\"><div class=\"wpb_column vc_column_container vc_col-sm-3 vc_hidden-lg vc_hidden-md\"><div class=\"vc_column-inner\"><div class=\"wpb_wrapper\"><div class=\"woocommerce \"><ul class=\"products columns-4\">\n<li class=\"product type-product post-352220 status-publish first instock product_cat-amestecuri-si-amelioratori-pentru-prajituri has-post-thumbnail shipping-taxable purchasable product-type-simple\">\n\t<div class=\"eltdf-pl-inner\"><div class=\"eltdf-pl-image\"><img loading=\"lazy\" decoding=\"async\" width=\"300\" height=\"300\" src=\"https:\/\/orkla.ro\/b2b\/wp-content\/uploads\/2024\/05\/CREDI-Cake-Toffee-300x300.jpg\" class=\"attachment-woocommerce_thumbnail size-woocommerce_thumbnail\" alt=\"Credi\u00ae Softcake Toffee\" srcset=\"https:\/\/orkla.ro\/b2b\/wp-content\/uploads\/2024\/05\/CREDI-Cake-Toffee-300x300.jpg 300w, https:\/\/orkla.ro\/b2b\/wp-content\/uploads\/2024\/05\/CREDI-Cake-Toffee-1024x1024.jpg 1024w, https:\/\/orkla.ro\/b2b\/wp-content\/uploads\/2024\/05\/CREDI-Cake-Toffee-150x150.jpg 150w, https:\/\/orkla.ro\/b2b\/wp-content\/uploads\/2024\/05\/CREDI-Cake-Toffee-768x768.jpg 768w, https:\/\/orkla.ro\/b2b\/wp-content\/uploads\/2024\/05\/CREDI-Cake-Toffee-12x12.jpg 12w, https:\/\/orkla.ro\/b2b\/wp-content\/uploads\/2024\/05\/CREDI-Cake-Toffee-550x550.jpg 550w, https:\/\/orkla.ro\/b2b\/wp-content\/uploads\/2024\/05\/CREDI-Cake-Toffee-600x600.jpg 600w, https:\/\/orkla.ro\/b2b\/wp-content\/uploads\/2024\/05\/CREDI-Cake-Toffee-200x200.jpg 200w, https:\/\/orkla.ro\/b2b\/wp-content\/uploads\/2024\/05\/CREDI-Cake-Toffee.jpg 1029w\" sizes=\"auto, (max-width: 300px) 100vw, 300px\" \/><div class=\"eltdf-pl-text\"><div class=\"eltdf-pl-text-outer\"><div class=\"eltdf-pl-text-inner\"><a href=\"?add-to-cart=352220\" aria-describedby=\"woocommerce_loop_add_to_cart_link_describedby_352220\" data-quantity=\"1\" class=\"button product_type_simple add_to_cart_button ajax_add_to_cart\" data-product_id=\"352220\" data-product_sku=\"\" aria-label=\"Adaug\u0103 \u00een co\u0219: &amp;lbquo;Credi\u00ae Softcake Toffee&rdquo;\" rel=\"nofollow\" data-success_message=\"&bdquo;Credi\u00ae Softcake Toffee&rdquo; a fost ad\u0103ugat \u00een co\u0219\">Mai Multe informa\u021bii<\/a>\t<span id=\"woocommerce_loop_add_to_cart_link_describedby_352220\" class=\"screen-reader-text\">\n\t\t\t<\/span>\n<\/div><\/div><\/div><\/div><a href=\"https:\/\/orkla.ro\/b2b\/index.php\/product\/credi-softcake-toffee\/\" class=\"woocommerce-LoopProduct-link woocommerce-loop-product__link\"><\/a><\/div><div class=\"eltdf-pl-text-wrapper\"><h4 class=\"eltdf-product-list-title\"><a href=\"https:\/\/orkla.ro\/b2b\/index.php\/product\/credi-softcake-toffee\/\">Credi\u00ae Softcake Toffee<\/a><\/h4>\n\t<span class=\"price\"><span class=\"woocommerce-Price-amount amount\"><bdi><span class=\"woocommerce-Price-currencySymbol\">&#36;<\/span>0.00<\/bdi><\/span><\/span>\n<\/div><\/li>\n<\/ul>\n<\/div><\/div><\/div><\/div><div class=\"wpb_column vc_column_container vc_col-sm-3 vc_hidden-lg vc_hidden-md\"><div class=\"vc_column-inner\"><div class=\"wpb_wrapper\"><\/div><\/div><\/div><div class=\"wpb_column vc_column_container vc_col-sm-3 vc_hidden-lg vc_hidden-md\"><div class=\"vc_column-inner\"><div class=\"wpb_wrapper\"><\/div><\/div><\/div><div class=\"wpb_column vc_column_container vc_col-sm-3 vc_hidden-lg vc_hidden-md\"><div class=\"vc_column-inner\"><div class=\"wpb_wrapper\"><\/div><\/div><\/div><\/div><div id=\"produse-bottom-mobile\" class=\"vc_row wpb_row vc_row-fluid vc_custom_1713697550493 vc_row-has-fill eltdf-row-type-row\" style=\"\"><div class=\"wpb_column vc_column_container vc_col-sm-12 vc_hidden-lg vc_hidden-md\"><div class=\"vc_column-inner\"><div class=\"wpb_wrapper\"><div class=\"vc_empty_space  vc_custom_1713188188893\"   style=\"height: 32px\"><span class=\"vc_empty_space_inner\"><\/span><\/div><\/div><\/div><\/div><\/div>\n","protected":false},"excerpt":{"rendered":"Preparare aluat Credi\u00aeCake Toffee Cake 1020 g Ulei 480 g Ou\u0103(la temp. camerei) 420 g Ap\u0103 240 g Nuci pr\u0103jite \u0219i m\u0103run\u021bite 300 g ____________________________________________ Total 2640 g Se pun \u00een cuva mixerului ingredientele fluide, apoi premixul \u0219i nucile. Se mixeaz\u0103 lent, cu ajutorul paletei, timp de 2 min. p\u00e2n\u0103 la ob\u0163inerea unei compozi\u021bii omogene. Se \u00eemparte compozitia ob\u021binut\u0103 \u00een 8 t\u0103vi\u021be de cake, aprox. 330 g \u00een fiecare tavi\u021b\u0103. Coacere: 165\u00b0C\/ aprox. 22 min. Se ob\u021bin 8 checuri de 280 g. Mai Multe informa\u021bii Credi\u00ae Softcake Toffee &#36;0.00 Preparare aluat Credi\u00aeCake Toffee Cake 1020 g Ulei 480 g Ou\u0103(la temp. camerei) 420 g Ap\u0103 240 g Nuci pr\u0103jite \u0219i m\u0103run\u021bite 300 g ____________________________________________ Total 2640 g Se pun \u00een cuva mixerului ingredientele fluide, apoi premixul \u0219i nucile. Se mixeaz\u0103 lent, cu ajutorul paletei, timp de 2 min. p\u00e2n\u0103 la ob\u0163inerea unei compozi\u021bii omogene. Se \u00eemparte compozitia ob\u021binut\u0103 \u00een 8 [...]","protected":false},"author":1,"featured_media":352435,"parent":351162,"menu_order":0,"comment_status":"closed","ping_status":"closed","template":"full-width.php","meta":{"_acf_changed":false,"footnotes":""},"categories":[122],"tags":[],"class_list":["post-351525","page","type-page","status-publish","has-post-thumbnail","hentry","category-catalog-prajturi-clasice"],"acf":[],"_links":{"self":[{"href":"https:\/\/orkla.ro\/b2b\/index.php\/wp-json\/wp\/v2\/pages\/351525","targetHints":{"allow":["GET"]}}],"collection":[{"href":"https:\/\/orkla.ro\/b2b\/index.php\/wp-json\/wp\/v2\/pages"}],"about":[{"href":"https:\/\/orkla.ro\/b2b\/index.php\/wp-json\/wp\/v2\/types\/page"}],"author":[{"embeddable":true,"href":"https:\/\/orkla.ro\/b2b\/index.php\/wp-json\/wp\/v2\/users\/1"}],"replies":[{"embeddable":true,"href":"https:\/\/orkla.ro\/b2b\/index.php\/wp-json\/wp\/v2\/comments?post=351525"}],"version-history":[{"count":4,"href":"https:\/\/orkla.ro\/b2b\/index.php\/wp-json\/wp\/v2\/pages\/351525\/revisions"}],"predecessor-version":[{"id":352364,"href":"https:\/\/orkla.ro\/b2b\/index.php\/wp-json\/wp\/v2\/pages\/351525\/revisions\/352364"}],"up":[{"embeddable":true,"href":"https:\/\/orkla.ro\/b2b\/index.php\/wp-json\/wp\/v2\/pages\/351162"}],"wp:featuredmedia":[{"embeddable":true,"href":"https:\/\/orkla.ro\/b2b\/index.php\/wp-json\/wp\/v2\/media\/352435"}],"wp:attachment":[{"href":"https:\/\/orkla.ro\/b2b\/index.php\/wp-json\/wp\/v2\/media?parent=351525"}],"wp:term":[{"taxonomy":"category","embeddable":true,"href":"https:\/\/orkla.ro\/b2b\/index.php\/wp-json\/wp\/v2\/categories?post=351525"},{"taxonomy":"post_tag","embeddable":true,"href":"https:\/\/orkla.ro\/b2b\/index.php\/wp-json\/wp\/v2\/tags?post=351525"}],"curies":[{"name":"wp","href":"https:\/\/api.w.org\/{rel}","templated":true}]}}