{"id":351405,"date":"2024-04-21T17:51:40","date_gmt":"2024-04-21T17:51:40","guid":{"rendered":"https:\/\/orkla.ro\/orklab2b\/?page_id=351405"},"modified":"2024-05-19T20:48:40","modified_gmt":"2024-05-19T20:48:40","slug":"cozonac","status":"publish","type":"page","link":"https:\/\/orkla.ro\/b2b\/index.php\/catalog-prajituri-clasice\/cozonac\/","title":{"rendered":"Cozonac"},"content":{"rendered":"<div class=\"eltdf-row-grid-section\"><div class=\"vc_row wpb_row vc_row-fluid eltdf-row-type-row\" style=\"\"><div class=\"wpb_column vc_column_container vc_col-sm-12 vc_hidden-sm vc_hidden-xs\"><div class=\"vc_column-inner vc_custom_1713382403317\"><div class=\"wpb_wrapper\">\n\t<div  class=\"wpb_single_image wpb_content_element vc_align_center   classwidth\">\n\t\t\n\t\t<figure class=\"wpb_wrapper vc_figure\">\n\t\t\t<div class=\"vc_single_image-wrapper   vc_box_border_grey\"><img loading=\"lazy\" decoding=\"async\" width=\"1957\" height=\"1598\" src=\"https:\/\/orkla.ro\/b2b\/wp-content\/uploads\/2024\/04\/header-pagini-desktop-4.png\" class=\"vc_single_image-img attachment-full\" alt=\"\" srcset=\"https:\/\/orkla.ro\/b2b\/wp-content\/uploads\/2024\/04\/header-pagini-desktop-4.png 1957w, https:\/\/orkla.ro\/b2b\/wp-content\/uploads\/2024\/04\/header-pagini-desktop-4-300x245.png 300w, https:\/\/orkla.ro\/b2b\/wp-content\/uploads\/2024\/04\/header-pagini-desktop-4-1024x836.png 1024w, https:\/\/orkla.ro\/b2b\/wp-content\/uploads\/2024\/04\/header-pagini-desktop-4-768x627.png 768w, https:\/\/orkla.ro\/b2b\/wp-content\/uploads\/2024\/04\/header-pagini-desktop-4-1536x1254.png 1536w, https:\/\/orkla.ro\/b2b\/wp-content\/uploads\/2024\/04\/header-pagini-desktop-4-15x12.png 15w, https:\/\/orkla.ro\/b2b\/wp-content\/uploads\/2024\/04\/header-pagini-desktop-4-600x490.png 600w\" sizes=\"auto, (max-width: 1957px) 100vw, 1957px\" \/><\/div>\n\t\t<\/figure>\n\t<\/div>\n<\/div><\/div><\/div><\/div><\/div><div class=\"eltdf-row-grid-section\"><div class=\"vc_row wpb_row vc_row-fluid vc_custom_1713380968605 vc_row-has-fill eltdf-row-type-row\" style=\"\"><div class=\"wpb_column vc_column_container vc_col-sm-12 vc_hidden-sm vc_hidden-xs\"><div class=\"vc_column-inner\"><div class=\"wpb_wrapper\"><div class=\"vc_empty_space\"   style=\"height: 32px\"><span class=\"vc_empty_space_inner\"><\/span><\/div><\/div><\/div><\/div><\/div><\/div><div class=\"eltdf-row-grid-section\"><div id=\"content-desktop\" class=\"vc_row wpb_row vc_row-fluid vc_custom_1713380837008 vc_row-has-fill eltdf-row-type-row\" style=\"\"><div class=\"wpb_column vc_column_container vc_col-sm-4\/5 vc_hidden-sm vc_hidden-xs\"><div class=\"vc_column-inner vc_custom_1713382218154\"><div class=\"wpb_wrapper\"><div class=\"vc_row wpb_row vc_inner vc_row-fluid\"><div class=\"wpb_column vc_column_container vc_col-sm-6\"><div class=\"vc_column-inner\"><div class=\"wpb_wrapper\">\n\t<div  class=\"wpb_single_image wpb_content_element vc_align_left\">\n\t\t\n\t\t<figure class=\"wpb_wrapper vc_figure\">\n\t\t\t<div class=\"vc_single_image-wrapper   vc_box_border_grey\"><img loading=\"lazy\" decoding=\"async\" width=\"600\" height=\"178\" src=\"https:\/\/orkla.ro\/b2b\/wp-content\/uploads\/2024\/04\/reteta.png\" class=\"vc_single_image-img attachment-full\" alt=\"\" srcset=\"https:\/\/orkla.ro\/b2b\/wp-content\/uploads\/2024\/04\/reteta.png 600w, https:\/\/orkla.ro\/b2b\/wp-content\/uploads\/2024\/04\/reteta-300x89.png 300w, https:\/\/orkla.ro\/b2b\/wp-content\/uploads\/2024\/04\/reteta-18x5.png 18w\" sizes=\"auto, (max-width: 600px) 100vw, 600px\" \/><\/div>\n\t\t<\/figure>\n\t<\/div>\n<\/div><\/div><\/div><div class=\"wpb_column vc_column_container vc_col-sm-6\"><div class=\"vc_column-inner\"><div class=\"wpb_wrapper\">\n\t<div  class=\"wpb_single_image wpb_content_element vc_align_left\">\n\t\t\n\t\t<figure class=\"wpb_wrapper vc_figure\">\n\t\t\t<div class=\"vc_single_image-wrapper   vc_box_border_grey\"><img loading=\"lazy\" decoding=\"async\" width=\"185\" height=\"118\" src=\"https:\/\/orkla.ro\/b2b\/wp-content\/uploads\/2024\/04\/dificultate.png\" class=\"vc_single_image-img attachment-full\" alt=\"\" srcset=\"https:\/\/orkla.ro\/b2b\/wp-content\/uploads\/2024\/04\/dificultate.png 185w, https:\/\/orkla.ro\/b2b\/wp-content\/uploads\/2024\/04\/dificultate-18x12.png 18w\" sizes=\"auto, (max-width: 185px) 100vw, 185px\" \/><\/div>\n\t\t<\/figure>\n\t<\/div>\n<\/div><\/div><\/div><\/div><div  class=\"vc_wp_text wpb_content_element\"><div class=\"widget widget_text\">\t\t\t<div class=\"textwidget\"><p><span style=\"color: #000000;\"><strong>1. Preparare aluat<\/strong><\/span><br \/>\n<span style=\"color: #000000;\">F\u0103in\u0103 tip 480 sau 550 2000 g<\/span><br \/>\n<span style=\"color: #000000;\">Credi<sup class=\"regtm\">\u00ae<\/sup>Cozonac Pufos 200 g<\/span><br \/>\n<span style=\"color: #000000;\">Zah\u0103r 500 g<\/span><br \/>\n<span style=\"color: #000000;\">Sare 20 g<\/span><br \/>\n<span style=\"color: #000000;\">Drojdie proasp\u0103t\u0103 200 g<\/span><br \/>\n<span style=\"color: #000000;\">Paticrem 120 g<\/span><br \/>\n<span style=\"color: #000000;\">Ap\u0103 (aprox.) 990 g<\/span><br \/>\n<span style=\"color: #000000;\">____________________________________________<\/span><br \/>\n<span style=\"color: #000000;\">Total 4030 g<\/span><\/p>\n<p><span style=\"color: #000000;\">Umpluturi care se pot folosi:<\/span><br \/>\n<span style=\"color: #000000;\">Fructe \u0219i legume confiate: 20-25% raportat la aluat.<\/span><br \/>\n<span style=\"color: #000000;\">Umplutur\u0103 cu nuc\u0103 si cacao.<\/span><br \/>\n<span style=\"color: #000000;\">Amestec de nuc\u0103, stafide \u0219i rahat.<\/span><br \/>\n<span style=\"color: #000000;\">Recomand\u0103m o propor\u021bie de 300 g umplutur\u0103 la 600 g aluat.<\/span><\/p>\n<p><span style=\"color: #000000;\"><strong>2. Mod de lucru<\/strong><\/span><br \/>\n<span style=\"color: #000000;\">Amesteca\u021bi \u00een prealabil toate ingredientele pulverulente, pentru o mai bun\u0103 omogenizare. Ad\u0103uga\u021bi ap\u0103.<\/span><br \/>\n<span style=\"color: #000000;\">Malaxare: 4 min. lent\/ 6-8 min. rapid (\u00een ultimele 4 min. ad\u0103uga\u021bi margarina temperat\u0103 la 20-23\u00b0C).<\/span><br \/>\n<span style=\"color: #000000;\"><strong>Temperatur\u0103 aluat:<\/strong> 30-33\u00b0C.<\/span><br \/>\n<span style=\"color: #000000;\"><strong>Relaxare aluat:<\/strong> 15-20 min.<\/span><br \/>\n<span style=\"color: #000000;\"><strong>Divizare aluat:<\/strong> la gramajul dorit (de ex. 600 g pentru cozonaci).<\/span><br \/>\n<span style=\"color: #000000;\">Modelare rotund.<\/span><br \/>\n<span style=\"color: #000000;\"><strong>Predospire aluat:<\/strong> 15-20 min. \u00centindere foaie. Ad\u0103ugare umplutur\u0103 dup\u0103 preferin\u021b\u0103 (nuc\u0103, stafide, rahat).<\/span><br \/>\n<span style=\"color: #000000;\"><strong>Dospire final\u0103:<\/strong> 50-70 min.\/ 32-35\u00b0C\/ 70-80% umiditate.<\/span><br \/>\n<span style=\"color: #000000;\">Se pot unge cozonacii cu ou \u0219i pres\u0103ra cu zah\u0103r cristal \u00eenainte de introducerea \u00een cuptor pentru o culoare frumoas\u0103 a cojii.<\/span><br \/>\n<span style=\"color: #000000;\"><strong>Coacere<\/strong>: 170-180\u00b0C\/ 40-45 min.\/ f\u0103r\u0103 abur.<\/span><\/p>\n<p><span style=\"color: #000000;\"><strong>Recomandare: puteti folosi pentru umplutur\u0103 premixurile cu nuc\u0103 din oferta Viadan.<\/strong><\/span><\/p>\n<\/div>\n\t\t<\/div><\/div><\/div><\/div><\/div><div class=\"wpb_column vc_column_container vc_col-sm-1\/5 vc_hidden-sm vc_hidden-xs\"><div class=\"vc_column-inner vc_custom_1713382225654\"><div class=\"wpb_wrapper\">\n\t<div  class=\"wpb_single_image wpb_content_element vc_align_right\">\n\t\t\n\t\t<figure class=\"wpb_wrapper vc_figure\">\n\t\t\t<div class=\"vc_single_image-wrapper   vc_box_border_grey\"><img loading=\"lazy\" decoding=\"async\" width=\"232\" height=\"610\" src=\"https:\/\/orkla.ro\/b2b\/wp-content\/uploads\/2024\/04\/atribute-reteta.png\" class=\"vc_single_image-img attachment-full\" alt=\"\" srcset=\"https:\/\/orkla.ro\/b2b\/wp-content\/uploads\/2024\/04\/atribute-reteta.png 232w, https:\/\/orkla.ro\/b2b\/wp-content\/uploads\/2024\/04\/atribute-reteta-114x300.png 114w, https:\/\/orkla.ro\/b2b\/wp-content\/uploads\/2024\/04\/atribute-reteta-5x12.png 5w\" sizes=\"auto, (max-width: 232px) 100vw, 232px\" \/><\/div>\n\t\t<\/figure>\n\t<\/div>\n<\/div><\/div><\/div><\/div><\/div><div class=\"eltdf-row-grid-section\"><div id=\"reteta-poza-2\" class=\"vc_row wpb_row vc_row-fluid vc_custom_1713722843281 vc_row-has-fill eltdf-row-type-row\" style=\"\"><div class=\"wpb_column vc_column_container vc_col-sm-12 vc_hidden-sm vc_hidden-xs\"><div class=\"vc_column-inner\"><div class=\"wpb_wrapper\"><div class=\"vc_empty_space\"   style=\"height: 500px\"><span class=\"vc_empty_space_inner\"><\/span><\/div><\/div><\/div><\/div><\/div><\/div><div class=\"eltdf-row-grid-section\"><div id=\"produse-top\" class=\"vc_row wpb_row vc_row-fluid vc_custom_1713380886956 vc_row-has-fill eltdf-row-type-row\" style=\"\"><div class=\"wpb_column vc_column_container vc_col-sm-12 vc_hidden-sm vc_hidden-xs\"><div class=\"vc_column-inner\"><div class=\"wpb_wrapper\"><div class=\"vc_empty_space  vc_custom_1713188188893\"   style=\"height: 32px\"><span class=\"vc_empty_space_inner\"><\/span><\/div><\/div><\/div><\/div><\/div><\/div><div class=\"eltdf-row-grid-section\"><div class=\"vc_row wpb_row vc_row-fluid vc_custom_1713380904042 vc_row-has-fill eltdf-row-type-row\" style=\"\"><div class=\"wpb_column vc_column_container vc_col-sm-3 vc_hidden-sm vc_hidden-xs\"><div class=\"vc_column-inner\"><div class=\"wpb_wrapper\"><div class=\"woocommerce \"><ul class=\"products columns-4\">\n<li class=\"product type-product post-352200 status-publish first instock product_cat-amestecuri-si-amelioratori-pentru-prajituri has-post-thumbnail shipping-taxable purchasable product-type-simple\">\n\t<div class=\"eltdf-pl-inner\"><div class=\"eltdf-pl-image\"><img loading=\"lazy\" decoding=\"async\" width=\"300\" height=\"300\" src=\"https:\/\/orkla.ro\/b2b\/wp-content\/uploads\/2024\/05\/CREDI-COZONAC-PUFOS-300x300.jpg\" class=\"attachment-woocommerce_thumbnail size-woocommerce_thumbnail\" alt=\"Credi\u00aeCake Cozonac Pufos\" srcset=\"https:\/\/orkla.ro\/b2b\/wp-content\/uploads\/2024\/05\/CREDI-COZONAC-PUFOS-300x300.jpg 300w, https:\/\/orkla.ro\/b2b\/wp-content\/uploads\/2024\/05\/CREDI-COZONAC-PUFOS-150x150.jpg 150w, https:\/\/orkla.ro\/b2b\/wp-content\/uploads\/2024\/05\/CREDI-COZONAC-PUFOS-768x768.jpg 768w, https:\/\/orkla.ro\/b2b\/wp-content\/uploads\/2024\/05\/CREDI-COZONAC-PUFOS-12x12.jpg 12w, https:\/\/orkla.ro\/b2b\/wp-content\/uploads\/2024\/05\/CREDI-COZONAC-PUFOS-550x550.jpg 550w, https:\/\/orkla.ro\/b2b\/wp-content\/uploads\/2024\/05\/CREDI-COZONAC-PUFOS-600x600.jpg 600w, https:\/\/orkla.ro\/b2b\/wp-content\/uploads\/2024\/05\/CREDI-COZONAC-PUFOS-200x200.jpg 200w, https:\/\/orkla.ro\/b2b\/wp-content\/uploads\/2024\/05\/CREDI-COZONAC-PUFOS.jpg 1000w\" sizes=\"auto, (max-width: 300px) 100vw, 300px\" \/><div class=\"eltdf-pl-text\"><div class=\"eltdf-pl-text-outer\"><div class=\"eltdf-pl-text-inner\"><a href=\"?add-to-cart=352200\" aria-describedby=\"woocommerce_loop_add_to_cart_link_describedby_352200\" data-quantity=\"1\" class=\"button product_type_simple add_to_cart_button ajax_add_to_cart\" data-product_id=\"352200\" data-product_sku=\"\" aria-label=\"Adaug\u0103 \u00een co\u0219: &amp;lbquo;Credi\u00aeCake Cozonac Pufos&rdquo;\" rel=\"nofollow\" data-success_message=\"&bdquo;Credi\u00aeCake Cozonac Pufos&rdquo; a fost ad\u0103ugat \u00een co\u0219\">Mai Multe informa\u021bii<\/a>\t<span id=\"woocommerce_loop_add_to_cart_link_describedby_352200\" class=\"screen-reader-text\">\n\t\t\t<\/span>\n<\/div><\/div><\/div><\/div><a href=\"https:\/\/orkla.ro\/b2b\/index.php\/product\/credicake-cozonac-pufos\/\" class=\"woocommerce-LoopProduct-link woocommerce-loop-product__link\"><\/a><\/div><div class=\"eltdf-pl-text-wrapper\"><h4 class=\"eltdf-product-list-title\"><a href=\"https:\/\/orkla.ro\/b2b\/index.php\/product\/credicake-cozonac-pufos\/\">Credi\u00aeCake Cozonac Pufos<\/a><\/h4>\n\t<span class=\"price\"><span class=\"woocommerce-Price-amount amount\"><bdi><span class=\"woocommerce-Price-currencySymbol\">&#36;<\/span>0.00<\/bdi><\/span><\/span>\n<\/div><\/li>\n<\/ul>\n<\/div><\/div><\/div><\/div><div class=\"wpb_column vc_column_container vc_col-sm-3 vc_hidden-sm vc_hidden-xs\"><div class=\"vc_column-inner\"><div class=\"wpb_wrapper\"><\/div><\/div><\/div><div class=\"wpb_column vc_column_container vc_col-sm-3 vc_hidden-sm vc_hidden-xs\"><div class=\"vc_column-inner\"><div class=\"wpb_wrapper\"><\/div><\/div><\/div><div class=\"wpb_column vc_column_container vc_col-sm-3 vc_hidden-sm vc_hidden-xs\"><div class=\"vc_column-inner\"><div class=\"wpb_wrapper\"><\/div><\/div><\/div><\/div><\/div><div class=\"eltdf-row-grid-section\"><div class=\"vc_row wpb_row vc_row-fluid vc_custom_1713380911319 vc_row-has-fill eltdf-row-type-row\" style=\"\"><div class=\"wpb_column vc_column_container vc_col-sm-12 vc_hidden-sm vc_hidden-xs\"><div class=\"vc_column-inner\"><div class=\"wpb_wrapper\"><div class=\"vc_empty_space  vc_custom_1713188188893\"   style=\"height: 32px\"><span class=\"vc_empty_space_inner\"><\/span><\/div><\/div><\/div><\/div><\/div><\/div><div id=\"image-mobile\" class=\"vc_row wpb_row vc_row-fluid vc_custom_1713717305308 eltdf-row-type-row\" style=\"\"><div class=\"wpb_column vc_column_container vc_col-sm-12 vc_hidden-lg vc_hidden-md\"><div class=\"vc_column-inner vc_custom_1713380711047\"><div class=\"wpb_wrapper\">\n\t<div  class=\"wpb_single_image wpb_content_element vc_align_center   classwidth\">\n\t\t\n\t\t<figure class=\"wpb_wrapper vc_figure\">\n\t\t\t<div class=\"vc_single_image-wrapper   vc_box_border_grey\"><img loading=\"lazy\" decoding=\"async\" width=\"1272\" height=\"1372\" src=\"https:\/\/orkla.ro\/b2b\/wp-content\/uploads\/2024\/04\/header-reteta-mobile-3.png\" class=\"vc_single_image-img attachment-full\" alt=\"\" srcset=\"https:\/\/orkla.ro\/b2b\/wp-content\/uploads\/2024\/04\/header-reteta-mobile-3.png 1272w, https:\/\/orkla.ro\/b2b\/wp-content\/uploads\/2024\/04\/header-reteta-mobile-3-278x300.png 278w, https:\/\/orkla.ro\/b2b\/wp-content\/uploads\/2024\/04\/header-reteta-mobile-3-949x1024.png 949w, https:\/\/orkla.ro\/b2b\/wp-content\/uploads\/2024\/04\/header-reteta-mobile-3-768x828.png 768w, https:\/\/orkla.ro\/b2b\/wp-content\/uploads\/2024\/04\/header-reteta-mobile-3-11x12.png 11w, https:\/\/orkla.ro\/b2b\/wp-content\/uploads\/2024\/04\/header-reteta-mobile-3-600x647.png 600w\" sizes=\"auto, (max-width: 1272px) 100vw, 1272px\" \/><\/div>\n\t\t<\/figure>\n\t<\/div>\n<\/div><\/div><\/div><\/div><div id=\"content-mobile\" class=\"vc_row wpb_row vc_row-fluid vc_custom_1713697725395 vc_row-has-fill eltdf-row-type-row\" style=\"\"><div class=\"wpb_column vc_column_container vc_col-sm-12 vc_hidden-lg vc_hidden-md\"><div class=\"vc_column-inner vc_custom_1713381710834\"><div class=\"wpb_wrapper\"><div class=\"vc_row wpb_row vc_inner vc_row-fluid\"><div class=\"wpb_column vc_column_container vc_col-sm-12\"><div class=\"vc_column-inner\"><div class=\"wpb_wrapper\">\n\t<div  class=\"wpb_single_image wpb_content_element vc_align_left\">\n\t\t\n\t\t<figure class=\"wpb_wrapper vc_figure\">\n\t\t\t<div class=\"vc_single_image-wrapper   vc_box_border_grey\"><img loading=\"lazy\" decoding=\"async\" width=\"600\" height=\"178\" src=\"https:\/\/orkla.ro\/b2b\/wp-content\/uploads\/2024\/04\/reteta.png\" class=\"vc_single_image-img attachment-full\" alt=\"\" srcset=\"https:\/\/orkla.ro\/b2b\/wp-content\/uploads\/2024\/04\/reteta.png 600w, https:\/\/orkla.ro\/b2b\/wp-content\/uploads\/2024\/04\/reteta-300x89.png 300w, https:\/\/orkla.ro\/b2b\/wp-content\/uploads\/2024\/04\/reteta-18x5.png 18w\" sizes=\"auto, (max-width: 600px) 100vw, 600px\" \/><\/div>\n\t\t<\/figure>\n\t<\/div>\n\n\t<div  class=\"wpb_single_image wpb_content_element vc_align_left\">\n\t\t\n\t\t<figure class=\"wpb_wrapper vc_figure\">\n\t\t\t<div class=\"vc_single_image-wrapper   vc_box_border_grey\"><img loading=\"lazy\" decoding=\"async\" width=\"185\" height=\"118\" src=\"https:\/\/orkla.ro\/b2b\/wp-content\/uploads\/2024\/04\/dificultate.png\" class=\"vc_single_image-img attachment-full\" alt=\"\" srcset=\"https:\/\/orkla.ro\/b2b\/wp-content\/uploads\/2024\/04\/dificultate.png 185w, https:\/\/orkla.ro\/b2b\/wp-content\/uploads\/2024\/04\/dificultate-18x12.png 18w\" sizes=\"auto, (max-width: 185px) 100vw, 185px\" \/><\/div>\n\t\t<\/figure>\n\t<\/div>\n<\/div><\/div><\/div><\/div><div  class=\"vc_wp_text wpb_content_element\"><div class=\"widget widget_text\">\t\t\t<div class=\"textwidget\"><p><span style=\"color: #000000;\"><strong>1. Preparare aluat<\/strong><\/span><br \/>\n<span style=\"color: #000000;\">F\u0103in\u0103 tip 480 sau 550 2000 g<\/span><br \/>\n<span style=\"color: #000000;\">Credi<sup class=\"regtm\">\u00ae<\/sup>Cozonac Pufos 200 g<\/span><br \/>\n<span style=\"color: #000000;\">Zah\u0103r 500 g<\/span><br \/>\n<span style=\"color: #000000;\">Sare 20 g<\/span><br \/>\n<span style=\"color: #000000;\">Drojdie proasp\u0103t\u0103 200 g<\/span><br \/>\n<span style=\"color: #000000;\">Paticrem 120 g<\/span><br \/>\n<span style=\"color: #000000;\">Ap\u0103 (aprox.) 990 g<\/span><br \/>\n<span style=\"color: #000000;\">____________________________________________<\/span><br \/>\n<span style=\"color: #000000;\">Total 4030 g<\/span><\/p>\n<p><span style=\"color: #000000;\">Umpluturi care se pot folosi:<\/span><br \/>\n<span style=\"color: #000000;\">Fructe \u0219i legume confiate: 20-25% raportat la aluat.<\/span><br \/>\n<span style=\"color: #000000;\">Umplutur\u0103 cu nuc\u0103 si cacao.<\/span><br \/>\n<span style=\"color: #000000;\">Amestec de nuc\u0103, stafide \u0219i rahat.<\/span><br \/>\n<span style=\"color: #000000;\">Recomand\u0103m o propor\u021bie de 300 g umplutur\u0103 la 600 g aluat.<\/span><\/p>\n<p><span style=\"color: #000000;\"><strong>2. Mod de lucru<\/strong><\/span><br \/>\n<span style=\"color: #000000;\">Amesteca\u021bi \u00een prealabil toate ingredientele pulverulente, pentru o mai bun\u0103 omogenizare. Ad\u0103uga\u021bi ap\u0103.<\/span><br \/>\n<span style=\"color: #000000;\">Malaxare: 4 min. lent\/ 6-8 min. rapid (\u00een ultimele 4 min. ad\u0103uga\u021bi margarina temperat\u0103 la 20-23\u00b0C).<\/span><br \/>\n<span style=\"color: #000000;\"><strong>Temperatur\u0103 aluat:<\/strong> 30-33\u00b0C.<\/span><br \/>\n<span style=\"color: #000000;\"><strong>Relaxare aluat:<\/strong> 15-20 min.<\/span><br \/>\n<span style=\"color: #000000;\"><strong>Divizare aluat:<\/strong> la gramajul dorit (de ex. 600 g pentru cozonaci).<\/span><br \/>\n<span style=\"color: #000000;\">Modelare rotund.<\/span><br \/>\n<span style=\"color: #000000;\"><strong>Predospire aluat:<\/strong> 15-20 min. \u00centindere foaie. Ad\u0103ugare umplutur\u0103 dup\u0103 preferin\u021b\u0103 (nuc\u0103, stafide, rahat).<\/span><br \/>\n<span style=\"color: #000000;\"><strong>Dospire final\u0103:<\/strong> 50-70 min.\/ 32-35\u00b0C\/ 70-80% umiditate.<\/span><br \/>\n<span style=\"color: #000000;\">Se pot unge cozonacii cu ou \u0219i pres\u0103ra cu zah\u0103r cristal \u00eenainte de introducerea \u00een cuptor pentru o culoare frumoas\u0103 a cojii.<\/span><br \/>\n<span style=\"color: #000000;\"><strong>Coacere<\/strong>: 170-180\u00b0C\/ 40-45 min.\/ f\u0103r\u0103 abur.<\/span><\/p>\n<p><span style=\"color: #000000;\"><strong>Recomandare: puteti folosi pentru umplutur\u0103 premixurile cu nuc\u0103 din oferta Viadan.<\/strong><\/span><\/p>\n<\/div>\n\t\t<\/div><\/div><\/div><\/div><\/div><\/div><div id=\"poza-bottom-reteta-mobile\" class=\"vc_row wpb_row vc_row-fluid vc_custom_1713696951805 vc_row-has-fill eltdf-row-type-row\" style=\"\"><div class=\"wpb_column vc_column_container vc_col-sm-12 vc_hidden-lg vc_hidden-md\"><div class=\"vc_column-inner\"><div class=\"wpb_wrapper\"><div class=\"vc_empty_space\"   style=\"height: 0px\"><span class=\"vc_empty_space_inner\"><\/span><\/div><\/div><\/div><\/div><\/div><div id=\"produse-top-mobile\" class=\"vc_row wpb_row vc_row-fluid vc_custom_1713381760361 vc_row-has-fill eltdf-row-type-row\" style=\"\"><div class=\"wpb_column vc_column_container vc_col-sm-12 vc_hidden-lg vc_hidden-md\"><div class=\"vc_column-inner\"><div class=\"wpb_wrapper\"><div class=\"vc_empty_space  vc_custom_1713697823294\"   style=\"height: 32px\"><span class=\"vc_empty_space_inner\"><\/span><\/div><\/div><\/div><\/div><\/div><div id=\"produse-mobile\" class=\"vc_row wpb_row vc_row-fluid vc_custom_1713381979394 vc_row-has-fill eltdf-row-type-row\" style=\"\"><div class=\"wpb_column vc_column_container vc_col-sm-3 vc_hidden-lg vc_hidden-md\"><div class=\"vc_column-inner\"><div class=\"wpb_wrapper\"><div class=\"woocommerce \"><ul class=\"products columns-4\">\n<li class=\"product type-product post-352200 status-publish first instock product_cat-amestecuri-si-amelioratori-pentru-prajituri has-post-thumbnail shipping-taxable purchasable product-type-simple\">\n\t<div class=\"eltdf-pl-inner\"><div class=\"eltdf-pl-image\"><img loading=\"lazy\" decoding=\"async\" width=\"300\" height=\"300\" src=\"https:\/\/orkla.ro\/b2b\/wp-content\/uploads\/2024\/05\/CREDI-COZONAC-PUFOS-300x300.jpg\" class=\"attachment-woocommerce_thumbnail size-woocommerce_thumbnail\" alt=\"Credi\u00aeCake Cozonac Pufos\" srcset=\"https:\/\/orkla.ro\/b2b\/wp-content\/uploads\/2024\/05\/CREDI-COZONAC-PUFOS-300x300.jpg 300w, https:\/\/orkla.ro\/b2b\/wp-content\/uploads\/2024\/05\/CREDI-COZONAC-PUFOS-150x150.jpg 150w, https:\/\/orkla.ro\/b2b\/wp-content\/uploads\/2024\/05\/CREDI-COZONAC-PUFOS-768x768.jpg 768w, https:\/\/orkla.ro\/b2b\/wp-content\/uploads\/2024\/05\/CREDI-COZONAC-PUFOS-12x12.jpg 12w, https:\/\/orkla.ro\/b2b\/wp-content\/uploads\/2024\/05\/CREDI-COZONAC-PUFOS-550x550.jpg 550w, https:\/\/orkla.ro\/b2b\/wp-content\/uploads\/2024\/05\/CREDI-COZONAC-PUFOS-600x600.jpg 600w, https:\/\/orkla.ro\/b2b\/wp-content\/uploads\/2024\/05\/CREDI-COZONAC-PUFOS-200x200.jpg 200w, https:\/\/orkla.ro\/b2b\/wp-content\/uploads\/2024\/05\/CREDI-COZONAC-PUFOS.jpg 1000w\" sizes=\"auto, (max-width: 300px) 100vw, 300px\" \/><div class=\"eltdf-pl-text\"><div class=\"eltdf-pl-text-outer\"><div class=\"eltdf-pl-text-inner\"><a href=\"?add-to-cart=352200\" aria-describedby=\"woocommerce_loop_add_to_cart_link_describedby_352200\" data-quantity=\"1\" class=\"button product_type_simple add_to_cart_button ajax_add_to_cart\" data-product_id=\"352200\" data-product_sku=\"\" aria-label=\"Adaug\u0103 \u00een co\u0219: &amp;lbquo;Credi\u00aeCake Cozonac Pufos&rdquo;\" rel=\"nofollow\" data-success_message=\"&bdquo;Credi\u00aeCake Cozonac Pufos&rdquo; a fost ad\u0103ugat \u00een co\u0219\">Mai Multe informa\u021bii<\/a>\t<span id=\"woocommerce_loop_add_to_cart_link_describedby_352200\" class=\"screen-reader-text\">\n\t\t\t<\/span>\n<\/div><\/div><\/div><\/div><a href=\"https:\/\/orkla.ro\/b2b\/index.php\/product\/credicake-cozonac-pufos\/\" class=\"woocommerce-LoopProduct-link woocommerce-loop-product__link\"><\/a><\/div><div class=\"eltdf-pl-text-wrapper\"><h4 class=\"eltdf-product-list-title\"><a href=\"https:\/\/orkla.ro\/b2b\/index.php\/product\/credicake-cozonac-pufos\/\">Credi\u00aeCake Cozonac Pufos<\/a><\/h4>\n\t<span class=\"price\"><span class=\"woocommerce-Price-amount amount\"><bdi><span class=\"woocommerce-Price-currencySymbol\">&#36;<\/span>0.00<\/bdi><\/span><\/span>\n<\/div><\/li>\n<\/ul>\n<\/div><\/div><\/div><\/div><div class=\"wpb_column vc_column_container vc_col-sm-3 vc_hidden-lg vc_hidden-md\"><div class=\"vc_column-inner\"><div class=\"wpb_wrapper\"><\/div><\/div><\/div><div class=\"wpb_column vc_column_container vc_col-sm-3 vc_hidden-lg vc_hidden-md\"><div class=\"vc_column-inner\"><div class=\"wpb_wrapper\"><\/div><\/div><\/div><div class=\"wpb_column vc_column_container vc_col-sm-3 vc_hidden-lg vc_hidden-md\"><div class=\"vc_column-inner\"><div class=\"wpb_wrapper\"><\/div><\/div><\/div><\/div><div id=\"produse-bottom-mobile\" class=\"vc_row wpb_row vc_row-fluid vc_custom_1713697550493 vc_row-has-fill eltdf-row-type-row\" style=\"\"><div class=\"wpb_column vc_column_container vc_col-sm-12 vc_hidden-lg vc_hidden-md\"><div class=\"vc_column-inner\"><div class=\"wpb_wrapper\"><div class=\"vc_empty_space  vc_custom_1713188188893\"   style=\"height: 32px\"><span class=\"vc_empty_space_inner\"><\/span><\/div><\/div><\/div><\/div><\/div>\n","protected":false},"excerpt":{"rendered":"1. Preparare aluat F\u0103in\u0103 tip 480 sau 550 2000 g Credi\u00aeCozonac Pufos 200 g Zah\u0103r 500 g Sare 20 g Drojdie proasp\u0103t\u0103 200 g Paticrem 120 g Ap\u0103 (aprox.) 990 g ____________________________________________ Total 4030 g Umpluturi care se pot folosi: Fructe \u0219i legume confiate: 20-25% raportat la aluat. Umplutur\u0103 cu nuc\u0103 si cacao. Amestec de nuc\u0103, stafide \u0219i rahat. Recomand\u0103m o propor\u021bie de 300 g umplutur\u0103 la 600 g aluat. 2. Mod de lucru Amesteca\u021bi \u00een prealabil toate ingredientele pulverulente, pentru o mai bun\u0103 omogenizare. Ad\u0103uga\u021bi ap\u0103. Malaxare: 4 min. lent\/ 6-8 min. rapid (\u00een ultimele 4 min. ad\u0103uga\u021bi margarina temperat\u0103 la 20-23\u00b0C). Temperatur\u0103 aluat: 30-33\u00b0C. Relaxare aluat: 15-20 min. Divizare aluat: la gramajul dorit (de ex. 600 g pentru cozonaci). Modelare rotund. Predospire aluat: 15-20 min. \u00centindere foaie. Ad\u0103ugare umplutur\u0103 dup\u0103 preferin\u021b\u0103 (nuc\u0103, stafide, rahat). Dospire final\u0103: 50-70 min.\/ 32-35\u00b0C\/ 70-80% umiditate. Se pot unge cozonacii cu ou \u0219i [...]","protected":false},"author":1,"featured_media":352448,"parent":351162,"menu_order":0,"comment_status":"closed","ping_status":"closed","template":"full-width.php","meta":{"_acf_changed":false,"footnotes":""},"categories":[122],"tags":[],"class_list":["post-351405","page","type-page","status-publish","has-post-thumbnail","hentry","category-catalog-prajturi-clasice"],"acf":[],"_links":{"self":[{"href":"https:\/\/orkla.ro\/b2b\/index.php\/wp-json\/wp\/v2\/pages\/351405","targetHints":{"allow":["GET"]}}],"collection":[{"href":"https:\/\/orkla.ro\/b2b\/index.php\/wp-json\/wp\/v2\/pages"}],"about":[{"href":"https:\/\/orkla.ro\/b2b\/index.php\/wp-json\/wp\/v2\/types\/page"}],"author":[{"embeddable":true,"href":"https:\/\/orkla.ro\/b2b\/index.php\/wp-json\/wp\/v2\/users\/1"}],"replies":[{"embeddable":true,"href":"https:\/\/orkla.ro\/b2b\/index.php\/wp-json\/wp\/v2\/comments?post=351405"}],"version-history":[{"count":6,"href":"https:\/\/orkla.ro\/b2b\/index.php\/wp-json\/wp\/v2\/pages\/351405\/revisions"}],"predecessor-version":[{"id":352348,"href":"https:\/\/orkla.ro\/b2b\/index.php\/wp-json\/wp\/v2\/pages\/351405\/revisions\/352348"}],"up":[{"embeddable":true,"href":"https:\/\/orkla.ro\/b2b\/index.php\/wp-json\/wp\/v2\/pages\/351162"}],"wp:featuredmedia":[{"embeddable":true,"href":"https:\/\/orkla.ro\/b2b\/index.php\/wp-json\/wp\/v2\/media\/352448"}],"wp:attachment":[{"href":"https:\/\/orkla.ro\/b2b\/index.php\/wp-json\/wp\/v2\/media?parent=351405"}],"wp:term":[{"taxonomy":"category","embeddable":true,"href":"https:\/\/orkla.ro\/b2b\/index.php\/wp-json\/wp\/v2\/categories?post=351405"},{"taxonomy":"post_tag","embeddable":true,"href":"https:\/\/orkla.ro\/b2b\/index.php\/wp-json\/wp\/v2\/tags?post=351405"}],"curies":[{"name":"wp","href":"https:\/\/api.w.org\/{rel}","templated":true}]}}